{"id":78462,"date":"2023-07-23T14:03:56","date_gmt":"2023-07-23T13:03:56","guid":{"rendered":"https:\/\/whisky.ad\/product\/ben-nevis-single-malt-31-yo-621-0-7l\/"},"modified":"2023-07-23T14:03:56","modified_gmt":"2023-07-23T13:03:56","slug":"ben-nevis-single-malt-31-yo-621-0-7l","status":"publish","type":"product","link":"https:\/\/whisky.ad\/fr\/produit\/ben-nevis-single-malt-31-yo-621-0-7l\/","title":{"rendered":"Ben Nevis Single Malt 31 YO 62,1% 0.7l"},"content":{"rendered":"","protected":false},"excerpt":{"rendered":"<p><strong>Highland Single Malt Scotch Whisky, Hunter Laing, 70cl \/ 62.1%<\/strong><\/p>\n<p>Faisant partie de la s\u00e9rie Old &amp; Rare Platinum de Hunter Laing, cet exceptionnel single cask single malt provient de la c\u00e9l\u00e8bre distillerie Ben Nevis. Distill\u00e9 en 1991, ce whisky \u00e9cossais a entam\u00e9 un remarquable voyage de maturation de 31 ans, reposant gracieusement dans un f\u00fbt de sherry oloroso. En 2022, il a \u00e9t\u00e9 embouteill\u00e9 avec art \u00e0 sa pleine force de f\u00fbt, en restant fid\u00e8le \u00e0 son caract\u00e8re naturel, sans ajout de colorants ou de filtration \u00e0 froid.  <\/p>\n<div class=\"product-main__attraction\"><\/div>\n","protected":false},"featured_media":76882,"comment_status":"open","ping_status":"closed","template":"","meta":{"_acf_changed":false},"product_brand":[],"product_cat":[363,317,341,357],"product_tag":[],"class_list":{"0":"post-78462","1":"product","2":"type-product","3":"status-publish","4":"has-post-thumbnail","6":"product_cat-ben-nevis-fr","7":"product_cat-ecosse","8":"product_cat-rare-de-collection","9":"product_cat-whisky-by-brand-fr","11":"first","12":"instock","13":"taxable","14":"shipping-taxable","15":"product-type-simple"},"acf":[],"aioseo_notices":[],"jetpack_sharing_enabled":true,"_links":{"self":[{"href":"https:\/\/whisky.ad\/fr\/wp-json\/wp\/v2\/product\/78462","targetHints":{"allow":["GET"]}}],"collection":[{"href":"https:\/\/whisky.ad\/fr\/wp-json\/wp\/v2\/product"}],"about":[{"href":"https:\/\/whisky.ad\/fr\/wp-json\/wp\/v2\/types\/product"}],"replies":[{"embeddable":true,"href":"https:\/\/whisky.ad\/fr\/wp-json\/wp\/v2\/comments?post=78462"}],"wp:featuredmedia":[{"embeddable":true,"href":"https:\/\/whisky.ad\/fr\/wp-json\/wp\/v2\/media\/76882"}],"wp:attachment":[{"href":"https:\/\/whisky.ad\/fr\/wp-json\/wp\/v2\/media?parent=78462"}],"wp:term":[{"taxonomy":"product_brand","embeddable":true,"href":"https:\/\/whisky.ad\/fr\/wp-json\/wp\/v2\/product_brand?post=78462"},{"taxonomy":"product_cat","embeddable":true,"href":"https:\/\/whisky.ad\/fr\/wp-json\/wp\/v2\/product_cat?post=78462"},{"taxonomy":"product_tag","embeddable":true,"href":"https:\/\/whisky.ad\/fr\/wp-json\/wp\/v2\/product_tag?post=78462"}],"curies":[{"name":"wp","href":"https:\/\/api.w.org\/{rel}","templated":true}]}}