{"id":78460,"date":"2023-07-25T16:12:00","date_gmt":"2023-07-25T15:12:00","guid":{"rendered":"https:\/\/whisky.ad\/product\/armorik-sherry-cask-single-malt-bio-46-70cl\/"},"modified":"2023-07-25T16:12:00","modified_gmt":"2023-07-25T15:12:00","slug":"armorik-sherry-cask-single-malt-bio-46-70cl","status":"publish","type":"product","link":"https:\/\/whisky.ad\/fr\/produit\/armorik-sherry-cask-single-malt-bio-46-70cl\/","title":{"rendered":"ARMORIK Sherry Cask Single Malt BIO 46% 70cl"},"content":{"rendered":"","protected":false},"excerpt":{"rendered":"<div class=\"flex flex-grow flex-col gap-3\">\n<div class=\"min-h-[20px] flex items-start overflow-x-auto whitespace-pre-wrap break-words flex-col gap-4\">\n<div class=\"markdown prose w-full break-words dark:prose-invert light\">\n<p>Armorik Sherry Cask est un whisky single malt titrant 46 % d&#8217;alcool. Son go\u00fbt exquis est le fruit de son processus de maturation, au cours duquel il est enti\u00e8rement vieilli dans des f\u00fbts de sherry oloroso. Ces f\u00fbts, traditionnellement utilis\u00e9s pour la production de whisky \u00e9cossais, contenaient autrefois du vin de x\u00e9r\u00e8s, proche du pineau des Charentes. Ce vieillissement unique apporte de s\u00e9duisantes notes \u00e9pic\u00e9es et de fruits confits, rehaussant magnifiquement le fruit\u00e9 inh\u00e9rent \u00e0 l&#8217;Armorik. Une d\u00e9licieuse fusion d&#8217;influences bretonnes et andalouses donne naissance \u00e0 un whisky \u00e0 la saveur g\u00e9n\u00e9reuse et distinctive. \u00c9labor\u00e9 \u00e0 partir d&#8217;orge fran\u00e7ais issu de l&#8217;agriculture biologique et distill\u00e9 dans des alambics traditionnels, Armorik Sherry Cask illustre notre volont\u00e9 de cr\u00e9er un single malt exceptionnel qui incarne l&#8217;essence m\u00eame du caract\u00e8re breton : un whisky riche et fruit\u00e9, \u00e9labor\u00e9 dans le plus grand respect de l&#8217;environnement. La qualit\u00e9 exceptionnelle du whisky lui a valu d&#8217;importantes r\u00e9compenses, notamment des m\u00e9dailles d&#8217;or \u00e0 la &#8220;San Francisco World Spirits Competition 2017&#8243; et \u00e0 l'&#8221;International Spirits Challenge 2021&#8221;, ainsi qu&#8217;une m\u00e9daille d&#8217;argent au &#8220;Concours g\u00e9n\u00e9ral agricole 2019&#8221;. Cette reconnaissance confirme qu&#8217;Armorik Sherry Cask est un whisky remarquable et prim\u00e9, parfait pour ceux qui recherchent une exp\u00e9rience vraiment sp\u00e9ciale et savoureuse.    <\/p>\n<div class=\"flex flex-grow flex-col gap-3\">\n<div class=\"min-h-[20px] flex items-start overflow-x-auto whitespace-pre-wrap break-words flex-col gap-4\">\n<div class=\"markdown prose w-full break-words dark:prose-invert light\">\n<p>Notes de d\u00e9gustation : Nez : L&#8217;ar\u00f4me est intense, d\u00e9licieusement raffin\u00e9 et \u00e9l\u00e9gant, avec une d\u00e9licate influence du f\u00fbt de sherry. La douceur de la vanille et des agrumes s&#8217;entrem\u00ealent harmonieusement, tandis qu&#8217;un soup\u00e7on subtil de menthol et de fruits secs ajoute une profondeur intrigante au bouquet. Bouche : En bouche, le whisky pr\u00e9sente un \u00e9quilibre et une rondeur parfaits. Les d\u00e9licieuses saveurs de cr\u00e8me br\u00fbl\u00e9e, de pruneau et d&#8217;amandes grill\u00e9es s&#8217;unissent pour cr\u00e9er une exp\u00e9rience de d\u00e9gustation vraiment gratifiante. Finale : La finale est un d\u00e9licieux jeu de vanille et d&#8217;\u00e9pices, accompagn\u00e9 de la chaleur r\u00e9confortante des notes de sherry, laissant une impression durable et satisfaisante.<\/p>\n<\/div>\n<\/div>\n<\/div>\n<\/div>\n<\/div>\n<\/div>\n","protected":false},"featured_media":76342,"comment_status":"open","ping_status":"closed","template":"","meta":{"_acf_changed":false},"product_brand":[],"product_cat":[357,358,359],"product_tag":[],"class_list":{"0":"post-78460","1":"product","2":"type-product","3":"status-publish","4":"has-post-thumbnail","6":"product_cat-whisky-by-brand-fr","7":"product_cat-france-fr","8":"product_cat-armorik-fr","10":"first","11":"instock","12":"taxable","13":"shipping-taxable","14":"purchasable","15":"product-type-simple"},"acf":[],"aioseo_notices":[],"jetpack_sharing_enabled":true,"_links":{"self":[{"href":"https:\/\/whisky.ad\/fr\/wp-json\/wp\/v2\/product\/78460","targetHints":{"allow":["GET"]}}],"collection":[{"href":"https:\/\/whisky.ad\/fr\/wp-json\/wp\/v2\/product"}],"about":[{"href":"https:\/\/whisky.ad\/fr\/wp-json\/wp\/v2\/types\/product"}],"replies":[{"embeddable":true,"href":"https:\/\/whisky.ad\/fr\/wp-json\/wp\/v2\/comments?post=78460"}],"wp:featuredmedia":[{"embeddable":true,"href":"https:\/\/whisky.ad\/fr\/wp-json\/wp\/v2\/media\/76342"}],"wp:attachment":[{"href":"https:\/\/whisky.ad\/fr\/wp-json\/wp\/v2\/media?parent=78460"}],"wp:term":[{"taxonomy":"product_brand","embeddable":true,"href":"https:\/\/whisky.ad\/fr\/wp-json\/wp\/v2\/product_brand?post=78460"},{"taxonomy":"product_cat","embeddable":true,"href":"https:\/\/whisky.ad\/fr\/wp-json\/wp\/v2\/product_cat?post=78460"},{"taxonomy":"product_tag","embeddable":true,"href":"https:\/\/whisky.ad\/fr\/wp-json\/wp\/v2\/product_tag?post=78460"}],"curies":[{"name":"wp","href":"https:\/\/api.w.org\/{rel}","templated":true}]}}