{"id":78457,"date":"2023-11-15T15:48:02","date_gmt":"2023-11-15T14:48:02","guid":{"rendered":"https:\/\/whisky.ad\/product\/armorik-roof-rye-double-maturation-11-yo-0-5l-43\/"},"modified":"2023-11-15T15:48:02","modified_gmt":"2023-11-15T14:48:02","slug":"armorik-roof-rye-double-maturation-11-yo-0-5l-43","status":"publish","type":"product","link":"https:\/\/whisky.ad\/fr\/produit\/armorik-roof-rye-double-maturation-11-yo-0-5l-43\/","title":{"rendered":"Armorik Roof Rye Double Maturation 11 YO 0.5l 43%"},"content":{"rendered":"","protected":false},"excerpt":{"rendered":"<p class=\"\">&#8220;Distill\u00e9 en Bretagne, ce Rye Whisky a m\u00fbri pendant 9 ans dans des f\u00fbts de Sherry sous le climat doux et humide de la C\u00f4te de Granit Rose.<\/p>\n<p class=\"\">Il a ensuite m\u00fbri pendant deux ans sous le climat sec et ensoleill\u00e9 de la Provence, dans des f\u00fbts neufs, afin de les marquer \u00e0 la &#8220;mani\u00e8re am\u00e9ricaine&#8221;.<\/p>\n","protected":false},"featured_media":77650,"comment_status":"open","ping_status":"closed","template":"","meta":{"_acf_changed":false},"product_brand":[],"product_cat":[357,358,359],"product_tag":[],"class_list":{"0":"post-78457","1":"product","2":"type-product","3":"status-publish","4":"has-post-thumbnail","6":"product_cat-whisky-by-brand-fr","7":"product_cat-france-fr","8":"product_cat-armorik-fr","10":"first","11":"instock","12":"taxable","13":"shipping-taxable","14":"purchasable","15":"product-type-simple"},"acf":[],"aioseo_notices":[],"jetpack_sharing_enabled":true,"_links":{"self":[{"href":"https:\/\/whisky.ad\/fr\/wp-json\/wp\/v2\/product\/78457","targetHints":{"allow":["GET"]}}],"collection":[{"href":"https:\/\/whisky.ad\/fr\/wp-json\/wp\/v2\/product"}],"about":[{"href":"https:\/\/whisky.ad\/fr\/wp-json\/wp\/v2\/types\/product"}],"replies":[{"embeddable":true,"href":"https:\/\/whisky.ad\/fr\/wp-json\/wp\/v2\/comments?post=78457"}],"wp:featuredmedia":[{"embeddable":true,"href":"https:\/\/whisky.ad\/fr\/wp-json\/wp\/v2\/media\/77650"}],"wp:attachment":[{"href":"https:\/\/whisky.ad\/fr\/wp-json\/wp\/v2\/media?parent=78457"}],"wp:term":[{"taxonomy":"product_brand","embeddable":true,"href":"https:\/\/whisky.ad\/fr\/wp-json\/wp\/v2\/product_brand?post=78457"},{"taxonomy":"product_cat","embeddable":true,"href":"https:\/\/whisky.ad\/fr\/wp-json\/wp\/v2\/product_cat?post=78457"},{"taxonomy":"product_tag","embeddable":true,"href":"https:\/\/whisky.ad\/fr\/wp-json\/wp\/v2\/product_tag?post=78457"}],"curies":[{"name":"wp","href":"https:\/\/api.w.org\/{rel}","templated":true}]}}