{"id":78450,"date":"2021-08-03T16:51:49","date_gmt":"2021-08-03T15:51:49","guid":{"rendered":"https:\/\/whisky.ad\/product\/armorik-double-maturation-single-malt-bio-46-70cl\/"},"modified":"2021-08-03T16:51:49","modified_gmt":"2021-08-03T15:51:49","slug":"armorik-double-maturation-single-malt-bio-46-70cl","status":"publish","type":"product","link":"https:\/\/whisky.ad\/fr\/produit\/armorik-double-maturation-single-malt-bio-46-70cl\/","title":{"rendered":"ARMORIK Double Maturation Single Malt Bio 46% 70cl"},"content":{"rendered":"<p><strong>ARMORIK DOUBLE MATURATION<\/strong><\/p>\n<p><strong>46% &#8211; 70cl<br \/>\nMaturation<\/strong> : Elevage en f\u00fbts de ch\u00eane breton, puis en f\u00fbts de sherry oloroso. Symbole des valeurs de la distillerie, Armorik Double Maturation souligne \u00e0 la fois la qualit\u00e9 de son savoir-faire et son ancrage dans le <em>terroir<\/em> breton. Il est vieilli dans des f\u00fbts de ch\u00eane uniques issus des for\u00eats bretonnes, fabriqu\u00e9s par le dernier tonnelier de Bretagne. Apr\u00e8s plusieurs ann\u00e9es, le whisky est transf\u00e9r\u00e9 dans des f\u00fbts de sherry oloroso. <strong>NEZ<br \/>\n<\/strong> Un tr\u00e8s bel \u00e9quilibre entre les notes fruit\u00e9es de mirabelle et d&#8217;agrumes, avec des pointes \u00e9pic\u00e9es de vanille <strong>BOUCHE<br \/>\n<\/strong> Une attaque tr\u00e8s douce et ronde de miel, la complexit\u00e9 du produit se r\u00e9v\u00e8le avec des notes \u00e0 la fois \u00e9pic\u00e9es, l\u00e9g\u00e8rement bois\u00e9es avec des fruits m\u00fbrs au volume g\u00e9n\u00e9reux. <strong>FINALE<br \/>\n<\/strong> Tr\u00e8s longue, avec des notes d&#8217;\u00e9pices, de biscuit et de marmelade.<\/p>\n","protected":false},"excerpt":{"rendered":"<p>ARMORIK DOUBLE MATURATION 46% &#8211; 70cl Maturation : Elevage en f\u00fbts de ch\u00eane breton, puis en f\u00fbts de sherry oloroso. Symbole des valeurs de la distillerie, Armorik Double Maturation souligne \u00e0 la fois la qualit\u00e9 de son savoir-faire et son ancrage dans le terroir breton. Il est vieilli dans des f\u00fbts de ch\u00eane uniques issus [&hellip;]<\/p>\n","protected":false},"featured_media":76387,"comment_status":"open","ping_status":"closed","template":"","meta":{"_acf_changed":false},"product_brand":[],"product_cat":[357,358,359],"product_tag":[],"class_list":{"0":"post-78450","1":"product","2":"type-product","3":"status-publish","4":"has-post-thumbnail","6":"product_cat-whisky-by-brand-fr","7":"product_cat-france-fr","8":"product_cat-armorik-fr","10":"first","11":"instock","12":"taxable","13":"shipping-taxable","14":"purchasable","15":"product-type-simple"},"acf":[],"aioseo_notices":[],"jetpack_sharing_enabled":true,"_links":{"self":[{"href":"https:\/\/whisky.ad\/fr\/wp-json\/wp\/v2\/product\/78450","targetHints":{"allow":["GET"]}}],"collection":[{"href":"https:\/\/whisky.ad\/fr\/wp-json\/wp\/v2\/product"}],"about":[{"href":"https:\/\/whisky.ad\/fr\/wp-json\/wp\/v2\/types\/product"}],"replies":[{"embeddable":true,"href":"https:\/\/whisky.ad\/fr\/wp-json\/wp\/v2\/comments?post=78450"}],"wp:featuredmedia":[{"embeddable":true,"href":"https:\/\/whisky.ad\/fr\/wp-json\/wp\/v2\/media\/76387"}],"wp:attachment":[{"href":"https:\/\/whisky.ad\/fr\/wp-json\/wp\/v2\/media?parent=78450"}],"wp:term":[{"taxonomy":"product_brand","embeddable":true,"href":"https:\/\/whisky.ad\/fr\/wp-json\/wp\/v2\/product_brand?post=78450"},{"taxonomy":"product_cat","embeddable":true,"href":"https:\/\/whisky.ad\/fr\/wp-json\/wp\/v2\/product_cat?post=78450"},{"taxonomy":"product_tag","embeddable":true,"href":"https:\/\/whisky.ad\/fr\/wp-json\/wp\/v2\/product_tag?post=78450"}],"curies":[{"name":"wp","href":"https:\/\/api.w.org\/{rel}","templated":true}]}}