{"id":78447,"date":"2023-07-25T16:06:28","date_gmt":"2023-07-25T15:06:28","guid":{"rendered":"https:\/\/whisky.ad\/product\/armorik-classic-single-malt-bio-46-70cl\/"},"modified":"2023-07-25T16:06:28","modified_gmt":"2023-07-25T15:06:28","slug":"armorik-classic-single-malt-bio-46-70cl","status":"publish","type":"product","link":"https:\/\/whisky.ad\/fr\/produit\/armorik-classic-single-malt-bio-46-70cl\/","title":{"rendered":"ARMORIK Classic Single Malt BIO 46% 70cl"},"content":{"rendered":"","protected":false},"excerpt":{"rendered":"<div class=\"flex flex-grow flex-col gap-3\">\n<div class=\"min-h-[20px] flex items-start overflow-x-auto whitespace-pre-wrap break-words flex-col gap-4\">\n<div class=\"markdown prose w-full break-words dark:prose-invert light\">\n<p>Armorik Classic est un whisky single malt titrant 46 %. Le processus de maturation se d\u00e9roule dans des f\u00fbts de bourbon d&#8217;\u00e2ges diff\u00e9rents, ce qui donne une expression douce, pulpeuse et indulgente qui met merveilleusement en valeur la ma\u00eetrise de notre ma\u00eetre assembleur et la qualit\u00e9 exceptionnelle de la maturation c\u00f4ti\u00e8re sur les c\u00f4tes bretonnes. \u00c9labor\u00e9 \u00e0 partir d&#8217;orge fran\u00e7aise biologique et distill\u00e9 \u00e0 l&#8217;aide d&#8217;alambics traditionnels, Armorik Classic t\u00e9moigne de notre engagement \u00e0 produire un single malt extraordinaire qui incarne l&#8217;essence de l&#8217;esprit breton : un whisky riche, fruit\u00e9 et \u00e9labor\u00e9 dans le plus grand respect de l&#8217;environnement. Ce whisky exceptionnel a re\u00e7u de prestigieuses r\u00e9compenses, notamment une m\u00e9daille d&#8217;or \u00e0 la San Francisco World Spirits Competition, ainsi que des m\u00e9dailles d&#8217;argent \u00e0 l&#8217;International Spirits Challenge 2021 et \u00e0 l&#8217;International Wine &amp; Spirit Competition 2021. Cette reconnaissance renforce encore le caract\u00e8re exceptionnel et la qualit\u00e9 de l&#8217;Armorik Classic, ce qui en fait un choix remarquable pour les amateurs de whisky \u00e0 la recherche d&#8217;une exp\u00e9rience remarquable et prim\u00e9e. <\/p>\n<div class=\"flex flex-grow flex-col gap-3\">\n<div class=\"min-h-[20px] flex items-start overflow-x-auto whitespace-pre-wrap break-words flex-col gap-4\">\n<div class=\"markdown prose w-full break-words dark:prose-invert light\">\n<p>Notes de d\u00e9gustation : Nez : L&#8217;ar\u00f4me est intense et complexe, avec une pr\u00e9sence importante de c\u00e9r\u00e9ales l\u00e9g\u00e8rement \u00e9pic\u00e9es, suivie de d\u00e9licieuses notes de fruits exotiques tels que la mangue et le fruit de la passion. La bouche : Le palais est anim\u00e9 par une explosion de fruits frais, avec des notes de p\u00eache juteuse et d&#8217;abricot en t\u00eate, suivies d&#8217;une belle douceur accentu\u00e9e par des nuances de vanille. La richesse et la puissance du whisky sont compl\u00e9t\u00e9es par de l\u00e9g\u00e8res notes grill\u00e9es, qui ajoutent de la profondeur \u00e0 l&#8217;ensemble du profil gustatif. Finale : La finale est agr\u00e9ablement longue, offrant une sensation vibrante et chaleureuse, avec un subtil soup\u00e7on d&#8217;iode qui ajoute une touche unique et m\u00e9morable \u00e0 la conclusion du whisky.<\/p>\n<\/div>\n<\/div>\n<\/div>\n<\/div>\n<\/div>\n<\/div>\n","protected":false},"featured_media":76333,"comment_status":"open","ping_status":"closed","template":"","meta":{"_acf_changed":false},"product_brand":[],"product_cat":[358,359,357],"product_tag":[],"class_list":{"0":"post-78447","1":"product","2":"type-product","3":"status-publish","4":"has-post-thumbnail","6":"product_cat-france-fr","7":"product_cat-armorik-fr","8":"product_cat-whisky-by-brand-fr","10":"first","11":"instock","12":"taxable","13":"shipping-taxable","14":"purchasable","15":"product-type-simple"},"acf":[],"aioseo_notices":[],"jetpack_sharing_enabled":true,"_links":{"self":[{"href":"https:\/\/whisky.ad\/fr\/wp-json\/wp\/v2\/product\/78447","targetHints":{"allow":["GET"]}}],"collection":[{"href":"https:\/\/whisky.ad\/fr\/wp-json\/wp\/v2\/product"}],"about":[{"href":"https:\/\/whisky.ad\/fr\/wp-json\/wp\/v2\/types\/product"}],"replies":[{"embeddable":true,"href":"https:\/\/whisky.ad\/fr\/wp-json\/wp\/v2\/comments?post=78447"}],"wp:featuredmedia":[{"embeddable":true,"href":"https:\/\/whisky.ad\/fr\/wp-json\/wp\/v2\/media\/76333"}],"wp:attachment":[{"href":"https:\/\/whisky.ad\/fr\/wp-json\/wp\/v2\/media?parent=78447"}],"wp:term":[{"taxonomy":"product_brand","embeddable":true,"href":"https:\/\/whisky.ad\/fr\/wp-json\/wp\/v2\/product_brand?post=78447"},{"taxonomy":"product_cat","embeddable":true,"href":"https:\/\/whisky.ad\/fr\/wp-json\/wp\/v2\/product_cat?post=78447"},{"taxonomy":"product_tag","embeddable":true,"href":"https:\/\/whisky.ad\/fr\/wp-json\/wp\/v2\/product_tag?post=78447"}],"curies":[{"name":"wp","href":"https:\/\/api.w.org\/{rel}","templated":true}]}}