{"id":78443,"date":"2023-07-25T16:49:31","date_gmt":"2023-07-25T15:49:31","guid":{"rendered":"https:\/\/whisky.ad\/product\/armorik-16-yo-single-cask-0-7l-45-2\/"},"modified":"2023-07-25T16:49:31","modified_gmt":"2023-07-25T15:49:31","slug":"armorik-16-yo-single-cask-0-7l-45-2","status":"publish","type":"product","link":"https:\/\/whisky.ad\/fr\/produit\/armorik-16-yo-single-cask-0-7l-45-2\/","title":{"rendered":"ARMORIK 16 YO Single Cask 0.7l 45.2%"},"content":{"rendered":"","protected":false},"excerpt":{"rendered":"<div class=\"flex flex-grow flex-col gap-3\">\n<div class=\"min-h-[20px] flex items-start overflow-x-auto whitespace-pre-wrap break-words flex-col gap-4\">\n<div class=\"markdown prose w-full break-words dark:prose-invert light\">\n<p>Armorik Single Cask 16 Ans Sortie le 6 juillet 2022 45.2% &#8211; 70cl Maturation : Maturation en f\u00fbts de Sherry Disponibilit\u00e9 : Edition limit\u00e9e &#8211; 576 bouteilles Armorik Single Cask 16 ans d&#8217;\u00e2ge est fi\u00e8rement le plus vieux whisky jamais mis sur le march\u00e9 par notre ch\u00e8re distillerie. Soigneusement tir\u00e9 du f\u00fbt n\u00b03308, son voyage a commenc\u00e9 dans des f\u00fbts de bourbon de d\u00e9cembre 2004 \u00e0 ao\u00fbt 2008. Il s&#8217;est ensuite bri\u00e8vement repos\u00e9 dans des f\u00fbts de ch\u00eane breton d&#8217;ao\u00fbt 2008 \u00e0 octobre 2008, avant d&#8217;entamer une maturation de 12 ans dans des f\u00fbts de sherry, cach\u00e9s dans le silence et l&#8217;obscurit\u00e9 de nos chais ch\u00e9ris. Avec cet extraordinaire Armorik Single Cask 16 ans d&#8217;\u00e2ge, \u00e9labor\u00e9 \u00e0 partir de l&#8217;un des plus anciens f\u00fbts de notre collection, nous souhaitons partager un moment pr\u00e9cieux de l&#8217;histoire de la distillerie. Pour c\u00e9l\u00e9brer le caract\u00e8re unique de ce whisky exceptionnel, chaque bouteille est num\u00e9rot\u00e9e et orn\u00e9e d&#8217;une \u00e9tiquette distinctive rappelant les anneaux de vieillissement du ch\u00eane. Nez : Le nez est d&#8217;une richesse et d&#8217;une puissance captivantes. L&#8217;\u00e2ge du whisky se r\u00e9v\u00e8le \u00e0 travers des notes s\u00e9duisantes de vieille eau-de-vie et des ar\u00f4mes bois\u00e9s. De subtiles notes de fruits exotiques apparaissent, accentu\u00e9es par une d\u00e9licate touche de lavande. Avec le temps, le fruit\u00e9 se transforme, \u00e9voquant l&#8217;essence d&#8217;un melon m\u00fbr enrob\u00e9 de miel r\u00e9sineux. Un l\u00e9ger soup\u00e7on de fum\u00e9e compl\u00e8te admirablement le bouquet g\u00e9n\u00e9ral. Bouche : Le palais offre une exp\u00e9rience sirupeuse, o\u00f9 le fruit\u00e9 de la mangue et de la banane flamb\u00e9e occupe le devant de la sc\u00e8ne, suivi de notes intrigantes de parquet cir\u00e9. Une intense explosion de marmelade d&#8217;orange se d\u00e9tache en arri\u00e8re-plan, ajoutant une d\u00e9licieuse couche de complexit\u00e9. Finale : La finale est d&#8217;une longueur impressionnante. Les notes fum\u00e9es font un retour gracieux et se m\u00ealent harmonieusement aux notes de bonbons au miel, laissant une impression durable et m\u00e9morable sur le palais. Armorik Single Cask 16 Ans est un v\u00e9ritable t\u00e9moignage du savoir-faire et du d\u00e9vouement remarquables investis dans la production d&#8217;un whisky extraordinaire digne de c\u00e9l\u00e9bration et d&#8217;admiration.<\/p>\n<\/div>\n<\/div>\n<\/div>\n","protected":false},"featured_media":76525,"comment_status":"open","ping_status":"closed","template":"","meta":{"_acf_changed":false},"product_brand":[],"product_cat":[359,357,358],"product_tag":[],"class_list":{"0":"post-78443","1":"product","2":"type-product","3":"status-publish","4":"has-post-thumbnail","6":"product_cat-armorik-fr","7":"product_cat-whisky-by-brand-fr","8":"product_cat-france-fr","10":"first","11":"instock","12":"taxable","13":"shipping-taxable","14":"product-type-simple"},"acf":[],"aioseo_notices":[],"jetpack_sharing_enabled":true,"_links":{"self":[{"href":"https:\/\/whisky.ad\/fr\/wp-json\/wp\/v2\/product\/78443","targetHints":{"allow":["GET"]}}],"collection":[{"href":"https:\/\/whisky.ad\/fr\/wp-json\/wp\/v2\/product"}],"about":[{"href":"https:\/\/whisky.ad\/fr\/wp-json\/wp\/v2\/types\/product"}],"replies":[{"embeddable":true,"href":"https:\/\/whisky.ad\/fr\/wp-json\/wp\/v2\/comments?post=78443"}],"wp:featuredmedia":[{"embeddable":true,"href":"https:\/\/whisky.ad\/fr\/wp-json\/wp\/v2\/media\/76525"}],"wp:attachment":[{"href":"https:\/\/whisky.ad\/fr\/wp-json\/wp\/v2\/media?parent=78443"}],"wp:term":[{"taxonomy":"product_brand","embeddable":true,"href":"https:\/\/whisky.ad\/fr\/wp-json\/wp\/v2\/product_brand?post=78443"},{"taxonomy":"product_cat","embeddable":true,"href":"https:\/\/whisky.ad\/fr\/wp-json\/wp\/v2\/product_cat?post=78443"},{"taxonomy":"product_tag","embeddable":true,"href":"https:\/\/whisky.ad\/fr\/wp-json\/wp\/v2\/product_tag?post=78443"}],"curies":[{"name":"wp","href":"https:\/\/api.w.org\/{rel}","templated":true}]}}