{"id":78440,"date":"2023-07-25T16:38:36","date_gmt":"2023-07-25T15:38:36","guid":{"rendered":"https:\/\/whisky.ad\/product\/armorik-15-yo-single-malt-0-7l-46\/"},"modified":"2023-07-25T16:38:36","modified_gmt":"2023-07-25T15:38:36","slug":"armorik-15-yo-single-malt-0-7l-46","status":"publish","type":"product","link":"https:\/\/whisky.ad\/fr\/produit\/armorik-15-yo-single-malt-0-7l-46\/","title":{"rendered":"ARMORIK 15 YO Single Malt 0.7l 46%"},"content":{"rendered":"","protected":false},"excerpt":{"rendered":"<div class=\"flex flex-grow flex-col gap-3\">\n<div class=\"min-h-[20px] flex items-start overflow-x-auto whitespace-pre-wrap break-words flex-col gap-4\">\n<div class=\"markdown prose w-full break-words dark:prose-invert light\">\n<p>Armorik 15 Ans &#8211; Edition 2022 Sortie le 20 septembre 2022 46% &#8211; 70cl Maturation : 15 ans (9 ans en f\u00fbts de Bourbon et 6 ans en f\u00fbts de Sherry) Disponibilit\u00e9 : Edition limit\u00e9e &#8211; 730 bouteilles Fort du succ\u00e8s de notre Armorik 10 ans d&#8217;\u00e2ge, nous sommes fiers de d\u00e9voiler toute l&#8217;\u00e9tendue des possibilit\u00e9s offertes par les nombreux f\u00fbts entrepos\u00e9s \u00e0 Lannion. Premier whisky fran\u00e7ais de 15 ans d&#8217;\u00e2ge et pr\u00e9sent\u00e9 dans une \u00e9dition annuelle limit\u00e9e \u00e0 1500 bouteilles, Armorik 15 ans d&#8217;\u00e2ge devient fi\u00e8rement le deuxi\u00e8me embouteillage de notre gamme avec une mention d&#8217;\u00e2ge. Cette expression exceptionnelle t\u00e9moigne de notre expertise et de notre ma\u00eetrise de l&#8217;art de la maturation depuis deux d\u00e9cennies. Embouteill\u00e9 \u00e0 46 %, Armorik 15 ans d&#8217;\u00e2ge a suivi un parcours de maturation captivant, passant 9 ans dans des f\u00fbts de bourbon avant de passer gracieusement dans des f\u00fbts de sherry Oloroso pour 6 ann\u00e9es suppl\u00e9mentaires. &#8220;Avec l&#8217;\u00e2ge, Armorik 15 ans d&#8217;\u00e2ge acquiert une \u00e9l\u00e9gante pl\u00e9nitude aromatique, tout en conservant la fra\u00eecheur fruit\u00e9e caract\u00e9ristique de notre distillat&#8221;. Nez : Le nez d\u00e9gage une richesse et une intensit\u00e9 captivantes, caract\u00e9ris\u00e9es par des fruits exotiques m\u00fbrs tels que la mangue et le fruit de la passion. La maturit\u00e9 du whisky se manifeste par la pr\u00e9sence d&#8217;ar\u00f4mes de rancio et de bois verni. Suivent de subtiles notes sucr\u00e9es, de p\u00eache, de miel, de caramel et d&#8217;abricot sec. Le voyage sensoriel s&#8217;ach\u00e8ve sur une d\u00e9licate touche de cumin et de fines notes de tourbe. En bouche : En bouche, le whisky offre un d\u00e9licieux jeu entre l&#8217;acuit\u00e9 et la douceur. L&#8217;explosion initiale de fruits frais, dont la poire et la banane m\u00fbres, \u00e9volue vers une douceur d\u00e9licieuse rappelant les bonbons au miel et les fruits exotiques. Des notes poivr\u00e9es et \u00e9pic\u00e9es de clou de girofle et de cannelle rehaussent \u00e9l\u00e9gamment le fruit\u00e9. Finale : La finale est d&#8217;une longueur impressionnante et d&#8217;une chaleur accueillante, oscillant entre des notes \u00e9pic\u00e9es et subtilement fum\u00e9es. Une touche finale de confiture de p\u00eache ajoute une douceur d\u00e9lectable \u00e0 l&#8217;impression durable du whisky. Armorik 15 Ans incarne le summum du savoir-faire artisanal et offre une exp\u00e9rience de d\u00e9gustation exceptionnelle et m\u00e9morable.<\/p>\n<\/div>\n<\/div>\n<\/div>\n","protected":false},"featured_media":79246,"comment_status":"open","ping_status":"closed","template":"","meta":{"_acf_changed":false},"product_brand":[],"product_cat":[357,358,359],"product_tag":[],"class_list":{"0":"post-78440","1":"product","2":"type-product","3":"status-publish","4":"has-post-thumbnail","6":"product_cat-whisky-by-brand-fr","7":"product_cat-france-fr","8":"product_cat-armorik-fr","10":"first","11":"instock","12":"taxable","13":"shipping-taxable","14":"purchasable","15":"product-type-simple"},"acf":[],"aioseo_notices":[],"jetpack_sharing_enabled":true,"_links":{"self":[{"href":"https:\/\/whisky.ad\/fr\/wp-json\/wp\/v2\/product\/78440","targetHints":{"allow":["GET"]}}],"collection":[{"href":"https:\/\/whisky.ad\/fr\/wp-json\/wp\/v2\/product"}],"about":[{"href":"https:\/\/whisky.ad\/fr\/wp-json\/wp\/v2\/types\/product"}],"replies":[{"embeddable":true,"href":"https:\/\/whisky.ad\/fr\/wp-json\/wp\/v2\/comments?post=78440"}],"wp:featuredmedia":[{"embeddable":true,"href":"https:\/\/whisky.ad\/fr\/wp-json\/wp\/v2\/media\/79246"}],"wp:attachment":[{"href":"https:\/\/whisky.ad\/fr\/wp-json\/wp\/v2\/media?parent=78440"}],"wp:term":[{"taxonomy":"product_brand","embeddable":true,"href":"https:\/\/whisky.ad\/fr\/wp-json\/wp\/v2\/product_brand?post=78440"},{"taxonomy":"product_cat","embeddable":true,"href":"https:\/\/whisky.ad\/fr\/wp-json\/wp\/v2\/product_cat?post=78440"},{"taxonomy":"product_tag","embeddable":true,"href":"https:\/\/whisky.ad\/fr\/wp-json\/wp\/v2\/product_tag?post=78440"}],"curies":[{"name":"wp","href":"https:\/\/api.w.org\/{rel}","templated":true}]}}