{"id":78436,"date":"2023-07-25T16:32:37","date_gmt":"2023-07-25T15:32:37","guid":{"rendered":"https:\/\/whisky.ad\/product\/armorik-10-yo-single-malt-0-7l-46\/"},"modified":"2023-12-05T16:04:01","modified_gmt":"2023-12-05T15:04:01","slug":"armorik-10-yo-single-malt-0-7l-46","status":"publish","type":"product","link":"https:\/\/whisky.ad\/fr\/produit\/armorik-10-yo-single-malt-0-7l-46\/","title":{"rendered":"ARMORIK 10 YO Single Malt 0.7l 46%"},"content":{"rendered":"","protected":false},"excerpt":{"rendered":"<div class=\"flex flex-grow flex-col gap-3\">\n<div class=\"min-h-[20px] flex items-start overflow-x-auto whitespace-pre-wrap break-words flex-col gap-4\">\n<div class=\"markdown prose w-full break-words dark:prose-invert light\">\n<p>Armorik 10 ans &#8211; \u00e9dition 2023 Lancement le 24 mars 2023 46% &#8211; 70cl Vieillissement : F\u00fbts de Bourbon et de Sherry Disponibilit\u00e9 : Edition limit\u00e9e &#8211; 5000 bouteilles Suite au lancement r\u00e9ussi du premier Armorik 10 ans d&#8217;\u00e2ge, nous sommes ravis de d\u00e9voiler les possibilit\u00e9s \u00e9tendues de nos pr\u00e9cieux f\u00fbts. Cette nouvelle \u00e9dition d&#8217;Armorik 10 ans d&#8217;\u00e2ge met fi\u00e8rement en valeur l&#8217;expertise de notre ma\u00eetre assembleur et nos 25 ans de ma\u00eetrise du vieillissement du whisky de malt. R\u00e9compens\u00e9 par le titre prestigieux de &#8220;Meilleur whisky fran\u00e7ais&#8221; lors des World Whiskies Awards 2020 et 2022. Nez : Expressif et gourmand, le nez s&#8217;ouvre sur une d\u00e9licieuse palette de fruits, tout en conservant une fra\u00eecheur vivifiante. Les notes d&#8217;abricot, de muscat et de mangue prennent le dessus, suivies de notes gourmandes d&#8217;amandes grill\u00e9es et d&#8217;orange confite. Une subtile touche de tabac apporte une complexit\u00e9 all\u00e9chante. Bouche : La bouche est un jeu captivant de fra\u00eecheur et de rondeur, soulignant magistralement l&#8217;essence fruit\u00e9e de l&#8217;Armorik avec des saveurs de p\u00eache jaune et de fruits exotiques. Peu \u00e0 peu, une douce symphonie se d\u00e9ploie, o\u00f9 les notes de miel, de sirop d&#8217;\u00e9rable et de fleur d&#8217;oranger apportent leur charme. Finale : La finale est remarquablement longue et florale, avec le parfum s\u00e9duisant du jasmin. Elle danse gracieusement entre des notes \u00e9pic\u00e9es et l\u00e9g\u00e8rement fum\u00e9es, laissant une impression m\u00e9morable qui persiste en bouche.<\/p>\n<\/div>\n<\/div>\n<\/div>\n<div class=\"flex justify-between lg:block\">\n<div class=\"text-gray-400 flex self-end lg:self-center justify-center mt-2 gap-2 md:gap-3 lg:gap-1 lg:absolute lg:top-0 lg:translate-x-full lg:right-0 lg:mt-0 lg:pl-2 visible\"><\/div>\n<\/div>\n","protected":false},"featured_media":76510,"comment_status":"open","ping_status":"closed","template":"","meta":{"_acf_changed":false},"product_brand":[],"product_cat":[357,358,359],"product_tag":[],"class_list":{"0":"post-78436","1":"product","2":"type-product","3":"status-publish","4":"has-post-thumbnail","6":"product_cat-whisky-by-brand-fr","7":"product_cat-france-fr","8":"product_cat-armorik-fr","10":"first","11":"instock","12":"taxable","13":"shipping-taxable","14":"purchasable","15":"product-type-simple"},"acf":[],"aioseo_notices":[],"jetpack_sharing_enabled":true,"_links":{"self":[{"href":"https:\/\/whisky.ad\/fr\/wp-json\/wp\/v2\/product\/78436","targetHints":{"allow":["GET"]}}],"collection":[{"href":"https:\/\/whisky.ad\/fr\/wp-json\/wp\/v2\/product"}],"about":[{"href":"https:\/\/whisky.ad\/fr\/wp-json\/wp\/v2\/types\/product"}],"replies":[{"embeddable":true,"href":"https:\/\/whisky.ad\/fr\/wp-json\/wp\/v2\/comments?post=78436"}],"wp:featuredmedia":[{"embeddable":true,"href":"https:\/\/whisky.ad\/fr\/wp-json\/wp\/v2\/media\/76510"}],"wp:attachment":[{"href":"https:\/\/whisky.ad\/fr\/wp-json\/wp\/v2\/media?parent=78436"}],"wp:term":[{"taxonomy":"product_brand","embeddable":true,"href":"https:\/\/whisky.ad\/fr\/wp-json\/wp\/v2\/product_brand?post=78436"},{"taxonomy":"product_cat","embeddable":true,"href":"https:\/\/whisky.ad\/fr\/wp-json\/wp\/v2\/product_cat?post=78436"},{"taxonomy":"product_tag","embeddable":true,"href":"https:\/\/whisky.ad\/fr\/wp-json\/wp\/v2\/product_tag?post=78436"}],"curies":[{"name":"wp","href":"https:\/\/api.w.org\/{rel}","templated":true}]}}