{"id":78433,"date":"2023-08-29T18:43:41","date_gmt":"2023-08-29T17:43:41","guid":{"rendered":"https:\/\/whisky.ad\/product\/armagnac-delord-bas-armagnac-napoleon-0-7l-40\/"},"modified":"2024-01-05T17:32:49","modified_gmt":"2024-01-05T16:32:49","slug":"armagnac-delord-bas-armagnac-napoleon-0-7l-40","status":"publish","type":"product","link":"https:\/\/whisky.ad\/fr\/produit\/armagnac-delord-bas-armagnac-napoleon-0-7l-40\/","title":{"rendered":"Armagnac Delord Bas Armagnac Napoleon 0.7l 40%"},"content":{"rendered":"","protected":false},"excerpt":{"rendered":"<div class=\"flex flex-grow flex-col gap-3 max-w-full\">\n<div class=\"min-h-[20px] flex flex-col items-start gap-3 overflow-x-auto whitespace-pre-wrap break-words\">\n<div class=\"markdown prose w-full break-words dark:prose-invert light\">\n<p>Un Armagnac remarquablement fruit\u00e9, riche en saveurs et accessible, qui pr\u00e9sente un excellent m\u00e9lange de force et d&#8217;\u00e9l\u00e9gance. La distillerie est situ\u00e9e \u00e0 Lannepax, en Gascogne, la terre ancestrale de la famille Delord. Les vignobles sont plant\u00e9s de Colombard, d&#8217;Ugni Blanc et de Folle Blanche. Cet Armagnac offre des ar\u00f4mes vibrants de raisins secs cuits au four, de cr\u00e8me de noix de coco, de poudre de cacao, de grains de poivre exotiques, de noix au beurre et de notes de cuir. Sa finale est une combinaison persistante et en constante \u00e9volution de miel, de cacao, de fruits et d&#8217;\u00e9pices poivr\u00e9es. La famille Delord a cr\u00e9\u00e9 la distillerie en 1893.<\/p>\n<\/div>\n<\/div>\n<\/div>\n","protected":false},"featured_media":77515,"comment_status":"open","ping_status":"closed","template":"","meta":{"_acf_changed":false},"product_brand":[],"product_cat":[347,342],"product_tag":[],"class_list":{"0":"post-78433","1":"product","2":"type-product","3":"status-publish","4":"has-post-thumbnail","6":"product_cat-spirits-fr","7":"product_cat-cognac-armagnac-brandy-fr-2","9":"first","10":"instock","11":"taxable","12":"shipping-taxable","13":"purchasable","14":"product-type-simple"},"acf":[],"aioseo_notices":[],"jetpack_sharing_enabled":true,"_links":{"self":[{"href":"https:\/\/whisky.ad\/fr\/wp-json\/wp\/v2\/product\/78433","targetHints":{"allow":["GET"]}}],"collection":[{"href":"https:\/\/whisky.ad\/fr\/wp-json\/wp\/v2\/product"}],"about":[{"href":"https:\/\/whisky.ad\/fr\/wp-json\/wp\/v2\/types\/product"}],"replies":[{"embeddable":true,"href":"https:\/\/whisky.ad\/fr\/wp-json\/wp\/v2\/comments?post=78433"}],"wp:featuredmedia":[{"embeddable":true,"href":"https:\/\/whisky.ad\/fr\/wp-json\/wp\/v2\/media\/77515"}],"wp:attachment":[{"href":"https:\/\/whisky.ad\/fr\/wp-json\/wp\/v2\/media?parent=78433"}],"wp:term":[{"taxonomy":"product_brand","embeddable":true,"href":"https:\/\/whisky.ad\/fr\/wp-json\/wp\/v2\/product_brand?post=78433"},{"taxonomy":"product_cat","embeddable":true,"href":"https:\/\/whisky.ad\/fr\/wp-json\/wp\/v2\/product_cat?post=78433"},{"taxonomy":"product_tag","embeddable":true,"href":"https:\/\/whisky.ad\/fr\/wp-json\/wp\/v2\/product_tag?post=78433"}],"curies":[{"name":"wp","href":"https:\/\/api.w.org\/{rel}","templated":true}]}}