{"id":78430,"date":"2023-08-29T18:39:51","date_gmt":"2023-08-29T17:39:51","guid":{"rendered":"https:\/\/whisky.ad\/product\/armagnac-delord-bas-armagnac-20yo-0-7l-40\/"},"modified":"2024-01-05T17:40:09","modified_gmt":"2024-01-05T16:40:09","slug":"armagnac-delord-bas-armagnac-20yo-0-7l-40","status":"publish","type":"product","link":"https:\/\/whisky.ad\/fr\/produit\/armagnac-delord-bas-armagnac-20yo-0-7l-40\/","title":{"rendered":"Armagnac Delord Bas Armagnac 20yo 0.7l 40%"},"content":{"rendered":"","protected":false},"excerpt":{"rendered":"<p>L&#8217;histoire a commenc\u00e9 avec Prosper Delord, un distillateur itin\u00e9rant, qui est tomb\u00e9 amoureux de l&#8217;exquise eau-de-vie d&#8217;Armagnac. En 1893, il cr\u00e9a la maison Delord, qui devint l&#8217;Armagnac Delord Brothers lorsque ses deux fils, Gaston et Georges, h\u00e9rit\u00e8rent de l&#8217;alambic et poursuivirent l&#8217;h\u00e9ritage de leur p\u00e8re avec la m\u00eame ferveur pour l&#8217;Armagnac. Aujourd&#8217;hui, les fils de Gaston, Jacques et Pierre Delord, perp\u00e9tuent la tradition familiale, aux c\u00f4t\u00e9s de la g\u00e9n\u00e9ration suivante, J\u00e9r\u00f4me et Sylvain. Avec des ar\u00f4mes de fruits secs et de vanille, cet Armagnac de 20 ans d&#8217;\u00e2ge, d&#8217;une remarquable complexit\u00e9 aromatique, s\u00e9duira votre palais par ses notes d&#8217;\u00e9pices douces (cannelle, vanille), de bois\u00e9 et de rancio.  <\/p>\n","protected":false},"featured_media":77518,"comment_status":"open","ping_status":"closed","template":"","meta":{"_acf_changed":false},"product_brand":[],"product_cat":[342,347],"product_tag":[],"class_list":{"0":"post-78430","1":"product","2":"type-product","3":"status-publish","4":"has-post-thumbnail","6":"product_cat-cognac-armagnac-brandy-fr-2","7":"product_cat-spirits-fr","9":"first","10":"instock","11":"taxable","12":"shipping-taxable","13":"purchasable","14":"product-type-simple"},"acf":[],"aioseo_notices":[],"jetpack_sharing_enabled":true,"_links":{"self":[{"href":"https:\/\/whisky.ad\/fr\/wp-json\/wp\/v2\/product\/78430","targetHints":{"allow":["GET"]}}],"collection":[{"href":"https:\/\/whisky.ad\/fr\/wp-json\/wp\/v2\/product"}],"about":[{"href":"https:\/\/whisky.ad\/fr\/wp-json\/wp\/v2\/types\/product"}],"replies":[{"embeddable":true,"href":"https:\/\/whisky.ad\/fr\/wp-json\/wp\/v2\/comments?post=78430"}],"wp:featuredmedia":[{"embeddable":true,"href":"https:\/\/whisky.ad\/fr\/wp-json\/wp\/v2\/media\/77518"}],"wp:attachment":[{"href":"https:\/\/whisky.ad\/fr\/wp-json\/wp\/v2\/media?parent=78430"}],"wp:term":[{"taxonomy":"product_brand","embeddable":true,"href":"https:\/\/whisky.ad\/fr\/wp-json\/wp\/v2\/product_brand?post=78430"},{"taxonomy":"product_cat","embeddable":true,"href":"https:\/\/whisky.ad\/fr\/wp-json\/wp\/v2\/product_cat?post=78430"},{"taxonomy":"product_tag","embeddable":true,"href":"https:\/\/whisky.ad\/fr\/wp-json\/wp\/v2\/product_tag?post=78430"}],"curies":[{"name":"wp","href":"https:\/\/api.w.org\/{rel}","templated":true}]}}