{"id":78427,"date":"2023-08-29T18:33:52","date_gmt":"2023-08-29T17:33:52","guid":{"rendered":"https:\/\/whisky.ad\/product\/armagnac-delord-bas-armagnac-15yo-0-7l-40\/"},"modified":"2024-01-05T18:04:39","modified_gmt":"2024-01-05T17:04:39","slug":"armagnac-delord-bas-armagnac-15yo-0-7l-40","status":"publish","type":"product","link":"https:\/\/whisky.ad\/fr\/produit\/armagnac-delord-bas-armagnac-15yo-0-7l-40\/","title":{"rendered":"Armagnac Delord Bas Armagnac 15yo 0.7l 40%"},"content":{"rendered":"","protected":false},"excerpt":{"rendered":"<div class=\"flex flex-grow flex-col gap-3 max-w-full\">\n<div class=\"min-h-[20px] flex flex-col items-start gap-3 overflow-x-auto whitespace-pre-wrap break-words\">\n<div class=\"markdown prose w-full break-words dark:prose-invert light\">\n<p>L&#8217;histoire a commenc\u00e9 avec Prosper Delord, un distillateur itin\u00e9rant, qui est tomb\u00e9 amoureux de l&#8217;exquise eau-de-vie d&#8217;Armagnac. En 1893, il cr\u00e9a la maison Delord, qui devint l&#8217;Armagnac Delord Brothers lorsque ses deux fils, Gaston et Georges, h\u00e9rit\u00e8rent de l&#8217;alambic et poursuivirent l&#8217;h\u00e9ritage de leur p\u00e8re avec la m\u00eame ferveur pour l&#8217;Armagnac. Aujourd&#8217;hui, les fils de Gaston, Jacques et Pierre Delord, perp\u00e9tuent la tradition familiale, aux c\u00f4t\u00e9s de la g\u00e9n\u00e9ration suivante, J\u00e9r\u00f4me et Sylvain. Malgr\u00e9 son jeune \u00e2ge, cette expression de 15 ans d&#8217;\u00e2ge est d&#8217;un raffinement remarquable, d&#8217;un \u00e9quilibre impressionnant et d&#8217;un caract\u00e8re fruit\u00e9. Il pr\u00e9sente un bouquet aromatique de pruneaux, de fruits secs, une richesse d&#8217;ar\u00f4mes, accompagn\u00e9e de subtiles notes d&#8217;\u00e9pices. En bouche, l&#8217;exp\u00e9rience se d\u00e9roule avec la pr\u00e9sence de prunes, de pruneaux et d&#8217;un d\u00e9licieux go\u00fbt de noix d&#8217;amande, rehauss\u00e9 par des nuances d&#8217;\u00e9pices douces comme la cannelle. ;  <\/p>\n<\/div>\n<\/div>\n<\/div>\n","protected":false},"featured_media":77506,"comment_status":"open","ping_status":"closed","template":"","meta":{"_acf_changed":false},"product_brand":[],"product_cat":[347,342],"product_tag":[],"class_list":{"0":"post-78427","1":"product","2":"type-product","3":"status-publish","4":"has-post-thumbnail","6":"product_cat-spirits-fr","7":"product_cat-cognac-armagnac-brandy-fr-2","9":"first","10":"instock","11":"taxable","12":"shipping-taxable","13":"purchasable","14":"product-type-simple"},"acf":[],"aioseo_notices":[],"jetpack_sharing_enabled":true,"_links":{"self":[{"href":"https:\/\/whisky.ad\/fr\/wp-json\/wp\/v2\/product\/78427","targetHints":{"allow":["GET"]}}],"collection":[{"href":"https:\/\/whisky.ad\/fr\/wp-json\/wp\/v2\/product"}],"about":[{"href":"https:\/\/whisky.ad\/fr\/wp-json\/wp\/v2\/types\/product"}],"replies":[{"embeddable":true,"href":"https:\/\/whisky.ad\/fr\/wp-json\/wp\/v2\/comments?post=78427"}],"wp:featuredmedia":[{"embeddable":true,"href":"https:\/\/whisky.ad\/fr\/wp-json\/wp\/v2\/media\/77506"}],"wp:attachment":[{"href":"https:\/\/whisky.ad\/fr\/wp-json\/wp\/v2\/media?parent=78427"}],"wp:term":[{"taxonomy":"product_brand","embeddable":true,"href":"https:\/\/whisky.ad\/fr\/wp-json\/wp\/v2\/product_brand?post=78427"},{"taxonomy":"product_cat","embeddable":true,"href":"https:\/\/whisky.ad\/fr\/wp-json\/wp\/v2\/product_cat?post=78427"},{"taxonomy":"product_tag","embeddable":true,"href":"https:\/\/whisky.ad\/fr\/wp-json\/wp\/v2\/product_tag?post=78427"}],"curies":[{"name":"wp","href":"https:\/\/api.w.org\/{rel}","templated":true}]}}