{"id":78424,"date":"2023-08-28T15:05:27","date_gmt":"2023-08-28T14:05:27","guid":{"rendered":"https:\/\/whisky.ad\/product\/aoc-fine-bretagne-cuvee-glycine-0-7l-40\/"},"modified":"2024-01-06T14:05:22","modified_gmt":"2024-01-06T13:05:22","slug":"aoc-fine-bretagne-cuvee-glycine-0-7l-40","status":"publish","type":"product","link":"https:\/\/whisky.ad\/fr\/produit\/aoc-fine-bretagne-cuvee-glycine-0-7l-40\/","title":{"rendered":"AOC Fine Bretagne cuv\u00e9e Glycine 0.7l 40%"},"content":{"rendered":"","protected":false},"excerpt":{"rendered":"<p>Apple Brandy D&#8217;un abord facile pour le consommateur, il rassure imm\u00e9diatement sur l&#8217;origine du produit. En effet, les notes de pomme fra\u00eeche, la douceur douce et l&#8217;agr\u00e9able pointe de tonalit\u00e9 sucr\u00e9e en font une eau-de-vie abordable et chaleureuse. Couleur : Dor\u00e9. Nez : Belle intensit\u00e9. Les notes florales de rose et de jasmin sont suivies par l&#8217;essence fruit\u00e9e de la pomme compot\u00e9e. Bouche : Une entr\u00e9e en mati\u00e8re d&#8217;une incroyable douceur : Un premier impact incroyablement doux. Les saveurs de pomme qui suivent sont rehauss\u00e9es par la vivacit\u00e9 de la Fine Bretagne. Finale : Vive et fruit\u00e9e : Vive et fruit\u00e9e.<\/p>\n","protected":false},"featured_media":77311,"comment_status":"open","ping_status":"closed","template":"","meta":{"_acf_changed":false},"product_brand":[],"product_cat":[347,352],"product_tag":[],"class_list":{"0":"post-78424","1":"product","2":"type-product","3":"status-publish","4":"has-post-thumbnail","6":"product_cat-spirits-fr","7":"product_cat-calvados-fr-2","9":"first","10":"instock","11":"taxable","12":"shipping-taxable","13":"purchasable","14":"product-type-simple"},"acf":[],"aioseo_notices":[],"jetpack_sharing_enabled":true,"_links":{"self":[{"href":"https:\/\/whisky.ad\/fr\/wp-json\/wp\/v2\/product\/78424","targetHints":{"allow":["GET"]}}],"collection":[{"href":"https:\/\/whisky.ad\/fr\/wp-json\/wp\/v2\/product"}],"about":[{"href":"https:\/\/whisky.ad\/fr\/wp-json\/wp\/v2\/types\/product"}],"replies":[{"embeddable":true,"href":"https:\/\/whisky.ad\/fr\/wp-json\/wp\/v2\/comments?post=78424"}],"wp:featuredmedia":[{"embeddable":true,"href":"https:\/\/whisky.ad\/fr\/wp-json\/wp\/v2\/media\/77311"}],"wp:attachment":[{"href":"https:\/\/whisky.ad\/fr\/wp-json\/wp\/v2\/media?parent=78424"}],"wp:term":[{"taxonomy":"product_brand","embeddable":true,"href":"https:\/\/whisky.ad\/fr\/wp-json\/wp\/v2\/product_brand?post=78424"},{"taxonomy":"product_cat","embeddable":true,"href":"https:\/\/whisky.ad\/fr\/wp-json\/wp\/v2\/product_cat?post=78424"},{"taxonomy":"product_tag","embeddable":true,"href":"https:\/\/whisky.ad\/fr\/wp-json\/wp\/v2\/product_tag?post=78424"}],"curies":[{"name":"wp","href":"https:\/\/api.w.org\/{rel}","templated":true}]}}