{"id":78421,"date":"2023-08-28T15:02:51","date_gmt":"2023-08-28T14:02:51","guid":{"rendered":"https:\/\/whisky.ad\/product\/aoc-fine-bretagne-cuvee-etoile-0-7l-43\/"},"modified":"2024-01-06T17:03:53","modified_gmt":"2024-01-06T16:03:53","slug":"aoc-fine-bretagne-cuvee-etoile-0-7l-43","status":"publish","type":"product","link":"https:\/\/whisky.ad\/fr\/produit\/aoc-fine-bretagne-cuvee-etoile-0-7l-43\/","title":{"rendered":"AOC Fine Bretagne Cuv\u00e9e \u00e9toile 0.7l 43%"},"content":{"rendered":"","protected":false},"excerpt":{"rendered":"<div class=\"flex flex-grow flex-col gap-3 max-w-full\">\n<div class=\"min-h-[20px] flex flex-col items-start gap-3 overflow-x-auto whitespace-pre-wrap break-words\">\n<div class=\"markdown prose w-full break-words dark:prose-invert light\">\n<p>Eau-de-vie de pomme La cuv\u00e9e &#8220;Etoile&#8221;, qui porte le nom d&#8217;une des derni\u00e8res go\u00e9lettes de p\u00eache de Paimpol en activit\u00e9, a fait l&#8217;objet d&#8217;un vieillissement minutieux en f\u00fbts de ch\u00eane provenant des for\u00eats du Limousin, r\u00e9put\u00e9es pour leurs qualit\u00e9s de vieillissement. Cette Fine Bretagne d\u00e9veloppe des ar\u00f4mes puissants et chaleureux, avec des notes de pomme cuite compl\u00e9t\u00e9es par un bois\u00e9 d\u00e9licat. Couleur : ambr\u00e9e. Nez : Une belle complexit\u00e9 et intensit\u00e9. La pomme m\u00fbre s&#8217;associe au lilas et au poivre dans un \u00e9quilibre harmonieux. Bouche : Un premier go\u00fbt incroyablement doux. La rondeur et la douceur persistent tout au long de la d\u00e9gustation. L&#8217;\u00e9quilibre des notes de pomme, de fleurs et d&#8217;\u00e9pices est pr\u00e9sent dans un volume exceptionnel. Finale : Remarquablement longue, caract\u00e9ris\u00e9e par une douceur douce et fruit\u00e9e. Une l\u00e9g\u00e8re amertume invite \u00e0 reprendre une gorg\u00e9e.<\/p>\n<\/div>\n<\/div>\n<\/div>\n","protected":false},"featured_media":77305,"comment_status":"open","ping_status":"closed","template":"","meta":{"_acf_changed":false},"product_brand":[],"product_cat":[347,352],"product_tag":[],"class_list":{"0":"post-78421","1":"product","2":"type-product","3":"status-publish","4":"has-post-thumbnail","6":"product_cat-spirits-fr","7":"product_cat-calvados-fr-2","9":"first","10":"instock","11":"taxable","12":"shipping-taxable","13":"purchasable","14":"product-type-simple"},"acf":[],"aioseo_notices":[],"jetpack_sharing_enabled":true,"_links":{"self":[{"href":"https:\/\/whisky.ad\/fr\/wp-json\/wp\/v2\/product\/78421","targetHints":{"allow":["GET"]}}],"collection":[{"href":"https:\/\/whisky.ad\/fr\/wp-json\/wp\/v2\/product"}],"about":[{"href":"https:\/\/whisky.ad\/fr\/wp-json\/wp\/v2\/types\/product"}],"replies":[{"embeddable":true,"href":"https:\/\/whisky.ad\/fr\/wp-json\/wp\/v2\/comments?post=78421"}],"wp:featuredmedia":[{"embeddable":true,"href":"https:\/\/whisky.ad\/fr\/wp-json\/wp\/v2\/media\/77305"}],"wp:attachment":[{"href":"https:\/\/whisky.ad\/fr\/wp-json\/wp\/v2\/media?parent=78421"}],"wp:term":[{"taxonomy":"product_brand","embeddable":true,"href":"https:\/\/whisky.ad\/fr\/wp-json\/wp\/v2\/product_brand?post=78421"},{"taxonomy":"product_cat","embeddable":true,"href":"https:\/\/whisky.ad\/fr\/wp-json\/wp\/v2\/product_cat?post=78421"},{"taxonomy":"product_tag","embeddable":true,"href":"https:\/\/whisky.ad\/fr\/wp-json\/wp\/v2\/product_tag?post=78421"}],"curies":[{"name":"wp","href":"https:\/\/api.w.org\/{rel}","templated":true}]}}