{"id":78418,"date":"2023-08-28T15:13:54","date_gmt":"2023-08-28T14:13:54","guid":{"rendered":"https:\/\/whisky.ad\/product\/aoc-calvados-dupont-30yo-0-7l-41\/"},"modified":"2024-01-06T13:44:34","modified_gmt":"2024-01-06T12:44:34","slug":"aoc-calvados-dupont-30yo-0-7l-41","status":"publish","type":"product","link":"https:\/\/whisky.ad\/fr\/produit\/aoc-calvados-dupont-30yo-0-7l-41\/","title":{"rendered":"AOC Calvados Dupont 30yo 0.7l. 41%"},"content":{"rendered":"","protected":false},"excerpt":{"rendered":"<div class=\"flex flex-grow flex-col gap-3 max-w-full\">\n<div class=\"min-h-[20px] flex flex-col items-start gap-3 overflow-x-auto whitespace-pre-wrap break-words\">\n<div class=\"markdown prose w-full break-words dark:prose-invert light\">\n<p>Le Calvados 30 ans d&#8217;\u00e2ge a vieilli au minimum 30 ans en barriques et en f\u00fbts de ch\u00eane grill\u00e9s. Terroir : sols compos\u00e9s d&#8217;argile et de marnes oxfordiennes. C\u00e9pages : 80% de pommes douces-am\u00e8res 20% de pommes acidul\u00e9es R\u00e9colte : De septembre \u00e0 novembre Alcool : 41% ABV Production : Les pommes sont m\u00e9lang\u00e9es, broy\u00e9es et press\u00e9es. Le jus de pomme subit une fermentation compl\u00e8te pour donner le cidre \u00e0 distiller. La double distillation a lieu six mois apr\u00e8s le processus de fermentation du cidre. La premi\u00e8re distillation du cidre permet d&#8217;obtenir un liquide faiblement alcoolis\u00e9, d&#8217;une teneur en alcool de 30 %. C&#8217;est la seconde distillation de ce liquide qui donne naissance au Calvados. Vieillissement : Trente ans minimum. En barriques et en f\u00fbts de ch\u00eane grill\u00e9s de 1200 et 400 litres respectivement. Mise en bouteille sur commande. D\u00e9gustation : Aspect : Couleur acajou, blond. D&#8217;aspect limpide. Nez : Puissant et intense. Doux. On per\u00e7oit des notes de fleurs, d&#8217;agrumes, de miel, de torr\u00e9faction, d&#8217;\u00e9pices et de gibier. Bouche : Forte, intense, \u00e9l\u00e9gante et perverse : Forte, intense, \u00e9l\u00e9gante et omnipr\u00e9sente. Persistant avec une pr\u00e9sence r\u00e9tro-nasale. Les saveurs de vanille, de bois, de pommes confites et d&#8217;\u00e9pices sont pro\u00e9minentes.<\/p>\n<\/div>\n<\/div>\n<\/div>\n","protected":false},"featured_media":79068,"comment_status":"open","ping_status":"closed","template":"","meta":{"_acf_changed":false},"product_brand":[],"product_cat":[347,352],"product_tag":[],"class_list":{"0":"post-78418","1":"product","2":"type-product","3":"status-publish","4":"has-post-thumbnail","6":"product_cat-spirits-fr","7":"product_cat-calvados-fr-2","9":"first","10":"instock","11":"taxable","12":"shipping-taxable","13":"purchasable","14":"product-type-simple"},"acf":[],"aioseo_notices":[],"jetpack_sharing_enabled":true,"_links":{"self":[{"href":"https:\/\/whisky.ad\/fr\/wp-json\/wp\/v2\/product\/78418","targetHints":{"allow":["GET"]}}],"collection":[{"href":"https:\/\/whisky.ad\/fr\/wp-json\/wp\/v2\/product"}],"about":[{"href":"https:\/\/whisky.ad\/fr\/wp-json\/wp\/v2\/types\/product"}],"replies":[{"embeddable":true,"href":"https:\/\/whisky.ad\/fr\/wp-json\/wp\/v2\/comments?post=78418"}],"wp:featuredmedia":[{"embeddable":true,"href":"https:\/\/whisky.ad\/fr\/wp-json\/wp\/v2\/media\/79068"}],"wp:attachment":[{"href":"https:\/\/whisky.ad\/fr\/wp-json\/wp\/v2\/media?parent=78418"}],"wp:term":[{"taxonomy":"product_brand","embeddable":true,"href":"https:\/\/whisky.ad\/fr\/wp-json\/wp\/v2\/product_brand?post=78418"},{"taxonomy":"product_cat","embeddable":true,"href":"https:\/\/whisky.ad\/fr\/wp-json\/wp\/v2\/product_cat?post=78418"},{"taxonomy":"product_tag","embeddable":true,"href":"https:\/\/whisky.ad\/fr\/wp-json\/wp\/v2\/product_tag?post=78418"}],"curies":[{"name":"wp","href":"https:\/\/api.w.org\/{rel}","templated":true}]}}