{"id":78415,"date":"2023-08-28T15:09:56","date_gmt":"2023-08-28T14:09:56","guid":{"rendered":"https:\/\/whisky.ad\/product\/aoc-calvados-dupont-15-yo-0-7l-42\/"},"modified":"2024-01-06T13:50:56","modified_gmt":"2024-01-06T12:50:56","slug":"aoc-calvados-dupont-15-yo-0-7l-42","status":"publish","type":"product","link":"https:\/\/whisky.ad\/fr\/produit\/aoc-calvados-dupont-15-yo-0-7l-42\/","title":{"rendered":"AOC Calvados Dupont 15 yo 0.7l 42%"},"content":{"rendered":"","protected":false},"excerpt":{"rendered":"<div class=\"flex flex-grow flex-col gap-3 max-w-full\">\n<div class=\"min-h-[20px] flex flex-col items-start gap-3 overflow-x-auto whitespace-pre-wrap break-words\">\n<div class=\"markdown prose w-full break-words dark:prose-invert light\">\n<p>Le Calvados 15 ans d&#8217;\u00e2ge a vieilli au minimum 15 ans en f\u00fbts de ch\u00eane. Terroir : sols compos\u00e9s d&#8217;argile et de marnes oxfordiennes. Vari\u00e9t\u00e9s : 80% de pommes douces-am\u00e8res 20% de pommes acidul\u00e9es R\u00e9colte : De septembre \u00e0 novembre Alcool : 42% ABV Production : Les pommes sont m\u00e9lang\u00e9es, broy\u00e9es et press\u00e9es. Le jus de pomme subit une fermentation compl\u00e8te pour donner le cidre \u00e0 distiller. La double distillation a lieu six mois apr\u00e8s le processus de fermentation du cidre. La premi\u00e8re distillation du cidre permet d&#8217;obtenir un liquide faiblement alcoolis\u00e9, d&#8217;une teneur en alcool de 30 %. C&#8217;est la seconde distillation de ce liquide qui donne naissance au Calvados. Vieillissement : Quinze ans minimum. En f\u00fbts de ch\u00eane grill\u00e9s de 400 litres. Mise en bouteille sur commande. D\u00e9gustation : Aspect : Couleur dor\u00e9e. Clair et lumineux, avec un disque brillant et de belles jambes. Nez : Puissant et intense, mais raffin\u00e9, complexe et sans agressivit\u00e9. Notes initiales de bois et de vanille. Les notes suivantes r\u00e9v\u00e8lent des fleurs et des agrumes (mandarines, oranges). En bouche : Une eau-de-vie douce, persistante et intense. Ar\u00f4mes de pommes vertes, de fruits secs (noisettes), de bois et de vanille.<\/p>\n<\/div>\n<\/div>\n<\/div>\n<div class=\"flex justify-between lg:block\">\n<div class=\"text-gray-400 flex self-end lg:self-center justify-center mt-2 gap-2 md:gap-3 lg:gap-1 lg:absolute lg:top-0 lg:translate-x-full lg:right-0 lg:mt-0 lg:pl-2 visible\"><\/div>\n<\/div>\n","protected":false},"featured_media":79062,"comment_status":"open","ping_status":"closed","template":"","meta":{"_acf_changed":false},"product_brand":[],"product_cat":[347,352],"product_tag":[],"class_list":{"0":"post-78415","1":"product","2":"type-product","3":"status-publish","4":"has-post-thumbnail","6":"product_cat-spirits-fr","7":"product_cat-calvados-fr-2","9":"first","10":"instock","11":"taxable","12":"shipping-taxable","13":"purchasable","14":"product-type-simple"},"acf":[],"aioseo_notices":[],"jetpack_sharing_enabled":true,"_links":{"self":[{"href":"https:\/\/whisky.ad\/fr\/wp-json\/wp\/v2\/product\/78415","targetHints":{"allow":["GET"]}}],"collection":[{"href":"https:\/\/whisky.ad\/fr\/wp-json\/wp\/v2\/product"}],"about":[{"href":"https:\/\/whisky.ad\/fr\/wp-json\/wp\/v2\/types\/product"}],"replies":[{"embeddable":true,"href":"https:\/\/whisky.ad\/fr\/wp-json\/wp\/v2\/comments?post=78415"}],"wp:featuredmedia":[{"embeddable":true,"href":"https:\/\/whisky.ad\/fr\/wp-json\/wp\/v2\/media\/79062"}],"wp:attachment":[{"href":"https:\/\/whisky.ad\/fr\/wp-json\/wp\/v2\/media?parent=78415"}],"wp:term":[{"taxonomy":"product_brand","embeddable":true,"href":"https:\/\/whisky.ad\/fr\/wp-json\/wp\/v2\/product_brand?post=78415"},{"taxonomy":"product_cat","embeddable":true,"href":"https:\/\/whisky.ad\/fr\/wp-json\/wp\/v2\/product_cat?post=78415"},{"taxonomy":"product_tag","embeddable":true,"href":"https:\/\/whisky.ad\/fr\/wp-json\/wp\/v2\/product_tag?post=78415"}],"curies":[{"name":"wp","href":"https:\/\/api.w.org\/{rel}","templated":true}]}}