{"id":78411,"date":"2023-08-28T10:48:40","date_gmt":"2023-08-28T09:48:40","guid":{"rendered":"https:\/\/whisky.ad\/product\/aalborg-taffel-aqvavit-0-7l-45\/"},"modified":"2024-01-06T17:07:23","modified_gmt":"2024-01-06T16:07:23","slug":"aalborg-taffel-aqvavit-0-7l-45","status":"publish","type":"product","link":"https:\/\/whisky.ad\/fr\/produit\/aalborg-taffel-aqvavit-0-7l-45\/","title":{"rendered":"Aalborg Taffel Aqvavit 0.7l 45%"},"content":{"rendered":"","protected":false},"excerpt":{"rendered":"<p>Aalborg Taffel est un Aquavit intemporel, introduit pour la premi\u00e8re fois en 1846. Ce spiritueux classique pr\u00e9sente un m\u00e9lange enchanteur de carvi et d&#8217;agrumes. Sa qualit\u00e9 exceptionnelle a \u00e9t\u00e9 reconnue lorsqu&#8217;il a re\u00e7u le titre de meilleur aquavit du monde lors de la Comp\u00e9tition internationale des vins et spiritueux de 2002.<\/p>\n","protected":false},"featured_media":77278,"comment_status":"open","ping_status":"closed","template":"","meta":{"_acf_changed":false},"product_brand":[],"product_cat":[347,348],"product_tag":[],"class_list":{"0":"post-78411","1":"product","2":"type-product","3":"status-publish","4":"has-post-thumbnail","6":"product_cat-spirits-fr","7":"product_cat-aquavit-fr","9":"first","10":"instock","11":"taxable","12":"shipping-taxable","13":"purchasable","14":"product-type-simple"},"acf":[],"aioseo_notices":[],"jetpack_sharing_enabled":true,"_links":{"self":[{"href":"https:\/\/whisky.ad\/fr\/wp-json\/wp\/v2\/product\/78411","targetHints":{"allow":["GET"]}}],"collection":[{"href":"https:\/\/whisky.ad\/fr\/wp-json\/wp\/v2\/product"}],"about":[{"href":"https:\/\/whisky.ad\/fr\/wp-json\/wp\/v2\/types\/product"}],"replies":[{"embeddable":true,"href":"https:\/\/whisky.ad\/fr\/wp-json\/wp\/v2\/comments?post=78411"}],"wp:featuredmedia":[{"embeddable":true,"href":"https:\/\/whisky.ad\/fr\/wp-json\/wp\/v2\/media\/77278"}],"wp:attachment":[{"href":"https:\/\/whisky.ad\/fr\/wp-json\/wp\/v2\/media?parent=78411"}],"wp:term":[{"taxonomy":"product_brand","embeddable":true,"href":"https:\/\/whisky.ad\/fr\/wp-json\/wp\/v2\/product_brand?post=78411"},{"taxonomy":"product_cat","embeddable":true,"href":"https:\/\/whisky.ad\/fr\/wp-json\/wp\/v2\/product_cat?post=78411"},{"taxonomy":"product_tag","embeddable":true,"href":"https:\/\/whisky.ad\/fr\/wp-json\/wp\/v2\/product_tag?post=78411"}],"curies":[{"name":"wp","href":"https:\/\/api.w.org\/{rel}","templated":true}]}}