{"id":78407,"date":"2023-11-23T15:43:38","date_gmt":"2023-11-23T14:43:38","guid":{"rendered":"https:\/\/whisky.ad\/product\/bladnoch-single-malt-dragon-series-iteration-i-the-field\/"},"modified":"2024-01-05T13:09:24","modified_gmt":"2024-01-05T12:09:24","slug":"bladnoch-single-malt-dragon-series-iteration-i-the-field","status":"publish","type":"product","link":"https:\/\/whisky.ad\/fr\/produit\/bladnoch-single-malt-dragon-series-iteration-i-the-field\/","title":{"rendered":"Bladnoch Single Malt Dragon Series Iteration I &#8220;The Field&#8221;"},"content":{"rendered":"","protected":false},"excerpt":{"rendered":"<p><strong>Bladnoch Single Malt Dragon Series Iteration I &#8220;The Field&#8221; 46.7% 0.7L.<\/strong><\/p>\n<p>Vendue dans un set de 5 it\u00e9rations diff\u00e9rentes.<\/p>\n<p>Bladnoch est la plus ancienne distillerie priv\u00e9e de whisky \u00e9cossais au monde, dont l&#8217;h\u00e9ritage se perp\u00e9tue sans interruption depuis 1817. Le riche h\u00e9ritage de Bladnoch remonte \u00e0 John et Thomas McClelland, qui ont obtenu la licence de distiller du whisky dans leur ferme de Bladnoch, dans les Lowlands \u00e9cossaises. Pendant pr\u00e8s d&#8217;un si\u00e8cle, les g\u00e9n\u00e9rations successives de McClelland ont entretenu et modernis\u00e9 la distillerie. \u00c0 son apog\u00e9e, le site comptait six washbacks et une production annuelle d&#8217;environ 230 000 litres d&#8217;alcool, consolidant ainsi sa stature de &#8220;Reine des Lowlands&#8221;. <strong>NICK SAVAGE<\/strong> <em>THE MASTER DISTILLER<\/em> Le Dr Nick Savage a pris ses fonctions de ma\u00eetre distillateur \u00e0 la distillerie Bladnoch en 2019, arrivant de The Macallan avec un bagage impressionnant. Ayant pass\u00e9 quatre ans en Australie pour effectuer son doctorat, Nick conserve un lien profond avec les racines \u00e9cossaises et australiennes de Bladnoch Distillery. Tout au long de sa carri\u00e8re, la qu\u00eate incessante de la perfection de Nick l&#8217;a positionn\u00e9 comme une sommit\u00e9 du secteur, garantissant l&#8217;excellence continue des Single Malts de Bladnoch. &#8220;L&#8217;engagement in\u00e9branlable de l&#8217;\u00e9quipe de Bladnoch en faveur d&#8217;une qualit\u00e9 in\u00e9gal\u00e9e me rend incroyablement enthousiaste \u00e0 l&#8217;id\u00e9e de contribuer \u00e0 l&#8217;avenir extraordinaire de la distillerie Bladnoch&#8221;.<\/p>\n<div class=\"flex flex-grow flex-col max-w-full gap-3 gizmo:gap-0\">\n<div class=\"min-h-[20px] text-message flex flex-col items-start gap-3 whitespace-pre-wrap break-words [.text-message+&amp;]:mt-5 overflow-x-auto\" data-message-author-role=\"assistant\" data-message-id=\"67986be6-d9cd-4acf-a71b-e482d6e28247\">\n<div class=\"markdown prose w-full break-words dark:prose-invert dark\">\n<p>La s\u00e9rie Dragon \u00e9tablit un parall\u00e8le avec la production de whisky, mettant en \u00e9vidence la grande variabilit\u00e9 inh\u00e9rente au processus &#8211; apparemment chaotique et impr\u00e9visible. Pourtant, gr\u00e2ce aux comp\u00e9tences, aux connaissances et \u00e0 l&#8217;artisanat ancestral, chaque it\u00e9ration aboutit \u00e0 un whisky magnifiquement \u00e9labor\u00e9. <\/p>\n<hr>\n<p>L&#8217;it\u00e9ration I est la pierre angulaire de notre voyage dans le monde du whisky. L&#8217;orge r\u00e9colt\u00e9e dans les champs est soumise \u00e0 un maltage m\u00e9ticuleux, ce qui constitue la mati\u00e8re premi\u00e8re de notre distillerie. Avant m\u00eame que cette essence brute n&#8217;arrive \u00e0 notre porte, elle incarne les diverses influences de la nature, de l&#8217;environnement et du processus de maltage lui-m\u00eame.  <\/p>\n<p><strong>NOTES DE D\u00c9GUSTATION<\/strong><\/p>\n<ul>\n<li>Sabl\u00e9s, agrumes, rafra\u00eechissants<\/li>\n<\/ul>\n<p><strong>NEZ<\/strong><\/p>\n<ul>\n<li>Ar\u00f4mes d&#8217;orge grill\u00e9 entrelac\u00e9s avec de l&#8217;herbe coup\u00e9e florale.<\/li>\n<\/ul>\n<p><strong>PALAIS<\/strong><\/p>\n<ul>\n<li>Il embrasse des notes rafra\u00eechissantes de pommes d&#8217;agrumes et de sabl\u00e9s cr\u00e9meux.<\/li>\n<\/ul>\n<p><strong>Acabado<\/strong><\/p>\n<ul>\n<li>S&#8217;ach\u00e8ve sur une note revitalisante et douce.<\/li>\n<\/ul>\n<p>Strength: 46.7% ABV<\/p>\n<p>Types de f\u00fbts : Bourbon de recharge<\/p>\n<\/div>\n<\/div>\n<\/div>\n<div class=\"flex justify-between empty:hidden gizmo:mt-1 gizmo:justify-start gizmo:gap-3 lg:block gizmo:lg:flex\">\n<div class=\"text-gray-400 flex self-end lg:self-center justify-center gizmo:lg:justify-start mt-2 gizmo:mt-0 visible gap-1\"><\/div>\n<\/div>\n","protected":false},"featured_media":77755,"comment_status":"open","ping_status":"closed","template":"","meta":{"_acf_changed":false},"product_brand":[],"product_cat":[317,318,629],"product_tag":[],"class_list":{"0":"post-78407","1":"product","2":"type-product","3":"status-publish","4":"has-post-thumbnail","6":"product_cat-ecosse","7":"product_cat-bladnoch-fr","8":"product_cat-lowland-fr","10":"first","11":"instock","12":"taxable","13":"shipping-taxable","14":"purchasable","15":"product-type-simple"},"acf":[],"aioseo_notices":[],"jetpack_sharing_enabled":true,"_links":{"self":[{"href":"https:\/\/whisky.ad\/fr\/wp-json\/wp\/v2\/product\/78407","targetHints":{"allow":["GET"]}}],"collection":[{"href":"https:\/\/whisky.ad\/fr\/wp-json\/wp\/v2\/product"}],"about":[{"href":"https:\/\/whisky.ad\/fr\/wp-json\/wp\/v2\/types\/product"}],"replies":[{"embeddable":true,"href":"https:\/\/whisky.ad\/fr\/wp-json\/wp\/v2\/comments?post=78407"}],"wp:featuredmedia":[{"embeddable":true,"href":"https:\/\/whisky.ad\/fr\/wp-json\/wp\/v2\/media\/77755"}],"wp:attachment":[{"href":"https:\/\/whisky.ad\/fr\/wp-json\/wp\/v2\/media?parent=78407"}],"wp:term":[{"taxonomy":"product_brand","embeddable":true,"href":"https:\/\/whisky.ad\/fr\/wp-json\/wp\/v2\/product_brand?post=78407"},{"taxonomy":"product_cat","embeddable":true,"href":"https:\/\/whisky.ad\/fr\/wp-json\/wp\/v2\/product_cat?post=78407"},{"taxonomy":"product_tag","embeddable":true,"href":"https:\/\/whisky.ad\/fr\/wp-json\/wp\/v2\/product_tag?post=78407"}],"curies":[{"name":"wp","href":"https:\/\/api.w.org\/{rel}","templated":true}]}}