{"id":78400,"date":"2023-11-23T16:03:50","date_gmt":"2023-11-23T15:03:50","guid":{"rendered":"https:\/\/whisky.ad\/product\/bladnoch-single-malt-dragon-series-iteration-iii-the-casks\/"},"modified":"2024-01-05T13:02:12","modified_gmt":"2024-01-05T12:02:12","slug":"bladnoch-single-malt-dragon-series-iteration-iii-the-casks","status":"publish","type":"product","link":"https:\/\/whisky.ad\/fr\/produit\/bladnoch-single-malt-dragon-series-iteration-iii-the-casks\/","title":{"rendered":"Bladnoch Single Malt Dragon Series Iteration III &#8220;The Casks&#8221;"},"content":{"rendered":"","protected":false},"excerpt":{"rendered":"<p><strong>Bladnoch Single Malt Dragon Series Iteration III &#8220;The Casks&#8221; 49.9% 0.7L<\/strong><\/p>\n<p>Vendue dans un set de 5 it\u00e9rations diff\u00e9rentes.<\/p>\n<p>Bladnoch est la plus ancienne distillerie priv\u00e9e de whisky \u00e9cossais au monde, dont l&#8217;h\u00e9ritage se perp\u00e9tue sans interruption depuis 1817. Le riche h\u00e9ritage de Bladnoch remonte \u00e0 John et Thomas McClelland, qui ont obtenu la licence de distiller du whisky dans leur ferme de Bladnoch, dans les Lowlands \u00e9cossaises. Pendant pr\u00e8s d&#8217;un si\u00e8cle, les g\u00e9n\u00e9rations successives de McClelland ont entretenu et modernis\u00e9 la distillerie. \u00c0 son apog\u00e9e, le site comptait six washbacks et une production annuelle d&#8217;environ 230 000 litres d&#8217;alcool, consolidant ainsi sa stature de &#8220;Reine des Lowlands&#8221;. <strong>NICK SAVAGE<\/strong> <em>THE MASTER DISTILLER<\/em> Le Dr Nick Savage a pris ses fonctions de ma\u00eetre distillateur \u00e0 la distillerie Bladnoch en 2019, arrivant de The Macallan avec un bagage impressionnant. Ayant pass\u00e9 quatre ans en Australie pour effectuer son doctorat, Nick conserve un lien profond avec les racines \u00e9cossaises et australiennes de Bladnoch Distillery. Tout au long de sa carri\u00e8re, la qu\u00eate incessante de la perfection de Nick l&#8217;a positionn\u00e9 comme une sommit\u00e9 du secteur, garantissant l&#8217;excellence continue des Single Malts de Bladnoch. &#8220;L&#8217;engagement in\u00e9branlable de l&#8217;\u00e9quipe de Bladnoch en faveur d&#8217;une qualit\u00e9 in\u00e9gal\u00e9e me rend incroyablement enthousiaste \u00e0 l&#8217;id\u00e9e de contribuer \u00e0 l&#8217;avenir extraordinaire de la distillerie Bladnoch&#8221;.<\/p>\n<div class=\"flex flex-grow flex-col max-w-full gap-3 gizmo:gap-0\">\n<div class=\"min-h-[20px] text-message flex flex-col items-start gap-3 whitespace-pre-wrap break-words [.text-message+&amp;]:mt-5 overflow-x-auto\" data-message-author-role=\"assistant\" data-message-id=\"7866674f-82ed-442d-870f-2334e6918d8d\">\n<div class=\"markdown prose w-full break-words dark:prose-invert dark\">\n<p>La s\u00e9rie Dragon \u00e9tablit une comparaison avec le processus complexe de production du whisky, mettant en \u00e9vidence le vaste \u00e9ventail de variabilit\u00e9 pr\u00e9sent &#8211; une tapisserie de chaos et d&#8217;impr\u00e9visibilit\u00e9 apparents. Pourtant, gr\u00e2ce aux comp\u00e9tences, \u00e0 la sagesse et \u00e0 l&#8217;expertise des artisans d&#8217;aujourd&#8217;hui, ainsi qu&#8217;\u00e0 l&#8217;h\u00e9ritage de ceux qui nous ont pr\u00e9c\u00e9d\u00e9s, chaque it\u00e9ration de cette s\u00e9rie aboutit \u00e0 un whisky magnifiquement \u00e9labor\u00e9. <\/p>\n<hr>\n<p>L&#8217;it\u00e9ration III de cette s\u00e9rie met en lumi\u00e8re une autre source principale de variabilit\u00e9 : l&#8217;art de la tonnellerie. La fabrication de nos f\u00fbts exige une prise en compte m\u00e9ticuleuse de nombreuses variables, notamment les esp\u00e8ces de ch\u00eane, les environnements de croissance et les techniques complexes de grillage, de carbonisation et d&#8217;assaisonnement. Ces facteurs ont une influence profonde, semblable \u00e0 l&#8217;effet papillon, sur le caract\u00e8re final de notre whisky, \u00e0 moins qu&#8217;ils ne soient ma\u00eetris\u00e9s par des tonneliers qualifi\u00e9s.  <\/p>\n<p><strong>NOTES DE D\u00c9GUSTATION<\/strong><\/p>\n<ul>\n<li>Popcorn, \u00e9pices, richesse<\/li>\n<\/ul>\n<p><strong>NEZ<\/strong><\/p>\n<ul>\n<li>Ar\u00f4mes rappelant les b\u00e2tons de cannelle et le gingembre racine avec un arri\u00e8re-plan d&#8217;agrumes.<\/li>\n<\/ul>\n<p><strong>PALAIS<\/strong><\/p>\n<ul>\n<li>Il pr\u00e9sente des ar\u00f4mes de raisins secs entrelac\u00e9s avec du caramel popcorn et des notes de gingembre racine.<\/li>\n<\/ul>\n<p><strong>Acabado<\/strong><\/p>\n<ul>\n<li>Une chaleur et une \u00e9paisseur luxueuses et prolong\u00e9es<\/li>\n<\/ul>\n<p>Strength: 49.9% ABV<\/p>\n<p>Types de f\u00fbts : Bourbon en ch\u00eane am\u00e9ricain de premier remplissage et Sherry en ch\u00eane espagnol de premier remplissage.<\/p>\n<\/div>\n<\/div>\n<\/div>\n","protected":false},"featured_media":77770,"comment_status":"open","ping_status":"closed","template":"","meta":{"_acf_changed":false},"product_brand":[],"product_cat":[317,318,629],"product_tag":[],"class_list":{"0":"post-78400","1":"product","2":"type-product","3":"status-publish","4":"has-post-thumbnail","6":"product_cat-ecosse","7":"product_cat-bladnoch-fr","8":"product_cat-lowland-fr","10":"first","11":"instock","12":"taxable","13":"shipping-taxable","14":"purchasable","15":"product-type-simple"},"acf":[],"aioseo_notices":[],"jetpack_sharing_enabled":true,"_links":{"self":[{"href":"https:\/\/whisky.ad\/fr\/wp-json\/wp\/v2\/product\/78400","targetHints":{"allow":["GET"]}}],"collection":[{"href":"https:\/\/whisky.ad\/fr\/wp-json\/wp\/v2\/product"}],"about":[{"href":"https:\/\/whisky.ad\/fr\/wp-json\/wp\/v2\/types\/product"}],"replies":[{"embeddable":true,"href":"https:\/\/whisky.ad\/fr\/wp-json\/wp\/v2\/comments?post=78400"}],"wp:featuredmedia":[{"embeddable":true,"href":"https:\/\/whisky.ad\/fr\/wp-json\/wp\/v2\/media\/77770"}],"wp:attachment":[{"href":"https:\/\/whisky.ad\/fr\/wp-json\/wp\/v2\/media?parent=78400"}],"wp:term":[{"taxonomy":"product_brand","embeddable":true,"href":"https:\/\/whisky.ad\/fr\/wp-json\/wp\/v2\/product_brand?post=78400"},{"taxonomy":"product_cat","embeddable":true,"href":"https:\/\/whisky.ad\/fr\/wp-json\/wp\/v2\/product_cat?post=78400"},{"taxonomy":"product_tag","embeddable":true,"href":"https:\/\/whisky.ad\/fr\/wp-json\/wp\/v2\/product_tag?post=78400"}],"curies":[{"name":"wp","href":"https:\/\/api.w.org\/{rel}","templated":true}]}}