{"id":78394,"date":"2023-12-05T10:14:13","date_gmt":"2023-12-05T09:14:13","guid":{"rendered":"https:\/\/whisky.ad\/product\/cognac-ae-dor-extra-30-yo-grande-champagne\/"},"modified":"2023-12-07T12:01:51","modified_gmt":"2023-12-07T11:01:51","slug":"cognac-ae-dor-extra-30-yo-grande-champagne","status":"publish","type":"product","link":"https:\/\/whisky.ad\/fr\/produit\/cognac-ae-dor-extra-30-yo-grande-champagne\/","title":{"rendered":"Cognac AE DOR Extra 30 YO Grande Champagne"},"content":{"rendered":"","protected":false},"excerpt":{"rendered":"<div class=\"flex flex-grow flex-col max-w-full\">\n<div class=\"min-h-[20px] text-message flex flex-col items-start gap-3 whitespace-pre-wrap break-words [.text-message+&amp;]:mt-5 overflow-x-auto\" data-message-author-role=\"assistant\" data-message-id=\"397c8976-5d28-43c3-8c1e-f42e8c647a1c\">\n<div class=\"markdown prose w-full break-words dark:prose-invert dark\">\n<p><strong>Cognac AE DOR Extra 30 YO Grande Champagne<\/strong><\/p>\n<p>Le cognac A.E. Dor Extra Grande Champagne incarne v\u00e9ritablement la sublimit\u00e9. Vieilli m\u00e9ticuleusement dans de petits f\u00fbts au sein d&#8217;une cave humide, ce cognac premier cru de qualit\u00e9 &#8220;extra&#8221; s\u00e9duit d\u00e8s l&#8217;instant o\u00f9 le regard se pose sur lui.  Envelopp\u00e9 dans une splendide carafe et un coffret de pr\u00e9sentation, il arbore une teinte profonde et captivante que seul un Cognac vraiment bien vieilli peut poss\u00e9der. L&#8217;odyss\u00e9e sensorielle se poursuit avec un bouquet de violettes, de vanille et de cacao. Pour ceux qui sont curieux de conna\u00eetre l&#8217;ar\u00f4me et la saveur insaisissables du &#8220;rancio&#8221;, cet exemple en est la parfaite illustration. Pour ceux qui ne connaissent pas les cognacs d&#8217;A.E. Dor, cet exemplaire t\u00e9moigne de la stature exceptionnelle de cette maison. Avec un stock d&#8217;eaux-de-vie ant\u00e9rieur \u00e0 la crise du phyllox\u00e9ra de la fin du XIXe si\u00e8cle, cette maison incarne non seulement une riche histoire, mais entretient \u00e9galement une cave extraordinaire pour \u00e9laborer des cognacs incomparables. Nous pouvons vous assurer qu&#8217;une fois que vous aurez go\u00fbt\u00e9 un cognac A.E. Dor, vous en redemanderez.<\/p>\n<\/div>\n<\/div>\n<\/div>\n","protected":false},"featured_media":78208,"comment_status":"open","ping_status":"closed","template":"","meta":{"_acf_changed":false},"product_brand":[],"product_cat":[342,341],"product_tag":[],"class_list":{"0":"post-78394","1":"product","2":"type-product","3":"status-publish","4":"has-post-thumbnail","6":"product_cat-cognac-armagnac-brandy-fr-2","7":"product_cat-rare-de-collection","9":"first","10":"instock","11":"taxable","12":"shipping-taxable","13":"purchasable","14":"product-type-simple"},"acf":[],"aioseo_notices":[],"jetpack_sharing_enabled":true,"_links":{"self":[{"href":"https:\/\/whisky.ad\/fr\/wp-json\/wp\/v2\/product\/78394","targetHints":{"allow":["GET"]}}],"collection":[{"href":"https:\/\/whisky.ad\/fr\/wp-json\/wp\/v2\/product"}],"about":[{"href":"https:\/\/whisky.ad\/fr\/wp-json\/wp\/v2\/types\/product"}],"replies":[{"embeddable":true,"href":"https:\/\/whisky.ad\/fr\/wp-json\/wp\/v2\/comments?post=78394"}],"wp:featuredmedia":[{"embeddable":true,"href":"https:\/\/whisky.ad\/fr\/wp-json\/wp\/v2\/media\/78208"}],"wp:attachment":[{"href":"https:\/\/whisky.ad\/fr\/wp-json\/wp\/v2\/media?parent=78394"}],"wp:term":[{"taxonomy":"product_brand","embeddable":true,"href":"https:\/\/whisky.ad\/fr\/wp-json\/wp\/v2\/product_brand?post=78394"},{"taxonomy":"product_cat","embeddable":true,"href":"https:\/\/whisky.ad\/fr\/wp-json\/wp\/v2\/product_cat?post=78394"},{"taxonomy":"product_tag","embeddable":true,"href":"https:\/\/whisky.ad\/fr\/wp-json\/wp\/v2\/product_tag?post=78394"}],"curies":[{"name":"wp","href":"https:\/\/api.w.org\/{rel}","templated":true}]}}