{"id":77792,"date":"2023-11-23T16:20:20","date_gmt":"2023-11-23T15:20:20","guid":{"rendered":"https:\/\/whisky.ad\/product\/bladnoch-single-malt-dragon-series-iteration-v-la-decision\/"},"modified":"2024-01-05T12:35:04","modified_gmt":"2024-01-05T11:35:04","slug":"bladnoch-single-malt-dragon-series-iteration-v-la-decision","status":"publish","type":"product","link":"https:\/\/whisky.ad\/fr\/produit\/bladnoch-single-malt-dragon-series-iteration-v-la-decision\/","title":{"rendered":"Bladnoch Single Malt Dragon Series It\u00e9ration V &#8220;La D\u00e9cision&#8221;"},"content":{"rendered":"","protected":false},"excerpt":{"rendered":"<p><strong>Bladnoch Single Malt Dragon Series It\u00e9ration V &#8220;La D\u00e9cision&#8221; 53,1% 0,7l.<\/strong><\/p>\n<p>Vendue dans un set de 5 it\u00e9rations diff\u00e9rentes.<\/p>\n<p>Bladnoch est la plus ancienne distillerie priv\u00e9e de whisky \u00e9cossais au monde, dont l&#8217;h\u00e9ritage se perp\u00e9tue sans interruption depuis 1817. Le riche h\u00e9ritage de Bladnoch remonte \u00e0 John et Thomas McClelland, qui ont obtenu la licence de distiller du whisky dans leur ferme de Bladnoch, dans les Lowlands \u00e9cossaises. Pendant pr\u00e8s d&#8217;un si\u00e8cle, les g\u00e9n\u00e9rations successives de McClelland ont entretenu et modernis\u00e9 la distillerie. \u00c0 son apog\u00e9e, le site comptait six washbacks et une production annuelle d&#8217;environ 230 000 litres d&#8217;alcool, consolidant ainsi sa stature de &#8220;Reine des Lowlands&#8221;. <strong>NICK SAVAGE<\/strong> <em>THE MASTER DISTILLER<\/em> Le Dr Nick Savage a pris ses fonctions de ma\u00eetre distillateur \u00e0 la distillerie Bladnoch en 2019, arrivant de The Macallan avec un bagage impressionnant. Ayant pass\u00e9 quatre ans en Australie pour effectuer son doctorat, Nick conserve un lien profond avec les racines \u00e9cossaises et australiennes de Bladnoch Distillery. Tout au long de sa carri\u00e8re, la qu\u00eate incessante de la perfection de Nick l&#8217;a positionn\u00e9 comme une sommit\u00e9 du secteur, garantissant l&#8217;excellence continue des Single Malts de Bladnoch. &#8220;L&#8217;engagement in\u00e9branlable de l&#8217;\u00e9quipe de Bladnoch en faveur d&#8217;une qualit\u00e9 in\u00e9gal\u00e9e me rend incroyablement enthousiaste \u00e0 l&#8217;id\u00e9e de contribuer \u00e0 l&#8217;avenir extraordinaire de la distillerie Bladnoch&#8221;.<\/p>\n<div class=\"flex flex-grow flex-col max-w-full gap-3 gizmo:gap-0\">\n<div class=\"min-h-[20px] text-message flex flex-col items-start gap-3 whitespace-pre-wrap break-words [.text-message+&amp;]:mt-5 overflow-x-auto\" data-message-author-role=\"assistant\" data-message-id=\"59f022bc-a9bd-4bac-9917-7a9fca41e103\">\n<div class=\"markdown prose w-full break-words dark:prose-invert dark\">\n<p>La s\u00e9rie Dragon \u00e9tablit des parall\u00e8les avec la nature complexe de la production de whisky, d\u00e9voilant la grande variabilit\u00e9 inh\u00e9rente au processus \u2013 une tapisserie apparente de chaos et d&#8217;impr\u00e9visibilit\u00e9. Cependant, en exploitant les comp\u00e9tences, les connaissances et l&#8217;expertise des artisans d&#8217;aujourd&#8217;hui, ainsi que l&#8217;h\u00e9ritage transmis de g\u00e9n\u00e9ration en g\u00e9n\u00e9ration, nous garantissons que chaque it\u00e9ration en or aboutit \u00e0 un whisky magnifiquement con\u00e7u. <\/p>\n<hr>\n<p>L&#8217;it\u00e9ration V d\u00e9place l&#8217;attention vers le c\u0153ur de la cr\u00e9ation du whisky, la salle d&#8217;\u00e9chantillons, o\u00f9 se d\u00e9roulent les d\u00e9cisions critiques qui fa\u00e7onnent nos produits finaux. Ici, chaque \u00e9l\u00e9ment de variabilit\u00e9 et d&#8217;impr\u00e9visibilit\u00e9 est m\u00e9ticuleusement pes\u00e9, pr\u00e9servant les int\u00e9r\u00eats de demain tout en harmonisant les exigences d&#8217;aujourd&#8217;hui pour une exp\u00e9rience coh\u00e9rente et durable pour tous. Ces derni\u00e8res \u00e9tapes r\u00e9sument la complexit\u00e9 rencontr\u00e9e jusqu&#8217;\u00e0 pr\u00e9sent, en la simplifiant avec des opportunit\u00e9s innovantes et la capacit\u00e9 de g\u00e9rer des stocks \u00e0 maturit\u00e9 flexible. L\u2019objectif reste de garantir que les fluctuations et l\u2019impr\u00e9visibilit\u00e9 rencontr\u00e9es jusqu\u2019\u00e0 pr\u00e9sent dans la courbe du processus passent inaper\u00e7ues lorsque les bonnes d\u00e9cisions sont prises.   <\/p>\n<p><strong>NOTES DE D\u00c9GUSTATION<\/strong><\/p>\n<ul>\n<li>Raisins \u00e9cras\u00e9s, cr\u00e8me au caf\u00e9, abricots<\/li>\n<\/ul>\n<p><strong>NEZ<\/strong><\/p>\n<ul>\n<li>Des ar\u00f4mes rappelant les raisins rouges \u00e9cras\u00e9s m\u00eal\u00e9s \u00e0 des cr\u00e8mes de caf\u00e9<\/li>\n<\/ul>\n<p><strong>PALAIS<\/strong><\/p>\n<ul>\n<li>R\u00e9v\u00e8le des saveurs de cr\u00e8me au caf\u00e9 aux c\u00f4t\u00e9s d&#8217;abricots, compl\u00e9t\u00e9es par une pointe de muscade<\/li>\n<\/ul>\n<p><strong>Acabado<\/strong><\/p>\n<ul>\n<li>Une conclusion \u00e9paisse et durable<\/li>\n<\/ul>\n<p>Strength: 53.1% ABV Cask types: Hungarian Tokaji wine casks, Spanish Canasta Sherry Casks<\/p>\n<\/div>\n<\/div>\n<\/div>\n<div class=\"flex justify-between empty:hidden gizmo:mt-1 gizmo:justify-start gizmo:gap-3 lg:block gizmo:lg:flex\">\n<div class=\"text-gray-400 flex self-end lg:self-center justify-center gizmo:lg:justify-start mt-2 gizmo:mt-0 visible gap-1\"><\/div>\n<\/div>\n","protected":false},"featured_media":77782,"comment_status":"open","ping_status":"closed","template":"","meta":{"_acf_changed":false},"product_brand":[],"product_cat":[318,629,317],"product_tag":[],"class_list":{"0":"post-77792","1":"product","2":"type-product","3":"status-publish","4":"has-post-thumbnail","6":"product_cat-bladnoch-fr","7":"product_cat-lowland-fr","8":"product_cat-ecosse","10":"first","11":"instock","12":"purchasable","13":"product-type-simple"},"acf":[],"aioseo_notices":[],"jetpack_sharing_enabled":true,"_links":{"self":[{"href":"https:\/\/whisky.ad\/fr\/wp-json\/wp\/v2\/product\/77792","targetHints":{"allow":["GET"]}}],"collection":[{"href":"https:\/\/whisky.ad\/fr\/wp-json\/wp\/v2\/product"}],"about":[{"href":"https:\/\/whisky.ad\/fr\/wp-json\/wp\/v2\/types\/product"}],"replies":[{"embeddable":true,"href":"https:\/\/whisky.ad\/fr\/wp-json\/wp\/v2\/comments?post=77792"}],"wp:featuredmedia":[{"embeddable":true,"href":"https:\/\/whisky.ad\/fr\/wp-json\/wp\/v2\/media\/77782"}],"wp:attachment":[{"href":"https:\/\/whisky.ad\/fr\/wp-json\/wp\/v2\/media?parent=77792"}],"wp:term":[{"taxonomy":"product_brand","embeddable":true,"href":"https:\/\/whisky.ad\/fr\/wp-json\/wp\/v2\/product_brand?post=77792"},{"taxonomy":"product_cat","embeddable":true,"href":"https:\/\/whisky.ad\/fr\/wp-json\/wp\/v2\/product_cat?post=77792"},{"taxonomy":"product_tag","embeddable":true,"href":"https:\/\/whisky.ad\/fr\/wp-json\/wp\/v2\/product_tag?post=77792"}],"curies":[{"name":"wp","href":"https:\/\/api.w.org\/{rel}","templated":true}]}}