{"id":81092,"date":"2025-01-15T15:15:58","date_gmt":"2025-01-15T14:15:58","guid":{"rendered":"https:\/\/whisky.ad\/programme-de-fidelite\/"},"modified":"2025-01-15T19:12:08","modified_gmt":"2025-01-15T18:12:08","slug":"programme-de-fidelite","status":"publish","type":"page","link":"https:\/\/whisky.ad\/fr\/programme-de-fidelite\/","title":{"rendered":"PROGRAMME-DE-FID\u00c9LIT\u00c9"},"content":{"rendered":"[vc_row full_width=&#8221;stretch_row_content_no_spaces&#8221; content_placement=&#8221;middle&#8221; type=&#8221;full_page_width&#8221; padding_top=&#8221;&#8221; padding_bottom=&#8221;&#8221;][vc_column][layerslider_vc id=&#8221;5&#8243;][\/vc_column][\/vc_row][vc_row type=&#8221;container&#8221; padding_top=&#8221;&#8221; padding_bottom=&#8221;&#8221;][vc_column width=&#8221;2\/3&#8243;][vc_custom_heading text=&#8221;PROGRAMME DE FID\u00c9LIT\u00c9&#8221; font_container=&#8221;tag:h2|font_size:30|text_align:center|color:%23000000&#8243;][\/vc_column][vc_column width=&#8221;1\/3&#8243;][vc_btn title=&#8221;Postulez ici, c&apos;est gratuit !&#8221; color=&#8221;orange&#8221; size=&#8221;lg&#8221; link=&#8221;url:https%3A%2F%2Fwhisky.ad%2Fapply-for-our-loyalty-program%2F|title:Postulez%20pour%20notre%20programme%20de%20fid%C3%A9lit%C3%A9|&#8221;][\/vc_column][\/vc_row][vc_row type=&#8221;container&#8221; padding_top=&#8221;&#8221; padding_bottom=&#8221;&#8221;][vc_column][vc_column_text]<strong>Programme de Fid\u00e9lit\u00e9 Luxury Spirits &amp; Luxury Watches Andorre<\/strong><\/p>\n<p><strong>Rejoignez-nous d\u00e8s maintenant<\/strong> : Inscrivez-vous \u00e0 notre programme de fid\u00e9lit\u00e9 et vous recevrez un cadeau de bienvenue dans notre magasin. Vous commencerez \u00e0 accumuler des points d\u00e8s votre premier achat.<\/p>\n<p><strong>Syst\u00e8me de points<\/strong> : Gagnez des points pour chaque euro d\u00e9pens\u00e9 (hors taxes). Les points peuvent \u00eatre \u00e9chang\u00e9s contre des r\u00e9ductions, des produits gratuits ou des offres exclusives.<\/p>\n<p><strong>Niveaux d&#8217;adh\u00e9sion<\/strong> :<\/p>\n<p><span style=\"color: #993300;\"><strong>MEMBRE BRONZE<\/strong> <\/span>: Gagnez 0,5 point par euro d\u00e9pens\u00e9<\/p>\n<p><span style=\"color: #808080;\"><strong>MEMBRE ARGENT<\/strong> <\/span>: Gagnez 1 point par euro d\u00e9pens\u00e9 au-del\u00e0 de 500 \u20ac par an.<\/p>\n<p><span style=\"color: #ffcc00;\"><strong>MEMBRE OR<\/strong> <\/span>: Gagnez 1,5 point par euro d\u00e9pens\u00e9 au-del\u00e0 de 1000 \u20ac par an.<\/p>\n<p><span style=\"color: #999999;\"><strong>MEMBRE PLATINE<\/strong><\/span> : Gagnez 2 points par euro d\u00e9pens\u00e9 au-del\u00e0 de 2 000 \u20ac par an.<\/p>\n<p><strong>Amenez ou recommandez vos amis\/coll\u00e8gues<\/strong> :<\/p>\n<p>Gagnez 200 points*\u00b9 pour chaque nouveau client que vous amenez.<\/p>\n<p><strong>Avantages Exclusifs<\/strong> :<\/p>\n<p><strong>Membres Or et Platine<\/strong> :<\/p>\n<ul>\n<li>Acc\u00e8s \u00e0 des \u00e9v\u00e9nements r\u00e9serv\u00e9s aux membres, tels que des d\u00e9gustations de vin\/whisky et des cours de mixologie.<\/li>\n<li>Acc\u00e8s anticip\u00e9 aux nouveaut\u00e9s et aux produits en \u00e9dition limit\u00e9e.<\/li>\n<li>Recommandations personnalis\u00e9es bas\u00e9es sur votre historique d&#8217;achats.<\/li>\n<\/ul>\n<p><strong>Membres Platine<\/strong> :<\/p>\n<ul>\n<li>Acc\u00e8s gratuit \u00e0 notre bar ouvert pour 2 personnes<\/li>\n<li>Invitation VIP pour des visites de distillerie et des \u00e9v\u00e9nements exclusifs (hors frais de transport et d&#8217;h\u00f4tel).<\/li>\n<\/ul>\n<p><strong>\u00c9change<\/strong> : Les points peuvent \u00eatre \u00e9chang\u00e9s en ligne ou en magasin. Pour l&#8217;\u00e9change, pr\u00e9sentez votre carte de membre.<\/p>\n<p><strong>\u00c9change sur notre offre principale<\/strong>, qui comprend la plupart de nos produits (sauf liste 1 et articles en \u00e9dition limit\u00e9e ou de collection) :<\/p>\n<ul>\n<li>100 points = 3 \u20ac de r\u00e9duction sur votre prochain achat ou un cadeau surprise.<\/li>\n<li>200 points = 6 \u20ac de r\u00e9duction sur votre prochain achat.<\/li>\n<li>500 points = 15 \u20ac de r\u00e9duction sur votre prochain achat.<\/li>\n<\/ul>\n<p><strong>\u00c9change sur notre offre comp\u00e9titive<\/strong> (qui comprend la liste 1 et les articles en \u00e9dition limit\u00e9e ou de collection) :<\/p>\n<ul>\n<li>100 points = 2 \u20ac de r\u00e9duction sur votre prochain achat.<\/li>\n<li>200 points = 4 \u20ac de r\u00e9duction sur votre prochain achat.<\/li>\n<li>500 points = 10 \u20ac de r\u00e9duction sur votre prochain achat.<\/li>\n<\/ul>\n<p><strong>Expiration<\/strong> : Les points expirent s&#8217;ils ne sont pas utilis\u00e9s dans les 12 mois. Les comptes deviennent inactifs en l&#8217;absence d&#8217;activit\u00e9 pendant 12 mois cons\u00e9cutifs.<\/p>\n<p><strong>Confidentialit\u00e9<\/strong> : Vos informations personnelles sont gard\u00e9es confidentielles et utilis\u00e9es uniquement pour le programme de fid\u00e9lit\u00e9. Nous ne partageons pas vos donn\u00e9es avec des tiers sans votre consentement.<\/p>\n<p><strong>Termes et conditions<\/strong> : Nous nous r\u00e9servons le droit de modifier les termes du programme, de suspendre les comptes en cas de violations ou d&#8217;annuler les adh\u00e9sions sous certaines conditions.<\/p>\n<p>*\u00b9 Si le nouveau client effectue des achats de 50 \u20ac ou plus dans l&#8217;ann\u00e9e.<\/p>\n<p><strong>Liste 1<\/strong> :<\/p>\n<ul>\n<li>J W Double Black<\/li>\n<li>J W Gold Label<\/li>\n<li>Macallan 12<\/li>\n<li>Macallan Rare<\/li>\n<li>Macallan 15 Doub Cask<\/li>\n<li>Macallan 18<\/li>\n<li>Highland Park 18<\/li>\n<li>Tomatin 14<\/li>\n<li>Tomatin 18<\/li>\n<li>Kavalan distillery select no2<\/li>\n<li>Kavalan single malt whisky<\/li>\n<li>Cardhu 18<\/li>\n<li>Redbreast 15<\/li>\n<li>Knappogue Castle 12 Marsala<\/li>\n<li>Bushmills 10<\/li>\n<li>Bushmills 16<\/li>\n<li>Bushmills 21<\/li>\n<li>Green Spot<\/li>\n<li>Yellow Spot 12<\/li>\n<li>Hennessy XO<\/li>\n<li>Tequila 1800 anejo<\/li>\n<li>Jack Daniels single barrel<\/li>\n<li>Veuve Clicquot Ros\u00e9<\/li>\n<li>Deutz Brut Classic<\/li>\n<li>Barcelo Imperial onyx<\/li>\n<li>Cubaney 25<\/li>\n<li>Diplomatico Reserva Exclusiva<\/li>\n<li>El Dorado 8 YO<\/li>\n<li>Olivers Esquisito 1985<\/li>\n<li>Mount Gay XO triple cask<\/li>\n<li>Zacapa 23<\/li>\n<li>Zacapa Edition Negra<\/li>\n<li>Zacapa XO<\/li>\n<li>Don Papa Mascara<\/li>\n<\/ul>\n<p><strong>Et mis \u00e0 jour au fil du temps<\/strong>[\/vc_column_text][\/vc_column][\/vc_row]\n","protected":false},"excerpt":{"rendered":"<p>[vc_row full_width=&#8221;stretch_row_content_no_spaces&#8221; content_placement=&#8221;middle&#8221; type=&#8221;full_page_width&#8221; padding_top=&#8221;&#8221; padding_bottom=&#8221;&#8221;][vc_column][layerslider_vc id=&#8221;5&#8243;][\/vc_column][\/vc_row][vc_row type=&#8221;container&#8221; padding_top=&#8221;&#8221; padding_bottom=&#8221;&#8221;][vc_column width=&#8221;2\/3&#8243;][vc_custom_heading text=&#8221;PROGRAMME DE FID\u00c9LIT\u00c9&#8221; font_container=&#8221;tag:h2|font_size:30|text_align:center|color:%23000000&#8243;][\/vc_column][vc_column width=&#8221;1\/3&#8243;][vc_btn title=&#8221;Postulez ici, c&apos;est gratuit !&#8221; color=&#8221;orange&#8221; size=&#8221;lg&#8221; link=&#8221;url:https%3A%2F%2Fwhisky.ad%2Fapply-for-our-loyalty-program%2F|title:Postulez%20pour%20notre%20programme%20de%20fid%C3%A9lit%C3%A9|&#8221;][\/vc_column][\/vc_row][vc_row type=&#8221;container&#8221; padding_top=&#8221;&#8221; padding_bottom=&#8221;&#8221;][vc_column][vc_column_text]Programme de Fid\u00e9lit\u00e9 Luxury Spirits &amp; Luxury Watches Andorre Rejoignez-nous d\u00e8s maintenant : Inscrivez-vous \u00e0 notre programme de fid\u00e9lit\u00e9 et vous recevrez un cadeau de bienvenue dans notre magasin. [&hellip;]<\/p>\n","protected":false},"author":1,"featured_media":0,"parent":0,"menu_order":0,"comment_status":"closed","ping_status":"closed","template":"page-full-width.php","meta":{"_acf_changed":false,"footnotes":""},"class_list":["post-81092","page","type-page","status-publish","hentry"],"acf":[],"aioseo_notices":[],"jetpack_sharing_enabled":true,"jetpack_shortlink":"https:\/\/wp.me\/PemYjf-l5W","_links":{"self":[{"href":"https:\/\/whisky.ad\/fr\/wp-json\/wp\/v2\/pages\/81092","targetHints":{"allow":["GET"]}}],"collection":[{"href":"https:\/\/whisky.ad\/fr\/wp-json\/wp\/v2\/pages"}],"about":[{"href":"https:\/\/whisky.ad\/fr\/wp-json\/wp\/v2\/types\/page"}],"author":[{"embeddable":true,"href":"https:\/\/whisky.ad\/fr\/wp-json\/wp\/v2\/users\/1"}],"replies":[{"embeddable":true,"href":"https:\/\/whisky.ad\/fr\/wp-json\/wp\/v2\/comments?post=81092"}],"version-history":[{"count":5,"href":"https:\/\/whisky.ad\/fr\/wp-json\/wp\/v2\/pages\/81092\/revisions"}],"predecessor-version":[{"id":81101,"href":"https:\/\/whisky.ad\/fr\/wp-json\/wp\/v2\/pages\/81092\/revisions\/81101"}],"wp:attachment":[{"href":"https:\/\/whisky.ad\/fr\/wp-json\/wp\/v2\/media?parent=81092"}],"curies":[{"name":"wp","href":"https:\/\/api.w.org\/{rel}","templated":true}]}}