{"id":80012,"date":"2023-09-08T16:11:27","date_gmt":"2023-09-08T15:11:27","guid":{"rendered":"https:\/\/whisky.ad\/tasting-event-2023-10-23\/"},"modified":"2024-01-05T16:47:30","modified_gmt":"2024-01-05T15:47:30","slug":"tasting-event-2023-10-23","status":"publish","type":"page","link":"https:\/\/whisky.ad\/fr\/tasting-event-2023-10-23\/","title":{"rendered":"Tasting Event 2023-10-23"},"content":{"rendered":"[vc_row full_width=&#8221;stretch_row_content&#8221; type=&#8221;full_page_width&#8221; padding_top=&#8221;&#8221; padding_bottom=&#8221;&#8221;][vc_column][layerslider_vc id=&#8221;5&#8243;][\/vc_column][\/vc_row][vc_row type=&#8221;container&#8221; padding_top=&#8221;&#8221; padding_bottom=&#8221;&#8221;][vc_column][vc_column_text]\n<h3 style=\"text-align: center;\">Tasting Event Form 2023-10-23<\/h3>\n[\/vc_column_text][\/vc_column][\/vc_row][vc_row type=&#8221;container&#8221; padding_top=&#8221;&#8221; padding_bottom=&#8221;&#8221;][vc_column width=&#8221;1\/3&#8243;][\/vc_column][vc_column width=&#8221;1\/3&#8243;][vc_column_text]\n<div class=\"wpcf7 no-js\" id=\"wpcf7-f80049-o1\" lang=\"fr-FR\" dir=\"ltr\" data-wpcf7-id=\"80049\">\n<div class=\"screen-reader-response\"><p role=\"status\" aria-live=\"polite\" aria-atomic=\"true\"><\/p> <ul><\/ul><\/div>\n<form action=\"\/fr\/wp-json\/wp\/v2\/pages\/80012#wpcf7-f80049-o1\" method=\"post\" class=\"wpcf7-form init\" aria-label=\"Formulaire de contact\" novalidate=\"novalidate\" data-status=\"init\">\n<div style=\"display: none;\">\n<input type=\"hidden\" name=\"_wpcf7\" value=\"80049\" \/>\n<input type=\"hidden\" name=\"_wpcf7_version\" value=\"6.0.6\" \/>\n<input type=\"hidden\" name=\"_wpcf7_locale\" value=\"fr_FR\" \/>\n<input type=\"hidden\" name=\"_wpcf7_unit_tag\" value=\"wpcf7-f80049-o1\" \/>\n<input type=\"hidden\" name=\"_wpcf7_container_post\" value=\"0\" \/>\n<input type=\"hidden\" name=\"_wpcf7_posted_data_hash\" value=\"\" \/>\n<\/div>\n<p>Votre nom complet\n<\/p>\n<p><span class=\"wpcf7-form-control-wrap\" data-name=\"Your-Full-Name\"><input size=\"40\" maxlength=\"400\" class=\"wpcf7-form-control wpcf7-text wpcf7-validates-as-required\" aria-required=\"true\" aria-invalid=\"false\" value=\"\" type=\"text\" name=\"Your-Full-Name\" \/><\/span>\n<\/p>\n<p>ENTREPRISE\n<\/p>\n<p><span class=\"wpcf7-form-control-wrap\" data-name=\"Company\"><input size=\"40\" maxlength=\"400\" class=\"wpcf7-form-control wpcf7-text\" aria-invalid=\"false\" value=\"\" type=\"text\" name=\"Company\" \/><\/span>\n<\/p>\n<p>T\u00e9l\u00e9phone\n<\/p>\n<p><span class=\"wpcf7-form-control-wrap\" data-name=\"tel-785\"><input size=\"40\" maxlength=\"400\" class=\"wpcf7-form-control wpcf7-tel wpcf7-validates-as-required wpcf7-text wpcf7-validates-as-tel\" aria-required=\"true\" aria-invalid=\"false\" value=\"\" type=\"tel\" name=\"tel-785\" \/><\/span>\n<\/p>\n<p>E-mail\n<\/p>\n<p><span class=\"wpcf7-form-control-wrap\" data-name=\"Your-Email\"><input size=\"40\" maxlength=\"400\" class=\"wpcf7-form-control wpcf7-email wpcf7-validates-as-required wpcf7-text wpcf7-validates-as-email\" aria-required=\"true\" aria-invalid=\"false\" placeholder=\"\" value=\"\" type=\"email\" name=\"Your-Email\" \/><\/span>\n<\/p>\n<p>Adresse\n<\/p>\n<p><span class=\"wpcf7-form-control-wrap\" data-name=\"Your-Adress\"><input size=\"40\" maxlength=\"400\" class=\"wpcf7-form-control wpcf7-text wpcf7-validates-as-required\" aria-required=\"true\" aria-invalid=\"false\" value=\"\" type=\"text\" name=\"Your-Adress\" \/><\/span>\n<\/p>\n<p>Je voudrais\n<\/p>\n<p><span class=\"wpcf7-form-control-wrap\" data-name=\"menu-701\"><select class=\"wpcf7-form-control wpcf7-select\" aria-invalid=\"false\" name=\"menu-701\"><option value=\"Attend to the Tasting Event 2023-10-23\">Attend to the Tasting Event 2023-10-23<\/option><\/select><\/span>\n<\/p>\n<p>D\u00e9tails\n<\/p>\n<p><span class=\"wpcf7-form-control-wrap\" data-name=\"textarea-17\"><textarea cols=\"40\" rows=\"10\" maxlength=\"2000\" class=\"wpcf7-form-control wpcf7-textarea\" aria-invalid=\"false\" name=\"textarea-17\"><\/textarea><\/span><br \/>\n<span class=\"wpcf7-form-control-wrap\" data-name=\"quiz-444\"><label><span class=\"wpcf7-quiz-label\">3+4?<\/span> <input size=\"40\" class=\"wpcf7-form-control wpcf7-quiz\" autocomplete=\"off\" aria-required=\"true\" aria-invalid=\"false\" type=\"text\" name=\"quiz-444\" \/><\/label><input type=\"hidden\" name=\"_wpcf7_quiz_answer_quiz-444\" value=\"be33b4797848732056af59ec3757ff48\" \/><\/span><br \/>\n<span class=\"wpcf7-form-control-wrap\" data-name=\"acceptance-853\"><span class=\"wpcf7-form-control wpcf7-acceptance\"><span class=\"wpcf7-list-item\"><label><input type=\"checkbox\" name=\"acceptance-853\" value=\"1\" aria-invalid=\"false\" \/><span class=\"wpcf7-list-item-label\">Vos donn\u00e9es personnelles sont utilis\u00e9es conform\u00e9ment \u00e0 notre politique de confidentialit\u00e9 stricte<\/span><\/label><\/span><\/span><\/span><br \/>\n<input class=\"wpcf7-form-control wpcf7-submit has-spinner\" type=\"submit\" value=\"Submit\" \/>\n<\/p><p style=\"display: none !important;\" class=\"akismet-fields-container\" data-prefix=\"_wpcf7_ak_\"><label>&#916;<textarea name=\"_wpcf7_ak_hp_textarea\" cols=\"45\" rows=\"8\" maxlength=\"100\"><\/textarea><\/label><input type=\"hidden\" id=\"ak_js_1\" name=\"_wpcf7_ak_js\" value=\"52\"\/><script>document.getElementById( \"ak_js_1\" ).setAttribute( \"value\", ( new Date() ).getTime() );<\/script><\/p><div class=\"wpcf7-response-output\" aria-hidden=\"true\"><\/div>\n<\/form>\n<\/div>\n[\/vc_column_text][\/vc_column][vc_column width=&#8221;1\/3&#8243;][\/vc_column][\/vc_row][vc_row type=&#8221;container&#8221; padding_top=&#8221;&#8221; padding_bottom=&#8221;&#8221;][vc_column css=&#8221;.vc_custom_1694186979156{margin-top: px !important;}&#8221;][vc_column_text]\n<p style=\"text-align: center;\"><a href=\"https:\/\/whisky.ad\/site\/legal\/\"><strong>Privacy Policy<\/strong><\/a><\/p>\n[\/vc_column_text][\/vc_column][\/vc_row]\n","protected":false},"excerpt":{"rendered":"<p>[vc_row full_width=&#8221;stretch_row_content&#8221; type=&#8221;full_page_width&#8221; padding_top=&#8221;&#8221; padding_bottom=&#8221;&#8221;][vc_column][layerslider_vc id=&#8221;5&#8243;][\/vc_column][\/vc_row][vc_row type=&#8221;container&#8221; padding_top=&#8221;&#8221; padding_bottom=&#8221;&#8221;][vc_column][vc_column_text] Tasting Event Form 2023-10-23 [\/vc_column_text][\/vc_column][\/vc_row][vc_row type=&#8221;container&#8221; padding_top=&#8221;&#8221; padding_bottom=&#8221;&#8221;][vc_column width=&#8221;1\/3&#8243;][\/vc_column][vc_column width=&#8221;1\/3&#8243;][vc_column_text][\/vc_column_text][\/vc_column][vc_column width=&#8221;1\/3&#8243;][\/vc_column][\/vc_row][vc_row type=&#8221;container&#8221; padding_top=&#8221;&#8221; padding_bottom=&#8221;&#8221;][vc_column css=&#8221;.vc_custom_1694186979156{margin-top: px !important;}&#8221;][vc_column_text] Privacy Policy [\/vc_column_text][\/vc_column][\/vc_row]<\/p>\n","protected":false},"author":1,"featured_media":0,"parent":0,"menu_order":0,"comment_status":"closed","ping_status":"closed","template":"page-full-width.php","meta":{"_acf_changed":false,"footnotes":""},"class_list":["post-80012","page","type-page","status-publish","hentry"],"acf":[],"aioseo_notices":[],"jetpack_sharing_enabled":true,"jetpack_shortlink":"https:\/\/wp.me\/PemYjf-kOw","_links":{"self":[{"href":"https:\/\/whisky.ad\/fr\/wp-json\/wp\/v2\/pages\/80012","targetHints":{"allow":["GET"]}}],"collection":[{"href":"https:\/\/whisky.ad\/fr\/wp-json\/wp\/v2\/pages"}],"about":[{"href":"https:\/\/whisky.ad\/fr\/wp-json\/wp\/v2\/types\/page"}],"author":[{"embeddable":true,"href":"https:\/\/whisky.ad\/fr\/wp-json\/wp\/v2\/users\/1"}],"replies":[{"embeddable":true,"href":"https:\/\/whisky.ad\/fr\/wp-json\/wp\/v2\/comments?post=80012"}],"version-history":[{"count":1,"href":"https:\/\/whisky.ad\/fr\/wp-json\/wp\/v2\/pages\/80012\/revisions"}],"predecessor-version":[{"id":80029,"href":"https:\/\/whisky.ad\/fr\/wp-json\/wp\/v2\/pages\/80012\/revisions\/80029"}],"wp:attachment":[{"href":"https:\/\/whisky.ad\/fr\/wp-json\/wp\/v2\/media?parent=80012"}],"curies":[{"name":"wp","href":"https:\/\/api.w.org\/{rel}","templated":true}]}}