{"id":79615,"date":"2019-10-13T17:36:06","date_gmt":"2019-10-13T16:36:06","guid":{"rendered":"https:\/\/whisky.ad\/gin\/"},"modified":"2023-12-18T16:41:17","modified_gmt":"2023-12-18T15:41:17","slug":"gin","status":"publish","type":"page","link":"https:\/\/whisky.ad\/fr\/gin\/","title":{"rendered":"GIN"},"content":{"rendered":"[vc_row type=&#8221;full_page_width&#8221; padding_top=&#8221;&#8221; padding_bottom=&#8221;&#8221;][vc_column][layerslider_vc id=&#8221;10&#8243;][\/vc_column][\/vc_row][vc_row type=&#8221;container&#8221; padding_top=&#8221;&#8221; padding_bottom=&#8221;&#8221;][vc_column][vc_column_text]<strong>De quoi est fait le gin?<br \/>\n<\/strong><br \/>\nAujourd&#8217;hui, nous r\u00e9pondrons \u00e0 la question de savoir de quoi est fait le gin et comment il est fabriqu\u00e9 De quoi est fait le gin? La d\u00e9finition du gin : La d\u00e9finition g\u00e9n\u00e9rale du gin est tout spiritueux \u00e0 base neutre dont le botaniste principal est le gen\u00e9vrier et qui doit maintenir un taux d&#8217;alcool par volume (ABV) minimum d\u00e9fini L&#8217;UE a &#8220;d\u00e9fini&#8221; pr\u00e9cis\u00e9ment ce qu&#8217;est le &#8220;London Dry Gin&#8221;, quel type de r\u00e9sidu s&#8217;en d\u00e9gage En voici un aper\u00e7u. L&#8217;ar\u00f4me botanique principal doit \u00eatre celui des baies de geni\u00e8vre Il doit utiliser un alcool de base neutre (\u00e9thanol d&#8217;origine agricole) distill\u00e9 \u00e0 l&#8217;origine \u00e0 plus de 96 % d&#8217;ABV puis redistill\u00e9 \u00e0 au moins 70 % d&#8217;ABV Il ne peut \u00eatre dilu\u00e9 qu&#8217;\u00e0 une intensit\u00e9 minimale de 37,5 % dans l&#8217;UE (40 % aux \u00c9tats-Unis) apr\u00e8s la distillation Aucun ingr\u00e9dient artificiel Aucun ar\u00f4me ou couleur suppl\u00e9mentaire ne peut \u00eatre ajout\u00e9 apr\u00e8s la distillation<\/p>\n<p><strong>Quelle est la diff\u00e9rence entre le gin et la vodka ?<\/strong><\/p>\n<p>Le gin est un alcool \u00e0 base neutre comme la vodka, mais la similitude s&#8217;arr\u00eate l\u00e0 Gin a ensuite ajout\u00e9 un certain nombre de &#8220;substances botaniques&#8221; (d\u00e9crites dans la section pr\u00e9c\u00e9dente) et l&#8217;une de ces substances doit \u00eatre le geni\u00e8vre. Je suppose que c&#8217;est la raison pour laquelle vous avez probablement vu de la vodka \u00e0 la fraise, de la vodka \u00e0 la cerise, de la vodka au citron, mais jamais de la vodka au geni\u00e8vre Cependant, un peu de recherche sur Google vous permettra de d\u00e9couvrir qu&#8217;un certain Alec intelligent a &#8220;invent\u00e9&#8221; la vodka au geni\u00e8vre, m\u00eame si l&#8217;\u00e9tiquette indique toujours que le gin couvre tous les angles du marketing. Il s&#8217;agit essentiellement d&#8217;un gin (ou d&#8217;une vodka) qui ne contient aucune autre plante que le geni\u00e8vre.<\/p>\n[\/vc_column_text][\/vc_column][\/vc_row][vc_row type=&#8221;full_page_width_inner_container&#8221; padding_top=&#8221;&#8221; padding_bottom=&#8221;&#8221;][vc_column]<div class=\"woocommerce columns-3 \"><ul class=\"products columns-3\">\n<li class=\"product type-product post-80757 status-publish first instock product_cat-gin-fr has-post-thumbnail taxable shipping-taxable purchasable product-type-simple\">\n\t<a href=\"https:\/\/whisky.ad\/fr\/produit\/ben-lomond-gin-ecossais-a-lorange-sanguine-et-au-pamplemousse-rose-0-7l-38\/\" class=\"woocommerce-LoopProduct-link woocommerce-loop-product__link\"><img loading=\"lazy\" decoding=\"async\" width=\"300\" height=\"300\" src=\"https:\/\/whisky.ad\/wp-content\/uploads\/2024\/09\/blood-orange-pink-grapefruit-gin-490199_800x-300x300.webp\" class=\"attachment-woocommerce_thumbnail size-woocommerce_thumbnail\" alt=\"Ben Lomond Gin \u00e9cossais \u00e0 l&#039;orange sanguine et au pamplemousse rose 0.7l 38%\" srcset=\"https:\/\/whisky.ad\/wp-content\/uploads\/2024\/09\/blood-orange-pink-grapefruit-gin-490199_800x-300x300.webp 300w, https:\/\/whisky.ad\/wp-content\/uploads\/2024\/09\/blood-orange-pink-grapefruit-gin-490199_800x-500x500.webp 500w, https:\/\/whisky.ad\/wp-content\/uploads\/2024\/09\/blood-orange-pink-grapefruit-gin-490199_800x-100x100.webp 100w, https:\/\/whisky.ad\/wp-content\/uploads\/2024\/09\/blood-orange-pink-grapefruit-gin-490199_800x-150x150.webp 150w, https:\/\/whisky.ad\/wp-content\/uploads\/2024\/09\/blood-orange-pink-grapefruit-gin-490199_800x-768x768.webp 768w, https:\/\/whisky.ad\/wp-content\/uploads\/2024\/09\/blood-orange-pink-grapefruit-gin-490199_800x-1024x1024.webp 1024w\" sizes=\"auto, (max-width: 300px) 100vw, 300px\" \/><h2 class=\"woocommerce-loop-product__title\">Ben Lomond Gin \u00e9cossais \u00e0 l&#8217;orange sanguine et au pamplemousse rose 0.7l 38%<\/h2>\n\t<span class=\"price\"><span class=\"woocommerce-Price-amount amount\"><bdi><span class=\"woocommerce-Price-currencySymbol\">&euro;<\/span>26.95<\/bdi><\/span><\/span>\n<\/a><a href=\"\/fr\/wp-json\/wp\/v2\/pages\/79615?add-to-cart=80757\" aria-describedby=\"woocommerce_loop_add_to_cart_link_describedby_80757\" data-quantity=\"1\" class=\"button product_type_simple add_to_cart_button ajax_add_to_cart\" data-product_id=\"80757\" data-product_sku=\"\" aria-label=\"Ajouter au panier\u00a0: &ldquo;Ben Lomond Gin \u00e9cossais \u00e0 l&#039;orange sanguine et au pamplemousse rose 0.7l 38%&rdquo;\" rel=\"nofollow\" data-success_message=\"\u00ab\u00a0Ben Lomond Gin \u00e9cossais \u00e0 l&#039;orange sanguine et au pamplemousse rose 0.7l 38%\u00a0\u00bb a \u00e9t\u00e9 ajout\u00e9 \u00e0 votre panier\" title=\"Minimum qty is 1\">Ajouter au panier<\/a>\t<span id=\"woocommerce_loop_add_to_cart_link_describedby_80757\" class=\"screen-reader-text\">\n\t\t\t<\/span>\n<\/li>\n<li class=\"product type-product post-80754 status-publish instock product_cat-gin-fr has-post-thumbnail taxable shipping-taxable purchasable product-type-simple\">\n\t<a href=\"https:\/\/whisky.ad\/fr\/produit\/ben-lomond-gin-aux-mures-et-aux-groseilles-0-7l-38\/\" class=\"woocommerce-LoopProduct-link woocommerce-loop-product__link\"><img loading=\"lazy\" decoding=\"async\" width=\"300\" height=\"300\" src=\"https:\/\/whisky.ad\/wp-content\/uploads\/2024\/09\/ben-lomond-blackberry-gooseberry-gin-505903_600x-300x300.webp\" class=\"attachment-woocommerce_thumbnail size-woocommerce_thumbnail\" alt=\"Ben Lomond Gin aux m\u00fbres et aux groseilles 0.7l 38%\" srcset=\"https:\/\/whisky.ad\/wp-content\/uploads\/2024\/09\/ben-lomond-blackberry-gooseberry-gin-505903_600x-300x300.webp 300w, https:\/\/whisky.ad\/wp-content\/uploads\/2024\/09\/ben-lomond-blackberry-gooseberry-gin-505903_600x-500x500.webp 500w, https:\/\/whisky.ad\/wp-content\/uploads\/2024\/09\/ben-lomond-blackberry-gooseberry-gin-505903_600x-100x100.webp 100w, https:\/\/whisky.ad\/wp-content\/uploads\/2024\/09\/ben-lomond-blackberry-gooseberry-gin-505903_600x-150x150.webp 150w, https:\/\/whisky.ad\/wp-content\/uploads\/2024\/09\/ben-lomond-blackberry-gooseberry-gin-505903_600x-768x768.webp 768w, https:\/\/whisky.ad\/wp-content\/uploads\/2024\/09\/ben-lomond-blackberry-gooseberry-gin-505903_600x-1024x1024.webp 1024w\" sizes=\"auto, (max-width: 300px) 100vw, 300px\" \/><h2 class=\"woocommerce-loop-product__title\">Ben Lomond Gin aux m\u00fbres et aux groseilles 0.7l 38%<\/h2>\n\t<span class=\"price\"><span class=\"woocommerce-Price-amount amount\"><bdi><span class=\"woocommerce-Price-currencySymbol\">&euro;<\/span>26.95<\/bdi><\/span><\/span>\n<\/a><a href=\"\/fr\/wp-json\/wp\/v2\/pages\/79615?add-to-cart=80754\" aria-describedby=\"woocommerce_loop_add_to_cart_link_describedby_80754\" data-quantity=\"1\" class=\"button product_type_simple add_to_cart_button ajax_add_to_cart\" data-product_id=\"80754\" data-product_sku=\"\" aria-label=\"Ajouter au panier\u00a0: &ldquo;Ben Lomond Gin aux m\u00fbres et aux groseilles 0.7l 38%&rdquo;\" rel=\"nofollow\" data-success_message=\"\u00ab\u00a0Ben Lomond Gin aux m\u00fbres et aux groseilles 0.7l 38%\u00a0\u00bb a \u00e9t\u00e9 ajout\u00e9 \u00e0 votre panier\" title=\"Minimum qty is 1\">Ajouter au panier<\/a>\t<span id=\"woocommerce_loop_add_to_cart_link_describedby_80754\" class=\"screen-reader-text\">\n\t\t\t<\/span>\n<\/li>\n<li class=\"product type-product post-80751 status-publish last instock product_cat-gin-fr has-post-thumbnail taxable shipping-taxable purchasable product-type-simple\">\n\t<a href=\"https:\/\/whisky.ad\/fr\/produit\/ben-lomond-framboise-fleur-de-sureau-gin-0-7l-38\/\" class=\"woocommerce-LoopProduct-link woocommerce-loop-product__link\"><img loading=\"lazy\" decoding=\"async\" width=\"300\" height=\"300\" src=\"https:\/\/whisky.ad\/wp-content\/uploads\/2024\/09\/raspberry-elderflower-gin-266580_600x-300x300.webp\" class=\"attachment-woocommerce_thumbnail size-woocommerce_thumbnail\" alt=\"Ben Lomond Framboise Fleur de Sureau Gin 0.7l 38%\" srcset=\"https:\/\/whisky.ad\/wp-content\/uploads\/2024\/09\/raspberry-elderflower-gin-266580_600x-300x300.webp 300w, https:\/\/whisky.ad\/wp-content\/uploads\/2024\/09\/raspberry-elderflower-gin-266580_600x-500x500.webp 500w, https:\/\/whisky.ad\/wp-content\/uploads\/2024\/09\/raspberry-elderflower-gin-266580_600x-100x100.webp 100w, https:\/\/whisky.ad\/wp-content\/uploads\/2024\/09\/raspberry-elderflower-gin-266580_600x-150x150.webp 150w, https:\/\/whisky.ad\/wp-content\/uploads\/2024\/09\/raspberry-elderflower-gin-266580_600x-768x768.webp 768w, https:\/\/whisky.ad\/wp-content\/uploads\/2024\/09\/raspberry-elderflower-gin-266580_600x-1024x1024.webp 1024w\" sizes=\"auto, (max-width: 300px) 100vw, 300px\" \/><h2 class=\"woocommerce-loop-product__title\">Ben Lomond Framboise Fleur de Sureau Gin 0.7l 38%<\/h2>\n\t<span class=\"price\"><span class=\"woocommerce-Price-amount amount\"><bdi><span class=\"woocommerce-Price-currencySymbol\">&euro;<\/span>26.95<\/bdi><\/span><\/span>\n<\/a><a href=\"\/fr\/wp-json\/wp\/v2\/pages\/79615?add-to-cart=80751\" aria-describedby=\"woocommerce_loop_add_to_cart_link_describedby_80751\" data-quantity=\"1\" class=\"button product_type_simple add_to_cart_button ajax_add_to_cart\" data-product_id=\"80751\" data-product_sku=\"\" aria-label=\"Ajouter au panier\u00a0: &ldquo;Ben Lomond Framboise Fleur de Sureau Gin 0.7l 38%&rdquo;\" rel=\"nofollow\" data-success_message=\"\u00ab\u00a0Ben Lomond Framboise Fleur de Sureau Gin 0.7l 38%\u00a0\u00bb a \u00e9t\u00e9 ajout\u00e9 \u00e0 votre panier\" title=\"Minimum qty is 1\">Ajouter au panier<\/a>\t<span id=\"woocommerce_loop_add_to_cart_link_describedby_80751\" class=\"screen-reader-text\">\n\t\t\t<\/span>\n<\/li>\n<li class=\"product type-product post-79242 status-publish first instock product_cat-spirits-fr product_cat-gin-fr product_tag-estonia-fr has-post-thumbnail taxable shipping-taxable purchasable product-type-simple\">\n\t<a href=\"https:\/\/whisky.ad\/fr\/produit\/crafters-london-dry-gin-0-7l-43\/\" class=\"woocommerce-LoopProduct-link woocommerce-loop-product__link\"><img loading=\"lazy\" decoding=\"async\" width=\"300\" height=\"300\" src=\"https:\/\/whisky.ad\/wp-content\/uploads\/2018\/11\/crafters-london-dry-gin-2-300x300.jpg\" class=\"attachment-woocommerce_thumbnail size-woocommerce_thumbnail\" alt=\"Crafter&#039;s London Dry Gin 0.7L. 43%\" srcset=\"https:\/\/whisky.ad\/wp-content\/uploads\/2018\/11\/crafters-london-dry-gin-2-300x300.jpg 300w, https:\/\/whisky.ad\/wp-content\/uploads\/2018\/11\/crafters-london-dry-gin-2-500x500.jpg 500w, https:\/\/whisky.ad\/wp-content\/uploads\/2018\/11\/crafters-london-dry-gin-2-100x100.jpg 100w, https:\/\/whisky.ad\/wp-content\/uploads\/2018\/11\/crafters-london-dry-gin-2-150x150.jpg 150w, https:\/\/whisky.ad\/wp-content\/uploads\/2018\/11\/crafters-london-dry-gin-2-768x768.jpg 768w, https:\/\/whisky.ad\/wp-content\/uploads\/2018\/11\/crafters-london-dry-gin-2-1024x1024.jpg 1024w\" sizes=\"auto, (max-width: 300px) 100vw, 300px\" \/><h2 class=\"woocommerce-loop-product__title\">Crafter&#8217;s London Dry Gin 0.7L. 43%<\/h2>\n\t<span class=\"price\"><span class=\"woocommerce-Price-amount amount\"><bdi><span class=\"woocommerce-Price-currencySymbol\">&euro;<\/span>23.95<\/bdi><\/span><\/span>\n<\/a><a href=\"\/fr\/wp-json\/wp\/v2\/pages\/79615?add-to-cart=79242\" aria-describedby=\"woocommerce_loop_add_to_cart_link_describedby_79242\" data-quantity=\"1\" class=\"button product_type_simple add_to_cart_button ajax_add_to_cart\" data-product_id=\"79242\" data-product_sku=\"\" aria-label=\"Ajouter au panier\u00a0: &ldquo;Crafter&#039;s London Dry Gin 0.7L. 43%&rdquo;\" rel=\"nofollow\" data-success_message=\"\u00ab\u00a0Crafter&#039;s London Dry Gin 0.7L. 43%\u00a0\u00bb a \u00e9t\u00e9 ajout\u00e9 \u00e0 votre panier\" title=\"Minimum qty is 1\">Ajouter au panier<\/a>\t<span id=\"woocommerce_loop_add_to_cart_link_describedby_79242\" class=\"screen-reader-text\">\n\t\t\t<\/span>\n<\/li>\n<li class=\"product type-product post-79224 status-publish instock product_cat-gin-fr product_cat-spirits-fr product_tag-swedish-fr has-post-thumbnail taxable shipping-taxable purchasable product-type-simple\">\n\t<a href=\"https:\/\/whisky.ad\/fr\/produit\/znaps-of-sweden-ultra-premium-gin-0-7l-40\/\" class=\"woocommerce-LoopProduct-link woocommerce-loop-product__link\"><img loading=\"lazy\" decoding=\"async\" width=\"300\" height=\"300\" src=\"https:\/\/whisky.ad\/wp-content\/uploads\/2018\/11\/znaps-ultra-premium-gin-300x300.jpg\" class=\"attachment-woocommerce_thumbnail size-woocommerce_thumbnail\" alt=\"Znaps of Sweden Ultra Premium Gin 0.7L. 40%\" srcset=\"https:\/\/whisky.ad\/wp-content\/uploads\/2018\/11\/znaps-ultra-premium-gin-300x300.jpg 300w, https:\/\/whisky.ad\/wp-content\/uploads\/2018\/11\/znaps-ultra-premium-gin-500x500.jpg 500w, https:\/\/whisky.ad\/wp-content\/uploads\/2018\/11\/znaps-ultra-premium-gin-100x100.jpg 100w, https:\/\/whisky.ad\/wp-content\/uploads\/2018\/11\/znaps-ultra-premium-gin-150x150.jpg 150w, https:\/\/whisky.ad\/wp-content\/uploads\/2018\/11\/znaps-ultra-premium-gin-768x768.jpg 768w, https:\/\/whisky.ad\/wp-content\/uploads\/2018\/11\/znaps-ultra-premium-gin-1024x1024.jpg 1024w\" sizes=\"auto, (max-width: 300px) 100vw, 300px\" \/><h2 class=\"woocommerce-loop-product__title\">Znaps of Sweden Ultra Premium Gin 0.7L. 40%<\/h2>\n\t<span class=\"price\"><span class=\"woocommerce-Price-amount amount\"><bdi><span class=\"woocommerce-Price-currencySymbol\">&euro;<\/span>19.95<\/bdi><\/span><\/span>\n<\/a><a href=\"\/fr\/wp-json\/wp\/v2\/pages\/79615?add-to-cart=79224\" aria-describedby=\"woocommerce_loop_add_to_cart_link_describedby_79224\" data-quantity=\"1\" class=\"button product_type_simple add_to_cart_button ajax_add_to_cart\" data-product_id=\"79224\" data-product_sku=\"\" aria-label=\"Ajouter au panier\u00a0: &ldquo;Znaps of Sweden Ultra Premium Gin 0.7L. 40%&rdquo;\" rel=\"nofollow\" data-success_message=\"\u00ab\u00a0Znaps of Sweden Ultra Premium Gin 0.7L. 40%\u00a0\u00bb a \u00e9t\u00e9 ajout\u00e9 \u00e0 votre panier\" title=\"Minimum qty is 1\">Ajouter au panier<\/a>\t<span id=\"woocommerce_loop_add_to_cart_link_describedby_79224\" class=\"screen-reader-text\">\n\t\t\t<\/span>\n<\/li>\n<li class=\"product type-product post-78926 status-publish last instock product_cat-spirits-fr product_cat-gin-fr has-post-thumbnail taxable shipping-taxable purchasable product-type-simple\">\n\t<a href=\"https:\/\/whisky.ad\/fr\/produit\/mackmyra-organic-gin-0-7l-40\/\" class=\"woocommerce-LoopProduct-link woocommerce-loop-product__link\"><img loading=\"lazy\" decoding=\"async\" width=\"300\" height=\"300\" src=\"https:\/\/whisky.ad\/wp-content\/uploads\/2020\/01\/mackmyra-organic-gin_-300x300.webp\" class=\"attachment-woocommerce_thumbnail size-woocommerce_thumbnail\" alt=\"Mackmyra Organic Gin 0.7L. 40%\" srcset=\"https:\/\/whisky.ad\/wp-content\/uploads\/2020\/01\/mackmyra-organic-gin_-300x300.webp 300w, https:\/\/whisky.ad\/wp-content\/uploads\/2020\/01\/mackmyra-organic-gin_-500x500.webp 500w, https:\/\/whisky.ad\/wp-content\/uploads\/2020\/01\/mackmyra-organic-gin_-100x100.webp 100w, https:\/\/whisky.ad\/wp-content\/uploads\/2020\/01\/mackmyra-organic-gin_-150x150.webp 150w, https:\/\/whisky.ad\/wp-content\/uploads\/2020\/01\/mackmyra-organic-gin_-768x768.webp 768w, https:\/\/whisky.ad\/wp-content\/uploads\/2020\/01\/mackmyra-organic-gin_-1024x1024.webp 1024w\" sizes=\"auto, (max-width: 300px) 100vw, 300px\" \/><h2 class=\"woocommerce-loop-product__title\">Mackmyra Organic Gin 0.7L. 40%<\/h2>\n\t<span class=\"price\"><span class=\"woocommerce-Price-amount amount\"><bdi><span class=\"woocommerce-Price-currencySymbol\">&euro;<\/span>24.95<\/bdi><\/span><\/span>\n<\/a><a href=\"\/fr\/wp-json\/wp\/v2\/pages\/79615?add-to-cart=78926\" aria-describedby=\"woocommerce_loop_add_to_cart_link_describedby_78926\" data-quantity=\"1\" class=\"button product_type_simple add_to_cart_button ajax_add_to_cart\" data-product_id=\"78926\" data-product_sku=\"\" aria-label=\"Ajouter au panier\u00a0: &ldquo;Mackmyra Organic Gin 0.7L. 40%&rdquo;\" rel=\"nofollow\" data-success_message=\"\u00ab\u00a0Mackmyra Organic Gin 0.7L. 40%\u00a0\u00bb a \u00e9t\u00e9 ajout\u00e9 \u00e0 votre panier\" title=\"Minimum qty is 1\">Ajouter au panier<\/a>\t<span id=\"woocommerce_loop_add_to_cart_link_describedby_78926\" class=\"screen-reader-text\">\n\t\t\t<\/span>\n<\/li>\n<li class=\"product type-product post-78756 status-publish first instock product_cat-gin-fr product_tag-sweden-fr has-post-thumbnail taxable shipping-taxable purchasable product-type-simple\">\n\t<a href=\"https:\/\/whisky.ad\/fr\/produit\/imagin-stockholm-dry-gin-0-7l-40\/\" class=\"woocommerce-LoopProduct-link woocommerce-loop-product__link\"><img loading=\"lazy\" decoding=\"async\" width=\"300\" height=\"300\" src=\"https:\/\/whisky.ad\/wp-content\/uploads\/2018\/11\/Imagin-Stockholm-Gin-2-300x300.jpg\" class=\"attachment-woocommerce_thumbnail size-woocommerce_thumbnail\" alt=\"IMAGIN Stockholm Dry Gin 0.7L. 40%\" srcset=\"https:\/\/whisky.ad\/wp-content\/uploads\/2018\/11\/Imagin-Stockholm-Gin-2-300x300.jpg 300w, https:\/\/whisky.ad\/wp-content\/uploads\/2018\/11\/Imagin-Stockholm-Gin-2-500x500.jpg 500w, https:\/\/whisky.ad\/wp-content\/uploads\/2018\/11\/Imagin-Stockholm-Gin-2-100x100.jpg 100w, https:\/\/whisky.ad\/wp-content\/uploads\/2018\/11\/Imagin-Stockholm-Gin-2-150x150.jpg 150w, https:\/\/whisky.ad\/wp-content\/uploads\/2018\/11\/Imagin-Stockholm-Gin-2-768x768.jpg 768w, https:\/\/whisky.ad\/wp-content\/uploads\/2018\/11\/Imagin-Stockholm-Gin-2-1024x1024.jpg 1024w\" sizes=\"auto, (max-width: 300px) 100vw, 300px\" \/><h2 class=\"woocommerce-loop-product__title\">IMAGIN Stockholm Dry Gin 0.7L. 40%<\/h2>\n\t<span class=\"price\"><span class=\"woocommerce-Price-amount amount\"><bdi><span class=\"woocommerce-Price-currencySymbol\">&euro;<\/span>12.95<\/bdi><\/span><\/span>\n<\/a><a href=\"\/fr\/wp-json\/wp\/v2\/pages\/79615?add-to-cart=78756\" aria-describedby=\"woocommerce_loop_add_to_cart_link_describedby_78756\" data-quantity=\"1\" class=\"button product_type_simple add_to_cart_button ajax_add_to_cart\" data-product_id=\"78756\" data-product_sku=\"\" aria-label=\"Ajouter au panier\u00a0: &ldquo;IMAGIN Stockholm Dry Gin 0.7L. 40%&rdquo;\" rel=\"nofollow\" data-success_message=\"\u00ab\u00a0IMAGIN Stockholm Dry Gin 0.7L. 40%\u00a0\u00bb a \u00e9t\u00e9 ajout\u00e9 \u00e0 votre panier\" title=\"Minimum qty is 1\">Ajouter au panier<\/a>\t<span id=\"woocommerce_loop_add_to_cart_link_describedby_78756\" class=\"screen-reader-text\">\n\t\t\t<\/span>\n<\/li>\n<li class=\"product type-product post-78666 status-publish instock product_cat-spirits-fr product_cat-gin-fr product_tag-estonia-fr has-post-thumbnail taxable shipping-taxable purchasable product-type-simple\">\n\t<a href=\"https:\/\/whisky.ad\/fr\/produit\/crafters-distilled-original-gin-1l-40\/\" class=\"woocommerce-LoopProduct-link woocommerce-loop-product__link\"><img loading=\"lazy\" decoding=\"async\" width=\"300\" height=\"300\" src=\"https:\/\/whisky.ad\/wp-content\/uploads\/2018\/11\/Crafters_GIN_500ml-small-4740050007265-1-170x600-1-300x300.jpg\" class=\"attachment-woocommerce_thumbnail size-woocommerce_thumbnail\" alt=\"CRAFTER\u00b4S DISTILLED ORIGINAL GIN 1L. 40%\" srcset=\"https:\/\/whisky.ad\/wp-content\/uploads\/2018\/11\/Crafters_GIN_500ml-small-4740050007265-1-170x600-1-300x300.jpg 300w, https:\/\/whisky.ad\/wp-content\/uploads\/2018\/11\/Crafters_GIN_500ml-small-4740050007265-1-170x600-1-500x500.jpg 500w, https:\/\/whisky.ad\/wp-content\/uploads\/2018\/11\/Crafters_GIN_500ml-small-4740050007265-1-170x600-1-100x100.jpg 100w, https:\/\/whisky.ad\/wp-content\/uploads\/2018\/11\/Crafters_GIN_500ml-small-4740050007265-1-170x600-1-150x150.jpg 150w, https:\/\/whisky.ad\/wp-content\/uploads\/2018\/11\/Crafters_GIN_500ml-small-4740050007265-1-170x600-1-768x768.jpg 768w, https:\/\/whisky.ad\/wp-content\/uploads\/2018\/11\/Crafters_GIN_500ml-small-4740050007265-1-170x600-1-1024x1024.jpg 1024w\" sizes=\"auto, (max-width: 300px) 100vw, 300px\" \/><h2 class=\"woocommerce-loop-product__title\">CRAFTER\u00b4S DISTILLED ORIGINAL GIN 1L. 40%<\/h2>\n\t<span class=\"price\"><span class=\"woocommerce-Price-amount amount\"><bdi><span class=\"woocommerce-Price-currencySymbol\">&euro;<\/span>9.95<\/bdi><\/span><\/span>\n<\/a><a href=\"\/fr\/wp-json\/wp\/v2\/pages\/79615?add-to-cart=78666\" aria-describedby=\"woocommerce_loop_add_to_cart_link_describedby_78666\" data-quantity=\"1\" class=\"button product_type_simple add_to_cart_button ajax_add_to_cart\" data-product_id=\"78666\" data-product_sku=\"\" aria-label=\"Ajouter au panier\u00a0: &ldquo;CRAFTER\u00b4S DISTILLED ORIGINAL GIN 1L. 40%&rdquo;\" rel=\"nofollow\" data-success_message=\"\u00ab\u00a0CRAFTER\u00b4S DISTILLED ORIGINAL GIN 1L. 40%\u00a0\u00bb a \u00e9t\u00e9 ajout\u00e9 \u00e0 votre panier\" title=\"Minimum qty is 1\">Ajouter au panier<\/a>\t<span id=\"woocommerce_loop_add_to_cart_link_describedby_78666\" class=\"screen-reader-text\">\n\t\t\t<\/span>\n<\/li>\n<li class=\"product type-product post-78662 status-publish last instock product_cat-spirits-fr product_cat-gin-fr has-post-thumbnail taxable shipping-taxable purchasable product-type-simple\">\n\t<a href=\"https:\/\/whisky.ad\/fr\/produit\/crafters-aromatic-flower-gin-magic-colour-change-0-7l-443\/\" class=\"woocommerce-LoopProduct-link woocommerce-loop-product__link\"><img loading=\"lazy\" decoding=\"async\" width=\"300\" height=\"300\" src=\"https:\/\/whisky.ad\/wp-content\/uploads\/2018\/11\/crafters-aromatic-flower-gin-300x300.jpg\" class=\"attachment-woocommerce_thumbnail size-woocommerce_thumbnail\" alt=\"Crafter&#039;s Aromatic Flower Gin . Changement de couleur magique ! 0.7L.   44,3%\" srcset=\"https:\/\/whisky.ad\/wp-content\/uploads\/2018\/11\/crafters-aromatic-flower-gin-300x300.jpg 300w, https:\/\/whisky.ad\/wp-content\/uploads\/2018\/11\/crafters-aromatic-flower-gin-500x500.jpg 500w, https:\/\/whisky.ad\/wp-content\/uploads\/2018\/11\/crafters-aromatic-flower-gin-100x100.jpg 100w, https:\/\/whisky.ad\/wp-content\/uploads\/2018\/11\/crafters-aromatic-flower-gin-150x150.jpg 150w, https:\/\/whisky.ad\/wp-content\/uploads\/2018\/11\/crafters-aromatic-flower-gin-768x768.jpg 768w, https:\/\/whisky.ad\/wp-content\/uploads\/2018\/11\/crafters-aromatic-flower-gin-1024x1024.jpg 1024w\" sizes=\"auto, (max-width: 300px) 100vw, 300px\" \/><h2 class=\"woocommerce-loop-product__title\">Crafter&#8217;s Aromatic Flower Gin . Changement de couleur magique ! 0.7L.   44,3%<\/h2>\n\t<span class=\"price\"><span class=\"woocommerce-Price-amount amount\"><bdi><span class=\"woocommerce-Price-currencySymbol\">&euro;<\/span>24.95<\/bdi><\/span><\/span>\n<\/a><a href=\"\/fr\/wp-json\/wp\/v2\/pages\/79615?add-to-cart=78662\" aria-describedby=\"woocommerce_loop_add_to_cart_link_describedby_78662\" data-quantity=\"1\" class=\"button product_type_simple add_to_cart_button ajax_add_to_cart\" data-product_id=\"78662\" data-product_sku=\"\" aria-label=\"Ajouter au panier\u00a0: &ldquo;Crafter&#039;s Aromatic Flower Gin . Changement de couleur magique ! 0.7L.   44,3%&rdquo;\" rel=\"nofollow\" data-success_message=\"\u00ab\u00a0Crafter&#039;s Aromatic Flower Gin . Changement de couleur magique ! 0.7L.   44,3%\u00a0\u00bb a \u00e9t\u00e9 ajout\u00e9 \u00e0 votre panier\" title=\"Minimum qty is 1\">Ajouter au panier<\/a>\t<span id=\"woocommerce_loop_add_to_cart_link_describedby_78662\" class=\"screen-reader-text\">\n\t\t\t<\/span>\n<\/li>\n<\/ul>\n<\/div>[vc_separator color=&#8221;#000000&#8243; type=&#8221;normal&#8221; thickness=&#8221;1&#8243; up=&#8221;&#8221; down=&#8221;&#8221;][\/vc_column][\/vc_row]\n","protected":false},"excerpt":{"rendered":"<p>[vc_row type=&#8221;full_page_width&#8221; padding_top=&#8221;&#8221; padding_bottom=&#8221;&#8221;][vc_column][layerslider_vc id=&#8221;10&#8243;][\/vc_column][\/vc_row][vc_row type=&#8221;container&#8221; padding_top=&#8221;&#8221; padding_bottom=&#8221;&#8221;][vc_column][vc_column_text]De quoi est fait le gin? Aujourd&#8217;hui, nous r\u00e9pondrons \u00e0 la question de savoir de quoi est fait le gin et comment il est fabriqu\u00e9 De quoi est fait le gin? La d\u00e9finition du gin : La d\u00e9finition g\u00e9n\u00e9rale du gin est tout spiritueux \u00e0 base neutre dont [&hellip;]<\/p>\n","protected":false},"author":1,"featured_media":76639,"parent":0,"menu_order":0,"comment_status":"closed","ping_status":"closed","template":"page-full-width.php","meta":{"_acf_changed":false,"footnotes":""},"class_list":["post-79615","page","type-page","status-publish","has-post-thumbnail","hentry"],"acf":[],"aioseo_notices":[],"jetpack_sharing_enabled":true,"jetpack_shortlink":"https:\/\/wp.me\/PemYjf-kI7","_links":{"self":[{"href":"https:\/\/whisky.ad\/fr\/wp-json\/wp\/v2\/pages\/79615","targetHints":{"allow":["GET"]}}],"collection":[{"href":"https:\/\/whisky.ad\/fr\/wp-json\/wp\/v2\/pages"}],"about":[{"href":"https:\/\/whisky.ad\/fr\/wp-json\/wp\/v2\/types\/page"}],"author":[{"embeddable":true,"href":"https:\/\/whisky.ad\/fr\/wp-json\/wp\/v2\/users\/1"}],"replies":[{"embeddable":true,"href":"https:\/\/whisky.ad\/fr\/wp-json\/wp\/v2\/comments?post=79615"}],"version-history":[{"count":2,"href":"https:\/\/whisky.ad\/fr\/wp-json\/wp\/v2\/pages\/79615\/revisions"}],"predecessor-version":[{"id":79633,"href":"https:\/\/whisky.ad\/fr\/wp-json\/wp\/v2\/pages\/79615\/revisions\/79633"}],"wp:featuredmedia":[{"embeddable":true,"href":"https:\/\/whisky.ad\/fr\/wp-json\/wp\/v2\/media\/76639"}],"wp:attachment":[{"href":"https:\/\/whisky.ad\/fr\/wp-json\/wp\/v2\/media?parent=79615"}],"curies":[{"name":"wp","href":"https:\/\/api.w.org\/{rel}","templated":true}]}}