{"id":79533,"date":"2021-04-25T16:30:11","date_gmt":"2021-04-25T15:30:11","guid":{"rendered":"https:\/\/whisky.ad\/whisky\/bourbon\/"},"modified":"2023-12-18T15:50:02","modified_gmt":"2023-12-18T14:50:02","slug":"bourbon","status":"publish","type":"page","link":"https:\/\/whisky.ad\/fr\/whisky\/bourbon\/","title":{"rendered":"Bourbon"},"content":{"rendered":"[vc_row type=&#8221;container&#8221; padding_top=&#8221;&#8221; padding_bottom=&#8221;&#8221;][vc_column width=&#8221;1\/2&#8243;][vc_column_text]\n<h2>Bourbon : Un riche h\u00e9ritage du whiskey am\u00e9ricain .<\/h2>\n<p>Le bourbon, souvent consid\u00e9r\u00e9 comme l&#8217;alcool natif de l&#8217;Am\u00e9rique, poss\u00e8de une histoire riche en histoire qui fait \u00e9cho \u00e0 l&#8217;essence m\u00eame des \u00c9tats-Unis. Enracin\u00e9 dans la tradition et \u00e9labor\u00e9 avec passion, le bourbon est l&#8217;embl\u00e8me de l&#8217;artisanat et de l&#8217;ing\u00e9niosit\u00e9 am\u00e9ricains, refl\u00e9tant l&#8217;esprit pionnier de la nation et son engagement in\u00e9branlable en faveur de la qualit\u00e9. D\u00e9fini par des r\u00e9glementations Le bourbon est d\u00e9fini par un ensemble de r\u00e9glementations strictes qui r\u00e9gissent sa production, garantissant son authenticit\u00e9 et sa qualit\u00e9. Selon la l\u00e9gislation am\u00e9ricaine, pour qu&#8217;un whisky soit \u00e9tiquet\u00e9 comme bourbon, il doit \u00eatre fabriqu\u00e9 \u00e0 partir d&#8217;un m\u00e9lange de c\u00e9r\u00e9ales compos\u00e9 d&#8217;au moins 51 % de ma\u00efs. Cet ingr\u00e9dient principal contribue aux saveurs riches et sucr\u00e9es qui caract\u00e9risent le bourbon. Le liquide distill\u00e9 doit \u00eatre vieilli dans des f\u00fbts de ch\u00eane neufs carbonis\u00e9s, un processus qui conf\u00e8re au produit final une couleur et une complexit\u00e9 particuli\u00e8res. Contrairement \u00e0 d&#8217;autres whiskies, le bourbon n&#8217;a pas d&#8217;exigence minimale en mati\u00e8re de vieillissement, mais pour \u00eatre \u00e9tiquet\u00e9 comme bourbon &#8220;straight&#8221;, il doit \u00eatre vieilli pendant au moins deux ans. <\/p>\n<p><strong>L&#8217;influence charbonneuse<\/strong><br \/>\nL&#8217;utilisation de nouveaux f\u00fbts de ch\u00eane carbonis\u00e9s est une caract\u00e9ristique de la production de bourbon, qui conf\u00e8re au spiritueux des saveurs et des caract\u00e9ristiques uniques. Le processus de carbonisation caram\u00e9lise les sucres du bois, cr\u00e9ant des couches de vanille, de caramel et de notes de ch\u00eane grill\u00e9 qui distinguent le bourbon des autres whiskeys. Cette interaction entre le spiritueux et le tonneau contribue de mani\u00e8re significative \u00e0 la couleur profonde et au profil complexe du bourbon.  <\/p>\n<p><strong>Vari\u00e9t\u00e9 d&#8217;ar\u00f4mes<\/strong><br \/>\nLe profil aromatique du bourbon est vari\u00e9, allant de doux et accessible \u00e0 audacieux et robuste. Les notes de caramel, de vanille, de toffee et de butterscotch dominent souvent le palais, tandis que des nuances d&#8217;\u00e9pices, de fruits et m\u00eame de fum\u00e9e peuvent \u00eatre pr\u00e9sentes, en fonction de la composition du mo\u00fbt et du processus de vieillissement. Ce spectre de saveurs permet aux amateurs d&#8217;explorer un large \u00e9ventail de profils, ce qui fait du bourbon un spiritueux polyvalent et passionnant \u00e0 d\u00e9guster.  <\/p>\n<p><strong>Artisanat et tradition<\/strong><br \/>\nLa production de bourbon rend hommage \u00e0 des traditions ancestrales, souvent transmises de g\u00e9n\u00e9ration en g\u00e9n\u00e9ration. Les distilleries sont fi\u00e8res de leurs recettes uniques, connues sous le nom de &#8220;mash bills&#8221;, qui dictent les proportions des diff\u00e9rents grains utilis\u00e9s dans le processus de production. Ce savoir-faire artisanal et ce souci du d\u00e9tail se traduisent par une gamme vari\u00e9e de bourbons qui r\u00e9pondent \u00e0 un large \u00e9ventail de pr\u00e9f\u00e9rences.  <\/p>\n<p><strong>Une ic\u00f4ne mondiale<\/strong><br \/>\nBien que profond\u00e9ment ancr\u00e9e dans la culture am\u00e9ricaine, la popularit\u00e9 du bourbon a d\u00e9pass\u00e9 les fronti\u00e8res, faisant de lui un spiritueux recherch\u00e9 dans le monde entier. Le mouvement de la distillation artisanale a revitalis\u00e9 et \u00e9largi le paysage du bourbon, avec des distilleries \u00e9tablies et nouvelles qui repoussent les limites de l&#8217;innovation tout en respectant la tradition. Qu&#8217;il soit d\u00e9gust\u00e9 pur, sur glace ou qu&#8217;il serve de base \u00e0 des cocktails classiques comme le Old Fashioned ou le Mint Julep, le bourbon reste un symbole de c\u00e9l\u00e9bration, de camaraderie et de l&#8217;esprit am\u00e9ricain, invitant les amateurs \u00e0 explorer sa riche histoire et ses diverses saveurs \u00e0 chaque gorg\u00e9e.[\/vc_column_text][\/vc_column][vc_column width=&#8221;1\/2&#8243;]<div class=\"woocommerce columns-4 \"><ul class=\"products columns-4\">\n<li class=\"product type-product post-78674 status-publish first instock product_cat-kentucky-fr has-post-thumbnail taxable shipping-taxable purchasable product-type-simple\">\n\t<a href=\"https:\/\/whisky.ad\/fr\/produit\/e-h-taylor-small-batch-50-0-75l\/\" class=\"woocommerce-LoopProduct-link woocommerce-loop-product__link\"><img loading=\"lazy\" decoding=\"async\" width=\"300\" height=\"300\" src=\"https:\/\/whisky.ad\/wp-content\/uploads\/2023\/08\/eh-taylor-small-batch-desktop-bottle-1-300x300.png\" class=\"attachment-woocommerce_thumbnail size-woocommerce_thumbnail\" alt=\"E.H. Taylor Small Batch 50% 0.75l\" srcset=\"https:\/\/whisky.ad\/wp-content\/uploads\/2023\/08\/eh-taylor-small-batch-desktop-bottle-1-300x300.png 300w, https:\/\/whisky.ad\/wp-content\/uploads\/2023\/08\/eh-taylor-small-batch-desktop-bottle-1-500x500.png 500w, https:\/\/whisky.ad\/wp-content\/uploads\/2023\/08\/eh-taylor-small-batch-desktop-bottle-1-100x100.png 100w, https:\/\/whisky.ad\/wp-content\/uploads\/2023\/08\/eh-taylor-small-batch-desktop-bottle-1-150x150.png 150w, https:\/\/whisky.ad\/wp-content\/uploads\/2023\/08\/eh-taylor-small-batch-desktop-bottle-1-768x768.png 768w, https:\/\/whisky.ad\/wp-content\/uploads\/2023\/08\/eh-taylor-small-batch-desktop-bottle-1-1024x1024.png 1024w\" sizes=\"auto, (max-width: 300px) 100vw, 300px\" \/><h2 class=\"woocommerce-loop-product__title\">E.H. Taylor Small Batch 50% 0.75l<\/h2>\n\t<span class=\"price\"><span class=\"woocommerce-Price-amount amount\"><bdi><span class=\"woocommerce-Price-currencySymbol\">&euro;<\/span>69.95<\/bdi><\/span><\/span>\n<\/a><a href=\"\/fr\/wp-json\/wp\/v2\/pages\/79533?add-to-cart=78674\" aria-describedby=\"woocommerce_loop_add_to_cart_link_describedby_78674\" data-quantity=\"1\" class=\"button product_type_simple add_to_cart_button ajax_add_to_cart\" data-product_id=\"78674\" data-product_sku=\"\" aria-label=\"Ajouter au panier\u00a0: &ldquo;E.H. Taylor Small Batch 50% 0.75l&rdquo;\" rel=\"nofollow\" data-success_message=\"\u00ab\u00a0E.H. Taylor Small Batch 50% 0.75l\u00a0\u00bb a \u00e9t\u00e9 ajout\u00e9 \u00e0 votre panier\" title=\"Minimum qty is 1\">Ajouter au panier<\/a>\t<span id=\"woocommerce_loop_add_to_cart_link_describedby_78674\" class=\"screen-reader-text\">\n\t\t\t<\/span>\n<\/li>\n<li class=\"product type-product post-79097 status-publish instock product_cat-kentucky-fr has-post-thumbnail taxable shipping-taxable purchasable product-type-simple\">\n\t<a href=\"https:\/\/whisky.ad\/fr\/produit\/southern-comfort-original-35-0-7l\/\" class=\"woocommerce-LoopProduct-link woocommerce-loop-product__link\"><img loading=\"lazy\" decoding=\"async\" width=\"300\" height=\"300\" src=\"https:\/\/whisky.ad\/wp-content\/uploads\/2023\/08\/download-10-300x300.jpeg\" class=\"attachment-woocommerce_thumbnail size-woocommerce_thumbnail\" alt=\"Southern Comfort Original 35% 0.7l\" srcset=\"https:\/\/whisky.ad\/wp-content\/uploads\/2023\/08\/download-10-300x300.jpeg 300w, https:\/\/whisky.ad\/wp-content\/uploads\/2023\/08\/download-10-500x500.jpeg 500w, https:\/\/whisky.ad\/wp-content\/uploads\/2023\/08\/download-10-100x100.jpeg 100w, https:\/\/whisky.ad\/wp-content\/uploads\/2023\/08\/download-10-150x150.jpeg 150w, https:\/\/whisky.ad\/wp-content\/uploads\/2023\/08\/download-10-768x768.jpeg 768w, https:\/\/whisky.ad\/wp-content\/uploads\/2023\/08\/download-10-1024x1024.jpeg 1024w\" sizes=\"auto, (max-width: 300px) 100vw, 300px\" \/><h2 class=\"woocommerce-loop-product__title\">Southern Comfort Original 35% 0.7l<\/h2>\n\t<span class=\"price\"><span class=\"woocommerce-Price-amount amount\"><bdi><span class=\"woocommerce-Price-currencySymbol\">&euro;<\/span>7.39<\/bdi><\/span><\/span>\n<\/a><a href=\"\/fr\/wp-json\/wp\/v2\/pages\/79533?add-to-cart=79097\" aria-describedby=\"woocommerce_loop_add_to_cart_link_describedby_79097\" data-quantity=\"1\" class=\"button product_type_simple add_to_cart_button ajax_add_to_cart\" data-product_id=\"79097\" data-product_sku=\"\" aria-label=\"Ajouter au panier\u00a0: &ldquo;Southern Comfort Original 35% 0.7l&rdquo;\" rel=\"nofollow\" data-success_message=\"\u00ab\u00a0Southern Comfort Original 35% 0.7l\u00a0\u00bb a \u00e9t\u00e9 ajout\u00e9 \u00e0 votre panier\" title=\"Minimum qty is 1\">Ajouter au panier<\/a>\t<span id=\"woocommerce_loop_add_to_cart_link_describedby_79097\" class=\"screen-reader-text\">\n\t\t\t<\/span>\n<\/li>\n<li class=\"product type-product post-79094 status-publish instock product_cat-kentucky-fr has-post-thumbnail taxable shipping-taxable purchasable product-type-simple\">\n\t<a href=\"https:\/\/whisky.ad\/fr\/produit\/southern-comfort-black-40-1l\/\" class=\"woocommerce-LoopProduct-link woocommerce-loop-product__link\"><img loading=\"lazy\" decoding=\"async\" width=\"300\" height=\"300\" src=\"https:\/\/whisky.ad\/wp-content\/uploads\/2023\/08\/download-11-300x300.jpeg\" class=\"attachment-woocommerce_thumbnail size-woocommerce_thumbnail\" alt=\"Southern Comfort Black 40% 1l\" srcset=\"https:\/\/whisky.ad\/wp-content\/uploads\/2023\/08\/download-11-300x300.jpeg 300w, https:\/\/whisky.ad\/wp-content\/uploads\/2023\/08\/download-11-500x500.jpeg 500w, https:\/\/whisky.ad\/wp-content\/uploads\/2023\/08\/download-11-100x100.jpeg 100w, https:\/\/whisky.ad\/wp-content\/uploads\/2023\/08\/download-11-150x150.jpeg 150w, https:\/\/whisky.ad\/wp-content\/uploads\/2023\/08\/download-11-768x768.jpeg 768w, https:\/\/whisky.ad\/wp-content\/uploads\/2023\/08\/download-11-1024x1024.jpeg 1024w\" sizes=\"auto, (max-width: 300px) 100vw, 300px\" \/><h2 class=\"woocommerce-loop-product__title\">Southern Comfort Black 40% 1l<\/h2>\n\t<span class=\"price\"><span class=\"woocommerce-Price-amount amount\"><bdi><span class=\"woocommerce-Price-currencySymbol\">&euro;<\/span>9.49<\/bdi><\/span><\/span>\n<\/a><a href=\"\/fr\/wp-json\/wp\/v2\/pages\/79533?add-to-cart=79094\" aria-describedby=\"woocommerce_loop_add_to_cart_link_describedby_79094\" data-quantity=\"1\" class=\"button product_type_simple add_to_cart_button ajax_add_to_cart\" data-product_id=\"79094\" data-product_sku=\"\" aria-label=\"Ajouter au panier\u00a0: &ldquo;Southern Comfort Black 40% 1l&rdquo;\" rel=\"nofollow\" data-success_message=\"\u00ab\u00a0Southern Comfort Black 40% 1l\u00a0\u00bb a \u00e9t\u00e9 ajout\u00e9 \u00e0 votre panier\" title=\"Minimum qty is 1\">Ajouter au panier<\/a>\t<span id=\"woocommerce_loop_add_to_cart_link_describedby_79094\" class=\"screen-reader-text\">\n\t\t\t<\/span>\n<\/li>\n<li class=\"product type-product post-79087 status-publish last instock product_cat-kentucky-fr product_cat-sazerac-fr has-post-thumbnail taxable shipping-taxable purchasable product-type-simple\">\n\t<a href=\"https:\/\/whisky.ad\/fr\/produit\/sazerac-rye-45-0-7l\/\" class=\"woocommerce-LoopProduct-link woocommerce-loop-product__link\"><img loading=\"lazy\" decoding=\"async\" width=\"300\" height=\"300\" src=\"https:\/\/whisky.ad\/wp-content\/uploads\/2023\/08\/download-8-1-300x300.jpeg\" class=\"attachment-woocommerce_thumbnail size-woocommerce_thumbnail\" alt=\"Sazerac Rye 45% 0.7l\" srcset=\"https:\/\/whisky.ad\/wp-content\/uploads\/2023\/08\/download-8-1-300x300.jpeg 300w, https:\/\/whisky.ad\/wp-content\/uploads\/2023\/08\/download-8-1-500x500.jpeg 500w, https:\/\/whisky.ad\/wp-content\/uploads\/2023\/08\/download-8-1-100x100.jpeg 100w, https:\/\/whisky.ad\/wp-content\/uploads\/2023\/08\/download-8-1-150x150.jpeg 150w, https:\/\/whisky.ad\/wp-content\/uploads\/2023\/08\/download-8-1-768x768.jpeg 768w, https:\/\/whisky.ad\/wp-content\/uploads\/2023\/08\/download-8-1-1024x1024.jpeg 1024w\" sizes=\"auto, (max-width: 300px) 100vw, 300px\" \/><h2 class=\"woocommerce-loop-product__title\">Sazerac Rye 45% 0.7l<\/h2>\n\t<span class=\"price\"><span class=\"woocommerce-Price-amount amount\"><bdi><span class=\"woocommerce-Price-currencySymbol\">&euro;<\/span>32.95<\/bdi><\/span><\/span>\n<\/a><a href=\"\/fr\/wp-json\/wp\/v2\/pages\/79533?add-to-cart=79087\" aria-describedby=\"woocommerce_loop_add_to_cart_link_describedby_79087\" data-quantity=\"1\" class=\"button product_type_simple add_to_cart_button ajax_add_to_cart\" data-product_id=\"79087\" data-product_sku=\"\" aria-label=\"Ajouter au panier\u00a0: &ldquo;Sazerac Rye 45% 0.7l&rdquo;\" rel=\"nofollow\" data-success_message=\"\u00ab\u00a0Sazerac Rye 45% 0.7l\u00a0\u00bb a \u00e9t\u00e9 ajout\u00e9 \u00e0 votre panier\" title=\"Minimum qty is 1\">Ajouter au panier<\/a>\t<span id=\"woocommerce_loop_add_to_cart_link_describedby_79087\" class=\"screen-reader-text\">\n\t\t\t<\/span>\n<\/li>\n<li class=\"product type-product post-78677 status-publish first instock product_cat-kentucky-fr has-post-thumbnail taxable shipping-taxable purchasable product-type-simple\">\n\t<a href=\"https:\/\/whisky.ad\/fr\/produit\/eagle-rare-10yo-45-0-7l\/\" class=\"woocommerce-LoopProduct-link woocommerce-loop-product__link\"><img loading=\"lazy\" decoding=\"async\" width=\"300\" height=\"300\" src=\"https:\/\/whisky.ad\/wp-content\/uploads\/2023\/08\/download-12-300x300.jpeg\" class=\"attachment-woocommerce_thumbnail size-woocommerce_thumbnail\" alt=\"Eagle Rare 10yo 45% 0.7l\" srcset=\"https:\/\/whisky.ad\/wp-content\/uploads\/2023\/08\/download-12-300x300.jpeg 300w, https:\/\/whisky.ad\/wp-content\/uploads\/2023\/08\/download-12-500x500.jpeg 500w, https:\/\/whisky.ad\/wp-content\/uploads\/2023\/08\/download-12-100x100.jpeg 100w, https:\/\/whisky.ad\/wp-content\/uploads\/2023\/08\/download-12-150x150.jpeg 150w, https:\/\/whisky.ad\/wp-content\/uploads\/2023\/08\/download-12-768x768.jpeg 768w, https:\/\/whisky.ad\/wp-content\/uploads\/2023\/08\/download-12-1024x1024.jpeg 1024w\" sizes=\"auto, (max-width: 300px) 100vw, 300px\" \/><h2 class=\"woocommerce-loop-product__title\">Eagle Rare 10yo 45% 0.7l<\/h2>\n\t<span class=\"price\"><span class=\"woocommerce-Price-amount amount\"><bdi><span class=\"woocommerce-Price-currencySymbol\">&euro;<\/span>29.95<\/bdi><\/span><\/span>\n<\/a><a href=\"\/fr\/wp-json\/wp\/v2\/pages\/79533?add-to-cart=78677\" aria-describedby=\"woocommerce_loop_add_to_cart_link_describedby_78677\" data-quantity=\"1\" class=\"button product_type_simple add_to_cart_button ajax_add_to_cart\" data-product_id=\"78677\" data-product_sku=\"\" aria-label=\"Ajouter au panier\u00a0: &ldquo;Eagle Rare 10yo 45% 0.7l&rdquo;\" rel=\"nofollow\" data-success_message=\"\u00ab\u00a0Eagle Rare 10yo 45% 0.7l\u00a0\u00bb a \u00e9t\u00e9 ajout\u00e9 \u00e0 votre panier\" title=\"Minimum qty is 1\">Ajouter au panier<\/a>\t<span id=\"woocommerce_loop_add_to_cart_link_describedby_78677\" class=\"screen-reader-text\">\n\t\t\t<\/span>\n<\/li>\n<li class=\"product type-product post-78533 status-publish instock product_cat-kentucky-fr product_cat-en-vedette product_cat-usa-fr has-post-thumbnail sale featured taxable shipping-taxable purchasable product-type-simple\">\n\t<a href=\"https:\/\/whisky.ad\/fr\/produit\/buffalo-trace-40-0-7l\/\" class=\"woocommerce-LoopProduct-link woocommerce-loop-product__link\">\n\t<span class=\"onsale\">Promo\u00a0!<\/span>\n\t<img loading=\"lazy\" decoding=\"async\" width=\"300\" height=\"300\" src=\"https:\/\/whisky.ad\/wp-content\/uploads\/2023\/08\/download-13-300x300.jpeg\" class=\"attachment-woocommerce_thumbnail size-woocommerce_thumbnail\" alt=\"Buffalo Trace 40% 0.7l\" srcset=\"https:\/\/whisky.ad\/wp-content\/uploads\/2023\/08\/download-13-300x300.jpeg 300w, https:\/\/whisky.ad\/wp-content\/uploads\/2023\/08\/download-13-500x500.jpeg 500w, https:\/\/whisky.ad\/wp-content\/uploads\/2023\/08\/download-13-100x100.jpeg 100w, https:\/\/whisky.ad\/wp-content\/uploads\/2023\/08\/download-13-150x150.jpeg 150w, https:\/\/whisky.ad\/wp-content\/uploads\/2023\/08\/download-13-768x768.jpeg 768w, https:\/\/whisky.ad\/wp-content\/uploads\/2023\/08\/download-13-1024x1024.jpeg 1024w\" sizes=\"auto, (max-width: 300px) 100vw, 300px\" \/><h2 class=\"woocommerce-loop-product__title\">Buffalo Trace 40% 0.7l<\/h2>\n\t<span class=\"price\"><del aria-hidden=\"true\"><span class=\"woocommerce-Price-amount amount\"><bdi><span class=\"woocommerce-Price-currencySymbol\">&euro;<\/span>17.95<\/bdi><\/span><\/del> <span class=\"screen-reader-text\">Le prix initial \u00e9tait\u00a0: &euro;17.95.<\/span><ins aria-hidden=\"true\"><span class=\"woocommerce-Price-amount amount\"><bdi><span class=\"woocommerce-Price-currencySymbol\">&euro;<\/span>16.95<\/bdi><\/span><\/ins><span class=\"screen-reader-text\">Le prix actuel est\u00a0: &euro;16.95.<\/span><\/span>\n<\/a><a href=\"\/fr\/wp-json\/wp\/v2\/pages\/79533?add-to-cart=78533\" aria-describedby=\"woocommerce_loop_add_to_cart_link_describedby_78533\" data-quantity=\"1\" class=\"button product_type_simple add_to_cart_button ajax_add_to_cart\" data-product_id=\"78533\" data-product_sku=\"\" aria-label=\"Ajouter au panier\u00a0: &ldquo;Buffalo Trace 40% 0.7l&rdquo;\" rel=\"nofollow\" data-success_message=\"\u00ab\u00a0Buffalo Trace 40% 0.7l\u00a0\u00bb a \u00e9t\u00e9 ajout\u00e9 \u00e0 votre panier\" title=\"Minimum qty is 1\">Ajouter au panier<\/a>\t<span id=\"woocommerce_loop_add_to_cart_link_describedby_78533\" class=\"screen-reader-text\">\n\t\t\t<\/span>\n<\/li>\n<\/ul>\n<\/div>[\/vc_column][\/vc_row]\n","protected":false},"excerpt":{"rendered":"<p>[vc_row type=&#8221;container&#8221; padding_top=&#8221;&#8221; padding_bottom=&#8221;&#8221;][vc_column width=&#8221;1\/2&#8243;][vc_column_text] Bourbon : Un riche h\u00e9ritage du whiskey am\u00e9ricain . Le bourbon, souvent consid\u00e9r\u00e9 comme l&#8217;alcool natif de l&#8217;Am\u00e9rique, poss\u00e8de une histoire riche en histoire qui fait \u00e9cho \u00e0 l&#8217;essence m\u00eame des \u00c9tats-Unis. Enracin\u00e9 dans la tradition et \u00e9labor\u00e9 avec passion, le bourbon est l&#8217;embl\u00e8me de l&#8217;artisanat et de l&#8217;ing\u00e9niosit\u00e9 am\u00e9ricains, [&hellip;]<\/p>\n","protected":false},"author":1,"featured_media":0,"parent":77907,"menu_order":2,"comment_status":"closed","ping_status":"closed","template":"page-full-width.php","meta":{"_acf_changed":false,"footnotes":""},"class_list":["post-79533","page","type-page","status-publish","hentry"],"acf":[],"aioseo_notices":[],"jetpack_sharing_enabled":true,"jetpack_shortlink":"https:\/\/wp.me\/PemYjf-kGN","_links":{"self":[{"href":"https:\/\/whisky.ad\/fr\/wp-json\/wp\/v2\/pages\/79533","targetHints":{"allow":["GET"]}}],"collection":[{"href":"https:\/\/whisky.ad\/fr\/wp-json\/wp\/v2\/pages"}],"about":[{"href":"https:\/\/whisky.ad\/fr\/wp-json\/wp\/v2\/types\/page"}],"author":[{"embeddable":true,"href":"https:\/\/whisky.ad\/fr\/wp-json\/wp\/v2\/users\/1"}],"replies":[{"embeddable":true,"href":"https:\/\/whisky.ad\/fr\/wp-json\/wp\/v2\/comments?post=79533"}],"version-history":[{"count":2,"href":"https:\/\/whisky.ad\/fr\/wp-json\/wp\/v2\/pages\/79533\/revisions"}],"predecessor-version":[{"id":79535,"href":"https:\/\/whisky.ad\/fr\/wp-json\/wp\/v2\/pages\/79533\/revisions\/79535"}],"up":[{"embeddable":true,"href":"https:\/\/whisky.ad\/fr\/wp-json\/wp\/v2\/pages\/77907"}],"wp:attachment":[{"href":"https:\/\/whisky.ad\/fr\/wp-json\/wp\/v2\/media?parent=79533"}],"curies":[{"name":"wp","href":"https:\/\/api.w.org\/{rel}","templated":true}]}}