{"id":79510,"date":"2022-12-16T11:16:57","date_gmt":"2022-12-16T10:16:57","guid":{"rendered":"https:\/\/whisky.ad\/whisky\/e-h-taylor\/"},"modified":"2023-12-16T12:57:30","modified_gmt":"2023-12-16T11:57:30","slug":"e-h-taylor","status":"publish","type":"page","link":"https:\/\/whisky.ad\/fr\/whisky\/e-h-taylor\/","title":{"rendered":"E.H. Taylor"},"content":{"rendered":"[vc_row type=&#8221;container&#8221; padding_top=&#8221;&#8221; padding_bottom=&#8221;&#8221;][vc_column width=&#8221;1\/2&#8243;][vc_column_text]La collection E.H. Taylor, Jr. pr\u00e9sente une offre extraordinaire : le Kentucky Straight Bourbon Whiskey sous la forme de E.H. Taylor, Jr. Small Batch. Consid\u00e9r\u00e9 comme un pionnier du bourbon, le colonel Edmund Haynes Taylor, Jr. a ciment\u00e9 un h\u00e9ritage durable. Il s&#8217;est engag\u00e9 dans cette voie peu apr\u00e8s la fin de la guerre civile, lorsqu&#8217;il a acquis la distillerie O.F.C.. C&#8217;est l\u00e0 qu&#8217;il a d\u00e9velopp\u00e9 des m\u00e9thodologies innovantes, des techniques qui perdurent dans la pratique contemporaine. M\u00e9ticuleusement \u00e9labor\u00e9 \u00e0 la main, ce Small Batch Bourbon Whiskey m\u00fbrit dans des entrep\u00f4ts centenaires, con\u00e7us et construits par nul autre qu&#8217;E.H. Taylor, Jr. Chaque f\u00fbt est m\u00e9ticuleusement \u00e9valu\u00e9 et m\u00fbri, ce qui permet d&#8217;obtenir une fusion harmonieuse de caract\u00e9ristiques distinctives in\u00e9gal\u00e9es. V\u00e9ritable bourbon \u00e0 siroter, cette cr\u00e9ation rend hommage \u00e0 l&#8217;h\u00e9ritage r\u00e9solu d&#8217;E.H. Taylor, Jr. en restant in\u00e9branlable dans sa d\u00e9votion \u00e0 une qualit\u00e9 sans compromis. ;[\/vc_column_text][\/vc_column][vc_column width=&#8221;1\/2&#8243;][vc_single_image image=&#8221;77239&#8243; img_size=&#8221;large&#8221;]<div class=\"woocommerce \"><ul class=\"products columns-3\">\n<li class=\"product type-product post-78674 status-publish first instock product_cat-kentucky-fr has-post-thumbnail taxable shipping-taxable purchasable product-type-simple\">\n\t<a href=\"https:\/\/whisky.ad\/fr\/produit\/e-h-taylor-small-batch-50-0-75l\/\" class=\"woocommerce-LoopProduct-link woocommerce-loop-product__link\"><img loading=\"lazy\" decoding=\"async\" width=\"300\" height=\"300\" src=\"https:\/\/whisky.ad\/wp-content\/uploads\/2023\/08\/eh-taylor-small-batch-desktop-bottle-1-300x300.png\" class=\"attachment-woocommerce_thumbnail size-woocommerce_thumbnail\" alt=\"E.H. Taylor Small Batch 50% 0.75l\" srcset=\"https:\/\/whisky.ad\/wp-content\/uploads\/2023\/08\/eh-taylor-small-batch-desktop-bottle-1-300x300.png 300w, https:\/\/whisky.ad\/wp-content\/uploads\/2023\/08\/eh-taylor-small-batch-desktop-bottle-1-500x500.png 500w, https:\/\/whisky.ad\/wp-content\/uploads\/2023\/08\/eh-taylor-small-batch-desktop-bottle-1-100x100.png 100w, https:\/\/whisky.ad\/wp-content\/uploads\/2023\/08\/eh-taylor-small-batch-desktop-bottle-1-150x150.png 150w, https:\/\/whisky.ad\/wp-content\/uploads\/2023\/08\/eh-taylor-small-batch-desktop-bottle-1-768x768.png 768w, https:\/\/whisky.ad\/wp-content\/uploads\/2023\/08\/eh-taylor-small-batch-desktop-bottle-1-1024x1024.png 1024w\" sizes=\"auto, (max-width: 300px) 100vw, 300px\" \/><h2 class=\"woocommerce-loop-product__title\">E.H. Taylor Small Batch 50% 0.75l<\/h2>\n\t<span class=\"price\"><span class=\"woocommerce-Price-amount amount\"><bdi><span class=\"woocommerce-Price-currencySymbol\">&euro;<\/span>69.95<\/bdi><\/span><\/span>\n<\/a><a href=\"\/fr\/wp-json\/wp\/v2\/pages\/79510?add-to-cart=78674\" aria-describedby=\"woocommerce_loop_add_to_cart_link_describedby_78674\" data-quantity=\"1\" class=\"button product_type_simple add_to_cart_button ajax_add_to_cart\" data-product_id=\"78674\" data-product_sku=\"\" aria-label=\"Ajouter au panier\u00a0: &ldquo;E.H. Taylor Small Batch 50% 0.75l&rdquo;\" rel=\"nofollow\" data-success_message=\"\u00ab\u00a0E.H. Taylor Small Batch 50% 0.75l\u00a0\u00bb a \u00e9t\u00e9 ajout\u00e9 \u00e0 votre panier\" title=\"Minimum qty is 1\">Ajouter au panier<\/a>\t<span id=\"woocommerce_loop_add_to_cart_link_describedby_78674\" class=\"screen-reader-text\">\n\t\t\t<\/span>\n<\/li>\n<\/ul>\n<\/div>[\/vc_column][\/vc_row]\n","protected":false},"excerpt":{"rendered":"<p>[vc_row type=&#8221;container&#8221; padding_top=&#8221;&#8221; padding_bottom=&#8221;&#8221;][vc_column width=&#8221;1\/2&#8243;][vc_column_text]La collection E.H. Taylor, Jr. pr\u00e9sente une offre extraordinaire : le Kentucky Straight Bourbon Whiskey sous la forme de E.H. Taylor, Jr. Small Batch. Consid\u00e9r\u00e9 comme un pionnier du bourbon, le colonel Edmund Haynes Taylor, Jr. a ciment\u00e9 un h\u00e9ritage durable. Il s&#8217;est engag\u00e9 dans cette voie peu apr\u00e8s la fin [&hellip;]<\/p>\n","protected":false},"author":1,"featured_media":0,"parent":77907,"menu_order":0,"comment_status":"closed","ping_status":"closed","template":"page-full-width.php","meta":{"_acf_changed":false,"footnotes":""},"class_list":["post-79510","page","type-page","status-publish","hentry"],"acf":[],"aioseo_notices":[],"jetpack_sharing_enabled":true,"jetpack_shortlink":"https:\/\/wp.me\/PemYjf-kGq","_links":{"self":[{"href":"https:\/\/whisky.ad\/fr\/wp-json\/wp\/v2\/pages\/79510","targetHints":{"allow":["GET"]}}],"collection":[{"href":"https:\/\/whisky.ad\/fr\/wp-json\/wp\/v2\/pages"}],"about":[{"href":"https:\/\/whisky.ad\/fr\/wp-json\/wp\/v2\/types\/page"}],"author":[{"embeddable":true,"href":"https:\/\/whisky.ad\/fr\/wp-json\/wp\/v2\/users\/1"}],"replies":[{"embeddable":true,"href":"https:\/\/whisky.ad\/fr\/wp-json\/wp\/v2\/comments?post=79510"}],"version-history":[{"count":3,"href":"https:\/\/whisky.ad\/fr\/wp-json\/wp\/v2\/pages\/79510\/revisions"}],"predecessor-version":[{"id":79513,"href":"https:\/\/whisky.ad\/fr\/wp-json\/wp\/v2\/pages\/79510\/revisions\/79513"}],"up":[{"embeddable":true,"href":"https:\/\/whisky.ad\/fr\/wp-json\/wp\/v2\/pages\/77907"}],"wp:attachment":[{"href":"https:\/\/whisky.ad\/fr\/wp-json\/wp\/v2\/media?parent=79510"}],"curies":[{"name":"wp","href":"https:\/\/api.w.org\/{rel}","templated":true}]}}