{"id":79485,"date":"2022-12-16T11:15:43","date_gmt":"2022-12-16T10:15:43","guid":{"rendered":"https:\/\/whisky.ad\/whisky\/southern-comfort\/"},"modified":"2023-12-16T12:37:28","modified_gmt":"2023-12-16T11:37:28","slug":"southern-comfort","status":"publish","type":"page","link":"https:\/\/whisky.ad\/fr\/whisky\/southern-comfort\/","title":{"rendered":"Southern Comfort"},"content":{"rendered":"[vc_row type=&#8221;container&#8221; padding_top=&#8221;&#8221; padding_bottom=&#8221;&#8221;][vc_column width=&#8221;1\/2&#8243;][vc_column_text]\n<h2>LE WHISKEY ORIGINAL POUR TOUTES LES OCCASIONS.<\/h2>\n<p>En 1874, Southern Comfort a vu le jour gr\u00e2ce \u00e0 un visionnaire qui a suivi son propre chemin. M.W. Heron se demandait pourquoi le whisky devait \u00eatre \u00e2pre et \u00e9crasant. Il a imagin\u00e9 une alternative plus douce et plus d\u00e9licieuse. En m\u00e9langeant des fruits \u00e0 noyaux et des \u00e9pices, sa recette a donn\u00e9 naissance \u00e0 une saveur am\u00e9ricaine embl\u00e9matique. Aujourd&#8217;hui, pr\u00e8s de 150 ans plus tard, le Southern Comfort est toujours aussi caract\u00e9ristique. Il est satisfaisant tel quel et s&#8217;ajoute d\u00e9licieusement \u00e0 n&#8217;importe quelle boisson m\u00e9lang\u00e9e. Aucun autre spiritueux ne s&#8217;adapte aussi bien \u00e0 vos pr\u00e9f\u00e9rences, quelle que soit la mani\u00e8re dont vous le d\u00e9gustez ou la compagnie que vous fr\u00e9quentez.   <\/p>\n<p><strong>Il s&#8217;agit d&#8217;un whisky qui red\u00e9finit sa propre essence, \u00e9labor\u00e9 pour votre plaisir. NOUS AVONS REDEFINI LES R\u00c8GLES DU WHISKEY. <\/strong><\/p>\n<p>Depuis 1874, Southern Comfort est fabriqu\u00e9 selon le savoir-faire am\u00e9ricain traditionnel, auquel nous avons ajout\u00e9 des touches uniques. Que vous soyez attir\u00e9 par le whisky, le bourbon, les liqueurs ou tout simplement par les boissons d\u00e9licieuses, votre esprit trouve sa place chez nous. Notre histoire est tiss\u00e9e d&#8217;histoire et d&#8217;intrigues, un m\u00e9lange homog\u00e8ne de faits et de r\u00e9cits. Prenez donc une bouteille et un compagnon ; cette histoire est toujours en train de se d\u00e9rouler.   <\/p>\n<p><strong>1950-JOUR. ;<\/strong><\/p>\n<p>1874.<br \/>\nThe Birth of a Legend.<br \/>\nM.W. Heron introduces the world to his signature blend of whiskey, fruits, and spices.<br \/>\nThe world of spirits is forever transformed.<br \/>\n1874-1898.<br \/>\nWhat&#8217;s in a Name?<br \/>\nRecords reveal that M.W. initially named his creation &#8220;Cuffs and Buttons.&#8221;<br \/>\nAs its popularity grows, he officially changes it to &#8220;Southern Comfort.&#8221; (A wise decision.)<br \/>\n1898-1900.<br \/>\nThe Golden Years.<br \/>\nSouthern Comfort earns a gold medal at the 1900 Paris Exposition.<br \/>\nM.W. opens a legendary drinking club in St. Louis that gains nationwide fame.<\/p>\n<p>1900-1945.<br \/>\nSouthern Comfort Makes History.<br \/>\n1920s-1934.<br \/>\nProhibition Challenges.<br \/>\nThe US enforces alcohol prohibition on January 17, 1920.<br \/>\nM.W. Heron passes away just months later, possibly due to a broken heart.<br \/>\nThe brand revives after the repeal.<br \/>\n1943-1945.<br \/>\nReaching New Heights.<br \/>\nSouthern Comfort supports freedom, as American B-17 bombers proudly bear its name during WWII.<br \/>\n1950s.<\/p>\n<p>Les ma\u00eetres de l&#8217;accueil. Apr\u00e8s la Seconde Guerre mondiale, l&#8217;Am\u00e9rique se lance dans le divertissement, ce qui incite Southern Comfort \u00e0 publier ses recettes embl\u00e9matiques et ses guides pour les f\u00eates, \u00e0 l&#8217;intention des amateurs de whisky du monde entier. **De 1950 \u00e0 aujourd&#8217;hui, Southern Comfort est l&#8217;un des whiskeys les plus reconnus, un choix pour ceux qui vivent leur vie comme ils l&#8217;entendent. Ann\u00e9es 1960-1970. Rock et confort. Des ic\u00f4nes du rock comme Janis Joplin adoptent Southern Comfort, faisant d\u00e9couvrir le spiritueux \u00e0 une nouvelle g\u00e9n\u00e9ration. L&#8217;entreprise exprime sa gratitude avec un manteau de fourrure. 2016. Des RDT \u00e0 base de spiritueux sont lanc\u00e9s en Australie, en Nouvelle-Z\u00e9lande, au Royaume-Uni et dans d&#8217;autres parties de l&#8217;Europe. Pour diversifier notre offre, nous avons introduit onze expressions pr\u00eates \u00e0 boire, adapt\u00e9es \u00e0 chaque r\u00e9gion g\u00e9ographique. Bien qu&#8217;une ligne RTD am\u00e9ricaine ne soit pas encore disponible, notre engagement en faveur de l&#8217;innovation s&#8217;\u00e9tend \u00e0 la cr\u00e9ation d&#8217;une RTD am\u00e9ricaine. 2017. Retour au bercail. Southern Comfort renoue avec son h\u00e9ritage de la Nouvelle-Orl\u00e9ans, en ramenant la recette \u00e0 ses racines de whisky. 2021. Lancement de Southern Comfort Malt 42 proof. En r\u00e9ponse \u00e0 la demande de magasins pratiques proposant Southern Comfort, y compris des magasins se limitant \u00e0 la bi\u00e8re, aux boissons malt\u00e9es et au vin, nous avons d\u00e9voil\u00e9 un produit malt\u00e9 au go\u00fbt fantastique et un produit exceptionnel \u00e0 base de vin sous la marque Southern Comfort.[\/vc_column_text][\/vc_column][vc_column width=&#8221;1\/2&#8243;]<div class=\"woocommerce columns-4 \"><ul class=\"products columns-4\">\n<li class=\"product type-product post-79094 status-publish first instock product_cat-kentucky-fr has-post-thumbnail taxable shipping-taxable purchasable product-type-simple\">\n\t<a href=\"https:\/\/whisky.ad\/fr\/produit\/southern-comfort-black-40-1l\/\" class=\"woocommerce-LoopProduct-link woocommerce-loop-product__link\"><img loading=\"lazy\" decoding=\"async\" width=\"300\" height=\"300\" src=\"https:\/\/whisky.ad\/wp-content\/uploads\/2023\/08\/download-11-300x300.jpeg\" class=\"attachment-woocommerce_thumbnail size-woocommerce_thumbnail\" alt=\"Southern Comfort Black 40% 1l\" srcset=\"https:\/\/whisky.ad\/wp-content\/uploads\/2023\/08\/download-11-300x300.jpeg 300w, https:\/\/whisky.ad\/wp-content\/uploads\/2023\/08\/download-11-500x500.jpeg 500w, https:\/\/whisky.ad\/wp-content\/uploads\/2023\/08\/download-11-100x100.jpeg 100w, https:\/\/whisky.ad\/wp-content\/uploads\/2023\/08\/download-11-150x150.jpeg 150w, https:\/\/whisky.ad\/wp-content\/uploads\/2023\/08\/download-11-768x768.jpeg 768w, https:\/\/whisky.ad\/wp-content\/uploads\/2023\/08\/download-11-1024x1024.jpeg 1024w\" sizes=\"auto, (max-width: 300px) 100vw, 300px\" \/><h2 class=\"woocommerce-loop-product__title\">Southern Comfort Black 40% 1l<\/h2>\n\t<span class=\"price\"><span class=\"woocommerce-Price-amount amount\"><bdi><span class=\"woocommerce-Price-currencySymbol\">&euro;<\/span>9.49<\/bdi><\/span><\/span>\n<\/a><a href=\"\/fr\/wp-json\/wp\/v2\/pages\/79485?add-to-cart=79094\" aria-describedby=\"woocommerce_loop_add_to_cart_link_describedby_79094\" data-quantity=\"1\" class=\"button product_type_simple add_to_cart_button ajax_add_to_cart\" data-product_id=\"79094\" data-product_sku=\"\" aria-label=\"Ajouter au panier\u00a0: &ldquo;Southern Comfort Black 40% 1l&rdquo;\" rel=\"nofollow\" data-success_message=\"\u00ab\u00a0Southern Comfort Black 40% 1l\u00a0\u00bb a \u00e9t\u00e9 ajout\u00e9 \u00e0 votre panier\" title=\"Minimum qty is 1\">Ajouter au panier<\/a>\t<span id=\"woocommerce_loop_add_to_cart_link_describedby_79094\" class=\"screen-reader-text\">\n\t\t\t<\/span>\n<\/li>\n<li class=\"product type-product post-79097 status-publish instock product_cat-kentucky-fr has-post-thumbnail taxable shipping-taxable purchasable product-type-simple\">\n\t<a href=\"https:\/\/whisky.ad\/fr\/produit\/southern-comfort-original-35-0-7l\/\" class=\"woocommerce-LoopProduct-link woocommerce-loop-product__link\"><img loading=\"lazy\" decoding=\"async\" width=\"300\" height=\"300\" src=\"https:\/\/whisky.ad\/wp-content\/uploads\/2023\/08\/download-10-300x300.jpeg\" class=\"attachment-woocommerce_thumbnail size-woocommerce_thumbnail\" alt=\"Southern Comfort Original 35% 0.7l\" srcset=\"https:\/\/whisky.ad\/wp-content\/uploads\/2023\/08\/download-10-300x300.jpeg 300w, https:\/\/whisky.ad\/wp-content\/uploads\/2023\/08\/download-10-500x500.jpeg 500w, https:\/\/whisky.ad\/wp-content\/uploads\/2023\/08\/download-10-100x100.jpeg 100w, https:\/\/whisky.ad\/wp-content\/uploads\/2023\/08\/download-10-150x150.jpeg 150w, https:\/\/whisky.ad\/wp-content\/uploads\/2023\/08\/download-10-768x768.jpeg 768w, https:\/\/whisky.ad\/wp-content\/uploads\/2023\/08\/download-10-1024x1024.jpeg 1024w\" sizes=\"auto, (max-width: 300px) 100vw, 300px\" \/><h2 class=\"woocommerce-loop-product__title\">Southern Comfort Original 35% 0.7l<\/h2>\n\t<span class=\"price\"><span class=\"woocommerce-Price-amount amount\"><bdi><span class=\"woocommerce-Price-currencySymbol\">&euro;<\/span>7.39<\/bdi><\/span><\/span>\n<\/a><a href=\"\/fr\/wp-json\/wp\/v2\/pages\/79485?add-to-cart=79097\" aria-describedby=\"woocommerce_loop_add_to_cart_link_describedby_79097\" data-quantity=\"1\" class=\"button product_type_simple add_to_cart_button ajax_add_to_cart\" data-product_id=\"79097\" data-product_sku=\"\" aria-label=\"Ajouter au panier\u00a0: &ldquo;Southern Comfort Original 35% 0.7l&rdquo;\" rel=\"nofollow\" data-success_message=\"\u00ab\u00a0Southern Comfort Original 35% 0.7l\u00a0\u00bb a \u00e9t\u00e9 ajout\u00e9 \u00e0 votre panier\" title=\"Minimum qty is 1\">Ajouter au panier<\/a>\t<span id=\"woocommerce_loop_add_to_cart_link_describedby_79097\" class=\"screen-reader-text\">\n\t\t\t<\/span>\n<\/li>\n<\/ul>\n<\/div>[\/vc_column][\/vc_row]\n","protected":false},"excerpt":{"rendered":"<p>[vc_row type=&#8221;container&#8221; padding_top=&#8221;&#8221; padding_bottom=&#8221;&#8221;][vc_column width=&#8221;1\/2&#8243;][vc_column_text] LE WHISKEY ORIGINAL POUR TOUTES LES OCCASIONS. En 1874, Southern Comfort a vu le jour gr\u00e2ce \u00e0 un visionnaire qui a suivi son propre chemin. M.W. Heron se demandait pourquoi le whisky devait \u00eatre \u00e2pre et \u00e9crasant. Il a imagin\u00e9 une alternative plus douce et plus d\u00e9licieuse. En m\u00e9langeant des [&hellip;]<\/p>\n","protected":false},"author":1,"featured_media":0,"parent":77907,"menu_order":0,"comment_status":"closed","ping_status":"closed","template":"page-full-width.php","meta":{"_acf_changed":false,"footnotes":""},"class_list":["post-79485","page","type-page","status-publish","hentry"],"acf":[],"aioseo_notices":[],"jetpack_sharing_enabled":true,"jetpack_shortlink":"https:\/\/wp.me\/PemYjf-kG1","_links":{"self":[{"href":"https:\/\/whisky.ad\/fr\/wp-json\/wp\/v2\/pages\/79485","targetHints":{"allow":["GET"]}}],"collection":[{"href":"https:\/\/whisky.ad\/fr\/wp-json\/wp\/v2\/pages"}],"about":[{"href":"https:\/\/whisky.ad\/fr\/wp-json\/wp\/v2\/types\/page"}],"author":[{"embeddable":true,"href":"https:\/\/whisky.ad\/fr\/wp-json\/wp\/v2\/users\/1"}],"replies":[{"embeddable":true,"href":"https:\/\/whisky.ad\/fr\/wp-json\/wp\/v2\/comments?post=79485"}],"version-history":[{"count":5,"href":"https:\/\/whisky.ad\/fr\/wp-json\/wp\/v2\/pages\/79485\/revisions"}],"predecessor-version":[{"id":79490,"href":"https:\/\/whisky.ad\/fr\/wp-json\/wp\/v2\/pages\/79485\/revisions\/79490"}],"up":[{"embeddable":true,"href":"https:\/\/whisky.ad\/fr\/wp-json\/wp\/v2\/pages\/77907"}],"wp:attachment":[{"href":"https:\/\/whisky.ad\/fr\/wp-json\/wp\/v2\/media?parent=79485"}],"curies":[{"name":"wp","href":"https:\/\/api.w.org\/{rel}","templated":true}]}}