{"id":79474,"date":"2022-12-16T11:19:06","date_gmt":"2022-12-16T10:19:06","guid":{"rendered":"https:\/\/whisky.ad\/whisky\/seagram\/"},"modified":"2023-12-16T12:04:48","modified_gmt":"2023-12-16T11:04:48","slug":"seagram","status":"publish","type":"page","link":"https:\/\/whisky.ad\/fr\/whisky\/seagram\/","title":{"rendered":"Seagram"},"content":{"rendered":"[vc_row type=&#8221;container&#8221; padding_top=&#8221;&#8221; padding_bottom=&#8221;&#8221;][vc_column width=&#8221;1\/2&#8243;][vc_column_text]Seagram Distillers EXPERT DISTILLING &amp; BLENDING La branche florissante de Seagram, le g\u00e9ant canadien de la distillation, sp\u00e9cialis\u00e9e dans l&#8217;art de produire un whisky \u00e9cossais exceptionnel. Seagram Distillers : Un regard plus attentif Filiale \u00e0 100 % du c\u00e9l\u00e8bre g\u00e9ant canadien des boissons Seagram, Seagram Distillers PLC a \u00e9t\u00e9 cr\u00e9\u00e9e pour superviser les entreprises \u00e9cossaises du conglom\u00e9rat, notamment Chivas Brothers et Glenlivet Distillers. Issue de la famille Bronfman, qui s&#8217;est enrichie en fournissant de l&#8217;alcool aux contrebandiers \u00e0 l&#8217;\u00e9poque de la Prohibition, cette soci\u00e9t\u00e9 a jou\u00e9 un r\u00f4le essentiel dans l&#8217;am\u00e9lioration de la r\u00e9putation mondiale du whisky \u00e9cossais Chivas Regal. Cependant, apr\u00e8s avoir essuy\u00e9 d&#8217;importants revers dans l&#8217;industrie de la musique et du divertissement, l&#8217;entreprise a \u00e9t\u00e9 dissoute en 2001. Par la suite, ses pr\u00e9cieux actifs dans le domaine des vins et spiritueux ont \u00e9t\u00e9 rachet\u00e9s par Diageo et Pernod Ricard. Les origines de Seagram Distillers L&#8217;histoire de Seagram remonte \u00e0 1857, \u00e0 Waterloo (Ontario), avec la cr\u00e9ation de Joseph E. Seagram Co Ltd. Plus d&#8217;un demi-si\u00e8cle plus tard, en 1928, les fr\u00e8res Bronfman, propri\u00e9taires de la Distillers Corporation Ltd, bas\u00e9e \u00e0 Montr\u00e9al, acqui\u00e8rent Seagram, la transformant en une entit\u00e9 de renomm\u00e9e internationale. La Distillers Corporation, cr\u00e9\u00e9e conjointement par la famille Bronfman et la Distillers Company Ltd (DCL), bas\u00e9e au Royaume-Uni, g\u00e8re la distribution des marques de whisky \u00e9cossais de DCL au Canada. Elle a \u00e9galement cr\u00e9\u00e9 une s\u00e9paration entre DCL et les contrebandiers qui se procuraient l\u00e9galement des stocks de whisky au Canada et les introduisaient ensuite en contrebande aux \u00c9tats-Unis pendant la Prohibition. Apr\u00e8s la fin de la Prohibition en 1933, la famille Bronfman a acquis les parts de DCL dans la Distillers Corporation, cherchant \u00e0 \u00e9tendre son empire de la distillerie. En 1935, sous la direction de Sam Bronfman, l&#8217;a\u00een\u00e9 des fr\u00e8res Bronfman, Seagram Distillers Co. est constitu\u00e9e en soci\u00e9t\u00e9 en \u00c9cosse. Gr\u00e2ce \u00e0 ses relations avec le courtier en whisky \u00e9cossais Jimmy Barclay, la soci\u00e9t\u00e9 acquiert la soci\u00e9t\u00e9 Robert Brown Ltd de Paisley, ainsi que son important stock de whiskies matures. L&#8217;ann\u00e9e suivante, Seagram int\u00e8gre Chivas Brothers \u00e0 son portefeuille, puis acquiert la distillerie Milton (rebaptis\u00e9e Strathisla) et d&#8217;autres soci\u00e9t\u00e9s poss\u00e9dant des stocks de whisky de grande valeur. Pour r\u00e9pondre \u00e0 la demande croissante de whisky, Seagram construit Glen Keith, une distillerie moderne adjacente \u00e0 Strathisla, pionni\u00e8re dans l&#8217;utilisation du gaz comme source de carburant. Parall\u00e8lement, la soci\u00e9t\u00e9 \u00e9tablit un nouveau si\u00e8ge social, un complexe d&#8217;embouteillage et d&#8217;entreposage pr\u00e8s de Paisley en 1949, compl\u00e9t\u00e9 par une autre installation \u00e0 Dalmuir, Clydebank, en 1970. Transition et expansion Le d\u00e9c\u00e8s de Sam Bronfman en 1971 marque le transfert de la direction op\u00e9rationnelle \u00e0 son fils, Edgar. C&#8217;est \u00e0 cette \u00e9poque que la distillerie Braes of Glenlivet (aujourd&#8217;hui Braeval) a \u00e9t\u00e9 planifi\u00e9e et finalement \u00e9tablie en 1973, suivie par l&#8217;ajout de la distillerie Allt-a-Bhainne, bas\u00e9e \u00e0 Glenrinnes, en 1975. La croissance se poursuivit en 1977 avec l&#8217;acquisition de Glenlivet Distillers Ltd, un conglom\u00e9rat form\u00e9 en 1970 par la fusion des distilleries The Glenlivet, Glen Grant, Longmorn, Caperdonich et BenRiach, ainsi que de blender Hill, Thompson &amp; ; Co. d&#8217;Edimbourg. Changement de cap et transformation En juin 1994, Edgar Bronfman Jr. prend la direction de l&#8217;entreprise et souhaite diversifier le portefeuille de Seagram en s&#8217;aventurant dans l&#8217;industrie du cin\u00e9ma et de la t\u00e9l\u00e9vision. C&#8217;est ainsi qu&#8217;il acquiert MCA, qui poss\u00e8de Universal Pictures et des parcs \u00e0 th\u00e8me, ainsi que Polygram et Deutsche Grammophon. En 2000, il est devenu \u00e9vident que l&#8217;incursion d&#8217;Edgar Jr. dans le secteur du divertissement n&#8217;avait pas donn\u00e9 les r\u00e9sultats escompt\u00e9s. Par la suite, Seagram a \u00e9t\u00e9 vendue au g\u00e9ant fran\u00e7ais du divertissement Vivendi, ce qui a entra\u00een\u00e9 la s\u00e9paration de l&#8217;entreprise. Les actifs de Seagram dans le domaine des vins et spiritueux ont \u00e9t\u00e9 repris par Diageo et Pernod Ricard. L&#8217;oncle d&#8217;Edgar Jr. a qualifi\u00e9 la chute de Seagram de &#8220;d\u00e9sastre et de trag\u00e9die familiale&#8221; ;[\/vc_column_text][\/vc_column][vc_column width=&#8221;1\/2&#8243;][vc_single_image image=&#8221;77182&#8243; img_size=&#8221;large&#8221;]<div class=\"woocommerce columns-4 \"><ul class=\"products columns-4\">\n<li class=\"product type-product post-80184 status-publish first instock product_cat-whisky-by-brand-fr product_cat-seagram-fr product_cat-canada-fr has-post-thumbnail taxable shipping-taxable purchasable product-type-simple\">\n\t<a href=\"https:\/\/whisky.ad\/fr\/produit\/seagrams-vo-whisky-0-7l-40\/\" class=\"woocommerce-LoopProduct-link woocommerce-loop-product__link\"><img loading=\"lazy\" decoding=\"async\" width=\"300\" height=\"300\" src=\"https:\/\/whisky.ad\/wp-content\/uploads\/2023\/07\/Seagram-VO-300x300.png\" class=\"attachment-woocommerce_thumbnail size-woocommerce_thumbnail\" alt=\"SEAGRAM\u00b4S VO WHISKY 0.7L 40%\" srcset=\"https:\/\/whisky.ad\/wp-content\/uploads\/2023\/07\/Seagram-VO-300x300.png 300w, https:\/\/whisky.ad\/wp-content\/uploads\/2023\/07\/Seagram-VO-500x500.png 500w, https:\/\/whisky.ad\/wp-content\/uploads\/2023\/07\/Seagram-VO-100x100.png 100w, https:\/\/whisky.ad\/wp-content\/uploads\/2023\/07\/Seagram-VO-150x150.png 150w, https:\/\/whisky.ad\/wp-content\/uploads\/2023\/07\/Seagram-VO-768x768.png 768w, https:\/\/whisky.ad\/wp-content\/uploads\/2023\/07\/Seagram-VO-1024x1024.png 1024w\" sizes=\"auto, (max-width: 300px) 100vw, 300px\" \/><h2 class=\"woocommerce-loop-product__title\">SEAGRAM\u00b4S VO WHISKY 0.7L 40%<\/h2>\n\t<span class=\"price\"><span class=\"woocommerce-Price-amount amount\"><bdi><span class=\"woocommerce-Price-currencySymbol\">&euro;<\/span>12.95<\/bdi><\/span><\/span>\n<\/a><a href=\"\/fr\/wp-json\/wp\/v2\/pages\/79474?add-to-cart=80184\" aria-describedby=\"woocommerce_loop_add_to_cart_link_describedby_80184\" data-quantity=\"1\" class=\"button product_type_simple add_to_cart_button ajax_add_to_cart\" data-product_id=\"80184\" data-product_sku=\"\" aria-label=\"Ajouter au panier\u00a0: &ldquo;SEAGRAM\u00b4S VO WHISKY 0.7L 40%&rdquo;\" rel=\"nofollow\" data-success_message=\"\u00ab\u00a0SEAGRAM\u00b4S VO WHISKY 0.7L 40%\u00a0\u00bb a \u00e9t\u00e9 ajout\u00e9 \u00e0 votre panier\" title=\"Minimum qty is 1\">Ajouter au panier<\/a>\t<span id=\"woocommerce_loop_add_to_cart_link_describedby_80184\" class=\"screen-reader-text\">\n\t\t\t<\/span>\n<\/li>\n<\/ul>\n<\/div>[\/vc_column][\/vc_row]\n","protected":false},"excerpt":{"rendered":"<p>[vc_row type=&#8221;container&#8221; padding_top=&#8221;&#8221; padding_bottom=&#8221;&#8221;][vc_column width=&#8221;1\/2&#8243;][vc_column_text]Seagram Distillers EXPERT DISTILLING &amp; BLENDING La branche florissante de Seagram, le g\u00e9ant canadien de la distillation, sp\u00e9cialis\u00e9e dans l&#8217;art de produire un whisky \u00e9cossais exceptionnel. Seagram Distillers : Un regard plus attentif Filiale \u00e0 100 % du c\u00e9l\u00e8bre g\u00e9ant canadien des boissons Seagram, Seagram Distillers PLC a \u00e9t\u00e9 cr\u00e9\u00e9e pour [&hellip;]<\/p>\n","protected":false},"author":1,"featured_media":0,"parent":77907,"menu_order":0,"comment_status":"closed","ping_status":"closed","template":"page-full-width.php","meta":{"_acf_changed":false,"footnotes":""},"class_list":["post-79474","page","type-page","status-publish","hentry"],"acf":[],"aioseo_notices":[],"jetpack_sharing_enabled":true,"jetpack_shortlink":"https:\/\/wp.me\/PemYjf-kFQ","_links":{"self":[{"href":"https:\/\/whisky.ad\/fr\/wp-json\/wp\/v2\/pages\/79474","targetHints":{"allow":["GET"]}}],"collection":[{"href":"https:\/\/whisky.ad\/fr\/wp-json\/wp\/v2\/pages"}],"about":[{"href":"https:\/\/whisky.ad\/fr\/wp-json\/wp\/v2\/types\/page"}],"author":[{"embeddable":true,"href":"https:\/\/whisky.ad\/fr\/wp-json\/wp\/v2\/users\/1"}],"replies":[{"embeddable":true,"href":"https:\/\/whisky.ad\/fr\/wp-json\/wp\/v2\/comments?post=79474"}],"version-history":[{"count":3,"href":"https:\/\/whisky.ad\/fr\/wp-json\/wp\/v2\/pages\/79474\/revisions"}],"predecessor-version":[{"id":79477,"href":"https:\/\/whisky.ad\/fr\/wp-json\/wp\/v2\/pages\/79474\/revisions\/79477"}],"up":[{"embeddable":true,"href":"https:\/\/whisky.ad\/fr\/wp-json\/wp\/v2\/pages\/77907"}],"wp:attachment":[{"href":"https:\/\/whisky.ad\/fr\/wp-json\/wp\/v2\/media?parent=79474"}],"curies":[{"name":"wp","href":"https:\/\/api.w.org\/{rel}","templated":true}]}}