{"id":79462,"date":"2022-12-16T11:14:52","date_gmt":"2022-12-16T10:14:52","guid":{"rendered":"https:\/\/whisky.ad\/whisky\/sazerac\/"},"modified":"2023-12-16T11:45:21","modified_gmt":"2023-12-16T10:45:21","slug":"sazerac","status":"publish","type":"page","link":"https:\/\/whisky.ad\/fr\/whisky\/sazerac\/","title":{"rendered":"Sazerac"},"content":{"rendered":"[vc_row type=&#8221;container&#8221; padding_top=&#8221;&#8221; padding_bottom=&#8221;&#8221;][vc_column][vc_images_carousel images=&#8221;77455&#8243; img_size=&#8221;full&#8221;][vc_column_text]<strong>Un h\u00e9ritage de pr\u00e8s de 400 ans : Le pass\u00e9, le pr\u00e9sent et l&#8217;avenir<\/strong><\/p>\n<p>Avec une histoire enrichie par pr\u00e8s de quatre si\u00e8cles, notre parcours est une tapisserie de r\u00e9cits remarquables, et notre trajectoire est pr\u00eate pour un avenir encore plus radieux. Depuis le d\u00e9but, notre \u00e9volution a \u00e9t\u00e9 guid\u00e9e par des pierres angulaires fondamentales &#8211; une vigueur entrepreneuriale inn\u00e9e, une aspiration \u00e0 l&#8217;\u00e9panouissement et une r\u00e9silience in\u00e9branlable. Nos origines sont profond\u00e9ment ancr\u00e9es dans le domaine du cognac en France, qui a ensuite ouvert la voie \u00e0 l&#8217;\u00e9mergence des caf\u00e9s et des bars \u00e0 la Nouvelle-Orl\u00e9ans, au cocktail embl\u00e9matique Sazerac, et qui a finalement abouti \u00e0 la formation de l&#8217;entit\u00e9 estim\u00e9e que nous connaissons aujourd&#8217;hui sous le nom de Sazerac Company. L&#8217;enthousiasme pour les chapitres \u00e0 venir est palpable, car nous nous lan\u00e7ons dans notre r\u00f4le de premi\u00e8re entreprise mondiale de spiritueux qui s&#8217;engage \u00e0 pr\u00e9senter les meilleures libations du monde \u00e0 nos clients estim\u00e9s. Parall\u00e8lement, nous nous engageons \u00e0 favoriser un environnement de travail exceptionnel pour notre \u00e9quipe et \u00e0 faire preuve d&#8217;un int\u00e9r\u00eat sinc\u00e8re pour les communaut\u00e9s dont nous faisons partie int\u00e9grante. <\/p>\n<p><strong>Des ann\u00e9es 1630 \u00e0 1800 &#8211; R\u00e9gion fran\u00e7aise de Cognac : Nos origines fran\u00e7aises<\/strong><\/p>\n<p>Notre saga commence dans la r\u00e9gion de Cognac, dans l&#8217;ouest de la France, o\u00f9 le nom de la famille Sazerac suscite l&#8217;admiration et la v\u00e9n\u00e9ration dans le monde des spiritueux. Le Sazerac de Forge et Fils, \u00e9ponyme, a \u00e9t\u00e9 le premier spiritueux utilis\u00e9 dans la cr\u00e9ation du cocktail Sazerac et est devenu par la suite synonyme de l&#8217;illustre caf\u00e9 Sazerac <\/p>\n<p><strong>1800 \u00e0 1850 &#8211; La Nouvelle-Orl\u00e9ans : Le Sazerac arrive dans la grande ville<\/strong><\/p>\n<p>L&#8217;h\u00e9ritage de Sazerac s&#8217;\u00e9tend jusqu&#8217;\u00e0 la Nouvelle-Orl\u00e9ans, o\u00f9 le cognac Sazerac De Forge Et Fils a trouv\u00e9 sa place et est rapidement devenu un favori local, donnant naissance \u00e0 diverses versions de la Sazerac House. Situ\u00e9s au c\u0153ur du quartier historique de la Nouvelle-Orl\u00e9ans, ces \u00e9tablissements, ainsi que leurs illustres propri\u00e9taires et clients, ont jou\u00e9 un r\u00f4le d\u00e9terminant dans le fa\u00e7onnement du paysage de la vente d&#8217;alcool en gros, qui allait \u00e9voluer vers la prosp\u00e8re Sazerac Company. <\/p>\n<p><strong>1900 \u00e0 1950 &#8211; La Nouvelle-Orl\u00e9ans : La prohibition fait bouger les choses<\/strong><\/p>\n<p>L&#8217;aube du XXe si\u00e8cle a marqu\u00e9 le d\u00e9but d&#8217;une \u00e8re de croissance et d&#8217;expansion, alors que la Sazerac Company naviguait dans le paysage dynamique de l&#8217;industrie des spiritueux. Cette p\u00e9riode a vu le lancement de la vodka TAAKA, pionni\u00e8re sur le march\u00e9 am\u00e9ricain, qui est devenue l&#8217;une de nos marques les plus triomphantes <\/p>\n<p><strong>De 2000 \u00e0 aujourd&#8217;hui &#8211; Global : Sazerac boucle la boucle<\/strong><\/p>\n<p>\u00c0 l&#8217;aube du XXIe si\u00e8cle, la Sazerac Company s&#8217;est engag\u00e9e dans une trajectoire qui a boucl\u00e9 la boucle, renouant avec ses racines tout en s&#8217;engageant vers de nouveaux horizons. Des initiatives telles que l&#8217;achat de la distillerie A. Smith Bowman, l&#8217;introduction du whiskey de seigle Sazerac rappelant son homologue des ann\u00e9es 1880, et l&#8217;acquisition de marques et d&#8217;installations r\u00e9put\u00e9es ont consolid\u00e9 notre statut d&#8217;entreprise mondiale de premier plan. Tout au long de son parcours riche et vari\u00e9, la soci\u00e9t\u00e9 Sazerac continue de t\u00e9moigner de sa r\u00e9silience, de son sens de l&#8217;innovation et de son h\u00e9ritage qui s&#8217;\u00e9tend sur plusieurs g\u00e9n\u00e9rations. Alors que nous nous lan\u00e7ons dans de nouveaux horizons, nous reprenons le flambeau allum\u00e9 il y a pr\u00e8s de 400 ans, guid\u00e9s par un engagement in\u00e9branlable en faveur de l&#8217;excellence, de la communaut\u00e9 et de la recherche de spiritueux exceptionnels. L&#8217;avenir est plus brillant que jamais, alors que nous \u00e9crivons le prochain chapitre de notre histoire durable[\/vc_column_text]<div class=\"woocommerce columns-4 \"><ul class=\"products columns-4\">\n<li class=\"product type-product post-78674 status-publish first instock product_cat-kentucky-fr has-post-thumbnail taxable shipping-taxable purchasable product-type-simple\">\n\t<a href=\"https:\/\/whisky.ad\/fr\/produit\/e-h-taylor-small-batch-50-0-75l\/\" class=\"woocommerce-LoopProduct-link woocommerce-loop-product__link\"><img loading=\"lazy\" decoding=\"async\" width=\"300\" height=\"300\" src=\"https:\/\/whisky.ad\/wp-content\/uploads\/2023\/08\/eh-taylor-small-batch-desktop-bottle-1-300x300.png\" class=\"attachment-woocommerce_thumbnail size-woocommerce_thumbnail\" alt=\"E.H. Taylor Small Batch 50% 0.75l\" srcset=\"https:\/\/whisky.ad\/wp-content\/uploads\/2023\/08\/eh-taylor-small-batch-desktop-bottle-1-300x300.png 300w, https:\/\/whisky.ad\/wp-content\/uploads\/2023\/08\/eh-taylor-small-batch-desktop-bottle-1-500x500.png 500w, https:\/\/whisky.ad\/wp-content\/uploads\/2023\/08\/eh-taylor-small-batch-desktop-bottle-1-100x100.png 100w, https:\/\/whisky.ad\/wp-content\/uploads\/2023\/08\/eh-taylor-small-batch-desktop-bottle-1-150x150.png 150w, https:\/\/whisky.ad\/wp-content\/uploads\/2023\/08\/eh-taylor-small-batch-desktop-bottle-1-768x768.png 768w, https:\/\/whisky.ad\/wp-content\/uploads\/2023\/08\/eh-taylor-small-batch-desktop-bottle-1-1024x1024.png 1024w\" sizes=\"auto, (max-width: 300px) 100vw, 300px\" \/><h2 class=\"woocommerce-loop-product__title\">E.H. Taylor Small Batch 50% 0.75l<\/h2>\n\t<span class=\"price\"><span class=\"woocommerce-Price-amount amount\"><bdi><span class=\"woocommerce-Price-currencySymbol\">&euro;<\/span>69.95<\/bdi><\/span><\/span>\n<\/a><a href=\"\/fr\/wp-json\/wp\/v2\/pages\/79462?add-to-cart=78674\" aria-describedby=\"woocommerce_loop_add_to_cart_link_describedby_78674\" data-quantity=\"1\" class=\"button product_type_simple add_to_cart_button ajax_add_to_cart\" data-product_id=\"78674\" data-product_sku=\"\" aria-label=\"Ajouter au panier\u00a0: &ldquo;E.H. Taylor Small Batch 50% 0.75l&rdquo;\" rel=\"nofollow\" data-success_message=\"\u00ab\u00a0E.H. Taylor Small Batch 50% 0.75l\u00a0\u00bb a \u00e9t\u00e9 ajout\u00e9 \u00e0 votre panier\" title=\"Minimum qty is 1\">Ajouter au panier<\/a>\t<span id=\"woocommerce_loop_add_to_cart_link_describedby_78674\" class=\"screen-reader-text\">\n\t\t\t<\/span>\n<\/li>\n<li class=\"product type-product post-79097 status-publish instock product_cat-kentucky-fr has-post-thumbnail taxable shipping-taxable purchasable product-type-simple\">\n\t<a href=\"https:\/\/whisky.ad\/fr\/produit\/southern-comfort-original-35-0-7l\/\" class=\"woocommerce-LoopProduct-link woocommerce-loop-product__link\"><img loading=\"lazy\" decoding=\"async\" width=\"300\" height=\"300\" src=\"https:\/\/whisky.ad\/wp-content\/uploads\/2023\/08\/download-10-300x300.jpeg\" class=\"attachment-woocommerce_thumbnail size-woocommerce_thumbnail\" alt=\"Southern Comfort Original 35% 0.7l\" srcset=\"https:\/\/whisky.ad\/wp-content\/uploads\/2023\/08\/download-10-300x300.jpeg 300w, https:\/\/whisky.ad\/wp-content\/uploads\/2023\/08\/download-10-500x500.jpeg 500w, https:\/\/whisky.ad\/wp-content\/uploads\/2023\/08\/download-10-100x100.jpeg 100w, https:\/\/whisky.ad\/wp-content\/uploads\/2023\/08\/download-10-150x150.jpeg 150w, https:\/\/whisky.ad\/wp-content\/uploads\/2023\/08\/download-10-768x768.jpeg 768w, https:\/\/whisky.ad\/wp-content\/uploads\/2023\/08\/download-10-1024x1024.jpeg 1024w\" sizes=\"auto, (max-width: 300px) 100vw, 300px\" \/><h2 class=\"woocommerce-loop-product__title\">Southern Comfort Original 35% 0.7l<\/h2>\n\t<span class=\"price\"><span class=\"woocommerce-Price-amount amount\"><bdi><span class=\"woocommerce-Price-currencySymbol\">&euro;<\/span>7.39<\/bdi><\/span><\/span>\n<\/a><a href=\"\/fr\/wp-json\/wp\/v2\/pages\/79462?add-to-cart=79097\" aria-describedby=\"woocommerce_loop_add_to_cart_link_describedby_79097\" data-quantity=\"1\" class=\"button product_type_simple add_to_cart_button ajax_add_to_cart\" data-product_id=\"79097\" data-product_sku=\"\" aria-label=\"Ajouter au panier\u00a0: &ldquo;Southern Comfort Original 35% 0.7l&rdquo;\" rel=\"nofollow\" data-success_message=\"\u00ab\u00a0Southern Comfort Original 35% 0.7l\u00a0\u00bb a \u00e9t\u00e9 ajout\u00e9 \u00e0 votre panier\" title=\"Minimum qty is 1\">Ajouter au panier<\/a>\t<span id=\"woocommerce_loop_add_to_cart_link_describedby_79097\" class=\"screen-reader-text\">\n\t\t\t<\/span>\n<\/li>\n<li class=\"product type-product post-79094 status-publish instock product_cat-kentucky-fr has-post-thumbnail taxable shipping-taxable purchasable product-type-simple\">\n\t<a href=\"https:\/\/whisky.ad\/fr\/produit\/southern-comfort-black-40-1l\/\" class=\"woocommerce-LoopProduct-link woocommerce-loop-product__link\"><img loading=\"lazy\" decoding=\"async\" width=\"300\" height=\"300\" src=\"https:\/\/whisky.ad\/wp-content\/uploads\/2023\/08\/download-11-300x300.jpeg\" class=\"attachment-woocommerce_thumbnail size-woocommerce_thumbnail\" alt=\"Southern Comfort Black 40% 1l\" srcset=\"https:\/\/whisky.ad\/wp-content\/uploads\/2023\/08\/download-11-300x300.jpeg 300w, https:\/\/whisky.ad\/wp-content\/uploads\/2023\/08\/download-11-500x500.jpeg 500w, https:\/\/whisky.ad\/wp-content\/uploads\/2023\/08\/download-11-100x100.jpeg 100w, https:\/\/whisky.ad\/wp-content\/uploads\/2023\/08\/download-11-150x150.jpeg 150w, https:\/\/whisky.ad\/wp-content\/uploads\/2023\/08\/download-11-768x768.jpeg 768w, https:\/\/whisky.ad\/wp-content\/uploads\/2023\/08\/download-11-1024x1024.jpeg 1024w\" sizes=\"auto, (max-width: 300px) 100vw, 300px\" \/><h2 class=\"woocommerce-loop-product__title\">Southern Comfort Black 40% 1l<\/h2>\n\t<span class=\"price\"><span class=\"woocommerce-Price-amount amount\"><bdi><span class=\"woocommerce-Price-currencySymbol\">&euro;<\/span>9.49<\/bdi><\/span><\/span>\n<\/a><a href=\"\/fr\/wp-json\/wp\/v2\/pages\/79462?add-to-cart=79094\" aria-describedby=\"woocommerce_loop_add_to_cart_link_describedby_79094\" data-quantity=\"1\" class=\"button product_type_simple add_to_cart_button ajax_add_to_cart\" data-product_id=\"79094\" data-product_sku=\"\" aria-label=\"Ajouter au panier\u00a0: &ldquo;Southern Comfort Black 40% 1l&rdquo;\" rel=\"nofollow\" data-success_message=\"\u00ab\u00a0Southern Comfort Black 40% 1l\u00a0\u00bb a \u00e9t\u00e9 ajout\u00e9 \u00e0 votre panier\" title=\"Minimum qty is 1\">Ajouter au panier<\/a>\t<span id=\"woocommerce_loop_add_to_cart_link_describedby_79094\" class=\"screen-reader-text\">\n\t\t\t<\/span>\n<\/li>\n<li class=\"product type-product post-79087 status-publish last instock product_cat-sazerac-fr product_cat-kentucky-fr has-post-thumbnail taxable shipping-taxable purchasable product-type-simple\">\n\t<a href=\"https:\/\/whisky.ad\/fr\/produit\/sazerac-rye-45-0-7l\/\" class=\"woocommerce-LoopProduct-link woocommerce-loop-product__link\"><img loading=\"lazy\" decoding=\"async\" width=\"300\" height=\"300\" src=\"https:\/\/whisky.ad\/wp-content\/uploads\/2023\/08\/download-8-1-300x300.jpeg\" class=\"attachment-woocommerce_thumbnail size-woocommerce_thumbnail\" alt=\"Sazerac Rye 45% 0.7l\" srcset=\"https:\/\/whisky.ad\/wp-content\/uploads\/2023\/08\/download-8-1-300x300.jpeg 300w, https:\/\/whisky.ad\/wp-content\/uploads\/2023\/08\/download-8-1-500x500.jpeg 500w, https:\/\/whisky.ad\/wp-content\/uploads\/2023\/08\/download-8-1-100x100.jpeg 100w, https:\/\/whisky.ad\/wp-content\/uploads\/2023\/08\/download-8-1-150x150.jpeg 150w, https:\/\/whisky.ad\/wp-content\/uploads\/2023\/08\/download-8-1-768x768.jpeg 768w, https:\/\/whisky.ad\/wp-content\/uploads\/2023\/08\/download-8-1-1024x1024.jpeg 1024w\" sizes=\"auto, (max-width: 300px) 100vw, 300px\" \/><h2 class=\"woocommerce-loop-product__title\">Sazerac Rye 45% 0.7l<\/h2>\n\t<span class=\"price\"><span class=\"woocommerce-Price-amount amount\"><bdi><span class=\"woocommerce-Price-currencySymbol\">&euro;<\/span>32.95<\/bdi><\/span><\/span>\n<\/a><a href=\"\/fr\/wp-json\/wp\/v2\/pages\/79462?add-to-cart=79087\" aria-describedby=\"woocommerce_loop_add_to_cart_link_describedby_79087\" data-quantity=\"1\" class=\"button product_type_simple add_to_cart_button ajax_add_to_cart\" data-product_id=\"79087\" data-product_sku=\"\" aria-label=\"Ajouter au panier\u00a0: &ldquo;Sazerac Rye 45% 0.7l&rdquo;\" rel=\"nofollow\" data-success_message=\"\u00ab\u00a0Sazerac Rye 45% 0.7l\u00a0\u00bb a \u00e9t\u00e9 ajout\u00e9 \u00e0 votre panier\" title=\"Minimum qty is 1\">Ajouter au panier<\/a>\t<span id=\"woocommerce_loop_add_to_cart_link_describedby_79087\" class=\"screen-reader-text\">\n\t\t\t<\/span>\n<\/li>\n<li class=\"product type-product post-78677 status-publish first instock product_cat-kentucky-fr has-post-thumbnail taxable shipping-taxable purchasable product-type-simple\">\n\t<a href=\"https:\/\/whisky.ad\/fr\/produit\/eagle-rare-10yo-45-0-7l\/\" class=\"woocommerce-LoopProduct-link woocommerce-loop-product__link\"><img loading=\"lazy\" decoding=\"async\" width=\"300\" height=\"300\" src=\"https:\/\/whisky.ad\/wp-content\/uploads\/2023\/08\/download-12-300x300.jpeg\" class=\"attachment-woocommerce_thumbnail size-woocommerce_thumbnail\" alt=\"Eagle Rare 10yo 45% 0.7l\" srcset=\"https:\/\/whisky.ad\/wp-content\/uploads\/2023\/08\/download-12-300x300.jpeg 300w, https:\/\/whisky.ad\/wp-content\/uploads\/2023\/08\/download-12-500x500.jpeg 500w, https:\/\/whisky.ad\/wp-content\/uploads\/2023\/08\/download-12-100x100.jpeg 100w, https:\/\/whisky.ad\/wp-content\/uploads\/2023\/08\/download-12-150x150.jpeg 150w, https:\/\/whisky.ad\/wp-content\/uploads\/2023\/08\/download-12-768x768.jpeg 768w, https:\/\/whisky.ad\/wp-content\/uploads\/2023\/08\/download-12-1024x1024.jpeg 1024w\" sizes=\"auto, (max-width: 300px) 100vw, 300px\" \/><h2 class=\"woocommerce-loop-product__title\">Eagle Rare 10yo 45% 0.7l<\/h2>\n\t<span class=\"price\"><span class=\"woocommerce-Price-amount amount\"><bdi><span class=\"woocommerce-Price-currencySymbol\">&euro;<\/span>29.95<\/bdi><\/span><\/span>\n<\/a><a href=\"\/fr\/wp-json\/wp\/v2\/pages\/79462?add-to-cart=78677\" aria-describedby=\"woocommerce_loop_add_to_cart_link_describedby_78677\" data-quantity=\"1\" class=\"button product_type_simple add_to_cart_button ajax_add_to_cart\" data-product_id=\"78677\" data-product_sku=\"\" aria-label=\"Ajouter au panier\u00a0: &ldquo;Eagle Rare 10yo 45% 0.7l&rdquo;\" rel=\"nofollow\" data-success_message=\"\u00ab\u00a0Eagle Rare 10yo 45% 0.7l\u00a0\u00bb a \u00e9t\u00e9 ajout\u00e9 \u00e0 votre panier\" title=\"Minimum qty is 1\">Ajouter au panier<\/a>\t<span id=\"woocommerce_loop_add_to_cart_link_describedby_78677\" class=\"screen-reader-text\">\n\t\t\t<\/span>\n<\/li>\n<li class=\"product type-product post-78533 status-publish instock product_cat-usa-fr product_cat-kentucky-fr product_cat-en-vedette has-post-thumbnail sale featured taxable shipping-taxable purchasable product-type-simple\">\n\t<a href=\"https:\/\/whisky.ad\/fr\/produit\/buffalo-trace-40-0-7l\/\" class=\"woocommerce-LoopProduct-link woocommerce-loop-product__link\">\n\t<span class=\"onsale\">Promo\u00a0!<\/span>\n\t<img loading=\"lazy\" decoding=\"async\" width=\"300\" height=\"300\" src=\"https:\/\/whisky.ad\/wp-content\/uploads\/2023\/08\/download-13-300x300.jpeg\" class=\"attachment-woocommerce_thumbnail size-woocommerce_thumbnail\" alt=\"Buffalo Trace 40% 0.7l\" srcset=\"https:\/\/whisky.ad\/wp-content\/uploads\/2023\/08\/download-13-300x300.jpeg 300w, https:\/\/whisky.ad\/wp-content\/uploads\/2023\/08\/download-13-500x500.jpeg 500w, https:\/\/whisky.ad\/wp-content\/uploads\/2023\/08\/download-13-100x100.jpeg 100w, https:\/\/whisky.ad\/wp-content\/uploads\/2023\/08\/download-13-150x150.jpeg 150w, https:\/\/whisky.ad\/wp-content\/uploads\/2023\/08\/download-13-768x768.jpeg 768w, https:\/\/whisky.ad\/wp-content\/uploads\/2023\/08\/download-13-1024x1024.jpeg 1024w\" sizes=\"auto, (max-width: 300px) 100vw, 300px\" \/><h2 class=\"woocommerce-loop-product__title\">Buffalo Trace 40% 0.7l<\/h2>\n\t<span class=\"price\"><del aria-hidden=\"true\"><span class=\"woocommerce-Price-amount amount\"><bdi><span class=\"woocommerce-Price-currencySymbol\">&euro;<\/span>17.95<\/bdi><\/span><\/del> <span class=\"screen-reader-text\">Le prix initial \u00e9tait\u00a0: &euro;17.95.<\/span><ins aria-hidden=\"true\"><span class=\"woocommerce-Price-amount amount\"><bdi><span class=\"woocommerce-Price-currencySymbol\">&euro;<\/span>16.95<\/bdi><\/span><\/ins><span class=\"screen-reader-text\">Le prix actuel est\u00a0: &euro;16.95.<\/span><\/span>\n<\/a><a href=\"\/fr\/wp-json\/wp\/v2\/pages\/79462?add-to-cart=78533\" aria-describedby=\"woocommerce_loop_add_to_cart_link_describedby_78533\" data-quantity=\"1\" class=\"button product_type_simple add_to_cart_button ajax_add_to_cart\" data-product_id=\"78533\" data-product_sku=\"\" aria-label=\"Ajouter au panier\u00a0: &ldquo;Buffalo Trace 40% 0.7l&rdquo;\" rel=\"nofollow\" data-success_message=\"\u00ab\u00a0Buffalo Trace 40% 0.7l\u00a0\u00bb a \u00e9t\u00e9 ajout\u00e9 \u00e0 votre panier\" title=\"Minimum qty is 1\">Ajouter au panier<\/a>\t<span id=\"woocommerce_loop_add_to_cart_link_describedby_78533\" class=\"screen-reader-text\">\n\t\t\t<\/span>\n<\/li>\n<\/ul>\n<\/div>[\/vc_column][\/vc_row]\n","protected":false},"excerpt":{"rendered":"<p>[vc_row type=&#8221;container&#8221; padding_top=&#8221;&#8221; padding_bottom=&#8221;&#8221;][vc_column][vc_images_carousel images=&#8221;77455&#8243; img_size=&#8221;full&#8221;][vc_column_text]Un h\u00e9ritage de pr\u00e8s de 400 ans : Le pass\u00e9, le pr\u00e9sent et l&#8217;avenir Avec une histoire enrichie par pr\u00e8s de quatre si\u00e8cles, notre parcours est une tapisserie de r\u00e9cits remarquables, et notre trajectoire est pr\u00eate pour un avenir encore plus radieux. Depuis le d\u00e9but, notre \u00e9volution a \u00e9t\u00e9 guid\u00e9e [&hellip;]<\/p>\n","protected":false},"author":1,"featured_media":0,"parent":77907,"menu_order":0,"comment_status":"closed","ping_status":"closed","template":"page-full-width.php","meta":{"_acf_changed":false,"footnotes":""},"class_list":["post-79462","page","type-page","status-publish","hentry"],"acf":[],"aioseo_notices":[],"jetpack_sharing_enabled":true,"jetpack_shortlink":"https:\/\/wp.me\/PemYjf-kFE","_links":{"self":[{"href":"https:\/\/whisky.ad\/fr\/wp-json\/wp\/v2\/pages\/79462","targetHints":{"allow":["GET"]}}],"collection":[{"href":"https:\/\/whisky.ad\/fr\/wp-json\/wp\/v2\/pages"}],"about":[{"href":"https:\/\/whisky.ad\/fr\/wp-json\/wp\/v2\/types\/page"}],"author":[{"embeddable":true,"href":"https:\/\/whisky.ad\/fr\/wp-json\/wp\/v2\/users\/1"}],"replies":[{"embeddable":true,"href":"https:\/\/whisky.ad\/fr\/wp-json\/wp\/v2\/comments?post=79462"}],"version-history":[{"count":3,"href":"https:\/\/whisky.ad\/fr\/wp-json\/wp\/v2\/pages\/79462\/revisions"}],"predecessor-version":[{"id":79465,"href":"https:\/\/whisky.ad\/fr\/wp-json\/wp\/v2\/pages\/79462\/revisions\/79465"}],"up":[{"embeddable":true,"href":"https:\/\/whisky.ad\/fr\/wp-json\/wp\/v2\/pages\/77907"}],"wp:attachment":[{"href":"https:\/\/whisky.ad\/fr\/wp-json\/wp\/v2\/media?parent=79462"}],"curies":[{"name":"wp","href":"https:\/\/api.w.org\/{rel}","templated":true}]}}