{"id":79430,"date":"2022-12-16T11:12:09","date_gmt":"2022-12-16T10:12:09","guid":{"rendered":"https:\/\/whisky.ad\/whisky\/milk-honey\/"},"modified":"2023-12-15T15:50:26","modified_gmt":"2023-12-15T14:50:26","slug":"milk-honey","status":"publish","type":"page","link":"https:\/\/whisky.ad\/fr\/whisky\/milk-honey\/","title":{"rendered":"Milk &amp; Honey"},"content":{"rendered":"[vc_row type=&#8221;container&#8221; padding_top=&#8221;&#8221; padding_bottom=&#8221;&#8221;][vc_column][vc_images_carousel images=&#8221;77428&#8243; img_size=&#8221;full&#8221;][vc_column_text]<strong>Distillerie M&amp;H : Forger la voie inaugurale du whisky en Isra\u00ebl<\/strong><\/p>\n<p>Au c\u0153ur du mouvement florissant du whisky en Isra\u00ebl se trouve la distillerie M&amp;H, un pionnier in\u00e9branlable dans l&#8217;histoire du whisky du pays. Depuis sa cr\u00e9ation, la distillerie M&amp;H a respect\u00e9 avec diligence les normes de qualit\u00e9 internationales tout en restant profond\u00e9ment enracin\u00e9e dans les traditions ancestrales du whisky. Les fondations de la distillerie ont \u00e9t\u00e9 renforc\u00e9es par l&#8217;expertise du Dr Jim Swan, autorit\u00e9 reconnue en mati\u00e8re de maturation en climat chaud et de pratiques novatrices dans le domaine du whisky du nouveau monde, qui a \u00e9t\u00e9 le principal consultant et le premier ma\u00eetre distillateur.  <\/p>\n<p><strong>La qu\u00eate d&#8217;un savoir-faire impeccable<\/strong><\/p>\n<p>Chaque aspect de l&#8217;exp\u00e9rience de la distillerie M&amp;H refl\u00e8te un engagement sans rel\u00e2che en faveur de la perfection. Des alambics traditionnels en cuivre m\u00e9ticuleusement fa\u00e7onn\u00e9s aux mesures rigoureuses de contr\u00f4le de la qualit\u00e9 \u00e0 chaque \u00e9tape, une recherche r\u00e9solue de l&#8217;excellence souligne l&#8217;\u00e9thique de la distillerie. La distillerie s&#8217;est entour\u00e9e d&#8217;une \u00e9quipe de personnes ferventes qui, ensemble, sont \u00e0 l&#8217;origine de r\u00e9alisations extraordinaires.  <\/p>\n<p><strong>Naviguer dans les climats ensoleill\u00e9s<\/strong><\/p>\n<p>Avec la b\u00e9n\u00e9diction de 300 jours de soleil par an, le climat isra\u00e9lien joue un r\u00f4le essentiel dans l&#8217;acc\u00e9l\u00e9ration du processus de maturation, ce qui permet d&#8217;obtenir un profil de whisky profond et complexe, m\u00eame sur des p\u00e9riodes relativement br\u00e8ves. Cependant, ce m\u00eame climat pr\u00e9sente des d\u00e9fis, avec une part des anges annuelle atteignant en moyenne 12 %, ce qui est remarquable. Jim Swan, \u00e9minent visionnaire du whisky, a \u00e9t\u00e9 \u00e9mu par ce climat particulier, ce qui l&#8217;a amen\u00e9 \u00e0 cofonder la premi\u00e8re distillerie de whisky d&#8217;Isra\u00ebl  <\/p>\n<p><strong>R\u00e9gions de maturation distinctes<\/strong><\/p>\n<p>The M&amp;H Distillery&#8217;s whisky saga eloquently narrates Israel&#8217;s diverse landscapes through five distinct maturation regions: 1. Upper Galilee 2. Jerusalem Mountains 3. Jerusalem 4. Tel Aviv 5. The Desert 6. Dead Sea<\/p>\n<p><strong>Un processus m\u00e9ticuleux<\/strong><\/p>\n<p><strong>Eau :<\/strong> exploitant une technologie avanc\u00e9e d\u2019ing\u00e9nierie de l\u2019eau, la distillerie orchestre la cr\u00e9ation de l\u2019eau id\u00e9ale pour la production. Gr\u00e2ce \u00e0 une purification avanc\u00e9e et \u00e0 l&#8217;am\u00e9lioration des eaux souterraines locales, on obtient une eau parfaitement adapt\u00e9e pour compl\u00e9ter le whisky, tout en adh\u00e9rant aux principes de durabilit\u00e9. <strong>Malt :<\/strong> Exclusivement compos\u00e9e d&#8217;orge malt\u00e9e non tourb\u00e9e premium, la gamme de produits est rythm\u00e9e par une session tourb\u00e9e semestrielle de deux semaines (40 ppm), qui conf\u00e8re une facette unique \u00e0 l&#8217;offre. <strong>Pur\u00e9e :<\/strong> Une technique pionni\u00e8re con\u00e7ue par le Dr Jim Swan m\u00e9lange harmonieusement l&#8217;orge malt\u00e9e et l&#8217;eau dans le tonneau de pur\u00e9e sp\u00e9cialement con\u00e7u, produit en Isra\u00ebl par MGT. Cette approche innovante garantit une fusion et une extraction optimales. <strong>Fermentation<\/strong> : Le mo\u00fbt est achemin\u00e9 vers l&#8217;un des six lavages, o\u00f9 il subit 60 \u00e0 72 heures de fermentation avec de la levure s\u00e8che sp\u00e9cialis\u00e9e destin\u00e9e \u00e0 la production de whisky, insufflant du caract\u00e8re aux spiritueux. <strong>Distillation :<\/strong> Le processus de double distillation se d\u00e9roule dans des alambics en cuivre, r\u00e9put\u00e9s pour leur puret\u00e9. Un c\u0153ur relativement bref commen\u00e7ant \u00e0 80 % et une coupe \u00e0 70 % cr\u00e9ent une nouvelle marque caract\u00e9ris\u00e9e par un corps doux, herbac\u00e9 et moyen, atteignant environ 75 % ABV. La capacit\u00e9 annuelle de nouvelle marque de la distillerie s&#8217;\u00e9l\u00e8ve \u00e0 230 000 litres, incarnant l&#8217;harmonie entre tradition et innovation. <strong>Maturation :<\/strong> Dans le strict respect de la r\u00e9glementation \u00e9cossaise, la distillerie fait m\u00fbrir son whisky pendant au moins trois ans dans divers f\u00fbts situ\u00e9s dans les diverses r\u00e9gions climatiques d&#8217;Isra\u00ebl. Acceptant les fluctuations climatiques organiques, la distillerie \u00e9vite toute forme de contr\u00f4le climatique. <\/p>\n<p><strong>Innovation, h\u00e9ritage et r\u00e9cit audacieux<\/strong><\/p>\n<p>Aujourd&#8217;hui, les whiskies M&amp;H, r\u00e9compens\u00e9s par des prix prestigieux, sont pr\u00e9sents dans plus de 40 pays \u00e0 travers le monde. Chaque bouteille t\u00e9moigne d&#8217;un d\u00e9vouement sans faille \u00e0 l&#8217;innovation, d&#8217;une qualit\u00e9 in\u00e9gal\u00e9e et d&#8217;un esprit d&#8217;exploration indomptable.[\/vc_column_text]<div class=\"woocommerce columns-3 \"><ul class=\"products columns-3\">\n<li class=\"product type-product post-78958 status-publish first instock product_cat-milk-honey-fr product_cat-israel-fr has-post-thumbnail taxable shipping-taxable purchasable product-type-simple\">\n\t<a href=\"https:\/\/whisky.ad\/fr\/produit\/milk-and-honey-apex-small-bach-sherry-cask-53-6-07l\/\" class=\"woocommerce-LoopProduct-link woocommerce-loop-product__link\"><img loading=\"lazy\" decoding=\"async\" width=\"300\" height=\"300\" src=\"https:\/\/whisky.ad\/wp-content\/uploads\/2023\/08\/M-and-H-APEX-SHERRY-scaled-300x300.jpeg\" class=\"attachment-woocommerce_thumbnail size-woocommerce_thumbnail\" alt=\"Milk And Honey Apex Small Bach Sherry cask 53.6% 07l\" srcset=\"https:\/\/whisky.ad\/wp-content\/uploads\/2023\/08\/M-and-H-APEX-SHERRY-scaled-300x300.jpeg 300w, https:\/\/whisky.ad\/wp-content\/uploads\/2023\/08\/M-and-H-APEX-SHERRY-scaled-500x500.jpeg 500w, https:\/\/whisky.ad\/wp-content\/uploads\/2023\/08\/M-and-H-APEX-SHERRY-scaled-100x100.jpeg 100w, https:\/\/whisky.ad\/wp-content\/uploads\/2023\/08\/M-and-H-APEX-SHERRY-scaled-150x150.jpeg 150w, https:\/\/whisky.ad\/wp-content\/uploads\/2023\/08\/M-and-H-APEX-SHERRY-scaled-768x768.jpeg 768w, https:\/\/whisky.ad\/wp-content\/uploads\/2023\/08\/M-and-H-APEX-SHERRY-scaled-1024x1024.jpeg 1024w\" sizes=\"auto, (max-width: 300px) 100vw, 300px\" \/><h2 class=\"woocommerce-loop-product__title\">Milk And Honey Apex Small Bach Sherry cask 53.6% 07l<\/h2>\n\t<span class=\"price\"><span class=\"woocommerce-Price-amount amount\"><bdi><span class=\"woocommerce-Price-currencySymbol\">&euro;<\/span>64.95<\/bdi><\/span><\/span>\n<\/a><a href=\"\/fr\/wp-json\/wp\/v2\/pages\/79430?add-to-cart=78958\" aria-describedby=\"woocommerce_loop_add_to_cart_link_describedby_78958\" data-quantity=\"1\" class=\"button product_type_simple add_to_cart_button ajax_add_to_cart\" data-product_id=\"78958\" data-product_sku=\"\" aria-label=\"Ajouter au panier\u00a0: &ldquo;Milk And Honey Apex Small Bach Sherry cask 53.6% 07l&rdquo;\" rel=\"nofollow\" data-success_message=\"\u00ab\u00a0Milk And Honey Apex Small Bach Sherry cask 53.6% 07l\u00a0\u00bb a \u00e9t\u00e9 ajout\u00e9 \u00e0 votre panier\" title=\"Minimum qty is 1\">Ajouter au panier<\/a>\t<span id=\"woocommerce_loop_add_to_cart_link_describedby_78958\" class=\"screen-reader-text\">\n\t\t\t<\/span>\n<\/li>\n<li class=\"product type-product post-78956 status-publish instock product_cat-milk-honey-fr product_cat-israel-fr has-post-thumbnail taxable shipping-taxable purchasable product-type-simple\">\n\t<a href=\"https:\/\/whisky.ad\/fr\/produit\/milk-honey-elements-sherry-cask-single-malt-46-0-7l\/\" class=\"woocommerce-LoopProduct-link woocommerce-loop-product__link\"><img loading=\"lazy\" decoding=\"async\" width=\"300\" height=\"300\" src=\"https:\/\/whisky.ad\/wp-content\/uploads\/2023\/08\/M-AND-H-ELEMENTS-SHERRY-300x300.webp\" class=\"attachment-woocommerce_thumbnail size-woocommerce_thumbnail\" alt=\"Milk &amp; Honey Elements Sherry Cask Single Malt 46% 0.7l\" srcset=\"https:\/\/whisky.ad\/wp-content\/uploads\/2023\/08\/M-AND-H-ELEMENTS-SHERRY-300x300.webp 300w, https:\/\/whisky.ad\/wp-content\/uploads\/2023\/08\/M-AND-H-ELEMENTS-SHERRY-500x500.webp 500w, https:\/\/whisky.ad\/wp-content\/uploads\/2023\/08\/M-AND-H-ELEMENTS-SHERRY-100x100.webp 100w, https:\/\/whisky.ad\/wp-content\/uploads\/2023\/08\/M-AND-H-ELEMENTS-SHERRY-150x150.webp 150w, https:\/\/whisky.ad\/wp-content\/uploads\/2023\/08\/M-AND-H-ELEMENTS-SHERRY-1024x1024.webp 1024w\" sizes=\"auto, (max-width: 300px) 100vw, 300px\" \/><h2 class=\"woocommerce-loop-product__title\">Milk &amp; Honey Elements Sherry Cask Single Malt 46% 0.7l<\/h2>\n\t<span class=\"price\"><span class=\"woocommerce-Price-amount amount\"><bdi><span class=\"woocommerce-Price-currencySymbol\">&euro;<\/span>39.95<\/bdi><\/span><\/span>\n<\/a><a href=\"\/fr\/wp-json\/wp\/v2\/pages\/79430?add-to-cart=78956\" aria-describedby=\"woocommerce_loop_add_to_cart_link_describedby_78956\" data-quantity=\"1\" class=\"button product_type_simple add_to_cart_button ajax_add_to_cart\" data-product_id=\"78956\" data-product_sku=\"\" aria-label=\"Ajouter au panier\u00a0: &ldquo;Milk &amp; Honey Elements Sherry Cask Single Malt 46% 0.7l&rdquo;\" rel=\"nofollow\" data-success_message=\"\u00ab\u00a0Milk &amp; Honey Elements Sherry Cask Single Malt 46% 0.7l\u00a0\u00bb a \u00e9t\u00e9 ajout\u00e9 \u00e0 votre panier\" title=\"Minimum qty is 1\">Ajouter au panier<\/a>\t<span id=\"woocommerce_loop_add_to_cart_link_describedby_78956\" class=\"screen-reader-text\">\n\t\t\t<\/span>\n<\/li>\n<li class=\"product type-product post-78953 status-publish last instock product_cat-israel-fr product_cat-milk-honey-fr has-post-thumbnail taxable shipping-taxable purchasable product-type-simple\">\n\t<a href=\"https:\/\/whisky.ad\/fr\/produit\/milk-honey-elements-red-wine-cask-single-malt-46-0-7l\/\" class=\"woocommerce-LoopProduct-link woocommerce-loop-product__link\"><img loading=\"lazy\" decoding=\"async\" width=\"300\" height=\"300\" src=\"https:\/\/whisky.ad\/wp-content\/uploads\/2023\/08\/M-AND-H-elements-red-wine-768x768-1-300x300.webp\" class=\"attachment-woocommerce_thumbnail size-woocommerce_thumbnail\" alt=\"Milk &amp; Honey ELEMENTS RED WINE CASK Single Malt 46% 0.7l\" srcset=\"https:\/\/whisky.ad\/wp-content\/uploads\/2023\/08\/M-AND-H-elements-red-wine-768x768-1-300x300.webp 300w, https:\/\/whisky.ad\/wp-content\/uploads\/2023\/08\/M-AND-H-elements-red-wine-768x768-1-500x500.webp 500w, https:\/\/whisky.ad\/wp-content\/uploads\/2023\/08\/M-AND-H-elements-red-wine-768x768-1-100x100.webp 100w, https:\/\/whisky.ad\/wp-content\/uploads\/2023\/08\/M-AND-H-elements-red-wine-768x768-1-150x150.webp 150w, https:\/\/whisky.ad\/wp-content\/uploads\/2023\/08\/M-AND-H-elements-red-wine-768x768-1-1024x1024.webp 1024w\" sizes=\"auto, (max-width: 300px) 100vw, 300px\" \/><h2 class=\"woocommerce-loop-product__title\">Milk &amp; Honey ELEMENTS RED WINE CASK Single Malt 46% 0.7l<\/h2>\n\t<span class=\"price\"><span class=\"woocommerce-Price-amount amount\"><bdi><span class=\"woocommerce-Price-currencySymbol\">&euro;<\/span>38.95<\/bdi><\/span><\/span>\n<\/a><a href=\"\/fr\/wp-json\/wp\/v2\/pages\/79430?add-to-cart=78953\" aria-describedby=\"woocommerce_loop_add_to_cart_link_describedby_78953\" data-quantity=\"1\" class=\"button product_type_simple add_to_cart_button ajax_add_to_cart\" data-product_id=\"78953\" data-product_sku=\"\" aria-label=\"Ajouter au panier\u00a0: &ldquo;Milk &amp; Honey ELEMENTS RED WINE CASK Single Malt 46% 0.7l&rdquo;\" rel=\"nofollow\" data-success_message=\"\u00ab\u00a0Milk &amp; Honey ELEMENTS RED WINE CASK Single Malt 46% 0.7l\u00a0\u00bb a \u00e9t\u00e9 ajout\u00e9 \u00e0 votre panier\" title=\"Minimum qty is 1\">Ajouter au panier<\/a>\t<span id=\"woocommerce_loop_add_to_cart_link_describedby_78953\" class=\"screen-reader-text\">\n\t\t\t<\/span>\n<\/li>\n<li class=\"product type-product post-78950 status-publish first instock product_cat-milk-honey-fr product_cat-israel-fr has-post-thumbnail taxable shipping-taxable purchasable product-type-simple\">\n\t<a href=\"https:\/\/whisky.ad\/fr\/produit\/milk-honey-elements-peated-single-malt-46-0-7l\/\" class=\"woocommerce-LoopProduct-link woocommerce-loop-product__link\"><img loading=\"lazy\" decoding=\"async\" width=\"300\" height=\"300\" src=\"https:\/\/whisky.ad\/wp-content\/uploads\/2023\/08\/M-AND-H-elements-peated-300x300.webp\" class=\"attachment-woocommerce_thumbnail size-woocommerce_thumbnail\" alt=\"Milk &amp; Honey Elements Peated Single Malt 46% 0.7l\" srcset=\"https:\/\/whisky.ad\/wp-content\/uploads\/2023\/08\/M-AND-H-elements-peated-300x300.webp 300w, https:\/\/whisky.ad\/wp-content\/uploads\/2023\/08\/M-AND-H-elements-peated-500x500.webp 500w, https:\/\/whisky.ad\/wp-content\/uploads\/2023\/08\/M-AND-H-elements-peated-100x100.webp 100w, https:\/\/whisky.ad\/wp-content\/uploads\/2023\/08\/M-AND-H-elements-peated-150x150.webp 150w, https:\/\/whisky.ad\/wp-content\/uploads\/2023\/08\/M-AND-H-elements-peated-1024x1024.webp 1024w\" sizes=\"auto, (max-width: 300px) 100vw, 300px\" \/><h2 class=\"woocommerce-loop-product__title\">Milk &amp; Honey Elements Peated Single Malt 46% 0.7l<\/h2>\n\t<span class=\"price\"><span class=\"woocommerce-Price-amount amount\"><bdi><span class=\"woocommerce-Price-currencySymbol\">&euro;<\/span>39.95<\/bdi><\/span><\/span>\n<\/a><a href=\"\/fr\/wp-json\/wp\/v2\/pages\/79430?add-to-cart=78950\" aria-describedby=\"woocommerce_loop_add_to_cart_link_describedby_78950\" data-quantity=\"1\" class=\"button product_type_simple add_to_cart_button ajax_add_to_cart\" data-product_id=\"78950\" data-product_sku=\"\" aria-label=\"Ajouter au panier\u00a0: &ldquo;Milk &amp; Honey Elements Peated Single Malt 46% 0.7l&rdquo;\" rel=\"nofollow\" data-success_message=\"\u00ab\u00a0Milk &amp; Honey Elements Peated Single Malt 46% 0.7l\u00a0\u00bb a \u00e9t\u00e9 ajout\u00e9 \u00e0 votre panier\" title=\"Minimum qty is 1\">Ajouter au panier<\/a>\t<span id=\"woocommerce_loop_add_to_cart_link_describedby_78950\" class=\"screen-reader-text\">\n\t\t\t<\/span>\n<\/li>\n<li class=\"product type-product post-78947 status-publish instock product_cat-milk-honey-fr product_cat-israel-fr has-post-thumbnail taxable shipping-taxable purchasable product-type-simple\">\n\t<a href=\"https:\/\/whisky.ad\/fr\/produit\/milk-honey-classic-single-malt-46-0-7l\/\" class=\"woocommerce-LoopProduct-link woocommerce-loop-product__link\"><img loading=\"lazy\" decoding=\"async\" width=\"300\" height=\"300\" src=\"https:\/\/whisky.ad\/wp-content\/uploads\/2023\/08\/classic.png-300x300.webp\" class=\"attachment-woocommerce_thumbnail size-woocommerce_thumbnail\" alt=\"Milk &amp; Honey Classic Single Malt 46% 0.7l\" srcset=\"https:\/\/whisky.ad\/wp-content\/uploads\/2023\/08\/classic.png-300x300.webp 300w, https:\/\/whisky.ad\/wp-content\/uploads\/2023\/08\/classic.png-500x500.webp 500w, https:\/\/whisky.ad\/wp-content\/uploads\/2023\/08\/classic.png-100x100.webp 100w, https:\/\/whisky.ad\/wp-content\/uploads\/2023\/08\/classic.png-150x150.webp 150w, https:\/\/whisky.ad\/wp-content\/uploads\/2023\/08\/classic.png-768x768.webp 768w, https:\/\/whisky.ad\/wp-content\/uploads\/2023\/08\/classic.png-1024x1024.webp 1024w\" sizes=\"auto, (max-width: 300px) 100vw, 300px\" \/><h2 class=\"woocommerce-loop-product__title\">Milk &amp; Honey Classic Single Malt 46% 0.7l<\/h2>\n\t<span class=\"price\"><span class=\"woocommerce-Price-amount amount\"><bdi><span class=\"woocommerce-Price-currencySymbol\">&euro;<\/span>29.95<\/bdi><\/span><\/span>\n<\/a><a href=\"\/fr\/wp-json\/wp\/v2\/pages\/79430?add-to-cart=78947\" aria-describedby=\"woocommerce_loop_add_to_cart_link_describedby_78947\" data-quantity=\"1\" class=\"button product_type_simple add_to_cart_button ajax_add_to_cart\" data-product_id=\"78947\" data-product_sku=\"\" aria-label=\"Ajouter au panier\u00a0: &ldquo;Milk &amp; Honey Classic Single Malt 46% 0.7l&rdquo;\" rel=\"nofollow\" data-success_message=\"\u00ab\u00a0Milk &amp; Honey Classic Single Malt 46% 0.7l\u00a0\u00bb a \u00e9t\u00e9 ajout\u00e9 \u00e0 votre panier\" title=\"Minimum qty is 1\">Ajouter au panier<\/a>\t<span id=\"woocommerce_loop_add_to_cart_link_describedby_78947\" class=\"screen-reader-text\">\n\t\t\t<\/span>\n<\/li>\n<li class=\"product type-product post-78944 status-publish last instock product_cat-milk-honey-fr product_cat-israel-fr has-post-thumbnail taxable shipping-taxable purchasable product-type-simple\">\n\t<a href=\"https:\/\/whisky.ad\/fr\/produit\/milk-honey-apex-small-batch-peated-fort-red-wine-cask-55-3-07l\/\" class=\"woocommerce-LoopProduct-link woocommerce-loop-product__link\"><img loading=\"lazy\" decoding=\"async\" width=\"300\" height=\"300\" src=\"https:\/\/whisky.ad\/wp-content\/uploads\/2023\/08\/M-AND-H-APEX-PEATED-FORTIFIED-WINE-CASK-scaled-300x300.jpg\" class=\"attachment-woocommerce_thumbnail size-woocommerce_thumbnail\" alt=\"Milk &amp; Honey Apex Small Batch Peated Fort. Red Wine Cask 55.3% 07l\" srcset=\"https:\/\/whisky.ad\/wp-content\/uploads\/2023\/08\/M-AND-H-APEX-PEATED-FORTIFIED-WINE-CASK-scaled-300x300.jpg 300w, https:\/\/whisky.ad\/wp-content\/uploads\/2023\/08\/M-AND-H-APEX-PEATED-FORTIFIED-WINE-CASK-scaled-500x500.jpg 500w, https:\/\/whisky.ad\/wp-content\/uploads\/2023\/08\/M-AND-H-APEX-PEATED-FORTIFIED-WINE-CASK-scaled-100x100.jpg 100w, https:\/\/whisky.ad\/wp-content\/uploads\/2023\/08\/M-AND-H-APEX-PEATED-FORTIFIED-WINE-CASK-scaled-150x150.jpg 150w, https:\/\/whisky.ad\/wp-content\/uploads\/2023\/08\/M-AND-H-APEX-PEATED-FORTIFIED-WINE-CASK-scaled-768x768.jpg 768w, https:\/\/whisky.ad\/wp-content\/uploads\/2023\/08\/M-AND-H-APEX-PEATED-FORTIFIED-WINE-CASK-scaled-1024x1024.jpg 1024w\" sizes=\"auto, (max-width: 300px) 100vw, 300px\" \/><h2 class=\"woocommerce-loop-product__title\">Milk &amp; Honey Apex Small Batch Peated Fort. Red Wine Cask 55.3% 07l<\/h2>\n\t<span class=\"price\"><span class=\"woocommerce-Price-amount amount\"><bdi><span class=\"woocommerce-Price-currencySymbol\">&euro;<\/span>64.95<\/bdi><\/span><\/span>\n<\/a><a href=\"\/fr\/wp-json\/wp\/v2\/pages\/79430?add-to-cart=78944\" aria-describedby=\"woocommerce_loop_add_to_cart_link_describedby_78944\" data-quantity=\"1\" class=\"button product_type_simple add_to_cart_button ajax_add_to_cart\" data-product_id=\"78944\" data-product_sku=\"\" aria-label=\"Ajouter au panier\u00a0: &ldquo;Milk &amp; Honey Apex Small Batch Peated Fort. Red Wine Cask 55.3% 07l&rdquo;\" rel=\"nofollow\" data-success_message=\"\u00ab\u00a0Milk &amp; Honey Apex Small Batch Peated Fort. Red Wine Cask 55.3% 07l\u00a0\u00bb a \u00e9t\u00e9 ajout\u00e9 \u00e0 votre panier\" title=\"Minimum qty is 1\">Ajouter au panier<\/a>\t<span id=\"woocommerce_loop_add_to_cart_link_describedby_78944\" class=\"screen-reader-text\">\n\t\t\t<\/span>\n<\/li>\n<li class=\"product type-product post-78942 status-publish first instock product_cat-milk-honey-fr product_cat-israel-fr has-post-thumbnail taxable shipping-taxable purchasable product-type-simple\">\n\t<a href=\"https:\/\/whisky.ad\/fr\/produit\/milk-honey-apex-small-batch-pomegranate-wine-cask-57-2-07l\/\" class=\"woocommerce-LoopProduct-link woocommerce-loop-product__link\"><img loading=\"lazy\" decoding=\"async\" width=\"300\" height=\"300\" src=\"https:\/\/whisky.ad\/wp-content\/uploads\/2023\/08\/apex-pomegranate.png-300x300.webp\" class=\"attachment-woocommerce_thumbnail size-woocommerce_thumbnail\" alt=\"Milk &amp; Honey Apex Small Batch Pomegranate Wine Cask 57.2% 07l\" srcset=\"https:\/\/whisky.ad\/wp-content\/uploads\/2023\/08\/apex-pomegranate.png-300x300.webp 300w, https:\/\/whisky.ad\/wp-content\/uploads\/2023\/08\/apex-pomegranate.png-500x500.webp 500w, https:\/\/whisky.ad\/wp-content\/uploads\/2023\/08\/apex-pomegranate.png-100x100.webp 100w, https:\/\/whisky.ad\/wp-content\/uploads\/2023\/08\/apex-pomegranate.png-150x150.webp 150w, https:\/\/whisky.ad\/wp-content\/uploads\/2023\/08\/apex-pomegranate.png-768x768.webp 768w, https:\/\/whisky.ad\/wp-content\/uploads\/2023\/08\/apex-pomegranate.png-1024x1024.webp 1024w\" sizes=\"auto, (max-width: 300px) 100vw, 300px\" \/><h2 class=\"woocommerce-loop-product__title\">Milk &amp; Honey Apex Small Batch Pomegranate Wine Cask 57.2% 07l<\/h2>\n\t<span class=\"price\"><span class=\"woocommerce-Price-amount amount\"><bdi><span class=\"woocommerce-Price-currencySymbol\">&euro;<\/span>64.95<\/bdi><\/span><\/span>\n<\/a><a href=\"\/fr\/wp-json\/wp\/v2\/pages\/79430?add-to-cart=78942\" aria-describedby=\"woocommerce_loop_add_to_cart_link_describedby_78942\" data-quantity=\"1\" class=\"button product_type_simple add_to_cart_button ajax_add_to_cart\" data-product_id=\"78942\" data-product_sku=\"\" aria-label=\"Ajouter au panier\u00a0: &ldquo;Milk &amp; Honey Apex Small Batch Pomegranate Wine Cask 57.2% 07l&rdquo;\" rel=\"nofollow\" data-success_message=\"\u00ab\u00a0Milk &amp; Honey Apex Small Batch Pomegranate Wine Cask 57.2% 07l\u00a0\u00bb a \u00e9t\u00e9 ajout\u00e9 \u00e0 votre panier\" title=\"Minimum qty is 1\">Ajouter au panier<\/a>\t<span id=\"woocommerce_loop_add_to_cart_link_describedby_78942\" class=\"screen-reader-text\">\n\t\t\t<\/span>\n<\/li>\n<li class=\"product type-product post-78939 status-publish outofstock product_cat-milk-honey-fr product_cat-israel-fr has-post-thumbnail taxable shipping-taxable product-type-simple\">\n\t<a href=\"https:\/\/whisky.ad\/fr\/produit\/milk-honey-apex-small-batch-dead-sea-56-5-07l\/\" class=\"woocommerce-LoopProduct-link woocommerce-loop-product__link\"><img loading=\"lazy\" decoding=\"async\" width=\"300\" height=\"300\" src=\"https:\/\/whisky.ad\/wp-content\/uploads\/2023\/08\/M-AND-H-apex-dead-sea-300x300.png\" class=\"attachment-woocommerce_thumbnail size-woocommerce_thumbnail\" alt=\"Milk &amp; Honey Apex Small Batch Dead Sea 56.5% 07l\" srcset=\"https:\/\/whisky.ad\/wp-content\/uploads\/2023\/08\/M-AND-H-apex-dead-sea-300x300.png 300w, https:\/\/whisky.ad\/wp-content\/uploads\/2023\/08\/M-AND-H-apex-dead-sea-500x500.png 500w, https:\/\/whisky.ad\/wp-content\/uploads\/2023\/08\/M-AND-H-apex-dead-sea-100x100.png 100w, https:\/\/whisky.ad\/wp-content\/uploads\/2023\/08\/M-AND-H-apex-dead-sea-150x150.png 150w, https:\/\/whisky.ad\/wp-content\/uploads\/2023\/08\/M-AND-H-apex-dead-sea-768x768.png 768w, https:\/\/whisky.ad\/wp-content\/uploads\/2023\/08\/M-AND-H-apex-dead-sea-1024x1024.png 1024w\" sizes=\"auto, (max-width: 300px) 100vw, 300px\" \/><span class=\"out-of-stock-label\" style=\"color:red; font-weight:bold; margin-left:10px;\">Out of stock<\/span><h2 class=\"woocommerce-loop-product__title\">Milk &amp; Honey Apex Small Batch Dead Sea 56.5% 07l<\/h2>\n<\/a><a href=\"https:\/\/whisky.ad\/fr\/produit\/milk-honey-apex-small-batch-dead-sea-56-5-07l\/\" aria-describedby=\"woocommerce_loop_add_to_cart_link_describedby_78939\" data-quantity=\"1\" class=\"button product_type_simple\" data-product_id=\"78939\" data-product_sku=\"\" aria-label=\"En savoir plus sur &ldquo;Milk &amp; Honey Apex Small Batch Dead Sea 56.5% 07l&rdquo;\" rel=\"nofollow\" data-success_message=\"\" title=\"Minimum qty is 1\">Lire la suite<\/a>\t<span id=\"woocommerce_loop_add_to_cart_link_describedby_78939\" class=\"screen-reader-text\">\n\t\t\t<\/span>\n<\/li>\n<\/ul>\n<\/div>[\/vc_column][\/vc_row]\n","protected":false},"excerpt":{"rendered":"<p>[vc_row type=&#8221;container&#8221; padding_top=&#8221;&#8221; padding_bottom=&#8221;&#8221;][vc_column][vc_images_carousel images=&#8221;77428&#8243; img_size=&#8221;full&#8221;][vc_column_text]Distillerie M&amp;H : Forger la voie inaugurale du whisky en Isra\u00ebl Au c\u0153ur du mouvement florissant du whisky en Isra\u00ebl se trouve la distillerie M&amp;H, un pionnier in\u00e9branlable dans l&#8217;histoire du whisky du pays. Depuis sa cr\u00e9ation, la distillerie M&amp;H a respect\u00e9 avec diligence les normes de qualit\u00e9 internationales tout [&hellip;]<\/p>\n","protected":false},"author":1,"featured_media":0,"parent":77907,"menu_order":0,"comment_status":"closed","ping_status":"closed","template":"page-full-width.php","meta":{"_acf_changed":false,"footnotes":""},"class_list":["post-79430","page","type-page","status-publish","hentry"],"acf":[],"aioseo_notices":[],"jetpack_sharing_enabled":true,"jetpack_shortlink":"https:\/\/wp.me\/PemYjf-kF8","_links":{"self":[{"href":"https:\/\/whisky.ad\/fr\/wp-json\/wp\/v2\/pages\/79430","targetHints":{"allow":["GET"]}}],"collection":[{"href":"https:\/\/whisky.ad\/fr\/wp-json\/wp\/v2\/pages"}],"about":[{"href":"https:\/\/whisky.ad\/fr\/wp-json\/wp\/v2\/types\/page"}],"author":[{"embeddable":true,"href":"https:\/\/whisky.ad\/fr\/wp-json\/wp\/v2\/users\/1"}],"replies":[{"embeddable":true,"href":"https:\/\/whisky.ad\/fr\/wp-json\/wp\/v2\/comments?post=79430"}],"version-history":[{"count":3,"href":"https:\/\/whisky.ad\/fr\/wp-json\/wp\/v2\/pages\/79430\/revisions"}],"predecessor-version":[{"id":79433,"href":"https:\/\/whisky.ad\/fr\/wp-json\/wp\/v2\/pages\/79430\/revisions\/79433"}],"up":[{"embeddable":true,"href":"https:\/\/whisky.ad\/fr\/wp-json\/wp\/v2\/pages\/77907"}],"wp:attachment":[{"href":"https:\/\/whisky.ad\/fr\/wp-json\/wp\/v2\/media?parent=79430"}],"curies":[{"name":"wp","href":"https:\/\/api.w.org\/{rel}","templated":true}]}}