{"id":79389,"date":"2022-12-04T11:33:23","date_gmt":"2022-12-04T10:33:23","guid":{"rendered":"https:\/\/whisky.ad\/whisky\/littlemill\/"},"modified":"2023-12-14T18:41:53","modified_gmt":"2023-12-14T17:41:53","slug":"littlemill","status":"publish","type":"page","link":"https:\/\/whisky.ad\/fr\/whisky\/littlemill\/","title":{"rendered":"LittleMill"},"content":{"rendered":"[vc_row type=&#8221;container&#8221; padding_top=&#8221;&#8221; padding_bottom=&#8221;&#8221;][vc_column width=&#8221;1\/2&#8243;][vc_column_text]<strong>La v\u00e9ritable histoire de la distillerie Littlemill : Un voyage dans le temps<\/strong><\/p>\n<p><strong>Il y a plus de deux si\u00e8cles&#8230;<\/strong><\/p>\n<p>L&#8217;histoire de la distillerie Littlemill remonte \u00e0 plus de deux si\u00e8cles, en 1750, lorsque Archibald Buchanan a rachet\u00e9 \u00e0 son fr\u00e8re Andrew le domaine d&#8217;Auchentorlie, situ\u00e9 pr\u00e8s des rives du Loch Lomond. Ce domaine s&#8217;accompagnait d&#8217;une brasserie connue sous le nom de Littlemill. Cette acquisition a marqu\u00e9 le d\u00e9but d&#8217;un voyage extraordinaire qui allait fa\u00e7onner l&#8217;histoire du whisky \u00e9cossais  <\/p>\n<p><strong>La vision des Buchanan<\/strong><\/p>\n<p>Au XVe si\u00e8cle, la bi\u00e8re \u00e9tait une boisson populaire et la brasserie d&#8217;Auchentorlie fournissait des boissons \u00e0 divers clients, dont les moines de l&#8217;abbaye de Paisley, situ\u00e9e \u00e0 proximit\u00e9. Archibald et George Buchanan visaient cependant plus haut. Ils aspiraient \u00e0 cr\u00e9er quelque chose de plus complexe et de plus pr\u00e9cieux. En 1772, ils ont r\u00e9ussi \u00e0 cr\u00e9er la premi\u00e8re distillerie de whisky agr\u00e9\u00e9e d&#8217;\u00c9cosse, ouvrant ainsi la voie \u00e0 un h\u00e9ritage qui perdure encore aujourd&#8217;hui.   <\/p>\n<p><strong>La naissance de la distillerie<\/strong><\/p>\n<p>En 1772, les Buchanan avaient non seulement r\u00e9alis\u00e9 leur projet, mais ils avaient \u00e9galement construit des logements pour les fonctionnaires des accises \u00e0 c\u00f4t\u00e9 de la distillerie. Ceux-ci veillaient \u00e0 ce que le processus de distillation soit correctement document\u00e9 et tax\u00e9. Cela laisse supposer que la distillation a pu avoir lieu officieusement sur place avant m\u00eame l&#8217;\u00e9tablissement officiel de la distillerie en 1772. La brasserie associ\u00e9e au ch\u00e2teau de Dunglass, situ\u00e9 \u00e0 proximit\u00e9, pourrait avoir produit de l&#8217;alcool d\u00e8s le 14e si\u00e8cle   <\/p>\n<p><strong>La premi\u00e8re licence et au-del\u00e0<\/strong><\/p>\n<p>Le 2 novembre 1773, Robert Muir, de Littlemiln, s&#8217;est vu accorder par le gouvernement du roi George III la premi\u00e8re licence de vente au d\u00e9tail d&#8217;ale, de bi\u00e8re et d&#8217;autres liqueurs. Pendant plus de deux si\u00e8cles, la date &#8220;1772&#8221; a \u00e9t\u00e9 fi\u00e8rement grav\u00e9e sur le pignon d&#8217;un entrep\u00f4t, symbolisant la fondation de Littlemill. Cependant, en 1994, la distillerie a cess\u00e9 ses activit\u00e9s et ses alambics se sont tus. Les vestiges de la distillerie ont finalement \u00e9t\u00e9 d\u00e9truits par un incendie en 2004   <\/p>\n<p><strong>Innovation et \u00e9volution<\/strong><\/p>\n<p>Le parcours de Littlemill a connu plusieurs changements de propri\u00e9taires et d&#8217;innovations. C&#8217;est notamment l&#8217;entrepreneur et chimiste am\u00e9ricain Duncan Thomas qui a redonn\u00e9 vie \u00e0 la distillerie en 1931, en introduisant de nouvelles approches telles que les alambics hybrides et diff\u00e9rentes m\u00e9thodes de distillation. Littlemill est devenu un pionnier dans l&#8217;art de la distillation, offrant trois styles distincts de single malt : le traditionnel Littlemill Lowland whisky, le Dumbuck tourb\u00e9 et le robuste Dunglass.  <\/p>\n<p><strong>H\u00e9ritage et caract\u00e8re<\/strong><\/p>\n<p>Tout au long de son existence, la distillerie Littlemill a \u00e9t\u00e9 connue pour sa production exceptionnelle de whisky de malt des Lowlands. Utilisant l&#8217;eau des Kilpatrick Hills et des mati\u00e8res premi\u00e8res telles que la tourbe de Stornoway et le malt du Perthshire, le whisky exhalait des ar\u00f4mes de vanille, de fleurs, de miel et de fruits. Le dernier liquide de la distillerie est aujourd&#8217;hui prot\u00e9g\u00e9 par le ma\u00eetre assembleur Michael Henry, qui veille \u00e0 ce que l&#8217;h\u00e9ritage se perp\u00e9tue dans chaque expression, portant l&#8217;essence de la plus ancienne distillerie d&#8217;\u00c9cosse.  <\/p>\n<p><strong>L&#8217;hommage final<\/strong><\/p>\n<p>Pour l&#8217;avenir, l&#8217;h\u00e9ritage d&#8217;Archibald et George Buchanan se poursuit. Le ma\u00eetre assembleur Michael Henry s\u00e9lectionnera m\u00e9ticuleusement les meilleurs f\u00fbts de whisky Littlemill restants pour cr\u00e9er une s\u00e9rie limit\u00e9e d&#8217;expressions, en hommage au v\u00e9ritable caract\u00e8re de la distillerie. Ces pr\u00e9cieuses bouteilles rendent hommage au pass\u00e9 tout en permettant aux chanceux de savourer le dernier chapitre de la plus ancienne distillerie d&#8217;\u00c9cosse. Avec ces derni\u00e8res gouttes de la distillerie qui a commenc\u00e9 il y a des si\u00e8cles, nous portons un toast aux Buchanans et \u00e0 leur contribution durable au monde du whisky. Sl\u00e0inte mhath![\/vc_column_text][\/vc_column][vc_column width=&#8221;1\/2&#8243;][vc_single_image image=&#8221;76792&#8243; img_size=&#8221;medium&#8221;]<div class=\"woocommerce columns-4 \"><ul class=\"products columns-4\">\n<li class=\"product type-product post-78855 status-publish first instock product_cat-ecosse product_cat-rare-de-collection product_cat-whisky-by-brand-fr product_cat-littlemill-fr has-post-thumbnail purchasable product-type-simple\">\n\t<a href=\"https:\/\/whisky.ad\/fr\/produit\/littlemill-45yo-vanguard-collection-chapter-i\/\" class=\"woocommerce-LoopProduct-link woocommerce-loop-product__link\"><img loading=\"lazy\" decoding=\"async\" width=\"300\" height=\"300\" src=\"https:\/\/whisky.ad\/wp-content\/uploads\/2023\/08\/LM-VANGUARD-300x300.jpg\" class=\"attachment-woocommerce_thumbnail size-woocommerce_thumbnail\" alt=\"LittleMill 45yo Vanguard Collection Chapter I\" srcset=\"https:\/\/whisky.ad\/wp-content\/uploads\/2023\/08\/LM-VANGUARD-300x300.jpg 300w, https:\/\/whisky.ad\/wp-content\/uploads\/2023\/08\/LM-VANGUARD-500x500.jpg 500w, https:\/\/whisky.ad\/wp-content\/uploads\/2023\/08\/LM-VANGUARD-100x100.jpg 100w, https:\/\/whisky.ad\/wp-content\/uploads\/2023\/08\/LM-VANGUARD-150x150.jpg 150w, https:\/\/whisky.ad\/wp-content\/uploads\/2023\/08\/LM-VANGUARD-768x768.jpg 768w, https:\/\/whisky.ad\/wp-content\/uploads\/2023\/08\/LM-VANGUARD-1024x1024.jpg 1024w\" sizes=\"auto, (max-width: 300px) 100vw, 300px\" \/><h2 class=\"woocommerce-loop-product__title\">LittleMill 45yo Vanguard Collection Chapter I<\/h2>\n\t<span class=\"price\"><span class=\"woocommerce-Price-amount amount\"><bdi><span class=\"woocommerce-Price-currencySymbol\">&euro;<\/span>11,495.00<\/bdi><\/span><\/span>\n<\/a><a href=\"\/fr\/wp-json\/wp\/v2\/pages\/79389?add-to-cart=78855\" aria-describedby=\"woocommerce_loop_add_to_cart_link_describedby_78855\" data-quantity=\"1\" class=\"button product_type_simple add_to_cart_button ajax_add_to_cart\" data-product_id=\"78855\" data-product_sku=\"\" aria-label=\"Ajouter au panier\u00a0: &ldquo;LittleMill 45yo Vanguard Collection Chapter I&rdquo;\" rel=\"nofollow\" data-success_message=\"\u00ab\u00a0LittleMill 45yo Vanguard Collection Chapter I\u00a0\u00bb a \u00e9t\u00e9 ajout\u00e9 \u00e0 votre panier\" title=\"Minimum qty is 1\">Ajouter au panier<\/a>\t<span id=\"woocommerce_loop_add_to_cart_link_describedby_78855\" class=\"screen-reader-text\">\n\t\t\t<\/span>\n<\/li>\n<\/ul>\n<\/div>[\/vc_column][\/vc_row]\n","protected":false},"excerpt":{"rendered":"<p>[vc_row type=&#8221;container&#8221; padding_top=&#8221;&#8221; padding_bottom=&#8221;&#8221;][vc_column width=&#8221;1\/2&#8243;][vc_column_text]La v\u00e9ritable histoire de la distillerie Littlemill : Un voyage dans le temps Il y a plus de deux si\u00e8cles&#8230; L&#8217;histoire de la distillerie Littlemill remonte \u00e0 plus de deux si\u00e8cles, en 1750, lorsque Archibald Buchanan a rachet\u00e9 \u00e0 son fr\u00e8re Andrew le domaine d&#8217;Auchentorlie, situ\u00e9 pr\u00e8s des rives du Loch [&hellip;]<\/p>\n","protected":false},"author":1,"featured_media":76792,"parent":77907,"menu_order":0,"comment_status":"closed","ping_status":"closed","template":"page-full-width.php","meta":{"_acf_changed":false,"footnotes":""},"class_list":["post-79389","page","type-page","status-publish","has-post-thumbnail","hentry"],"acf":[],"aioseo_notices":[],"jetpack_sharing_enabled":true,"jetpack_shortlink":"https:\/\/wp.me\/PemYjf-kEt","_links":{"self":[{"href":"https:\/\/whisky.ad\/fr\/wp-json\/wp\/v2\/pages\/79389","targetHints":{"allow":["GET"]}}],"collection":[{"href":"https:\/\/whisky.ad\/fr\/wp-json\/wp\/v2\/pages"}],"about":[{"href":"https:\/\/whisky.ad\/fr\/wp-json\/wp\/v2\/types\/page"}],"author":[{"embeddable":true,"href":"https:\/\/whisky.ad\/fr\/wp-json\/wp\/v2\/users\/1"}],"replies":[{"embeddable":true,"href":"https:\/\/whisky.ad\/fr\/wp-json\/wp\/v2\/comments?post=79389"}],"version-history":[{"count":3,"href":"https:\/\/whisky.ad\/fr\/wp-json\/wp\/v2\/pages\/79389\/revisions"}],"predecessor-version":[{"id":79392,"href":"https:\/\/whisky.ad\/fr\/wp-json\/wp\/v2\/pages\/79389\/revisions\/79392"}],"up":[{"embeddable":true,"href":"https:\/\/whisky.ad\/fr\/wp-json\/wp\/v2\/pages\/77907"}],"wp:featuredmedia":[{"embeddable":true,"href":"https:\/\/whisky.ad\/fr\/wp-json\/wp\/v2\/media\/76792"}],"wp:attachment":[{"href":"https:\/\/whisky.ad\/fr\/wp-json\/wp\/v2\/media?parent=79389"}],"curies":[{"name":"wp","href":"https:\/\/api.w.org\/{rel}","templated":true}]}}