{"id":79364,"date":"2022-12-04T11:32:05","date_gmt":"2022-12-04T10:32:05","guid":{"rendered":"https:\/\/whisky.ad\/whisky\/glen-kirk\/"},"modified":"2023-12-14T18:08:42","modified_gmt":"2023-12-14T17:08:42","slug":"glen-kirk","status":"publish","type":"page","link":"https:\/\/whisky.ad\/fr\/whisky\/glen-kirk\/","title":{"rendered":"Glen Kirk"},"content":{"rendered":"[vc_row type=&#8221;container&#8221; padding_top=&#8221;&#8221; padding_bottom=&#8221;&#8221;][vc_column width=&#8221;2\/3&#8243;][vc_column_text]\n<div class=\"flex flex-grow flex-col gap-3\">\n<div class=\"min-h-[20px] flex flex-col items-start gap-4 whitespace-pre-wrap break-words\">\n<div class=\"markdown prose w-full break-words dark:prose-invert light\">\n<p><strong>Glen Kirk Speyside Single Malt Whisky (Tomintoul Distillery)<br \/>\n<\/strong><\/p>\n<p>&nbsp;<\/p>\n<p>Glen Kirk est fier de ses racines et tire son nom des vall\u00e9es pittoresques nich\u00e9es dans les Highlands d&#8217;\u00c9cosse. Ces vall\u00e9es sont r\u00e9put\u00e9es pour leur magnifique p\u00eache au saumon le long de la rivi\u00e8re Spey et pour la pr\u00e9sence de distilleries de malt exceptionnelles. C&#8217;est dans ces vall\u00e9es que l&#8217;on trouve de nombreuses \u00e9glises historiques (Kirk). Le terme &#8220;Kirk&#8221; vient du vieux norrois et du vieil anglais et d\u00e9signe un lieu de culte. Le Glen Kirk Speyside Single Malt Scotch Whisky Aged 12 Years s&#8217;inscrit dans ce riche contexte historique, \u00e9voquant l&#8217;essence du patrimoine traditionnel du Speyside qui est profond\u00e9ment ancr\u00e9 dans ce whisky \u00e9cossais single malt exquis. Notes de d\u00e9gustation : Glen Kirk Aged 12 Years s\u00e9duit le palais avec ses saveurs luxuriantes de douceur arrondie, accompagn\u00e9es de notes \u00e9pic\u00e9es s\u00e9duisantes. Le voyage se termine par une finale longue et cr\u00e9meuse, qui laisse une impression durable de son caract\u00e8re raffin\u00e9. Avec un alcool par volume (ABV) de 40 %, cette expression de la distillerie Tomintoul met en \u00e9vidence le savoir-faire et l&#8217;expertise qui entrent dans la cr\u00e9ation de ce remarquable whisky. ;   <\/p>\n<\/div>\n<\/div>\n<\/div>\n[\/vc_column_text][\/vc_column][vc_column width=&#8221;1\/3&#8243;][vc_single_image image=&#8221;75331&#8243; img_size=&#8221;medium&#8221; alignment=&#8221;right&#8221;][\/vc_column][\/vc_row]\n","protected":false},"excerpt":{"rendered":"<p>[vc_row type=&#8221;container&#8221; padding_top=&#8221;&#8221; padding_bottom=&#8221;&#8221;][vc_column width=&#8221;2\/3&#8243;][vc_column_text] Glen Kirk Speyside Single Malt Whisky (Tomintoul Distillery) &nbsp; Glen Kirk est fier de ses racines et tire son nom des vall\u00e9es pittoresques nich\u00e9es dans les Highlands d&#8217;\u00c9cosse. Ces vall\u00e9es sont r\u00e9put\u00e9es pour leur magnifique p\u00eache au saumon le long de la rivi\u00e8re Spey et pour la pr\u00e9sence de distilleries [&hellip;]<\/p>\n","protected":false},"author":1,"featured_media":75331,"parent":77907,"menu_order":0,"comment_status":"closed","ping_status":"closed","template":"","meta":{"_acf_changed":false,"footnotes":""},"class_list":["post-79364","page","type-page","status-publish","has-post-thumbnail","hentry"],"acf":[],"aioseo_notices":[],"jetpack_sharing_enabled":true,"jetpack_shortlink":"https:\/\/wp.me\/PemYjf-kE4","_links":{"self":[{"href":"https:\/\/whisky.ad\/fr\/wp-json\/wp\/v2\/pages\/79364","targetHints":{"allow":["GET"]}}],"collection":[{"href":"https:\/\/whisky.ad\/fr\/wp-json\/wp\/v2\/pages"}],"about":[{"href":"https:\/\/whisky.ad\/fr\/wp-json\/wp\/v2\/types\/page"}],"author":[{"embeddable":true,"href":"https:\/\/whisky.ad\/fr\/wp-json\/wp\/v2\/users\/1"}],"replies":[{"embeddable":true,"href":"https:\/\/whisky.ad\/fr\/wp-json\/wp\/v2\/comments?post=79364"}],"version-history":[{"count":3,"href":"https:\/\/whisky.ad\/fr\/wp-json\/wp\/v2\/pages\/79364\/revisions"}],"predecessor-version":[{"id":79367,"href":"https:\/\/whisky.ad\/fr\/wp-json\/wp\/v2\/pages\/79364\/revisions\/79367"}],"up":[{"embeddable":true,"href":"https:\/\/whisky.ad\/fr\/wp-json\/wp\/v2\/pages\/77907"}],"wp:featuredmedia":[{"embeddable":true,"href":"https:\/\/whisky.ad\/fr\/wp-json\/wp\/v2\/media\/75331"}],"wp:attachment":[{"href":"https:\/\/whisky.ad\/fr\/wp-json\/wp\/v2\/media?parent=79364"}],"curies":[{"name":"wp","href":"https:\/\/api.w.org\/{rel}","templated":true}]}}