{"id":79352,"date":"2022-12-04T11:31:12","date_gmt":"2022-12-04T10:31:12","guid":{"rendered":"https:\/\/whisky.ad\/whisky\/glencadam\/"},"modified":"2023-12-14T18:05:21","modified_gmt":"2023-12-14T17:05:21","slug":"glencadam","status":"publish","type":"page","link":"https:\/\/whisky.ad\/fr\/whisky\/glencadam\/","title":{"rendered":"Glencadam"},"content":{"rendered":"[vc_row type=&#8221;container&#8221; padding_top=&#8221;&#8221; padding_bottom=&#8221;&#8221;][vc_column][vc_single_image image=&#8221;77404&#8243; img_size=&#8221;full&#8221; alignment=&#8221;right&#8221;][vc_column_text]\n<div class=\"flex flex-grow flex-col gap-3\">\n<div class=\"min-h-[20px] flex flex-col items-start gap-4 whitespace-pre-wrap break-words\">\n<div class=\"markdown prose w-full break-words dark:prose-invert light\">\n<p><strong>Glencadam Highland Single Malt<\/strong><\/p>\n<p>&nbsp;<\/p>\n<p>La distillerie Glencadam a une riche histoire qui remonte \u00e0 sa cr\u00e9ation en 1825, dans l&#8217;ancienne ville de Brechin. Cette ann\u00e9e-l\u00e0 a \u00e9t\u00e9 marqu\u00e9e par des \u00e9v\u00e9nements importants, tels que l&#8217;introduction des omnibus tir\u00e9s par des chevaux \u00e0 Londres, l&#8217;ouverture du premier chemin de fer moderne au monde, la culture des pommes Cox&#8217;s Orange Pippin et le fait que Londres soit devenue la plus grande ville du monde, d\u00e9passant P\u00e9kin. C&#8217;est \u00e9galement \u00e0 cette \u00e9poque que la loi sur les accises de 1823 a l\u00e9galis\u00e9 la distillation. Aujourd&#8217;hui, Glencadam est la seule distillerie du comt\u00e9 d&#8217;Angus, situ\u00e9 dans la r\u00e9gion des Highlands en \u00c9cosse. Le premier propri\u00e9taire, connu sous le nom de &#8220;M. Cooper&#8221;, a vendu la distillerie en 1827. Le nom &#8220;Glencadam&#8221; provient de la zone appel\u00e9e &#8220;The Tenements of Caldhame&#8221;, qui comprenait des parcelles de terre allou\u00e9es aux bourgs de Brechin pour la production alimentaire. Ces parcelles \u00e9taient situ\u00e9es pr\u00e8s du Den Burn, o\u00f9 se trouve aujourd&#8217;hui la distillerie. Tout au long de son histoire, Glencadam a connu diff\u00e9rents propri\u00e9taires. De 1827 \u00e0 1891, elle a appartenu \u00e0 David Scott et \u00e0 ses descendants, qui ont lou\u00e9 la distillerie \u00e0 diff\u00e9rents distillateurs au cours de cette p\u00e9riode. La distillerie a connu des changements de propri\u00e9taires au cours des d\u00e9cennies suivantes. Pendant les deux guerres mondiales, Glencadam a \u00e9t\u00e9 temporairement ferm\u00e9e et les entrep\u00f4ts ont \u00e9t\u00e9 r\u00e9affect\u00e9s \u00e0 l&#8217;h\u00e9bergement des soldats. On en voit encore aujourd&#8217;hui la trace dans l&#8217;herbe pr\u00e8s de l&#8217;entrep\u00f4t n\u00b0 2, o\u00f9 se trouvait l&#8217;\u00e9conomat des soldats. Dans les ann\u00e9es 1950, Glencadam a \u00e9t\u00e9 rachet\u00e9e par Hiram Walker, plus tard connu sous le nom d&#8217;Allied Domeq, qui a finalement ferm\u00e9 la distillerie en 2000. Le whisky Single Malt Glencadam a toujours \u00e9t\u00e9 tr\u00e8s appr\u00e9ci\u00e9 pour sa qualit\u00e9 exceptionnelle et \u00e9tait recherch\u00e9 pour \u00eatre m\u00e9lang\u00e9 \u00e0 certains des whiskies les plus prestigieux du monde. Le 1er juin 2003, Glencadam a \u00e9t\u00e9 rachet\u00e9e par Angus Dundee Distillers, une soci\u00e9t\u00e9 \u00e9cossaise ind\u00e9pendante. La production de la distillerie a repris imm\u00e9diatement et, en d\u00e9cembre 2005, Glencadam a lanc\u00e9 son tout premier single malt, le Glencadam Single Malt Scotch Whisky Aged 15 Years. En novembre 2009, il a \u00e9t\u00e9 relanc\u00e9 avec un nouvel emballage, parall\u00e8lement \u00e0 l&#8217;introduction d&#8217;une expression de 10 ans d&#8217;\u00e2ge. La gamme de whiskies Glencadam a \u00e9t\u00e9 r\u00e9compens\u00e9e par de nombreux prix et distinctions. La collection comprend des expressions de 10, 15 et 21 ans d&#8217;\u00e2ge, ainsi que des finitions sp\u00e9ciales telles que Aged 12 Years Old Portwood et Aged 14 Years Oloroso cask. L&#8217;engagement de la distillerie en faveur de l&#8217;excellence a \u00e9t\u00e9 reconnu, avec des r\u00e9alisations r\u00e9centes telles que le prix de la cat\u00e9gorie aux World Whisky Awards pour l&#8217;expression 10 ans d&#8217;\u00e2ge et un Masters Award pour l&#8217;exceptionnelle expression 17 ans d&#8217;\u00e2ge. ;  <\/p>\n<\/div>\n<\/div>\n<\/div>\n[\/vc_column_text][\/vc_column][\/vc_row][vc_row type=&#8221;container&#8221; padding_top=&#8221;&#8221; padding_bottom=&#8221;&#8221;][vc_column]<div class=\"woocommerce columns-4 \"><ul class=\"products columns-4\">\n<li class=\"product type-product post-80131 status-publish first instock product_cat-ecosse product_cat-rare-de-collection product_cat-glencadam-fr has-post-thumbnail taxable shipping-taxable product-type-simple\">\n\t<a href=\"https:\/\/whisky.ad\/fr\/produit\/glencadam-25-years-old\/\" class=\"woocommerce-LoopProduct-link woocommerce-loop-product__link\"><img loading=\"lazy\" decoding=\"async\" width=\"300\" height=\"300\" src=\"https:\/\/whisky.ad\/wp-content\/uploads\/2023\/08\/GC25-300x300.webp\" class=\"attachment-woocommerce_thumbnail size-woocommerce_thumbnail\" alt=\"Glencadam 25 Years Old (contact us!)\" srcset=\"https:\/\/whisky.ad\/wp-content\/uploads\/2023\/08\/GC25-300x300.webp 300w, https:\/\/whisky.ad\/wp-content\/uploads\/2023\/08\/GC25-500x500.webp 500w, https:\/\/whisky.ad\/wp-content\/uploads\/2023\/08\/GC25-100x100.webp 100w, https:\/\/whisky.ad\/wp-content\/uploads\/2023\/08\/GC25-150x150.webp 150w, https:\/\/whisky.ad\/wp-content\/uploads\/2023\/08\/GC25-768x768.webp 768w, https:\/\/whisky.ad\/wp-content\/uploads\/2023\/08\/GC25-1024x1024.webp 1024w\" sizes=\"auto, (max-width: 300px) 100vw, 300px\" \/><h2 class=\"woocommerce-loop-product__title\">Glencadam 25 Years Old (contact us!)<\/h2>\n<\/a><a href=\"https:\/\/whisky.ad\/fr\/produit\/glencadam-25-years-old\/\" aria-describedby=\"woocommerce_loop_add_to_cart_link_describedby_80131\" data-quantity=\"1\" class=\"button product_type_simple\" data-product_id=\"80131\" data-product_sku=\"\" aria-label=\"En savoir plus sur &ldquo;Glencadam 25 Years Old (contact us!)&rdquo;\" rel=\"nofollow\" data-success_message=\"\" title=\"Minimum qty is 1\">Lire la suite<\/a>\t<span id=\"woocommerce_loop_add_to_cart_link_describedby_80131\" class=\"screen-reader-text\">\n\t\t\t<\/span>\n<\/li>\n<\/ul>\n<\/div>[\/vc_column][\/vc_row]\n","protected":false},"excerpt":{"rendered":"<p>[vc_row type=&#8221;container&#8221; padding_top=&#8221;&#8221; padding_bottom=&#8221;&#8221;][vc_column][vc_single_image image=&#8221;77404&#8243; img_size=&#8221;full&#8221; alignment=&#8221;right&#8221;][vc_column_text] Glencadam Highland Single Malt &nbsp; La distillerie Glencadam a une riche histoire qui remonte \u00e0 sa cr\u00e9ation en 1825, dans l&#8217;ancienne ville de Brechin. Cette ann\u00e9e-l\u00e0 a \u00e9t\u00e9 marqu\u00e9e par des \u00e9v\u00e9nements importants, tels que l&#8217;introduction des omnibus tir\u00e9s par des chevaux \u00e0 Londres, l&#8217;ouverture du premier chemin [&hellip;]<\/p>\n","protected":false},"author":1,"featured_media":77404,"parent":77907,"menu_order":0,"comment_status":"closed","ping_status":"closed","template":"","meta":{"_acf_changed":false,"footnotes":""},"class_list":["post-79352","page","type-page","status-publish","has-post-thumbnail","hentry"],"acf":[],"aioseo_notices":[],"jetpack_sharing_enabled":true,"jetpack_shortlink":"https:\/\/wp.me\/PemYjf-kDS","_links":{"self":[{"href":"https:\/\/whisky.ad\/fr\/wp-json\/wp\/v2\/pages\/79352","targetHints":{"allow":["GET"]}}],"collection":[{"href":"https:\/\/whisky.ad\/fr\/wp-json\/wp\/v2\/pages"}],"about":[{"href":"https:\/\/whisky.ad\/fr\/wp-json\/wp\/v2\/types\/page"}],"author":[{"embeddable":true,"href":"https:\/\/whisky.ad\/fr\/wp-json\/wp\/v2\/users\/1"}],"replies":[{"embeddable":true,"href":"https:\/\/whisky.ad\/fr\/wp-json\/wp\/v2\/comments?post=79352"}],"version-history":[{"count":3,"href":"https:\/\/whisky.ad\/fr\/wp-json\/wp\/v2\/pages\/79352\/revisions"}],"predecessor-version":[{"id":79355,"href":"https:\/\/whisky.ad\/fr\/wp-json\/wp\/v2\/pages\/79352\/revisions\/79355"}],"up":[{"embeddable":true,"href":"https:\/\/whisky.ad\/fr\/wp-json\/wp\/v2\/pages\/77907"}],"wp:featuredmedia":[{"embeddable":true,"href":"https:\/\/whisky.ad\/fr\/wp-json\/wp\/v2\/media\/77404"}],"wp:attachment":[{"href":"https:\/\/whisky.ad\/fr\/wp-json\/wp\/v2\/media?parent=79352"}],"curies":[{"name":"wp","href":"https:\/\/api.w.org\/{rel}","templated":true}]}}