{"id":79340,"date":"2022-12-04T11:30:27","date_gmt":"2022-12-04T10:30:27","guid":{"rendered":"https:\/\/whisky.ad\/whisky\/fireball\/"},"modified":"2023-12-14T17:58:05","modified_gmt":"2023-12-14T16:58:05","slug":"fireball","status":"publish","type":"page","link":"https:\/\/whisky.ad\/fr\/whisky\/fireball\/","title":{"rendered":"Fireball"},"content":{"rendered":"[vc_row type=&#8221;container&#8221; padding_top=&#8221;&#8221; padding_bottom=&#8221;&#8221;][vc_column width=&#8221;2\/3&#8243;][vc_column_text]\n<div class=\"flex flex-grow flex-col gap-3\">\n<div class=\"min-h-[20px] flex flex-col items-start gap-4 whitespace-pre-wrap break-words\">\n<div class=\"markdown prose w-full break-words dark:prose-invert light\">\n<p><strong>Fireball Whisky<\/strong><\/p>\n<p>&nbsp;<\/p>\n<p>Fireball Whiskey est une liqueur remarquable m\u00e9lang\u00e9e \u00e0 de la cannelle et du whisky, offrant une exp\u00e9rience gustative unique et exaltante. Sa base de whisky onctueuse est infus\u00e9e d&#8217;une touche ardente de cannelle rouge piquante, cr\u00e9ant un \u00e9quilibre parfait de saveurs. Mieux d\u00e9gust\u00e9 directement \u00e0 la sortie du cong\u00e9lateur sous forme de shot glac\u00e9, le Fireball Whiskey est un ajout sensationnel \u00e0 tout rassemblement, insufflant des \u00e9pices et de la gaiet\u00e9 dans chaque atmosph\u00e8re de f\u00eate. Pr\u00e9parez-vous \u00e0 rencontrer l&#8217;essence d&#8217;un dragon cracheur de feu qui vient de d\u00e9vorer un baril de whisky \u00e9pic\u00e9 infus\u00e9 \u00e0 la cannelle. Pour ceux qui recherchent une option plus longue et rafra\u00eechissante, le Fireball Whiskey s&#8217;harmonise \u00e0 merveille avec le jus de pomme trouble, produisant un d\u00e9licieux cocktail au go\u00fbt de tarte aux pommes. Versez simplement 50 ml ou 5 cl de Fireball dans un grand verre rempli de glace, puis compl\u00e9tez avec du jus de pomme trouble. Pour une touche suppl\u00e9mentaire, d\u00e9corez d&#8217;une tranche de pomme. Cette d\u00e9licieuse concoction constitue une boisson estivale parfaite. Fireball Whiskey est une liqueur m\u00e9lang\u00e9e \u00e0 du whisky canadien et \u00e0 des ar\u00f4mes naturels de cannelle, sp\u00e9cialement con\u00e7ue pour enflammer les festivit\u00e9s et cr\u00e9er l&#8217;ambiance d&#8217;une occasion m\u00e9morable. Qu&#8217;il soit consomm\u00e9 pur, sur glace, ou utilis\u00e9 pour ajouter du caract\u00e8re \u00e0 un cocktail ou un cocktail, le Fireball Whiskey offre un go\u00fbt fougueux et robuste. Avec un taux d&#8217;alcool volumique (ABV) de 33 %, il est important de d\u00e9guster cette boisson spiritueuse de mani\u00e8re responsable. Remarque : Fireball Cinnamon Whiskey a remport\u00e9 la m\u00e9daille de bronze au concours de la meilleure liqueur de whisky de San Francisco en 2010, consolidant ainsi sa r\u00e9putation de choix exceptionnel pour les amateurs de whisky. <\/p>\n<\/div>\n<\/div>\n<\/div>\n<div class=\"flex justify-between lg:block\">\n<div class=\"text-gray-400 flex self-end lg:self-center justify-center mt-2 gap-2 md:gap-3 lg:gap-1 lg:absolute lg:top-0 lg:translate-x-full lg:right-0 lg:mt-0 lg:pl-2 visible\"><\/div>\n<\/div>\n[\/vc_column_text][\/vc_column][vc_column width=&#8221;1\/3&#8243;][vc_single_image image=&#8221;77578&#8243; img_size=&#8221;large&#8221;][\/vc_column][\/vc_row]\n","protected":false},"excerpt":{"rendered":"<p>[vc_row type=&#8221;container&#8221; padding_top=&#8221;&#8221; padding_bottom=&#8221;&#8221;][vc_column width=&#8221;2\/3&#8243;][vc_column_text] Fireball Whisky &nbsp; Fireball Whiskey est une liqueur remarquable m\u00e9lang\u00e9e \u00e0 de la cannelle et du whisky, offrant une exp\u00e9rience gustative unique et exaltante. Sa base de whisky onctueuse est infus\u00e9e d&#8217;une touche ardente de cannelle rouge piquante, cr\u00e9ant un \u00e9quilibre parfait de saveurs. Mieux d\u00e9gust\u00e9 directement \u00e0 la sortie [&hellip;]<\/p>\n","protected":false},"author":1,"featured_media":76276,"parent":77907,"menu_order":0,"comment_status":"closed","ping_status":"closed","template":"","meta":{"_acf_changed":false,"footnotes":""},"class_list":["post-79340","page","type-page","status-publish","has-post-thumbnail","hentry"],"acf":[],"aioseo_notices":[],"jetpack_sharing_enabled":true,"jetpack_shortlink":"https:\/\/wp.me\/PemYjf-kDG","_links":{"self":[{"href":"https:\/\/whisky.ad\/fr\/wp-json\/wp\/v2\/pages\/79340","targetHints":{"allow":["GET"]}}],"collection":[{"href":"https:\/\/whisky.ad\/fr\/wp-json\/wp\/v2\/pages"}],"about":[{"href":"https:\/\/whisky.ad\/fr\/wp-json\/wp\/v2\/types\/page"}],"author":[{"embeddable":true,"href":"https:\/\/whisky.ad\/fr\/wp-json\/wp\/v2\/users\/1"}],"replies":[{"embeddable":true,"href":"https:\/\/whisky.ad\/fr\/wp-json\/wp\/v2\/comments?post=79340"}],"version-history":[{"count":3,"href":"https:\/\/whisky.ad\/fr\/wp-json\/wp\/v2\/pages\/79340\/revisions"}],"predecessor-version":[{"id":79343,"href":"https:\/\/whisky.ad\/fr\/wp-json\/wp\/v2\/pages\/79340\/revisions\/79343"}],"up":[{"embeddable":true,"href":"https:\/\/whisky.ad\/fr\/wp-json\/wp\/v2\/pages\/77907"}],"wp:featuredmedia":[{"embeddable":true,"href":"https:\/\/whisky.ad\/fr\/wp-json\/wp\/v2\/media\/76276"}],"wp:attachment":[{"href":"https:\/\/whisky.ad\/fr\/wp-json\/wp\/v2\/media?parent=79340"}],"curies":[{"name":"wp","href":"https:\/\/api.w.org\/{rel}","templated":true}]}}