{"id":79328,"date":"2022-12-04T11:29:43","date_gmt":"2022-12-04T10:29:43","guid":{"rendered":"https:\/\/whisky.ad\/whisky\/eagle-rare\/"},"modified":"2023-12-14T17:37:03","modified_gmt":"2023-12-14T16:37:03","slug":"eagle-rare","status":"publish","type":"page","link":"https:\/\/whisky.ad\/fr\/whisky\/eagle-rare\/","title":{"rendered":"Eagle Rare"},"content":{"rendered":"[vc_row type=&#8221;container&#8221; padding_top=&#8221;&#8221; padding_bottom=&#8221;&#8221;][vc_column][vc_images_carousel images=&#8221;77419&#8243; img_size=&#8221;full&#8221;][vc_column_text]<strong>Eagle Rare 10 Year Kentucky Straight Bourbon Whiskey<\/strong><\/p>\n<p>&nbsp;<\/p>\n<p><strong>Whisky Eagle Rare 10 Year Kentucky Straight Bourbon<\/strong>, un chef-d&#8217;\u0153uvre de savoir-faire et d&#8217;art. M\u00e9ticuleusement vieilli pendant au moins dix ans, ce bourbon est un exemple de raret\u00e9 et de distinction. Pr\u00e9parez-vous \u00e0 embarquer pour un voyage aux ar\u00f4mes complexes et au go\u00fbt doux et persistant qui caract\u00e9risent Eagle Rare. Plongez vos sens dans les notes complexes qui se d\u00e9voilent \u00e0 chaque gorg\u00e9e. Le nez r\u00e9v\u00e8le un m\u00e9lange captivant de caramel, de subtiles touches d&#8217;\u00e9corce d&#8217;orange, de nuances v\u00e9g\u00e9tales, de miel, de cuir et de ch\u00eane. En bouche, des saveurs franches et s\u00e8ches apparaissent, r\u00e9v\u00e9lant un d\u00e9licieux jeu d&#8217;amandes confites et de cacao d\u00e9cadent. La finale laisse une impression durable, caract\u00e9ris\u00e9e par sa nature s\u00e8che et persistante. Eagle Rare est \u00e0 la hauteur de son nom, offrant une exp\u00e9rience gustative qui atteint des sommets extraordinaires. Le c\u00e9l\u00e8bre critique de spiritueux Paul Pacult, du Spirit Journal, le d\u00e9crit ainsi : &#8220;C&#8217;est certainement l&#8217;un des bourbons les plus tactiles, les plus affirm\u00e9s et les plus expressifs que j&#8217;aie go\u00fbt\u00e9s ces deux derni\u00e8res ann\u00e9es ; attachez vos ceintures&#8221;. Embrassez l&#8217;extrao ;[\/vc_column_text]<div class=\"woocommerce \"><ul class=\"products columns-3\">\n<li class=\"product type-product post-78677 status-publish first instock product_cat-kentucky-fr has-post-thumbnail taxable shipping-taxable purchasable product-type-simple\">\n\t<a href=\"https:\/\/whisky.ad\/fr\/produit\/eagle-rare-10yo-45-0-7l\/\" class=\"woocommerce-LoopProduct-link woocommerce-loop-product__link\"><img loading=\"lazy\" decoding=\"async\" width=\"300\" height=\"300\" src=\"https:\/\/whisky.ad\/wp-content\/uploads\/2023\/08\/download-12-300x300.jpeg\" class=\"attachment-woocommerce_thumbnail size-woocommerce_thumbnail\" alt=\"Eagle Rare 10yo 45% 0.7l\" srcset=\"https:\/\/whisky.ad\/wp-content\/uploads\/2023\/08\/download-12-300x300.jpeg 300w, https:\/\/whisky.ad\/wp-content\/uploads\/2023\/08\/download-12-500x500.jpeg 500w, https:\/\/whisky.ad\/wp-content\/uploads\/2023\/08\/download-12-100x100.jpeg 100w, https:\/\/whisky.ad\/wp-content\/uploads\/2023\/08\/download-12-150x150.jpeg 150w, https:\/\/whisky.ad\/wp-content\/uploads\/2023\/08\/download-12-768x768.jpeg 768w, https:\/\/whisky.ad\/wp-content\/uploads\/2023\/08\/download-12-1024x1024.jpeg 1024w\" sizes=\"auto, (max-width: 300px) 100vw, 300px\" \/><h2 class=\"woocommerce-loop-product__title\">Eagle Rare 10yo 45% 0.7l<\/h2>\n\t<span class=\"price\"><span class=\"woocommerce-Price-amount amount\"><bdi><span class=\"woocommerce-Price-currencySymbol\">&euro;<\/span>29.95<\/bdi><\/span><\/span>\n<\/a><a href=\"\/fr\/wp-json\/wp\/v2\/pages\/79328?add-to-cart=78677\" aria-describedby=\"woocommerce_loop_add_to_cart_link_describedby_78677\" data-quantity=\"1\" class=\"button product_type_simple add_to_cart_button ajax_add_to_cart\" data-product_id=\"78677\" data-product_sku=\"\" aria-label=\"Ajouter au panier\u00a0: &ldquo;Eagle Rare 10yo 45% 0.7l&rdquo;\" rel=\"nofollow\" data-success_message=\"\u00ab\u00a0Eagle Rare 10yo 45% 0.7l\u00a0\u00bb a \u00e9t\u00e9 ajout\u00e9 \u00e0 votre panier\" title=\"Minimum qty is 1\">Ajouter au panier<\/a>\t<span id=\"woocommerce_loop_add_to_cart_link_describedby_78677\" class=\"screen-reader-text\">\n\t\t\t<\/span>\n<\/li>\n<\/ul>\n<\/div>[\/vc_column][\/vc_row]\n","protected":false},"excerpt":{"rendered":"<p>[vc_row type=&#8221;container&#8221; padding_top=&#8221;&#8221; padding_bottom=&#8221;&#8221;][vc_column][vc_images_carousel images=&#8221;77419&#8243; img_size=&#8221;full&#8221;][vc_column_text]Eagle Rare 10 Year Kentucky Straight Bourbon Whiskey &nbsp; Whisky Eagle Rare 10 Year Kentucky Straight Bourbon, un chef-d&#8217;\u0153uvre de savoir-faire et d&#8217;art. M\u00e9ticuleusement vieilli pendant au moins dix ans, ce bourbon est un exemple de raret\u00e9 et de distinction. Pr\u00e9parez-vous \u00e0 embarquer pour un voyage aux ar\u00f4mes complexes et [&hellip;]<\/p>\n","protected":false},"author":1,"featured_media":77245,"parent":77907,"menu_order":0,"comment_status":"closed","ping_status":"closed","template":"","meta":{"_acf_changed":false,"footnotes":""},"class_list":["post-79328","page","type-page","status-publish","has-post-thumbnail","hentry"],"acf":[],"aioseo_notices":[],"jetpack_sharing_enabled":true,"jetpack_shortlink":"https:\/\/wp.me\/PemYjf-kDu","_links":{"self":[{"href":"https:\/\/whisky.ad\/fr\/wp-json\/wp\/v2\/pages\/79328","targetHints":{"allow":["GET"]}}],"collection":[{"href":"https:\/\/whisky.ad\/fr\/wp-json\/wp\/v2\/pages"}],"about":[{"href":"https:\/\/whisky.ad\/fr\/wp-json\/wp\/v2\/types\/page"}],"author":[{"embeddable":true,"href":"https:\/\/whisky.ad\/fr\/wp-json\/wp\/v2\/users\/1"}],"replies":[{"embeddable":true,"href":"https:\/\/whisky.ad\/fr\/wp-json\/wp\/v2\/comments?post=79328"}],"version-history":[{"count":3,"href":"https:\/\/whisky.ad\/fr\/wp-json\/wp\/v2\/pages\/79328\/revisions"}],"predecessor-version":[{"id":79331,"href":"https:\/\/whisky.ad\/fr\/wp-json\/wp\/v2\/pages\/79328\/revisions\/79331"}],"up":[{"embeddable":true,"href":"https:\/\/whisky.ad\/fr\/wp-json\/wp\/v2\/pages\/77907"}],"wp:featuredmedia":[{"embeddable":true,"href":"https:\/\/whisky.ad\/fr\/wp-json\/wp\/v2\/media\/77245"}],"wp:attachment":[{"href":"https:\/\/whisky.ad\/fr\/wp-json\/wp\/v2\/media?parent=79328"}],"curies":[{"name":"wp","href":"https:\/\/api.w.org\/{rel}","templated":true}]}}