{"id":79316,"date":"2022-12-04T11:28:45","date_gmt":"2022-12-04T10:28:45","guid":{"rendered":"https:\/\/whisky.ad\/whisky\/buffalo-trace\/"},"modified":"2023-12-14T17:27:35","modified_gmt":"2023-12-14T16:27:35","slug":"buffalo-trace","status":"publish","type":"page","link":"https:\/\/whisky.ad\/fr\/whisky\/buffalo-trace\/","title":{"rendered":"Buffalo Trace"},"content":{"rendered":"[vc_row type=&#8221;container&#8221; padding_top=&#8221;&#8221; padding_bottom=&#8221;&#8221;][vc_column][vc_images_carousel images=&#8221;77422&#8243; img_size=&#8221;full&#8221;][vc_column_text]<strong>Buffalo Trace Kentucky Straight Bourbon Whiskey<\/strong><\/p>\n<p>&nbsp;<\/p>\n<p>Laissez-vous s\u00e9duire par l&#8217;art de la distillerie la plus r\u00e9put\u00e9e au monde. Fabriqu\u00e9 avec un soin m\u00e9ticuleux, <strong>Buffalo Trace Kentucky Straight Bourbon Whiskey<\/strong> subit un processus pr\u00e9cis de distillation, de vieillissement et d&#8217;embouteillage dans la distillerie renomm\u00e9e et d\u00e9cor\u00e9e. Seuls les meilleurs malts de ma\u00efs, de seigle et d&#8217;orge sont m\u00e9ticuleusement s\u00e9lectionn\u00e9s pour constituer la base de ce whiskey exceptionnel. Patiemment vieilli dans des f\u00fbts de ch\u00eane neufs au sein d&#8217;entrep\u00f4ts centenaires, il est nourri jusqu&#8217;\u00e0 ce qu&#8217;il atteigne l&#8217;apog\u00e9e de sa maturit\u00e9. Pr\u00e9parez vos papilles \u00e0 un voyage de richesse et de complexit\u00e9. De d\u00e9licates notes de vanille, de caramel et de fruits confits s&#8217;entrem\u00ealent, cr\u00e9ant une symphonie de saveurs qui dansent sur le palais. L&#8217;exp\u00e9rience culmine avec une finale velout\u00e9e qui persiste et laisse une impression durable. Soyez assur\u00e9s que l&#8217;engagement in\u00e9branlable en faveur de l&#8217;excellence et de la qualit\u00e9 restera \u00e0 jamais la pierre angulaire du Buffalo Trace Kentucky Straight Bourbon Whiskey. Savourez l&#8217;essence intemporelle de cette cr\u00e9ation extraordinaire, qui t\u00e9moigne de l&#8217;h\u00e9ritage durable de l&#8217;artisanat et du raffinement. ;[\/vc_column_text]<div class=\"woocommerce \"><ul class=\"products columns-3\">\n<li class=\"product type-product post-78533 status-publish first instock product_cat-usa-fr product_cat-kentucky-fr product_cat-en-vedette has-post-thumbnail sale featured taxable shipping-taxable purchasable product-type-simple\">\n\t<a href=\"https:\/\/whisky.ad\/fr\/produit\/buffalo-trace-40-0-7l\/\" class=\"woocommerce-LoopProduct-link woocommerce-loop-product__link\">\n\t<span class=\"onsale\">Promo\u00a0!<\/span>\n\t<img loading=\"lazy\" decoding=\"async\" width=\"300\" height=\"300\" src=\"https:\/\/whisky.ad\/wp-content\/uploads\/2023\/08\/download-13-300x300.jpeg\" class=\"attachment-woocommerce_thumbnail size-woocommerce_thumbnail\" alt=\"Buffalo Trace 40% 0.7l\" srcset=\"https:\/\/whisky.ad\/wp-content\/uploads\/2023\/08\/download-13-300x300.jpeg 300w, https:\/\/whisky.ad\/wp-content\/uploads\/2023\/08\/download-13-500x500.jpeg 500w, https:\/\/whisky.ad\/wp-content\/uploads\/2023\/08\/download-13-100x100.jpeg 100w, https:\/\/whisky.ad\/wp-content\/uploads\/2023\/08\/download-13-150x150.jpeg 150w, https:\/\/whisky.ad\/wp-content\/uploads\/2023\/08\/download-13-768x768.jpeg 768w, https:\/\/whisky.ad\/wp-content\/uploads\/2023\/08\/download-13-1024x1024.jpeg 1024w\" sizes=\"auto, (max-width: 300px) 100vw, 300px\" \/><h2 class=\"woocommerce-loop-product__title\">Buffalo Trace 40% 0.7l<\/h2>\n\t<span class=\"price\"><del aria-hidden=\"true\"><span class=\"woocommerce-Price-amount amount\"><bdi><span class=\"woocommerce-Price-currencySymbol\">&euro;<\/span>17.95<\/bdi><\/span><\/del> <span class=\"screen-reader-text\">Le prix initial \u00e9tait\u00a0: &euro;17.95.<\/span><ins aria-hidden=\"true\"><span class=\"woocommerce-Price-amount amount\"><bdi><span class=\"woocommerce-Price-currencySymbol\">&euro;<\/span>16.95<\/bdi><\/span><\/ins><span class=\"screen-reader-text\">Le prix actuel est\u00a0: &euro;16.95.<\/span><\/span>\n<\/a><a href=\"\/fr\/wp-json\/wp\/v2\/pages\/79316?add-to-cart=78533\" aria-describedby=\"woocommerce_loop_add_to_cart_link_describedby_78533\" data-quantity=\"1\" class=\"button product_type_simple add_to_cart_button ajax_add_to_cart\" data-product_id=\"78533\" data-product_sku=\"\" aria-label=\"Ajouter au panier\u00a0: &ldquo;Buffalo Trace 40% 0.7l&rdquo;\" rel=\"nofollow\" data-success_message=\"\u00ab\u00a0Buffalo Trace 40% 0.7l\u00a0\u00bb a \u00e9t\u00e9 ajout\u00e9 \u00e0 votre panier\" title=\"Minimum qty is 1\">Ajouter au panier<\/a>\t<span id=\"woocommerce_loop_add_to_cart_link_describedby_78533\" class=\"screen-reader-text\">\n\t\t\t<\/span>\n<\/li>\n<\/ul>\n<\/div>[\/vc_column][\/vc_row]\n","protected":false},"excerpt":{"rendered":"<p>[vc_row type=&#8221;container&#8221; padding_top=&#8221;&#8221; padding_bottom=&#8221;&#8221;][vc_column][vc_images_carousel images=&#8221;77422&#8243; img_size=&#8221;full&#8221;][vc_column_text]Buffalo Trace Kentucky Straight Bourbon Whiskey &nbsp; Laissez-vous s\u00e9duire par l&#8217;art de la distillerie la plus r\u00e9put\u00e9e au monde. Fabriqu\u00e9 avec un soin m\u00e9ticuleux, Buffalo Trace Kentucky Straight Bourbon Whiskey subit un processus pr\u00e9cis de distillation, de vieillissement et d&#8217;embouteillage dans la distillerie renomm\u00e9e et d\u00e9cor\u00e9e. Seuls les meilleurs malts [&hellip;]<\/p>\n","protected":false},"author":1,"featured_media":76285,"parent":77907,"menu_order":0,"comment_status":"closed","ping_status":"closed","template":"","meta":{"_acf_changed":false,"footnotes":""},"class_list":["post-79316","page","type-page","status-publish","has-post-thumbnail","hentry"],"acf":[],"aioseo_notices":[],"jetpack_sharing_enabled":true,"jetpack_shortlink":"https:\/\/wp.me\/PemYjf-kDi","_links":{"self":[{"href":"https:\/\/whisky.ad\/fr\/wp-json\/wp\/v2\/pages\/79316","targetHints":{"allow":["GET"]}}],"collection":[{"href":"https:\/\/whisky.ad\/fr\/wp-json\/wp\/v2\/pages"}],"about":[{"href":"https:\/\/whisky.ad\/fr\/wp-json\/wp\/v2\/types\/page"}],"author":[{"embeddable":true,"href":"https:\/\/whisky.ad\/fr\/wp-json\/wp\/v2\/users\/1"}],"replies":[{"embeddable":true,"href":"https:\/\/whisky.ad\/fr\/wp-json\/wp\/v2\/comments?post=79316"}],"version-history":[{"count":3,"href":"https:\/\/whisky.ad\/fr\/wp-json\/wp\/v2\/pages\/79316\/revisions"}],"predecessor-version":[{"id":79319,"href":"https:\/\/whisky.ad\/fr\/wp-json\/wp\/v2\/pages\/79316\/revisions\/79319"}],"up":[{"embeddable":true,"href":"https:\/\/whisky.ad\/fr\/wp-json\/wp\/v2\/pages\/77907"}],"wp:featuredmedia":[{"embeddable":true,"href":"https:\/\/whisky.ad\/fr\/wp-json\/wp\/v2\/media\/76285"}],"wp:attachment":[{"href":"https:\/\/whisky.ad\/fr\/wp-json\/wp\/v2\/media?parent=79316"}],"curies":[{"name":"wp","href":"https:\/\/api.w.org\/{rel}","templated":true}]}}