{"id":79291,"date":"2022-12-16T10:01:26","date_gmt":"2022-12-16T09:01:26","guid":{"rendered":"https:\/\/whisky.ad\/whisky\/1792-2\/"},"modified":"2023-12-14T16:45:22","modified_gmt":"2023-12-14T15:45:22","slug":"1792-2","status":"publish","type":"page","link":"https:\/\/whisky.ad\/fr\/whisky\/1792-2\/","title":{"rendered":"1792"},"content":{"rendered":"[vc_row type=&#8221;container&#8221; padding_top=&#8221;&#8221; padding_bottom=&#8221;&#8221;][vc_column width=&#8221;2\/3&#8243;][vc_column_text]\n<div class=\"flex flex-grow flex-col gap-3\">\n<div class=\"min-h-[20px] flex flex-col items-start gap-4 whitespace-pre-wrap break-words\">\n<div class=\"markdown prose w-full break-words dark:prose-invert light\">\n<p><strong>1792 Small Batch Bourbon<\/strong><\/p>\n<p>&nbsp;<\/p>\n<p>D\u00e9couvrez le go\u00fbt exquis de <strong>1792 Small Batch Bourbon<\/strong>, un spiritueux qui respire la sophistication et la complexit\u00e9. Gr\u00e2ce \u00e0 sa pr\u00e9cision artisanale, ce bourbon est une cr\u00e9ation unique en son genre. M\u00e9ticuleusement \u00e9labor\u00e9 \u00e0 partir de notre recette &#8220;high rye&#8221; caract\u00e9ristique et du mariage artistique de f\u00fbts s\u00e9lectionn\u00e9s par notre ma\u00eetre distillateur, le 1792 Bourbon offre une exp\u00e9rience de d\u00e9gustation in\u00e9gal\u00e9e. Pr\u00e9parez votre palais \u00e0 d\u00e9couvrir un profil de saveurs expressif et \u00e9l\u00e9gant qui ravit les sens. La pr\u00e9sence inimitable d&#8217;\u00e9pices se m\u00eale gracieusement aux notes de caramel doux et de vanille onctueuse. Le r\u00e9sultat est un bourbon qui est \u00e0 la fois audacieux et t\u00e9m\u00e9raire, tout en conservant un niveau remarquable de douceur et d&#8217;\u00e9quilibre. \u00c9levant le monde du whisky \u00e0 des sommets extraordinaires, le bourbon 1792 est appr\u00e9ci\u00e9 et v\u00e9n\u00e9r\u00e9 par les connaisseurs du monde entier. Laissez-vous tenter par ce spiritueux exceptionnel et d\u00e9couvrez la v\u00e9ritable essence de l&#8217;artisanat et du raffinement. ;  <\/p>\n<\/div>\n<\/div>\n<\/div>\n[\/vc_column_text][\/vc_column][vc_column width=&#8221;1\/3&#8243;][vc_single_image image=&#8221;76249&#8243; img_size=&#8221;medium&#8221; alignment=&#8221;right&#8221;][\/vc_column][\/vc_row]\n","protected":false},"excerpt":{"rendered":"<p>[vc_row type=&#8221;container&#8221; padding_top=&#8221;&#8221; padding_bottom=&#8221;&#8221;][vc_column width=&#8221;2\/3&#8243;][vc_column_text] 1792 Small Batch Bourbon &nbsp; D\u00e9couvrez le go\u00fbt exquis de 1792 Small Batch Bourbon, un spiritueux qui respire la sophistication et la complexit\u00e9. Gr\u00e2ce \u00e0 sa pr\u00e9cision artisanale, ce bourbon est une cr\u00e9ation unique en son genre. M\u00e9ticuleusement \u00e9labor\u00e9 \u00e0 partir de notre recette &#8220;high rye&#8221; caract\u00e9ristique et du mariage [&hellip;]<\/p>\n","protected":false},"author":1,"featured_media":76249,"parent":77907,"menu_order":1,"comment_status":"closed","ping_status":"closed","template":"","meta":{"_acf_changed":false,"footnotes":""},"class_list":["post-79291","page","type-page","status-publish","has-post-thumbnail","hentry"],"acf":[],"aioseo_notices":[],"jetpack_sharing_enabled":true,"jetpack_shortlink":"https:\/\/wp.me\/PemYjf-kCT","_links":{"self":[{"href":"https:\/\/whisky.ad\/fr\/wp-json\/wp\/v2\/pages\/79291","targetHints":{"allow":["GET"]}}],"collection":[{"href":"https:\/\/whisky.ad\/fr\/wp-json\/wp\/v2\/pages"}],"about":[{"href":"https:\/\/whisky.ad\/fr\/wp-json\/wp\/v2\/types\/page"}],"author":[{"embeddable":true,"href":"https:\/\/whisky.ad\/fr\/wp-json\/wp\/v2\/users\/1"}],"replies":[{"embeddable":true,"href":"https:\/\/whisky.ad\/fr\/wp-json\/wp\/v2\/comments?post=79291"}],"version-history":[{"count":3,"href":"https:\/\/whisky.ad\/fr\/wp-json\/wp\/v2\/pages\/79291\/revisions"}],"predecessor-version":[{"id":79294,"href":"https:\/\/whisky.ad\/fr\/wp-json\/wp\/v2\/pages\/79291\/revisions\/79294"}],"up":[{"embeddable":true,"href":"https:\/\/whisky.ad\/fr\/wp-json\/wp\/v2\/pages\/77907"}],"wp:featuredmedia":[{"embeddable":true,"href":"https:\/\/whisky.ad\/fr\/wp-json\/wp\/v2\/media\/76249"}],"wp:attachment":[{"href":"https:\/\/whisky.ad\/fr\/wp-json\/wp\/v2\/media?parent=79291"}],"curies":[{"name":"wp","href":"https:\/\/api.w.org\/{rel}","templated":true}]}}