{"id":78295,"date":"2023-08-28T08:22:25","date_gmt":"2023-08-28T07:22:25","guid":{"rendered":"https:\/\/whisky.ad\/bitter\/"},"modified":"2023-12-05T11:01:35","modified_gmt":"2023-12-05T10:01:35","slug":"bitter","status":"publish","type":"page","link":"https:\/\/whisky.ad\/fr\/bitter\/","title":{"rendered":"BITTER"},"content":{"rendered":"[vc_row type=&#8221;full_page_width&#8221; padding_top=&#8221;&#8221; padding_bottom=&#8221;&#8221;][\/vc_row][vc_row type=&#8221;full_page_width&#8221; padding_top=&#8221;&#8221; padding_bottom=&#8221;&#8221;][vc_column][layerslider_vc id=&#8221;15&#8243;][\/vc_column][\/vc_row][vc_row type=&#8221;container&#8221; padding_top=&#8221;&#8221; padding_bottom=&#8221;&#8221;][vc_column][vc_column_text]\n<div class=\"flex flex-grow flex-col gap-3 max-w-full\">\n<div class=\"min-h-[20px] flex flex-col items-start gap-3 overflow-x-auto whitespace-pre-wrap break-words\">\n<div class=\"markdown prose w-full break-words dark:prose-invert light\">\n<p><strong>Qu&#8217;est-ce qu&#8217;un amer ?<\/strong><\/p>\n<p>Les amers ne sont g\u00e9n\u00e9ralement pas consomm\u00e9s seuls en tant que boisson autonome, mais sont plut\u00f4t utilis\u00e9s comme agents aromatiques dans les cocktails et les boissons m\u00e9lang\u00e9es. Ce sont des liquides aromatiques tr\u00e8s concentr\u00e9s, infus\u00e9s avec une vari\u00e9t\u00e9 d&#8217;herbes, d&#8217;\u00e9pices, de racines et d&#8217;autres ingr\u00e9dients botaniques. Les amers sont utilis\u00e9s en petites quantit\u00e9s pour ajouter de la complexit\u00e9, de la profondeur et de l&#8217;\u00e9quilibre aux cocktails en leur conf\u00e9rant un profil de saveur sp\u00e9cifique et en am\u00e9liorant l&#8217;exp\u00e9rience gustative globale. Ils peuvent avoir une gamme de saveurs, de l&#8217;amer au sucr\u00e9 et tout ce qui se trouve entre les deux, et sont souvent utilis\u00e9s pour compl\u00e9ter et rehausser les saveurs des autres ingr\u00e9dients d&#8217;un cocktail. Parmi les types d&#8217;amers les plus connus, citons <\/p>\n<ol>\n<li><strong>Amers Angostura :<\/strong> Peut-\u00eatre le type d&#8217;amers le plus c\u00e9l\u00e8bre et le plus utilis\u00e9, les amers Angostura sont originaires du Venezuela et sont connus pour leur saveur distinctive, qui comprend des notes d&#8217;\u00e9pices, d&#8217;agrumes et une forte amertume. Ils sont un ingr\u00e9dient cl\u00e9 dans de nombreux cocktails classiques comme le Old Fashioned et le Manhattan. <\/li>\n<li><strong>Amers \u00e0 l&#8217;orange :<\/strong> Ces amers sont infus\u00e9s avec de l&#8217;\u00e9corce d&#8217;orange et d&#8217;autres plantes, ce qui leur conf\u00e8re une saveur citronn\u00e9e et l\u00e9g\u00e8rement am\u00e8re. Ils sont souvent utilis\u00e9s dans les cocktails qui n\u00e9cessitent un soup\u00e7on d&#8217;essence d&#8217;orange. <\/li>\n<li><strong>Amers aromatiques :<\/strong> Cette cat\u00e9gorie comprend les amers qui sont g\u00e9n\u00e9ralement utilis\u00e9s pour ajouter de la profondeur et de la complexit\u00e9 aux cocktails. Leur saveur peut varier consid\u00e9rablement, incorporant un m\u00e9lange d&#8217;\u00e9pices et d&#8217;herbes. <\/li>\n<li><strong>Amers \u00e0 base de plantes :<\/strong> Ces amers soulignent les saveurs de diverses herbes et peuvent \u00eatre utilis\u00e9s pour ajouter un \u00e9l\u00e9ment terreux et herbac\u00e9 aux cocktails.<\/li>\n<li><strong>Amers de fruits :<\/strong> Ces amers sont infus\u00e9s avec l&#8217;essence de fruits sp\u00e9cifiques, ajoutant une saveur fruit\u00e9e et parfois l\u00e9g\u00e8rement acidul\u00e9e aux cocktails.<\/li>\n<\/ol>\n<p>Il est important de noter que les amers ont une saveur assez forte, c&#8217;est pourquoi ils sont g\u00e9n\u00e9ralement utilis\u00e9s en traits ou en gouttes, selon la recette. Ils jouent un r\u00f4le essentiel dans le monde de la mixologie, permettant aux barmen et aux amateurs de cocktails de cr\u00e9er des boissons aux saveurs et aux ar\u00f4mes vari\u00e9s. <\/p><\/div>\n<\/div>\n<\/div>\n<div class=\"flex justify-between lg:block\">\n<div class=\"text-gray-400 flex self-end lg:self-center justify-center mt-2 gap-2 md:gap-3 lg:gap-1 lg:absolute lg:top-0 lg:translate-x-full lg:right-0 lg:mt-0 lg:pl-2 visible\"><\/div>\n<\/div>\n[\/vc_column_text][\/vc_column][\/vc_row][vc_row type=&#8221;container&#8221; padding_top=&#8221;&#8221; padding_bottom=&#8221;&#8221;][vc_column]<div class=\"woocommerce columns-3 \"><ul class=\"products columns-3\">\n<li class=\"product type-product post-78683 status-publish first instock product_cat-spirits-fr product_cat-aquavit-fr product_cat-bitter-fr has-post-thumbnail taxable shipping-taxable purchasable product-type-simple\">\n\t<a href=\"https:\/\/whisky.ad\/fr\/produit\/gammel-dansk-bitter-0-7l-38\/\" class=\"woocommerce-LoopProduct-link woocommerce-loop-product__link\"><img loading=\"lazy\" decoding=\"async\" width=\"300\" height=\"300\" src=\"https:\/\/whisky.ad\/wp-content\/uploads\/2023\/08\/gammel-dansk-300x300.jpg\" class=\"attachment-woocommerce_thumbnail size-woocommerce_thumbnail\" alt=\"Gammel Dansk Bitter 0.7l 38%\" srcset=\"https:\/\/whisky.ad\/wp-content\/uploads\/2023\/08\/gammel-dansk-300x300.jpg 300w, https:\/\/whisky.ad\/wp-content\/uploads\/2023\/08\/gammel-dansk-100x100.jpg 100w, https:\/\/whisky.ad\/wp-content\/uploads\/2023\/08\/gammel-dansk-150x150.jpg 150w, https:\/\/whisky.ad\/wp-content\/uploads\/2023\/08\/gammel-dansk-768x768.jpg 768w, https:\/\/whisky.ad\/wp-content\/uploads\/2023\/08\/gammel-dansk-1024x1024.jpg 1024w\" sizes=\"auto, (max-width: 300px) 100vw, 300px\" \/><h2 class=\"woocommerce-loop-product__title\">Gammel Dansk Bitter 0.7l 38%<\/h2>\n\t<span class=\"price\"><span class=\"woocommerce-Price-amount amount\"><bdi><span class=\"woocommerce-Price-currencySymbol\">&euro;<\/span>16.95<\/bdi><\/span><\/span>\n<\/a><a href=\"\/fr\/wp-json\/wp\/v2\/pages\/78295?add-to-cart=78683\" aria-describedby=\"woocommerce_loop_add_to_cart_link_describedby_78683\" data-quantity=\"1\" class=\"button product_type_simple add_to_cart_button ajax_add_to_cart\" data-product_id=\"78683\" data-product_sku=\"\" aria-label=\"Ajouter au panier\u00a0: &ldquo;Gammel Dansk Bitter 0.7l 38%&rdquo;\" rel=\"nofollow\" data-success_message=\"\u00ab\u00a0Gammel Dansk Bitter 0.7l 38%\u00a0\u00bb a \u00e9t\u00e9 ajout\u00e9 \u00e0 votre panier\" title=\"Minimum qty is 1\">Ajouter au panier<\/a>\t<span id=\"woocommerce_loop_add_to_cart_link_describedby_78683\" class=\"screen-reader-text\">\n\t\t\t<\/span>\n<\/li>\n<li class=\"product type-product post-78935 status-publish instock product_cat-spirits-fr product_cat-aquavit-fr product_cat-bitter-fr has-post-thumbnail taxable shipping-taxable purchasable product-type-simple\">\n\t<a href=\"https:\/\/whisky.ad\/fr\/produit\/malteser-aquavit-bitter-0-7l-40\/\" class=\"woocommerce-LoopProduct-link woocommerce-loop-product__link\"><img loading=\"lazy\" decoding=\"async\" width=\"300\" height=\"300\" src=\"https:\/\/whisky.ad\/wp-content\/uploads\/2023\/08\/malteser-1-300x300.webp\" class=\"attachment-woocommerce_thumbnail size-woocommerce_thumbnail\" alt=\"Malteser Aquavit-Bitter 0.7l 40%\" srcset=\"https:\/\/whisky.ad\/wp-content\/uploads\/2023\/08\/malteser-1-300x300.webp 300w, https:\/\/whisky.ad\/wp-content\/uploads\/2023\/08\/malteser-1-500x500.webp 500w, https:\/\/whisky.ad\/wp-content\/uploads\/2023\/08\/malteser-1-100x100.webp 100w, https:\/\/whisky.ad\/wp-content\/uploads\/2023\/08\/malteser-1-150x150.webp 150w, https:\/\/whisky.ad\/wp-content\/uploads\/2023\/08\/malteser-1-768x768.webp 768w, https:\/\/whisky.ad\/wp-content\/uploads\/2023\/08\/malteser-1-1024x1024.webp 1024w\" sizes=\"auto, (max-width: 300px) 100vw, 300px\" \/><h2 class=\"woocommerce-loop-product__title\">Malteser Aquavit-Bitter 0.7l 40%<\/h2>\n\t<span class=\"price\"><span class=\"woocommerce-Price-amount amount\"><bdi><span class=\"woocommerce-Price-currencySymbol\">&euro;<\/span>16.65<\/bdi><\/span><\/span>\n<\/a><a href=\"\/fr\/wp-json\/wp\/v2\/pages\/78295?add-to-cart=78935\" aria-describedby=\"woocommerce_loop_add_to_cart_link_describedby_78935\" data-quantity=\"1\" class=\"button product_type_simple add_to_cart_button ajax_add_to_cart\" data-product_id=\"78935\" data-product_sku=\"\" aria-label=\"Ajouter au panier\u00a0: &ldquo;Malteser Aquavit-Bitter 0.7l 40%&rdquo;\" rel=\"nofollow\" data-success_message=\"\u00ab\u00a0Malteser Aquavit-Bitter 0.7l 40%\u00a0\u00bb a \u00e9t\u00e9 ajout\u00e9 \u00e0 votre panier\" title=\"Minimum qty is 1\">Ajouter au panier<\/a>\t<span id=\"woocommerce_loop_add_to_cart_link_describedby_78935\" class=\"screen-reader-text\">\n\t\t\t<\/span>\n<\/li>\n<li class=\"product type-product post-79002 status-publish last outofstock product_cat-spirits-fr product_cat-bitter-fr has-post-thumbnail taxable shipping-taxable product-type-simple\">\n\t<a href=\"https:\/\/whisky.ad\/fr\/produit\/peychauds-bitter-296ml-35\/\" class=\"woocommerce-LoopProduct-link woocommerce-loop-product__link\"><img loading=\"lazy\" decoding=\"async\" width=\"300\" height=\"300\" src=\"https:\/\/whisky.ad\/wp-content\/uploads\/2023\/08\/peychauds-300x300.png\" class=\"attachment-woocommerce_thumbnail size-woocommerce_thumbnail\" alt=\"Peychaud\u00b4s Bitter 296ml. 35%\" srcset=\"https:\/\/whisky.ad\/wp-content\/uploads\/2023\/08\/peychauds-300x300.png 300w, https:\/\/whisky.ad\/wp-content\/uploads\/2023\/08\/peychauds-500x500.png 500w, https:\/\/whisky.ad\/wp-content\/uploads\/2023\/08\/peychauds-100x100.png 100w, https:\/\/whisky.ad\/wp-content\/uploads\/2023\/08\/peychauds-150x150.png 150w, https:\/\/whisky.ad\/wp-content\/uploads\/2023\/08\/peychauds-768x768.png 768w, https:\/\/whisky.ad\/wp-content\/uploads\/2023\/08\/peychauds-1024x1024.png 1024w\" sizes=\"auto, (max-width: 300px) 100vw, 300px\" \/><span class=\"out-of-stock-label\" style=\"color:red; font-weight:bold; margin-left:10px;\">Out of stock<\/span><h2 class=\"woocommerce-loop-product__title\">Peychaud\u00b4s Bitter 296ml. 35%<\/h2>\n<\/a><a href=\"https:\/\/whisky.ad\/fr\/produit\/peychauds-bitter-296ml-35\/\" aria-describedby=\"woocommerce_loop_add_to_cart_link_describedby_79002\" data-quantity=\"1\" class=\"button product_type_simple\" data-product_id=\"79002\" data-product_sku=\"\" aria-label=\"En savoir plus sur &ldquo;Peychaud\u00b4s Bitter 296ml. 35%&rdquo;\" rel=\"nofollow\" data-success_message=\"\" title=\"Minimum qty is 1\">Lire la suite<\/a>\t<span id=\"woocommerce_loop_add_to_cart_link_describedby_79002\" class=\"screen-reader-text\">\n\t\t\t<\/span>\n<\/li>\n<\/ul>\n<\/div>[\/vc_column][\/vc_row]\n","protected":false},"excerpt":{"rendered":"<p>[vc_row type=&#8221;full_page_width&#8221; padding_top=&#8221;&#8221; padding_bottom=&#8221;&#8221;][\/vc_row][vc_row type=&#8221;full_page_width&#8221; padding_top=&#8221;&#8221; padding_bottom=&#8221;&#8221;][vc_column][layerslider_vc id=&#8221;15&#8243;][\/vc_column][\/vc_row][vc_row type=&#8221;container&#8221; padding_top=&#8221;&#8221; padding_bottom=&#8221;&#8221;][vc_column][vc_column_text] Qu&#8217;est-ce qu&#8217;un amer ? Les amers ne sont g\u00e9n\u00e9ralement pas consomm\u00e9s seuls en tant que boisson autonome, mais sont plut\u00f4t utilis\u00e9s comme agents aromatiques dans les cocktails et les boissons m\u00e9lang\u00e9es. Ce sont des liquides aromatiques tr\u00e8s concentr\u00e9s, infus\u00e9s avec une vari\u00e9t\u00e9 d&#8217;herbes, d&#8217;\u00e9pices, [&hellip;]<\/p>\n","protected":false},"author":1,"featured_media":0,"parent":0,"menu_order":0,"comment_status":"closed","ping_status":"closed","template":"page-full-width.php","meta":{"_acf_changed":false,"footnotes":""},"class_list":["post-78295","page","type-page","status-publish","hentry"],"acf":[],"aioseo_notices":[],"jetpack_sharing_enabled":true,"jetpack_shortlink":"https:\/\/wp.me\/PemYjf-kmP","_links":{"self":[{"href":"https:\/\/whisky.ad\/fr\/wp-json\/wp\/v2\/pages\/78295","targetHints":{"allow":["GET"]}}],"collection":[{"href":"https:\/\/whisky.ad\/fr\/wp-json\/wp\/v2\/pages"}],"about":[{"href":"https:\/\/whisky.ad\/fr\/wp-json\/wp\/v2\/types\/page"}],"author":[{"embeddable":true,"href":"https:\/\/whisky.ad\/fr\/wp-json\/wp\/v2\/users\/1"}],"replies":[{"embeddable":true,"href":"https:\/\/whisky.ad\/fr\/wp-json\/wp\/v2\/comments?post=78295"}],"version-history":[{"count":2,"href":"https:\/\/whisky.ad\/fr\/wp-json\/wp\/v2\/pages\/78295\/revisions"}],"predecessor-version":[{"id":78313,"href":"https:\/\/whisky.ad\/fr\/wp-json\/wp\/v2\/pages\/78295\/revisions\/78313"}],"wp:attachment":[{"href":"https:\/\/whisky.ad\/fr\/wp-json\/wp\/v2\/media?parent=78295"}],"curies":[{"name":"wp","href":"https:\/\/api.w.org\/{rel}","templated":true}]}}