{"id":78219,"date":"2019-10-13T18:14:30","date_gmt":"2019-10-13T17:14:30","guid":{"rendered":"https:\/\/whisky.ad\/aquavit\/"},"modified":"2023-12-05T10:51:17","modified_gmt":"2023-12-05T09:51:17","slug":"aquavit","status":"publish","type":"page","link":"https:\/\/whisky.ad\/fr\/aquavit\/","title":{"rendered":"AQUAVIT"},"content":{"rendered":"[vc_row type=&#8221;full_page_width&#8221; padding_top=&#8221;&#8221; padding_bottom=&#8221;&#8221;][vc_column][layerslider_vc id=&#8221;12&#8243;][\/vc_column][\/vc_row][vc_row type=&#8221;container&#8221; padding_top=&#8221;&#8221; padding_bottom=&#8221;&#8221; css=&#8221;.vc_custom_1570987386070{margin-top: -15px !important;}&#8221;][vc_column][vc_column_text]<strong>Comment fabrique-t-on l&#8217;aquavit ?<\/strong><\/p>\n<div class=\"flex flex-grow flex-col gap-3 max-w-full\">\n<div class=\"min-h-[20px] flex flex-col items-start gap-3 overflow-x-auto whitespace-pre-wrap break-words\">\n<div class=\"markdown prose w-full break-words dark:prose-invert light\">\n<p>La production d&#8217;aquavit ressemble beaucoup \u00e0 celle de la vodka ou du gin, utilisant un distillat de c\u00e9r\u00e9ales neutre ou, dans le cas de la Norv\u00e8ge, des pommes de terre. Le spiritueux est infus\u00e9 avec divers composants aromatiques. Si la note distincte du carvi est la quintessence de l&#8217;aquavit, l&#8217;aneth joue \u00e9galement un r\u00f4le pr\u00e9pond\u00e9rant. Les r\u00e9glementations de l&#8217;Union europ\u00e9enne (UE) stipulent l&#8217;inclusion du carvi et\/ou de l&#8217;aneth, mais un m\u00e9lange d&#8217;autres herbes, d&#8217;\u00e9pices et de parfums d&#8217;agrumes est \u00e9galement utilis\u00e9. Cet ensemble comprend l&#8217;anis, la cardamome, les agrumes (notamment l&#8217;orange, parfois le citron), les clous de girofle, la coriandre, le cumin et le fenouil. Contrairement \u00e0 de nombreux spiritueux, l&#8217;aquavit n&#8217;est g\u00e9n\u00e9ralement pas vieilli en f\u00fbt, ce qui lui conf\u00e8re une teinte p\u00e2le, permettant \u00e0 la v\u00e9ritable essence des \u00e9pices employ\u00e9es de briller sans alt\u00e9ration. La Norv\u00e8ge, dans son style caract\u00e9ristique, s&#8217;\u00e9carte de cette norme en faisant souvent vieillir l&#8217;aquavit dans des f\u00fbts de x\u00e9r\u00e8s r\u00e9affect\u00e9s, ce qui lui donne un teint radieux et dor\u00e9. Parmi les anciennes marques d&#8217;aquavit norv\u00e9giennes, il convient de citer Linie Aquavit, consid\u00e9r\u00e9 comme le plus ancien aquavit du monde. Son histoire remonte \u00e0 1807, lorsqu&#8217;un navire transportant de l&#8217;eau-de-vie de pomme de terre revint des Indes orientales sans avoir trouv\u00e9 d&#8217;acheteur \u00e0 destination. Sans le vouloir, cela a donn\u00e9 naissance \u00e0 une tradition qui perdure aujourd&#8217;hui : le vieillissement de l&#8217;aquavit au cours de voyages en mer. L&#8217;eau-de-vie traverse les oc\u00e9ans au cours d&#8217;un voyage aller-retour de quatre mois entre la Norv\u00e8ge et l&#8217;Australie, apr\u00e8s une ann\u00e9e de maturation sur terre. On pense que le doux balancement des vagues de l&#8217;oc\u00e9an conf\u00e8re un caract\u00e8re in\u00e9gal\u00e9 \u00e0 l&#8217;aquavit vieilli. En ce qui concerne sa puissance, l&#8217;aquavit doit \u00eatre mis en bouteille \u00e0 un taux minimum de 37,5 %, bien qu&#8217;il atteigne le plus souvent des taux de 42 \u00e0 45 %.    <\/p>\n<\/div>\n<\/div>\n<\/div>\n[\/vc_column_text][\/vc_column][\/vc_row][vc_row type=&#8221;container&#8221; padding_top=&#8221;&#8221; padding_bottom=&#8221;&#8221;][vc_column][vc_separator color=&#8221;#000000&#8243; type=&#8221;normal&#8221; thickness=&#8221;1&#8243; up=&#8221;&#8221; down=&#8221;&#8221;][\/vc_column][\/vc_row][vc_row type=&#8221;container&#8221; padding_top=&#8221;&#8221; padding_bottom=&#8221;&#8221;][vc_column]<div class=\"woocommerce columns-3 \"><ul class=\"products columns-3\">\n<li class=\"product type-product post-78411 status-publish first instock product_cat-spirits-fr product_cat-aquavit-fr has-post-thumbnail taxable shipping-taxable purchasable product-type-simple\">\n\t<a href=\"https:\/\/whisky.ad\/fr\/produit\/aalborg-taffel-aqvavit-0-7l-45\/\" class=\"woocommerce-LoopProduct-link woocommerce-loop-product__link\"><img loading=\"lazy\" decoding=\"async\" width=\"300\" height=\"300\" src=\"https:\/\/whisky.ad\/wp-content\/uploads\/2023\/08\/Allborg-taffel-300x300.webp\" class=\"attachment-woocommerce_thumbnail size-woocommerce_thumbnail\" alt=\"Aalborg Taffel Aqvavit 0.7l 45%\" srcset=\"https:\/\/whisky.ad\/wp-content\/uploads\/2023\/08\/Allborg-taffel-300x300.webp 300w, https:\/\/whisky.ad\/wp-content\/uploads\/2023\/08\/Allborg-taffel-500x500.webp 500w, https:\/\/whisky.ad\/wp-content\/uploads\/2023\/08\/Allborg-taffel-100x100.webp 100w, https:\/\/whisky.ad\/wp-content\/uploads\/2023\/08\/Allborg-taffel-150x150.webp 150w, https:\/\/whisky.ad\/wp-content\/uploads\/2023\/08\/Allborg-taffel-768x768.webp 768w, https:\/\/whisky.ad\/wp-content\/uploads\/2023\/08\/Allborg-taffel-1024x1024.webp 1024w\" sizes=\"auto, (max-width: 300px) 100vw, 300px\" \/><h2 class=\"woocommerce-loop-product__title\">Aalborg Taffel Aqvavit 0.7l 45%<\/h2>\n\t<span class=\"price\"><span class=\"woocommerce-Price-amount amount\"><bdi><span class=\"woocommerce-Price-currencySymbol\">&euro;<\/span>14.95<\/bdi><\/span><\/span>\n<\/a><a href=\"\/fr\/wp-json\/wp\/v2\/pages\/78219?add-to-cart=78411\" aria-describedby=\"woocommerce_loop_add_to_cart_link_describedby_78411\" data-quantity=\"1\" class=\"button product_type_simple add_to_cart_button ajax_add_to_cart\" data-product_id=\"78411\" data-product_sku=\"\" aria-label=\"Ajouter au panier\u00a0: &ldquo;Aalborg Taffel Aqvavit 0.7l 45%&rdquo;\" rel=\"nofollow\" data-success_message=\"\u00ab\u00a0Aalborg Taffel Aqvavit 0.7l 45%\u00a0\u00bb a \u00e9t\u00e9 ajout\u00e9 \u00e0 votre panier\" title=\"Minimum qty is 1\">Ajouter au panier<\/a>\t<span id=\"woocommerce_loop_add_to_cart_link_describedby_78411\" class=\"screen-reader-text\">\n\t\t\t<\/span>\n<\/li>\n<li class=\"product type-product post-78683 status-publish instock product_cat-spirits-fr product_cat-aquavit-fr product_cat-bitter-fr has-post-thumbnail taxable shipping-taxable purchasable product-type-simple\">\n\t<a href=\"https:\/\/whisky.ad\/fr\/produit\/gammel-dansk-bitter-0-7l-38\/\" class=\"woocommerce-LoopProduct-link woocommerce-loop-product__link\"><img loading=\"lazy\" decoding=\"async\" width=\"300\" height=\"300\" src=\"https:\/\/whisky.ad\/wp-content\/uploads\/2023\/08\/gammel-dansk-300x300.jpg\" class=\"attachment-woocommerce_thumbnail size-woocommerce_thumbnail\" alt=\"Gammel Dansk Bitter 0.7l 38%\" srcset=\"https:\/\/whisky.ad\/wp-content\/uploads\/2023\/08\/gammel-dansk-300x300.jpg 300w, https:\/\/whisky.ad\/wp-content\/uploads\/2023\/08\/gammel-dansk-100x100.jpg 100w, https:\/\/whisky.ad\/wp-content\/uploads\/2023\/08\/gammel-dansk-150x150.jpg 150w, https:\/\/whisky.ad\/wp-content\/uploads\/2023\/08\/gammel-dansk-768x768.jpg 768w, https:\/\/whisky.ad\/wp-content\/uploads\/2023\/08\/gammel-dansk-1024x1024.jpg 1024w\" sizes=\"auto, (max-width: 300px) 100vw, 300px\" \/><h2 class=\"woocommerce-loop-product__title\">Gammel Dansk Bitter 0.7l 38%<\/h2>\n\t<span class=\"price\"><span class=\"woocommerce-Price-amount amount\"><bdi><span class=\"woocommerce-Price-currencySymbol\">&euro;<\/span>16.95<\/bdi><\/span><\/span>\n<\/a><a href=\"\/fr\/wp-json\/wp\/v2\/pages\/78219?add-to-cart=78683\" aria-describedby=\"woocommerce_loop_add_to_cart_link_describedby_78683\" data-quantity=\"1\" class=\"button product_type_simple add_to_cart_button ajax_add_to_cart\" data-product_id=\"78683\" data-product_sku=\"\" aria-label=\"Ajouter au panier\u00a0: &ldquo;Gammel Dansk Bitter 0.7l 38%&rdquo;\" rel=\"nofollow\" data-success_message=\"\u00ab\u00a0Gammel Dansk Bitter 0.7l 38%\u00a0\u00bb a \u00e9t\u00e9 ajout\u00e9 \u00e0 votre panier\" title=\"Minimum qty is 1\">Ajouter au panier<\/a>\t<span id=\"woocommerce_loop_add_to_cart_link_describedby_78683\" class=\"screen-reader-text\">\n\t\t\t<\/span>\n<\/li>\n<li class=\"product type-product post-78687 status-publish last instock product_cat-spirits-fr product_cat-aquavit-fr has-post-thumbnail taxable shipping-taxable purchasable product-type-simple\">\n\t<a href=\"https:\/\/whisky.ad\/fr\/produit\/gammel-opland-aquavit-0-7l-41-5\/\" class=\"woocommerce-LoopProduct-link woocommerce-loop-product__link\"><img loading=\"lazy\" decoding=\"async\" width=\"300\" height=\"300\" src=\"https:\/\/whisky.ad\/wp-content\/uploads\/2023\/08\/gammel-opland-aquavit-300x300.jpg\" class=\"attachment-woocommerce_thumbnail size-woocommerce_thumbnail\" alt=\"Gammel Opland Aquavit 0.7l 41.5%\" srcset=\"https:\/\/whisky.ad\/wp-content\/uploads\/2023\/08\/gammel-opland-aquavit-300x300.jpg 300w, https:\/\/whisky.ad\/wp-content\/uploads\/2023\/08\/gammel-opland-aquavit-500x500.jpg 500w, https:\/\/whisky.ad\/wp-content\/uploads\/2023\/08\/gammel-opland-aquavit-100x100.jpg 100w, https:\/\/whisky.ad\/wp-content\/uploads\/2023\/08\/gammel-opland-aquavit-150x150.jpg 150w, https:\/\/whisky.ad\/wp-content\/uploads\/2023\/08\/gammel-opland-aquavit-768x768.jpg 768w, https:\/\/whisky.ad\/wp-content\/uploads\/2023\/08\/gammel-opland-aquavit-1024x1024.jpg 1024w\" sizes=\"auto, (max-width: 300px) 100vw, 300px\" \/><h2 class=\"woocommerce-loop-product__title\">Gammel Opland Aquavit 0.7l 41.5%<\/h2>\n\t<span class=\"price\"><span class=\"woocommerce-Price-amount amount\"><bdi><span class=\"woocommerce-Price-currencySymbol\">&euro;<\/span>25.95<\/bdi><\/span><\/span>\n<\/a><a href=\"\/fr\/wp-json\/wp\/v2\/pages\/78219?add-to-cart=78687\" aria-describedby=\"woocommerce_loop_add_to_cart_link_describedby_78687\" data-quantity=\"1\" class=\"button product_type_simple add_to_cart_button ajax_add_to_cart\" data-product_id=\"78687\" data-product_sku=\"\" aria-label=\"Ajouter au panier\u00a0: &ldquo;Gammel Opland Aquavit 0.7l 41.5%&rdquo;\" rel=\"nofollow\" data-success_message=\"\u00ab\u00a0Gammel Opland Aquavit 0.7l 41.5%\u00a0\u00bb a \u00e9t\u00e9 ajout\u00e9 \u00e0 votre panier\" title=\"Minimum qty is 1\">Ajouter au panier<\/a>\t<span id=\"woocommerce_loop_add_to_cart_link_describedby_78687\" class=\"screen-reader-text\">\n\t\t\t<\/span>\n<\/li>\n<li class=\"product type-product post-78905 status-publish first instock product_cat-spirits-fr product_cat-aquavit-fr has-post-thumbnail taxable shipping-taxable purchasable product-type-simple\">\n\t<a href=\"https:\/\/whisky.ad\/fr\/produit\/loiten-aquavit-0-7l-40\/\" class=\"woocommerce-LoopProduct-link woocommerce-loop-product__link\"><img loading=\"lazy\" decoding=\"async\" width=\"300\" height=\"300\" src=\"https:\/\/whisky.ad\/wp-content\/uploads\/2023\/08\/loitens-aquavit-three-star-300x300.webp\" class=\"attachment-woocommerce_thumbnail size-woocommerce_thumbnail\" alt=\"Loiten Aquavit 0.7l 40%\" srcset=\"https:\/\/whisky.ad\/wp-content\/uploads\/2023\/08\/loitens-aquavit-three-star-300x300.webp 300w, https:\/\/whisky.ad\/wp-content\/uploads\/2023\/08\/loitens-aquavit-three-star-500x500.webp 500w, https:\/\/whisky.ad\/wp-content\/uploads\/2023\/08\/loitens-aquavit-three-star-100x100.webp 100w, https:\/\/whisky.ad\/wp-content\/uploads\/2023\/08\/loitens-aquavit-three-star-150x150.webp 150w, https:\/\/whisky.ad\/wp-content\/uploads\/2023\/08\/loitens-aquavit-three-star-768x768.webp 768w, https:\/\/whisky.ad\/wp-content\/uploads\/2023\/08\/loitens-aquavit-three-star-1024x1024.webp 1024w\" sizes=\"auto, (max-width: 300px) 100vw, 300px\" \/><h2 class=\"woocommerce-loop-product__title\">Loiten Aquavit 0.7l 40%<\/h2>\n\t<span class=\"price\"><span class=\"woocommerce-Price-amount amount\"><bdi><span class=\"woocommerce-Price-currencySymbol\">&euro;<\/span>16.95<\/bdi><\/span><\/span>\n<\/a><a href=\"\/fr\/wp-json\/wp\/v2\/pages\/78219?add-to-cart=78905\" aria-describedby=\"woocommerce_loop_add_to_cart_link_describedby_78905\" data-quantity=\"1\" class=\"button product_type_simple add_to_cart_button ajax_add_to_cart\" data-product_id=\"78905\" data-product_sku=\"\" aria-label=\"Ajouter au panier\u00a0: &ldquo;Loiten Aquavit 0.7l 40%&rdquo;\" rel=\"nofollow\" data-success_message=\"\u00ab\u00a0Loiten Aquavit 0.7l 40%\u00a0\u00bb a \u00e9t\u00e9 ajout\u00e9 \u00e0 votre panier\" title=\"Minimum qty is 1\">Ajouter au panier<\/a>\t<span id=\"woocommerce_loop_add_to_cart_link_describedby_78905\" class=\"screen-reader-text\">\n\t\t\t<\/span>\n<\/li>\n<li class=\"product type-product post-78935 status-publish instock product_cat-spirits-fr product_cat-aquavit-fr product_cat-bitter-fr has-post-thumbnail taxable shipping-taxable purchasable product-type-simple\">\n\t<a href=\"https:\/\/whisky.ad\/fr\/produit\/malteser-aquavit-bitter-0-7l-40\/\" class=\"woocommerce-LoopProduct-link woocommerce-loop-product__link\"><img loading=\"lazy\" decoding=\"async\" width=\"300\" height=\"300\" src=\"https:\/\/whisky.ad\/wp-content\/uploads\/2023\/08\/malteser-1-300x300.webp\" class=\"attachment-woocommerce_thumbnail size-woocommerce_thumbnail\" alt=\"Malteser Aquavit-Bitter 0.7l 40%\" srcset=\"https:\/\/whisky.ad\/wp-content\/uploads\/2023\/08\/malteser-1-300x300.webp 300w, https:\/\/whisky.ad\/wp-content\/uploads\/2023\/08\/malteser-1-500x500.webp 500w, https:\/\/whisky.ad\/wp-content\/uploads\/2023\/08\/malteser-1-100x100.webp 100w, https:\/\/whisky.ad\/wp-content\/uploads\/2023\/08\/malteser-1-150x150.webp 150w, https:\/\/whisky.ad\/wp-content\/uploads\/2023\/08\/malteser-1-768x768.webp 768w, https:\/\/whisky.ad\/wp-content\/uploads\/2023\/08\/malteser-1-1024x1024.webp 1024w\" sizes=\"auto, (max-width: 300px) 100vw, 300px\" \/><h2 class=\"woocommerce-loop-product__title\">Malteser Aquavit-Bitter 0.7l 40%<\/h2>\n\t<span class=\"price\"><span class=\"woocommerce-Price-amount amount\"><bdi><span class=\"woocommerce-Price-currencySymbol\">&euro;<\/span>16.65<\/bdi><\/span><\/span>\n<\/a><a href=\"\/fr\/wp-json\/wp\/v2\/pages\/78219?add-to-cart=78935\" aria-describedby=\"woocommerce_loop_add_to_cart_link_describedby_78935\" data-quantity=\"1\" class=\"button product_type_simple add_to_cart_button ajax_add_to_cart\" data-product_id=\"78935\" data-product_sku=\"\" aria-label=\"Ajouter au panier\u00a0: &ldquo;Malteser Aquavit-Bitter 0.7l 40%&rdquo;\" rel=\"nofollow\" data-success_message=\"\u00ab\u00a0Malteser Aquavit-Bitter 0.7l 40%\u00a0\u00bb a \u00e9t\u00e9 ajout\u00e9 \u00e0 votre panier\" title=\"Minimum qty is 1\">Ajouter au panier<\/a>\t<span id=\"woocommerce_loop_add_to_cart_link_describedby_78935\" class=\"screen-reader-text\">\n\t\t\t<\/span>\n<\/li>\n<\/ul>\n<\/div>[\/vc_column][\/vc_row]\n","protected":false},"excerpt":{"rendered":"<p>[vc_row type=&#8221;full_page_width&#8221; padding_top=&#8221;&#8221; padding_bottom=&#8221;&#8221;][vc_column][layerslider_vc id=&#8221;12&#8243;][\/vc_column][\/vc_row][vc_row type=&#8221;container&#8221; padding_top=&#8221;&#8221; padding_bottom=&#8221;&#8221; css=&#8221;.vc_custom_1570987386070{margin-top: -15px !important;}&#8221;][vc_column][vc_column_text]Comment fabrique-t-on l&#8217;aquavit ? La production d&#8217;aquavit ressemble beaucoup \u00e0 celle de la vodka ou du gin, utilisant un distillat de c\u00e9r\u00e9ales neutre ou, dans le cas de la Norv\u00e8ge, des pommes de terre. Le spiritueux est infus\u00e9 avec divers composants aromatiques. Si la note [&hellip;]<\/p>\n","protected":false},"author":1,"featured_media":0,"parent":0,"menu_order":0,"comment_status":"closed","ping_status":"closed","template":"page-full-width.php","meta":{"_acf_changed":false,"footnotes":""},"class_list":["post-78219","page","type-page","status-publish","hentry"],"acf":[],"aioseo_notices":[],"jetpack_sharing_enabled":true,"jetpack_shortlink":"https:\/\/wp.me\/PemYjf-klB","_links":{"self":[{"href":"https:\/\/whisky.ad\/fr\/wp-json\/wp\/v2\/pages\/78219","targetHints":{"allow":["GET"]}}],"collection":[{"href":"https:\/\/whisky.ad\/fr\/wp-json\/wp\/v2\/pages"}],"about":[{"href":"https:\/\/whisky.ad\/fr\/wp-json\/wp\/v2\/types\/page"}],"author":[{"embeddable":true,"href":"https:\/\/whisky.ad\/fr\/wp-json\/wp\/v2\/users\/1"}],"replies":[{"embeddable":true,"href":"https:\/\/whisky.ad\/fr\/wp-json\/wp\/v2\/comments?post=78219"}],"version-history":[{"count":2,"href":"https:\/\/whisky.ad\/fr\/wp-json\/wp\/v2\/pages\/78219\/revisions"}],"predecessor-version":[{"id":78237,"href":"https:\/\/whisky.ad\/fr\/wp-json\/wp\/v2\/pages\/78219\/revisions\/78237"}],"wp:attachment":[{"href":"https:\/\/whisky.ad\/fr\/wp-json\/wp\/v2\/media?parent=78219"}],"curies":[{"name":"wp","href":"https:\/\/api.w.org\/{rel}","templated":true}]}}