{"id":78090,"date":"2023-08-27T13:28:02","date_gmt":"2023-08-27T12:28:02","guid":{"rendered":"https:\/\/whisky.ad\/autres-spiritueux\/"},"modified":"2023-12-24T15:15:47","modified_gmt":"2023-12-24T14:15:47","slug":"autres-spiritueux","status":"publish","type":"page","link":"https:\/\/whisky.ad\/fr\/autres-spiritueux\/","title":{"rendered":"SPIRITUEUX"},"content":{"rendered":"[vc_row type=&#8221;full_page_width&#8221; padding_top=&#8221;&#8221; padding_bottom=&#8221;&#8221;][vc_column][layerslider_vc id=&#8221;20&#8243;][\/vc_column][\/vc_row][vc_row type=&#8221;full_page_width_inner_container&#8221; padding_top=&#8221;&#8221; padding_bottom=&#8221;&#8221;][vc_column][vc_column_text]L&#8217;aquavit, le bitter, le calvados, le cognac, l&#8217;armagnac, le brandy, le gin et la tequila ont en commun d&#8217;\u00eatre des boissons alcoolis\u00e9es distill\u00e9es. Voici une analyse plus d\u00e9taill\u00e9e de leurs caract\u00e9ristiques communes : <\/p>\n<ol>\n<li><strong>Distillation :<\/strong> Tous ces spiritueux sont cr\u00e9\u00e9s par un processus de fermentation suivi d&#8217;une distillation. Ce processus de distillation consiste \u00e0 chauffer le liquide ferment\u00e9 pour s\u00e9parer l&#8217;alcool des autres composants. <\/li>\n<li><strong>Base alcoolique :<\/strong> La plupart de ces spiritueux sont fabriqu\u00e9s \u00e0 partir d&#8217;une base ferment\u00e9e, qui peut inclure divers ingr\u00e9dients tels que des c\u00e9r\u00e9ales, des jus de fruits ou du nectar d&#8217;agave, selon le type de spiritueux.<\/li>\n<li><strong>Aromatisation :<\/strong> Nombre de ces spiritueux sont aromatis\u00e9s ou influenc\u00e9s par des ingr\u00e9dients suppl\u00e9mentaires. Par exemple, l&#8217;aquavit est aromatis\u00e9 avec des herbes et des \u00e9pices, le gin est aromatis\u00e9 avec du geni\u00e8vre et d&#8217;autres plantes, et le calvados est aromatis\u00e9 \u00e0 la pomme car il est produit \u00e0 partir de cidre de pomme. <\/li>\n<li><strong>Vieillissement :<\/strong> Plusieurs de ces spiritueux, dont le cognac, l&#8217;armagnac, le brandy et certains types de tequila, sont vieillis dans des f\u00fbts de ch\u00eane pour d\u00e9velopper leurs saveurs et leurs caract\u00e9ristiques au fil du temps.<\/li>\n<li><strong>Indications g\u00e9ographiques :<\/strong> Certains de ces spiritueux, comme le cognac et l&#8217;armagnac, ont des indications g\u00e9ographiques sp\u00e9cifiques qui d\u00e9terminent o\u00f9 ils peuvent \u00eatre produits. Par exemple, le cognac provient exclusivement de la r\u00e9gion de Cognac en France, et l&#8217;armagnac de la r\u00e9gion de Gascogne en France. <\/li>\n<li><strong>Signification culturelle :<\/strong> Nombre de ces spiritueux ont une signification culturelle dans leur pays d&#8217;origine. Par exemple, la tequila est \u00e9troitement li\u00e9e \u00e0 la culture mexicaine, tandis que le cognac et l&#8217;armagnac sont profond\u00e9ment enracin\u00e9s dans les traditions fran\u00e7aises. <\/li>\n<li><strong>Vari\u00e9t\u00e9 de styles :<\/strong> Chacun de ces spiritueux a des styles et des types diff\u00e9rents qui peuvent varier en termes de vieillissement, de profils de saveurs et de m\u00e9thodes de production. Par exemple, le cognac a des appellations telles que VS, VSOP et XO qui indiquent diff\u00e9rents niveaux de vieillissement. <\/li>\n<\/ol>\n<p>Bien que ces spiritueux aient des \u00e9l\u00e9ments communs, ils poss\u00e8dent chacun des caract\u00e9ristiques uniques qui les rendent distincts et appr\u00e9ci\u00e9s dans le monde des boissons alcoolis\u00e9es.[\/vc_column_text][\/vc_column][\/vc_row]\n","protected":false},"excerpt":{"rendered":"<p>[vc_row type=&#8221;full_page_width&#8221; padding_top=&#8221;&#8221; padding_bottom=&#8221;&#8221;][vc_column][layerslider_vc id=&#8221;20&#8243;][\/vc_column][\/vc_row][vc_row type=&#8221;full_page_width_inner_container&#8221; padding_top=&#8221;&#8221; padding_bottom=&#8221;&#8221;][vc_column][vc_column_text]L&#8217;aquavit, le bitter, le calvados, le cognac, l&#8217;armagnac, le brandy, le gin et la tequila ont en commun d&#8217;\u00eatre des boissons alcoolis\u00e9es distill\u00e9es. Voici une analyse plus d\u00e9taill\u00e9e de leurs caract\u00e9ristiques communes : Distillation : Tous ces spiritueux sont cr\u00e9\u00e9s par un processus de fermentation suivi d&#8217;une distillation. [&hellip;]<\/p>\n","protected":false},"author":1,"featured_media":0,"parent":0,"menu_order":0,"comment_status":"closed","ping_status":"closed","template":"page-full-width.php","meta":{"_acf_changed":false,"footnotes":""},"class_list":["post-78090","page","type-page","status-publish","hentry"],"acf":[],"aioseo_notices":[],"jetpack_sharing_enabled":true,"jetpack_shortlink":"https:\/\/wp.me\/PemYjf-kjw","_links":{"self":[{"href":"https:\/\/whisky.ad\/fr\/wp-json\/wp\/v2\/pages\/78090","targetHints":{"allow":["GET"]}}],"collection":[{"href":"https:\/\/whisky.ad\/fr\/wp-json\/wp\/v2\/pages"}],"about":[{"href":"https:\/\/whisky.ad\/fr\/wp-json\/wp\/v2\/types\/page"}],"author":[{"embeddable":true,"href":"https:\/\/whisky.ad\/fr\/wp-json\/wp\/v2\/users\/1"}],"replies":[{"embeddable":true,"href":"https:\/\/whisky.ad\/fr\/wp-json\/wp\/v2\/comments?post=78090"}],"version-history":[{"count":8,"href":"https:\/\/whisky.ad\/fr\/wp-json\/wp\/v2\/pages\/78090\/revisions"}],"predecessor-version":[{"id":79881,"href":"https:\/\/whisky.ad\/fr\/wp-json\/wp\/v2\/pages\/78090\/revisions\/79881"}],"wp:attachment":[{"href":"https:\/\/whisky.ad\/fr\/wp-json\/wp\/v2\/media?parent=78090"}],"curies":[{"name":"wp","href":"https:\/\/api.w.org\/{rel}","templated":true}]}}