{"id":81249,"date":"2025-03-22T16:24:05","date_gmt":"2025-03-22T15:24:05","guid":{"rendered":"https:\/\/whisky.ad\/product\/rebel-6-year-old-bourbon-50-0-7l\/"},"modified":"2025-03-22T16:24:05","modified_gmt":"2025-03-22T15:24:05","slug":"rebel-6-year-old-bourbon-50-0-7l","status":"publish","type":"product","link":"https:\/\/whisky.ad\/es\/producto\/rebel-6-year-old-bourbon-50-0-7l\/","title":{"rendered":"Rebel 6 year Old bourbon 50% 0.7l"},"content":{"rendered":"","protected":false},"excerpt":{"rendered":"<p class=\"\" data-start=\"0\" data-end=\"315\"><strong data-start=\"0\" data-end=\"20\">REBEL 100 6-A\u00f1os<\/strong> rinde homenaje a nuestra receta original de bourbon con trigo, elaborada en 1849 y perfeccionada con el tiempo. Embotellado a los seis a\u00f1os y con 100 de graduaci\u00f3n, demuestra que la edad no es m\u00e1s que una ventaja. Su legado brilla en cada sorbo: audaz, atemporal y aut\u00e9nticamente sin disculpas.<\/p>\n<h3 class=\"\" data-start=\"317\" data-end=\"340\"><strong data-start=\"321\" data-end=\"338\">NOTAS DE CATA<\/strong><\/h3>\n<p class=\"\" data-start=\"341\" data-end=\"608\">Envejecido durante seis a\u00f1os completos y embotellado a 100 grados, este bourbon ofrece un car\u00e1cter rico y rebelde. Se abre con notas profundas de frutas oscuras, seguido de c\u00edtricos brillantes y roble, terminando con una suavidad aterciopelada y un toque de especias.<\/p>\n<h3 class=\"\" data-start=\"610\" data-end=\"632\"><strong data-start=\"614\" data-end=\"630\">INGREDIENTES<\/strong><\/h3>\n<p class=\"\" data-start=\"633\" data-end=\"653\">Ma\u00edz, trigo y malta.<\/p>\n","protected":false},"featured_media":81157,"comment_status":"open","ping_status":"closed","template":"","meta":{"_acf_changed":false},"product_brand":[],"product_cat":[611,617],"product_tag":[],"class_list":{"0":"post-81249","1":"product","2":"type-product","3":"status-publish","4":"has-post-thumbnail","6":"product_cat-usa-es","7":"product_cat-rebel-es","9":"first","10":"instock","11":"taxable","12":"shipping-taxable","13":"product-type-simple"},"acf":[],"aioseo_notices":[],"jetpack_sharing_enabled":true,"_links":{"self":[{"href":"https:\/\/whisky.ad\/es\/wp-json\/wp\/v2\/product\/81249","targetHints":{"allow":["GET"]}}],"collection":[{"href":"https:\/\/whisky.ad\/es\/wp-json\/wp\/v2\/product"}],"about":[{"href":"https:\/\/whisky.ad\/es\/wp-json\/wp\/v2\/types\/product"}],"replies":[{"embeddable":true,"href":"https:\/\/whisky.ad\/es\/wp-json\/wp\/v2\/comments?post=81249"}],"wp:featuredmedia":[{"embeddable":true,"href":"https:\/\/whisky.ad\/es\/wp-json\/wp\/v2\/media\/81157"}],"wp:attachment":[{"href":"https:\/\/whisky.ad\/es\/wp-json\/wp\/v2\/media?parent=81249"}],"wp:term":[{"taxonomy":"product_brand","embeddable":true,"href":"https:\/\/whisky.ad\/es\/wp-json\/wp\/v2\/product_brand?post=81249"},{"taxonomy":"product_cat","embeddable":true,"href":"https:\/\/whisky.ad\/es\/wp-json\/wp\/v2\/product_cat?post=81249"},{"taxonomy":"product_tag","embeddable":true,"href":"https:\/\/whisky.ad\/es\/wp-json\/wp\/v2\/product_tag?post=81249"}],"curies":[{"name":"wp","href":"https:\/\/api.w.org\/{rel}","templated":true}]}}