{"id":81248,"date":"2025-03-22T16:16:35","date_gmt":"2025-03-22T15:16:35","guid":{"rendered":"https:\/\/whisky.ad\/product\/rebel-yell-10-years-old-single-barrel-bourbon-50-0-7l\/"},"modified":"2025-03-22T16:16:35","modified_gmt":"2025-03-22T15:16:35","slug":"rebel-yell-10-years-old-single-barrel-bourbon-50-0-7l","status":"publish","type":"product","link":"https:\/\/whisky.ad\/es\/producto\/rebel-yell-10-years-old-single-barrel-bourbon-50-0-7l\/","title":{"rendered":"Rebel Yell 10 Years old Single Barrel Bourbon 50% 0.7l"},"content":{"rendered":"","protected":false},"excerpt":{"rendered":"<p class=\"\" data-start=\"0\" data-end=\"204\">Envejecido durante una d\u00e9cada completa en barricas de roble carbonizado, este bourbon desarrolla un car\u00e1cter distintivo, \u00fanico para cada barrica. \u00danico en su clase, al igual que los rebeldes que lo beben.<\/p>\n<h3 class=\"\" data-start=\"206\" data-end=\"229\"><strong data-start=\"210\" data-end=\"227\">NOTAS DE CATA<\/strong><\/h3>\n<p class=\"\" data-start=\"230\" data-end=\"397\">El primer sorbo te recibe con toques de caramelo y c\u00edtricos, pero sigue bebiendo, y se transforma en una suavidad rica de roble con especias audaces e inquebrantables.<\/p>\n<h3 class=\"\" data-start=\"399\" data-end=\"421\"><strong data-start=\"403\" data-end=\"419\">INGREDIENTES<\/strong><\/h3>\n<p class=\"\" data-start=\"422\" data-end=\"442\">Ma\u00edz, trigo y malta.<\/p>\n<h3 class=\"\" data-start=\"444\" data-end=\"459\"><strong data-start=\"448\" data-end=\"459\">PREMIOS<\/strong><\/h3>\n<p class=\"\" data-start=\"461\" data-end=\"496\">Medalla Doble Platino \u2013 ASCOT, 2022<\/p>\n<p class=\"\" data-start=\"498\" data-end=\"560\">Medalla de Oro \u2013 San Francisco World Spirits Competition, 2022<\/p>\n<p class=\"\" data-start=\"562\" data-end=\"647\">Mejor Bourbon de Barril \u00danico del Mundo \u2013 Whisky Magazine World Whiskies Awards, 2020<\/p>\n<p class=\"\" data-start=\"649\" data-end=\"736\">Mejor Bourbon de Barril \u00danico de Kentucky \u2013 Whisky Magazine World Whiskies Awards, 2020<\/p>\n<p class=\"\" data-start=\"738\" data-end=\"775\">Medalla de Platino \u2013 SIP Awards, 2018<\/p>\n<p class=\"\" data-start=\"777\" data-end=\"842\">Medalla Doble Oro \u2013 San Francisco World Spirits Competition, 2017<\/p>\n","protected":false},"featured_media":81152,"comment_status":"open","ping_status":"closed","template":"","meta":{"_acf_changed":false},"product_brand":[],"product_cat":[611,617],"product_tag":[],"class_list":{"0":"post-81248","1":"product","2":"type-product","3":"status-publish","4":"has-post-thumbnail","6":"product_cat-usa-es","7":"product_cat-rebel-es","9":"first","10":"instock","11":"taxable","12":"shipping-taxable","13":"product-type-simple"},"acf":[],"aioseo_notices":[],"jetpack_sharing_enabled":true,"_links":{"self":[{"href":"https:\/\/whisky.ad\/es\/wp-json\/wp\/v2\/product\/81248","targetHints":{"allow":["GET"]}}],"collection":[{"href":"https:\/\/whisky.ad\/es\/wp-json\/wp\/v2\/product"}],"about":[{"href":"https:\/\/whisky.ad\/es\/wp-json\/wp\/v2\/types\/product"}],"replies":[{"embeddable":true,"href":"https:\/\/whisky.ad\/es\/wp-json\/wp\/v2\/comments?post=81248"}],"wp:featuredmedia":[{"embeddable":true,"href":"https:\/\/whisky.ad\/es\/wp-json\/wp\/v2\/media\/81152"}],"wp:attachment":[{"href":"https:\/\/whisky.ad\/es\/wp-json\/wp\/v2\/media?parent=81248"}],"wp:term":[{"taxonomy":"product_brand","embeddable":true,"href":"https:\/\/whisky.ad\/es\/wp-json\/wp\/v2\/product_brand?post=81248"},{"taxonomy":"product_cat","embeddable":true,"href":"https:\/\/whisky.ad\/es\/wp-json\/wp\/v2\/product_cat?post=81248"},{"taxonomy":"product_tag","embeddable":true,"href":"https:\/\/whisky.ad\/es\/wp-json\/wp\/v2\/product_tag?post=81248"}],"curies":[{"name":"wp","href":"https:\/\/api.w.org\/{rel}","templated":true}]}}