{"id":81243,"date":"2025-03-22T16:11:49","date_gmt":"2025-03-22T15:11:49","guid":{"rendered":"https:\/\/whisky.ad\/product\/rebel-100-50-0-70l\/"},"modified":"2025-03-24T13:29:54","modified_gmt":"2025-03-24T12:29:54","slug":"rebel-100-50-0-70l","status":"publish","type":"product","link":"https:\/\/whisky.ad\/es\/producto\/rebel-100-50-0-70l\/","title":{"rendered":"Rebel 100 50% 0.70l"},"content":{"rendered":"","protected":false},"excerpt":{"rendered":"<p class=\"\" data-start=\"0\" data-end=\"202\">Como la \u00faltima incorporaci\u00f3n a la l\u00ednea de <strong data-start=\"43\" data-end=\"60\">Rebel Bourbon<\/strong>, este bourbon con trigo amplifica todo lo que te encanta de nuestro <strong data-start=\"129\" data-end=\"158\">Kentucky Straight Bourbon<\/strong>. \u201cAudaz\u201d no es suficiente para describirlo.<\/p>\n<h3 class=\"\" data-start=\"204\" data-end=\"227\"><strong data-start=\"208\" data-end=\"225\">NOTAS DE CATA<\/strong><\/h3>\n<p class=\"\" data-start=\"228\" data-end=\"394\">El aroma dulce puede ser tentador, pero no te dejes enga\u00f1ar: este bourbon tiene car\u00e1cter. Espera sabores ricos de caramelo y vainilla con un final seco y persistente.<\/p>\n<h3 class=\"\" data-start=\"396\" data-end=\"418\"><strong data-start=\"400\" data-end=\"416\">INGREDIENTES<\/strong><\/h3>\n<p class=\"\" data-start=\"419\" data-end=\"439\">Ma\u00edz, trigo y malta.<\/p>\n","protected":false},"featured_media":81147,"comment_status":"open","ping_status":"closed","template":"","meta":{"_acf_changed":false},"product_brand":[],"product_cat":[611,617],"product_tag":[],"class_list":{"0":"post-81243","1":"product","2":"type-product","3":"status-publish","4":"has-post-thumbnail","6":"product_cat-usa-es","7":"product_cat-rebel-es","9":"first","10":"instock","11":"taxable","12":"shipping-taxable","13":"product-type-simple"},"acf":[],"aioseo_notices":[],"jetpack_sharing_enabled":true,"_links":{"self":[{"href":"https:\/\/whisky.ad\/es\/wp-json\/wp\/v2\/product\/81243","targetHints":{"allow":["GET"]}}],"collection":[{"href":"https:\/\/whisky.ad\/es\/wp-json\/wp\/v2\/product"}],"about":[{"href":"https:\/\/whisky.ad\/es\/wp-json\/wp\/v2\/types\/product"}],"replies":[{"embeddable":true,"href":"https:\/\/whisky.ad\/es\/wp-json\/wp\/v2\/comments?post=81243"}],"wp:featuredmedia":[{"embeddable":true,"href":"https:\/\/whisky.ad\/es\/wp-json\/wp\/v2\/media\/81147"}],"wp:attachment":[{"href":"https:\/\/whisky.ad\/es\/wp-json\/wp\/v2\/media?parent=81243"}],"wp:term":[{"taxonomy":"product_brand","embeddable":true,"href":"https:\/\/whisky.ad\/es\/wp-json\/wp\/v2\/product_brand?post=81243"},{"taxonomy":"product_cat","embeddable":true,"href":"https:\/\/whisky.ad\/es\/wp-json\/wp\/v2\/product_cat?post=81243"},{"taxonomy":"product_tag","embeddable":true,"href":"https:\/\/whisky.ad\/es\/wp-json\/wp\/v2\/product_tag?post=81243"}],"curies":[{"name":"wp","href":"https:\/\/api.w.org\/{rel}","templated":true}]}}