{"id":81240,"date":"2025-03-24T12:53:25","date_gmt":"2025-03-24T11:53:25","guid":{"rendered":"https:\/\/whisky.ad\/product\/yellowstone-select-whiskey-bourbon-46-50-0-7l\/"},"modified":"2025-03-24T12:53:25","modified_gmt":"2025-03-24T11:53:25","slug":"yellowstone-select-whiskey-bourbon-46-50-0-7l","status":"publish","type":"product","link":"https:\/\/whisky.ad\/es\/producto\/yellowstone-select-whiskey-bourbon-46-50-0-7l\/","title":{"rendered":"Yellowstone Select Whiskey Bourbon 46.50% 0.7l"},"content":{"rendered":"","protected":false},"excerpt":{"rendered":"<p class=\"\" data-start=\"0\" data-end=\"303\">Una mezcla magistral de bourbons de 4 y 7 a\u00f1os, <strong data-start=\"48\" data-end=\"70\">Yellowstone Select<\/strong> ofrece un perfil suave pero complejo, manteni\u00e9ndose fiel a las tradiciones cl\u00e1sicas del bourbon. Elaborado con siete generaciones de experiencia en destilaci\u00f3n, esta botella mantiene el legado de Yellowstone como un icono atemporal.<\/p>\n<p class=\"\" data-start=\"305\" data-end=\"479\">\ud83d\udd38 <strong data-start=\"308\" data-end=\"318\">Nariz:<\/strong> Especia de centeno con sutiles cerezas curtidas.<br data-start=\"367\" data-end=\"370\" \/>\ud83d\udd38 <strong data-start=\"373\" data-end=\"385\">Paladar:<\/strong> Caramelo ahumado con notas de vainilla y miel.<br data-start=\"432\" data-end=\"435\" \/>\ud83d\udd38 <strong data-start=\"438\" data-end=\"448\">Final:<\/strong> Roble ahumado y az\u00facar moreno.<\/p>\n","protected":false},"featured_media":81223,"comment_status":"open","ping_status":"closed","template":"","meta":{"_acf_changed":false},"product_brand":[],"product_cat":[354,611,612],"product_tag":[],"class_list":{"0":"post-81240","1":"product","2":"type-product","3":"status-publish","4":"has-post-thumbnail","6":"product_cat-whisky-by-brand","7":"product_cat-usa-es","8":"product_cat-yellowstone-es","10":"first","11":"instock","12":"taxable","13":"shipping-taxable","14":"product-type-simple"},"acf":[],"aioseo_notices":[],"jetpack_sharing_enabled":true,"_links":{"self":[{"href":"https:\/\/whisky.ad\/es\/wp-json\/wp\/v2\/product\/81240","targetHints":{"allow":["GET"]}}],"collection":[{"href":"https:\/\/whisky.ad\/es\/wp-json\/wp\/v2\/product"}],"about":[{"href":"https:\/\/whisky.ad\/es\/wp-json\/wp\/v2\/types\/product"}],"replies":[{"embeddable":true,"href":"https:\/\/whisky.ad\/es\/wp-json\/wp\/v2\/comments?post=81240"}],"wp:featuredmedia":[{"embeddable":true,"href":"https:\/\/whisky.ad\/es\/wp-json\/wp\/v2\/media\/81223"}],"wp:attachment":[{"href":"https:\/\/whisky.ad\/es\/wp-json\/wp\/v2\/media?parent=81240"}],"wp:term":[{"taxonomy":"product_brand","embeddable":true,"href":"https:\/\/whisky.ad\/es\/wp-json\/wp\/v2\/product_brand?post=81240"},{"taxonomy":"product_cat","embeddable":true,"href":"https:\/\/whisky.ad\/es\/wp-json\/wp\/v2\/product_cat?post=81240"},{"taxonomy":"product_tag","embeddable":true,"href":"https:\/\/whisky.ad\/es\/wp-json\/wp\/v2\/product_tag?post=81240"}],"curies":[{"name":"wp","href":"https:\/\/api.w.org\/{rel}","templated":true}]}}