{"id":81228,"date":"2025-03-24T12:58:31","date_gmt":"2025-03-24T11:58:31","guid":{"rendered":"https:\/\/whisky.ad\/product\/yellowstone-toasted-finish-50-0-7l\/"},"modified":"2025-03-24T12:58:31","modified_gmt":"2025-03-24T11:58:31","slug":"yellowstone-toasted-finish-50-0-7l","status":"publish","type":"product","link":"https:\/\/whisky.ad\/es\/producto\/yellowstone-toasted-finish-50-0-7l\/","title":{"rendered":"Yellowstone Toasted Finish 50% 0.7l"},"content":{"rendered":"","protected":false},"excerpt":{"rendered":"<p class=\"\" data-start=\"0\" data-end=\"48\"><strong data-start=\"0\" data-end=\"46\">Colecci\u00f3n de Acabados Especiales \u2013 Toasted<\/strong><\/p>\n<p class=\"\" data-start=\"50\" data-end=\"436\">Nuestra <strong data-start=\"58\" data-end=\"94\">Colecci\u00f3n de Acabados Especiales<\/strong> es una exploraci\u00f3n continua de acabados \u00fanicos y nuevas interpretaciones de nuestro perfil de bourbon caracter\u00edstico. La primera edici\u00f3n, <strong data-start=\"233\" data-end=\"244\">Toasted<\/strong>, hace una declaraci\u00f3n audaz al incorporar duelas de <strong data-start=\"297\" data-end=\"375\">High Toast, American Oak Double Toast, High Vanilla, Rickhouse y Spicerack<\/strong>, aportando un extra de tostado para una mayor profundidad.<\/p>\n<p class=\"\" data-start=\"438\" data-end=\"669\">\ud83d\udd38 <strong data-start=\"441\" data-end=\"451\">Aroma:<\/strong> Caramelo tostado, vainilla y especias oto\u00f1ales c\u00e1lidas con un toque de canela.<br data-start=\"530\" data-end=\"533\" \/>\ud83d\udd38 <strong data-start=\"536\" data-end=\"548\">Paladar:<\/strong> Notas ricas de nuez, toffee, t\u00e9 negro y pimienta blanca.<br data-start=\"605\" data-end=\"608\" \/>\ud83d\udd38 <strong data-start=\"611\" data-end=\"621\">Final:<\/strong> Cacao y tabaco con un final crujiente de roble.<\/p>\n","protected":false},"featured_media":81227,"comment_status":"open","ping_status":"closed","template":"","meta":{"_acf_changed":false},"product_brand":[],"product_cat":[354,611,612],"product_tag":[],"class_list":{"0":"post-81228","1":"product","2":"type-product","3":"status-publish","4":"has-post-thumbnail","6":"product_cat-whisky-by-brand","7":"product_cat-usa-es","8":"product_cat-yellowstone-es","10":"first","11":"instock","12":"taxable","13":"shipping-taxable","14":"product-type-simple"},"acf":[],"aioseo_notices":[],"jetpack_sharing_enabled":true,"_links":{"self":[{"href":"https:\/\/whisky.ad\/es\/wp-json\/wp\/v2\/product\/81228","targetHints":{"allow":["GET"]}}],"collection":[{"href":"https:\/\/whisky.ad\/es\/wp-json\/wp\/v2\/product"}],"about":[{"href":"https:\/\/whisky.ad\/es\/wp-json\/wp\/v2\/types\/product"}],"replies":[{"embeddable":true,"href":"https:\/\/whisky.ad\/es\/wp-json\/wp\/v2\/comments?post=81228"}],"wp:featuredmedia":[{"embeddable":true,"href":"https:\/\/whisky.ad\/es\/wp-json\/wp\/v2\/media\/81227"}],"wp:attachment":[{"href":"https:\/\/whisky.ad\/es\/wp-json\/wp\/v2\/media?parent=81228"}],"wp:term":[{"taxonomy":"product_brand","embeddable":true,"href":"https:\/\/whisky.ad\/es\/wp-json\/wp\/v2\/product_brand?post=81228"},{"taxonomy":"product_cat","embeddable":true,"href":"https:\/\/whisky.ad\/es\/wp-json\/wp\/v2\/product_cat?post=81228"},{"taxonomy":"product_tag","embeddable":true,"href":"https:\/\/whisky.ad\/es\/wp-json\/wp\/v2\/product_tag?post=81228"}],"curies":[{"name":"wp","href":"https:\/\/api.w.org\/{rel}","templated":true}]}}