{"id":80238,"date":"2020-01-12T11:59:48","date_gmt":"2020-01-12T10:59:48","guid":{"rendered":"https:\/\/whisky.ad\/product\/ruffino-rosatello\/"},"modified":"2020-01-12T11:59:48","modified_gmt":"2020-01-12T10:59:48","slug":"ruffino-rosatello","status":"publish","type":"product","link":"https:\/\/whisky.ad\/es\/producto\/ruffino-rosatello\/","title":{"rendered":"Ruffino Rosatello"},"content":{"rendered":"","protected":false},"excerpt":{"rendered":"<p>Color La tonalidad es un rosa empolvado, delicado y brillante, adornado con reflejos cobrizos. Aroma Una mezcla delicada y elegantemente din\u00e1mica de frutas y flores, que crea una cornucopia de aromas sutilmente conmovedora. Perfil de cata El vino cuenta con una secuencia de apertura audaz y precisa, aline\u00e1ndose directa y consistentemente con las notas arom\u00e1ticas. A esto le sigue una sensaci\u00f3n refrescante que persiste hasta el final gratamente sorprendente. Notas de cata completas Sus excepcionales cualidades para maridar, sumadas a su versatilidad y un placer inherente al beberlo, caracterizan a este vino como una fuente de felicidad para cualquier ocasi\u00f3n. Maridaje Ideal con embutidos de alta calidad y quesos de maduraci\u00f3n media, as\u00ed como con pastas ligeras, mariscos y pescados asados. En particular, el vino ofrece una experiencia sorprendente cuando se sirve junto con ostras frescas.<\/p>\n","protected":false},"featured_media":75833,"comment_status":"open","ping_status":"closed","template":"","meta":{"_acf_changed":false},"product_brand":[],"product_cat":[387,532],"product_tag":[],"class_list":{"0":"post-80238","1":"product","2":"type-product","3":"status-publish","4":"has-post-thumbnail","6":"product_cat-vino-es","7":"product_cat-tuscany-es","9":"first","10":"instock","11":"taxable","12":"shipping-taxable","13":"purchasable","14":"product-type-simple"},"acf":[],"aioseo_notices":[],"jetpack_sharing_enabled":true,"_links":{"self":[{"href":"https:\/\/whisky.ad\/es\/wp-json\/wp\/v2\/product\/80238","targetHints":{"allow":["GET"]}}],"collection":[{"href":"https:\/\/whisky.ad\/es\/wp-json\/wp\/v2\/product"}],"about":[{"href":"https:\/\/whisky.ad\/es\/wp-json\/wp\/v2\/types\/product"}],"replies":[{"embeddable":true,"href":"https:\/\/whisky.ad\/es\/wp-json\/wp\/v2\/comments?post=80238"}],"wp:featuredmedia":[{"embeddable":true,"href":"https:\/\/whisky.ad\/es\/wp-json\/wp\/v2\/media\/75833"}],"wp:attachment":[{"href":"https:\/\/whisky.ad\/es\/wp-json\/wp\/v2\/media?parent=80238"}],"wp:term":[{"taxonomy":"product_brand","embeddable":true,"href":"https:\/\/whisky.ad\/es\/wp-json\/wp\/v2\/product_brand?post=80238"},{"taxonomy":"product_cat","embeddable":true,"href":"https:\/\/whisky.ad\/es\/wp-json\/wp\/v2\/product_cat?post=80238"},{"taxonomy":"product_tag","embeddable":true,"href":"https:\/\/whisky.ad\/es\/wp-json\/wp\/v2\/product_tag?post=80238"}],"curies":[{"name":"wp","href":"https:\/\/api.w.org\/{rel}","templated":true}]}}