{"id":80234,"date":"2020-01-12T11:54:13","date_gmt":"2020-01-12T10:54:13","guid":{"rendered":"https:\/\/whisky.ad\/product\/ruffino-orvieto-classico-docg\/"},"modified":"2020-01-12T11:54:13","modified_gmt":"2020-01-12T10:54:13","slug":"ruffino-orvieto-classico-docg","status":"publish","type":"product","link":"https:\/\/whisky.ad\/es\/producto\/ruffino-orvieto-classico-docg\/","title":{"rendered":"Ruffino Orvieto Classico, DOCG"},"content":{"rendered":"","protected":false},"excerpt":{"rendered":"<p>El vino blanco Orvieto Classico de Ruffino presenta un bouquet afrutado y floral que recuerda a manzanas verdes y flores de pradera. Los sabores suaves y refrescantes de este vino italiano armonizan maravillosamente con su estructura bien definida y su acidez equilibrada. Orvieto Classico se distingue por un car\u00e1cter mineral \u00fanico derivado del suelo calizo calc\u00e1reo conocido como toba. El final del vino blanco es prolongado y arom\u00e1tico, con sutiles notas almendradas. Las uvas de este vino Ruffino proceden de las famosas regiones vitivin\u00edcolas DOCG de Orvieto Classico. Empleando un proceso de elaboraci\u00f3n de vino tradicional y un breve per\u00edodo de envejecimiento en cubas de acero inoxidable, Ruffino produce un vino italiano que revela su car\u00e1cter sin esfuerzo, sin persuasiones ni manipulaciones indebidas. Ya sea que se disfrute como aperitivo o se combine con crostini, verduras asadas, sopa o pescado a la parrilla, este vino blanco promete una experiencia deliciosa. Para obtener un sabor \u00f3ptimo, refrigere el vino durante al menos dos horas y s\u00edrvalo fr\u00edo.       <\/p>\n","protected":false},"featured_media":75830,"comment_status":"open","ping_status":"closed","template":"","meta":{"_acf_changed":false},"product_brand":[],"product_cat":[387,576],"product_tag":[],"class_list":{"0":"post-80234","1":"product","2":"type-product","3":"status-publish","4":"has-post-thumbnail","6":"product_cat-vino-es","7":"product_cat-umbria-es","9":"first","10":"instock","11":"taxable","12":"shipping-taxable","13":"purchasable","14":"product-type-simple"},"acf":[],"aioseo_notices":[],"jetpack_sharing_enabled":true,"_links":{"self":[{"href":"https:\/\/whisky.ad\/es\/wp-json\/wp\/v2\/product\/80234","targetHints":{"allow":["GET"]}}],"collection":[{"href":"https:\/\/whisky.ad\/es\/wp-json\/wp\/v2\/product"}],"about":[{"href":"https:\/\/whisky.ad\/es\/wp-json\/wp\/v2\/types\/product"}],"replies":[{"embeddable":true,"href":"https:\/\/whisky.ad\/es\/wp-json\/wp\/v2\/comments?post=80234"}],"wp:featuredmedia":[{"embeddable":true,"href":"https:\/\/whisky.ad\/es\/wp-json\/wp\/v2\/media\/75830"}],"wp:attachment":[{"href":"https:\/\/whisky.ad\/es\/wp-json\/wp\/v2\/media?parent=80234"}],"wp:term":[{"taxonomy":"product_brand","embeddable":true,"href":"https:\/\/whisky.ad\/es\/wp-json\/wp\/v2\/product_brand?post=80234"},{"taxonomy":"product_cat","embeddable":true,"href":"https:\/\/whisky.ad\/es\/wp-json\/wp\/v2\/product_cat?post=80234"},{"taxonomy":"product_tag","embeddable":true,"href":"https:\/\/whisky.ad\/es\/wp-json\/wp\/v2\/product_tag?post=80234"}],"curies":[{"name":"wp","href":"https:\/\/api.w.org\/{rel}","templated":true}]}}