{"id":80227,"date":"2020-01-12T10:51:49","date_gmt":"2020-01-12T09:51:49","guid":{"rendered":"https:\/\/whisky.ad\/product\/ruffino-greppone-mazzi-brunello-di-montalcino-docg\/"},"modified":"2020-01-12T10:51:49","modified_gmt":"2020-01-12T09:51:49","slug":"ruffino-greppone-mazzi-brunello-di-montalcino-docg","status":"publish","type":"product","link":"https:\/\/whisky.ad\/es\/producto\/ruffino-greppone-mazzi-brunello-di-montalcino-docg\/","title":{"rendered":"Ruffino Greppone Mazzi, Brunello di Montalcino DOCG"},"content":{"rendered":"","protected":false},"excerpt":{"rendered":"<p>&#8211;Raim: 70% Sangiovese, 30% Canaiolo, Colorino y otras variedades rojas -Color: rojo rub\u00ed. -Aroma: el Ruffino Chianti DOCG es un vino f\u00e1cil y f\u00e1cil de consumir, que presenta predominio arom\u00e1tico frutal y floral, con notas de especias y avellanas. -Perfil de degustaci\u00f3n: En boca, Chianti DOCG se suave con un cuerpo medio y buen equilibrio, que presenta unas caracter\u00edsticas afrutadas agradables. -Aparatos alimenticios: combina este Chianti DOCG con una gran variedad de platos tradicionales italianos como raviolis, pizza margherita y carpaccio de ternera. Ser\u00e1 sencillamente perfecto. Su brillantez y acidez tambi\u00e9n se convierten en un gran acompa\u00f1ante para platos internacionales como la cl\u00e1sica hamburguesa.     <\/p>\n","protected":false},"featured_media":75800,"comment_status":"open","ping_status":"closed","template":"","meta":{"_acf_changed":false},"product_brand":[],"product_cat":[387,532],"product_tag":[],"class_list":{"0":"post-80227","1":"product","2":"type-product","3":"status-publish","4":"has-post-thumbnail","6":"product_cat-vino-es","7":"product_cat-tuscany-es","9":"first","10":"outofstock","11":"taxable","12":"shipping-taxable","13":"purchasable","14":"product-type-simple"},"acf":[],"aioseo_notices":[],"jetpack_sharing_enabled":true,"_links":{"self":[{"href":"https:\/\/whisky.ad\/es\/wp-json\/wp\/v2\/product\/80227","targetHints":{"allow":["GET"]}}],"collection":[{"href":"https:\/\/whisky.ad\/es\/wp-json\/wp\/v2\/product"}],"about":[{"href":"https:\/\/whisky.ad\/es\/wp-json\/wp\/v2\/types\/product"}],"replies":[{"embeddable":true,"href":"https:\/\/whisky.ad\/es\/wp-json\/wp\/v2\/comments?post=80227"}],"wp:featuredmedia":[{"embeddable":true,"href":"https:\/\/whisky.ad\/es\/wp-json\/wp\/v2\/media\/75800"}],"wp:attachment":[{"href":"https:\/\/whisky.ad\/es\/wp-json\/wp\/v2\/media?parent=80227"}],"wp:term":[{"taxonomy":"product_brand","embeddable":true,"href":"https:\/\/whisky.ad\/es\/wp-json\/wp\/v2\/product_brand?post=80227"},{"taxonomy":"product_cat","embeddable":true,"href":"https:\/\/whisky.ad\/es\/wp-json\/wp\/v2\/product_cat?post=80227"},{"taxonomy":"product_tag","embeddable":true,"href":"https:\/\/whisky.ad\/es\/wp-json\/wp\/v2\/product_tag?post=80227"}],"curies":[{"name":"wp","href":"https:\/\/api.w.org\/{rel}","templated":true}]}}