{"id":80221,"date":"2019-12-30T16:10:42","date_gmt":"2019-12-30T15:10:42","guid":{"rendered":"https:\/\/whisky.ad\/product\/luigi-righetti-valpolicella-classico-doc-2018\/"},"modified":"2019-12-30T16:10:42","modified_gmt":"2019-12-30T15:10:42","slug":"luigi-righetti-valpolicella-classico-doc-2018","status":"publish","type":"product","link":"https:\/\/whisky.ad\/es\/producto\/luigi-righetti-valpolicella-classico-doc-2018\/","title":{"rendered":"Luigi Righetti \u2013 Valpolicella Classico DOC 2018"},"content":{"rendered":"","protected":false},"excerpt":{"rendered":"<p>Vivino 3.4\/5 -Categor\u00edas: Corvina, Italia, Vino tinto, Luigi Righetti, V\u00e9neto, Vinos -Pa\u00eds\/Regi\u00f3n: Italia\/V\u00e9neto -Tipo: Vino tinto -Variedad: Corvina -Cosecha: 2018 -Dolor practicado: seco -Cuerpo: ligero \/medio \u2013 Cierre: corcho -Cu\u00e1ndo beber: beber ahora y durante los pr\u00f3ximos 2 a\u00f1os Nota de cata: Valpolicella es la pasta y el vino de pasta por excelencia, cultivado en la regi\u00f3n italiana del V\u00e9neto, al norte de Verona. Vino arom\u00e1tico con cerezas y un toque de almendra. De cuerpo m\u00e1s ligero y predominantemente afrutado, presenta una concentraci\u00f3n frutal inusualmente buena para Valpolicella, con agradables sabores a cereza, morados y un toque de pimienta blanca. Maridaje: pizzas, platos de pasta con salsas de verduras, guisos de pescado y carnes blancas, adem\u00e1s de prosciutto y quesos.<\/p>\n","protected":false},"featured_media":75635,"comment_status":"open","ping_status":"closed","template":"","meta":{"_acf_changed":false},"product_brand":[],"product_cat":[387,516],"product_tag":[518],"class_list":{"0":"post-80221","1":"product","2":"type-product","3":"status-publish","4":"has-post-thumbnail","6":"product_cat-vino-es","7":"product_cat-veneto-es","8":"product_tag-red-es","10":"first","11":"instock","12":"sale","13":"taxable","14":"shipping-taxable","15":"purchasable","16":"product-type-simple"},"acf":[],"aioseo_notices":[],"jetpack_sharing_enabled":true,"_links":{"self":[{"href":"https:\/\/whisky.ad\/es\/wp-json\/wp\/v2\/product\/80221","targetHints":{"allow":["GET"]}}],"collection":[{"href":"https:\/\/whisky.ad\/es\/wp-json\/wp\/v2\/product"}],"about":[{"href":"https:\/\/whisky.ad\/es\/wp-json\/wp\/v2\/types\/product"}],"replies":[{"embeddable":true,"href":"https:\/\/whisky.ad\/es\/wp-json\/wp\/v2\/comments?post=80221"}],"wp:featuredmedia":[{"embeddable":true,"href":"https:\/\/whisky.ad\/es\/wp-json\/wp\/v2\/media\/75635"}],"wp:attachment":[{"href":"https:\/\/whisky.ad\/es\/wp-json\/wp\/v2\/media?parent=80221"}],"wp:term":[{"taxonomy":"product_brand","embeddable":true,"href":"https:\/\/whisky.ad\/es\/wp-json\/wp\/v2\/product_brand?post=80221"},{"taxonomy":"product_cat","embeddable":true,"href":"https:\/\/whisky.ad\/es\/wp-json\/wp\/v2\/product_cat?post=80221"},{"taxonomy":"product_tag","embeddable":true,"href":"https:\/\/whisky.ad\/es\/wp-json\/wp\/v2\/product_tag?post=80221"}],"curies":[{"name":"wp","href":"https:\/\/api.w.org\/{rel}","templated":true}]}}