{"id":80218,"date":"2019-12-30T14:45:11","date_gmt":"2019-12-30T13:45:11","guid":{"rendered":"https:\/\/whisky.ad\/product\/luigi-righetti-sol-rosso-veneto\/"},"modified":"2019-12-30T14:45:11","modified_gmt":"2019-12-30T13:45:11","slug":"luigi-righetti-sol-rosso-veneto","status":"publish","type":"product","link":"https:\/\/whisky.ad\/es\/producto\/luigi-righetti-sol-rosso-veneto\/","title":{"rendered":"Luigi Righetti \u2013 SOL Rosso Veneto"},"content":{"rendered":"","protected":false},"excerpt":{"rendered":"<p>Entre el 5% de los mejores vinos del mundo (Vivino) Puntuaci\u00f3n 88\/100, Alison Napjus, 2015 &#8211; Bodega: Luigi Righetti -Uvas: Shiraz \/ Syrah, Cabernet Sauvignon, Merlot, Corvina, Rondinella -Regi\u00f3n: V\u00e9neto -Estilos regionales : tinto del norte de Italia -Maridaje: ternera, pasta, cordero, caza (ciervo, venado) Descripci\u00f3n del producto Color: rojo granate. Nariz: aromas plenos e intensos de frutos negros y cereza. Sabor: rico y generoso con un color profundo. Sabores intensos, con aroma a fruta, vainilla y madera. Combina bien con carnes rojas y segundos platos. Espectador de vinos Hay muchas especias y jugos de ciruela negra y cereza, en un marco fresco, de cuerpo medio y que ofrece acentos de moca, regaliz negro y hierba seca que mantienen el final ahumado. Corvina, con Merlot, Shiraz y otros. Beba desde ahora hasta 2018. 5000 cajas fabricadas.<\/p>\n","protected":false},"featured_media":75698,"comment_status":"open","ping_status":"closed","template":"","meta":{"_acf_changed":false},"product_brand":[],"product_cat":[387,516],"product_tag":[],"class_list":{"0":"post-80218","1":"product","2":"type-product","3":"status-publish","4":"has-post-thumbnail","6":"product_cat-vino-es","7":"product_cat-veneto-es","9":"first","10":"outofstock","11":"taxable","12":"shipping-taxable","13":"purchasable","14":"product-type-simple"},"acf":[],"aioseo_notices":[],"jetpack_sharing_enabled":true,"_links":{"self":[{"href":"https:\/\/whisky.ad\/es\/wp-json\/wp\/v2\/product\/80218","targetHints":{"allow":["GET"]}}],"collection":[{"href":"https:\/\/whisky.ad\/es\/wp-json\/wp\/v2\/product"}],"about":[{"href":"https:\/\/whisky.ad\/es\/wp-json\/wp\/v2\/types\/product"}],"replies":[{"embeddable":true,"href":"https:\/\/whisky.ad\/es\/wp-json\/wp\/v2\/comments?post=80218"}],"wp:featuredmedia":[{"embeddable":true,"href":"https:\/\/whisky.ad\/es\/wp-json\/wp\/v2\/media\/75698"}],"wp:attachment":[{"href":"https:\/\/whisky.ad\/es\/wp-json\/wp\/v2\/media?parent=80218"}],"wp:term":[{"taxonomy":"product_brand","embeddable":true,"href":"https:\/\/whisky.ad\/es\/wp-json\/wp\/v2\/product_brand?post=80218"},{"taxonomy":"product_cat","embeddable":true,"href":"https:\/\/whisky.ad\/es\/wp-json\/wp\/v2\/product_cat?post=80218"},{"taxonomy":"product_tag","embeddable":true,"href":"https:\/\/whisky.ad\/es\/wp-json\/wp\/v2\/product_tag?post=80218"}],"curies":[{"name":"wp","href":"https:\/\/api.w.org\/{rel}","templated":true}]}}