{"id":80215,"date":"2019-12-30T16:03:49","date_gmt":"2019-12-30T15:03:49","guid":{"rendered":"https:\/\/whisky.ad\/product\/luigi-righetti-sognum-cabernet-sauvignon-2017\/"},"modified":"2019-12-30T16:03:49","modified_gmt":"2019-12-30T15:03:49","slug":"luigi-righetti-sognum-cabernet-sauvignon-2017","status":"publish","type":"product","link":"https:\/\/whisky.ad\/es\/producto\/luigi-righetti-sognum-cabernet-sauvignon-2017\/","title":{"rendered":"Luigi Righetti \u2013 Sognum Cabernet Sauvignon 2017"},"content":{"rendered":"","protected":false},"excerpt":{"rendered":"<p>Vivo 3.8\/5 -Categor\u00edas: Cabernet Sauvignon, Italia, Luigi Righetti, Vino tinto, V\u00e9neto, Vinos \u2013 Pa\u00eds \/ Regi\u00f3n: Italia \/ V\u00e9neto -Tipo: Vino tinto -Variedad: Cabernet Sauvignon &#8211; A\u00f1ada: 2016 -Pr\u00e1ctica dolor: Cuerpo seco : Mediano \/ Corporativo &#8211; Cierre: corcho -Cu\u00e1ndo beber: beber ahora y durante los pr\u00f3ximos 4 a\u00f1os Nota de cata: Amarone de la regi\u00f3n, Sognum se elabora a partir de granos semisecos, que concentran sabores frutales y a\u00f1aden riqueza para darle un toque m\u00e1s perfil de sabor robusto. Diecis\u00e9is meses en barrica de roble le dan m\u00e1s complejidad al suavizar la boca y tambi\u00e9n le dan un agradable acento de vainilla y especias. \u00a1Este es un cabernet muy sabroso! Maridajes: maridaje con salsas para pasta de carne &#8211; bolo\u00f1esa &#8211; guisos a base de tomate, costillas de ternera a la parrilla.<\/p>\n","protected":false},"featured_media":75617,"comment_status":"open","ping_status":"closed","template":"","meta":{"_acf_changed":false},"product_brand":[],"product_cat":[516,387],"product_tag":[518],"class_list":{"0":"post-80215","1":"product","2":"type-product","3":"status-publish","4":"has-post-thumbnail","6":"product_cat-veneto-es","7":"product_cat-vino-es","8":"product_tag-red-es","10":"first","11":"instock","12":"taxable","13":"shipping-taxable","14":"purchasable","15":"product-type-simple"},"acf":[],"aioseo_notices":[],"jetpack_sharing_enabled":true,"_links":{"self":[{"href":"https:\/\/whisky.ad\/es\/wp-json\/wp\/v2\/product\/80215","targetHints":{"allow":["GET"]}}],"collection":[{"href":"https:\/\/whisky.ad\/es\/wp-json\/wp\/v2\/product"}],"about":[{"href":"https:\/\/whisky.ad\/es\/wp-json\/wp\/v2\/types\/product"}],"replies":[{"embeddable":true,"href":"https:\/\/whisky.ad\/es\/wp-json\/wp\/v2\/comments?post=80215"}],"wp:featuredmedia":[{"embeddable":true,"href":"https:\/\/whisky.ad\/es\/wp-json\/wp\/v2\/media\/75617"}],"wp:attachment":[{"href":"https:\/\/whisky.ad\/es\/wp-json\/wp\/v2\/media?parent=80215"}],"wp:term":[{"taxonomy":"product_brand","embeddable":true,"href":"https:\/\/whisky.ad\/es\/wp-json\/wp\/v2\/product_brand?post=80215"},{"taxonomy":"product_cat","embeddable":true,"href":"https:\/\/whisky.ad\/es\/wp-json\/wp\/v2\/product_cat?post=80215"},{"taxonomy":"product_tag","embeddable":true,"href":"https:\/\/whisky.ad\/es\/wp-json\/wp\/v2\/product_tag?post=80215"}],"curies":[{"name":"wp","href":"https:\/\/api.w.org\/{rel}","templated":true}]}}